{"id":61137,"date":"2023-11-09T08:48:08","date_gmt":"2023-11-09T13:48:08","guid":{"rendered":"https:\/\/oceaneering.com\/asset-integrity\/in-service-inspection\/crane-lifting\/"},"modified":"2025-10-24T02:25:33","modified_gmt":"2025-10-24T07:25:33","slug":"crane-lifting","status":"publish","type":"page","link":"https:\/\/www.oceaneering.com\/pt\/asset-integrity-management\/inspection\/crane-lifting\/","title":{"rendered":"Guindaste e eleva\u00e7\u00e3o"},"content":{"rendered":"<h1>Teste e qualifica\u00e7\u00e3o de guindastes e equipamentos de eleva\u00e7\u00e3o<\/h1>\r\n<p>Oferecemos servi\u00e7os abrangentes de inspe\u00e7\u00e3o, verifica\u00e7\u00e3o por terceiros e certifica\u00e7\u00e3o de guindastes e equipamentos de eleva\u00e7\u00e3o, tanto onshore quanto offshore.<\/p>\r\n<p><a href=\"https:\/\/cl.oceaneering.no\/\" target=\"_blank\" rel=\"noopener\"> Saiba ainda mais em nosso microsite da Norwegian Crane and Lifting <\/a><\/p>\r\n<h1>Inspe\u00e7\u00e3o, verifica\u00e7\u00e3o de terceiros e certifica\u00e7\u00e3o<\/h1>\r\n<p>Realizamos pesquisas de condi\u00e7\u00f5es iniciais, avalia\u00e7\u00e3o de equipamentos, classifica\u00e7\u00e3o de condi\u00e7\u00f5es e inspe\u00e7\u00e3o peri\u00f3dica para garantir a disponibilidade de uma grande variedade de equipamentos.<\/p>\r\n<ul>\r\n<li>Guindastes<\/li>\r\n<li>Equipamento de eleva\u00e7\u00e3o<\/li>\r\n<li>Sistemas de lan\u00e7amento e recupera\u00e7\u00e3o<\/li>\r\n<li>Cont\u00eaineres offshore<\/li>\r\n<li>Cestas de eleva\u00e7\u00e3o<\/li>\r\n<li>Jarras<\/li>\r\n<li>Grilh\u00f5es<\/li>\r\n<li>Ganchos<\/li>\r\n<li>Prote\u00e7\u00e3o contra quedas<\/li>\r\n<li>Hardware de energias renov\u00e1veis<\/li>\r\n<\/ul>\r\n<p>Estamos em total conformidade com todas as diretrizes regulat\u00f3rias para equipamentos usados em opera\u00e7\u00f5es de perfura\u00e7\u00e3o e po\u00e7os.<\/p>\r\n<p>Nossa bancada de teste de tra\u00e7\u00e3o hidr\u00e1ulica de \u00faltima gera\u00e7\u00e3o foi projetada para acomodar equipamentos grandes de at\u00e9 750 toneladas. A bancada integra sistemas de monitoramento avan\u00e7ados que proporcionam supervis\u00e3o e seguran\u00e7a durante os testes.<\/p>\r\n<p>A bancada de teste de tra\u00e7\u00e3o \u00e9 normalmente usada para testar componentes.<\/p>\r\n<ul>\r\n<li>Equipamentos de eleva\u00e7\u00e3o relacionados a po\u00e7os e perfura\u00e7\u00f5es, incluindo tampas de eleva\u00e7\u00e3o e ferramentas de funcionamento<\/li>\r\n<li>Cabos de a\u00e7o, correntes, manilhas, ganchos, guinchos e talhas para guindastes<\/li>\r\n<li>Cintas de eleva\u00e7\u00e3o<\/li>\r\n<\/ul>\r\n<h1>Servi\u00e7os de guindastes e equipamentos de eleva\u00e7\u00e3o<\/h1>\r\n<p>Fornecemos suporte de engenharia para permitir o projeto e a fabrica\u00e7\u00e3o de equipamentos de eleva\u00e7\u00e3o econ\u00f4micos e confi\u00e1veis.<\/p>\r\n<ul>\r\n<li>Projeto turnkey de equipamentos de eleva\u00e7\u00e3o<\/li>\r\n<li>An\u00e1lise de risco e avalia\u00e7\u00f5es de conformidade<\/li>\r\n<li>An\u00e1lise estrutural<\/li>\r\n<li>Prepara\u00e7\u00e3o de manuais do usu\u00e1rio e manuais de manuten\u00e7\u00e3o<\/li>\r\n<li>Controle de documenta\u00e7\u00e3o<\/li>\r\n<li>Aplica\u00e7\u00e3o de revestimento e marca\u00e7\u00e3o<\/li>\r\n<li>Prepara\u00e7\u00e3o de planos de manuseio de cargas e opera\u00e7\u00f5es de plataformas<\/li>\r\n<li>Ganchos<\/li>\r\n<li>Planejamento de opera\u00e7\u00f5es de eleva\u00e7\u00e3o<\/li>\r\n<\/ul>\r\n<p>Tamb\u00e9m oferecemos verifica\u00e7\u00e3o do projeto, dos c\u00e1lculos e dos procedimentos por terceiros.<\/p>\r\n<h1>Servi\u00e7os e manuten\u00e7\u00e3o de equipamentos de eleva\u00e7\u00e3o<\/h1>\r\n<p>Fornecemos servi\u00e7os e manuten\u00e7\u00e3o, incluindo classifica\u00e7\u00e3o de condi\u00e7\u00f5es, limpeza, testes de funcionamento e reparo de equipamentos de prote\u00e7\u00e3o contra quedas e equipamentos de eleva\u00e7\u00e3o.<\/p>\r\n<p>Podemos usar estrat\u00e9gias de inspe\u00e7\u00e3o baseadas em risco e modos de falha, efeitos e an\u00e1lise de criticidade para otimizar seus programas de manuten\u00e7\u00e3o de equipamentos de eleva\u00e7\u00e3o.<\/p>\r\n<p>Entre em contato conosco<\/p>\r\n<h3>Nossa equipe de especialistas est\u00e1 pronta para ajud\u00e1-lo a come\u00e7ar.<\/h3>\r\n<p>A Oceaneering oferece os melhores produtos e solu\u00e7\u00f5es da categoria, respaldados por qualidade, confiabilidade e suporte global inigual\u00e1veis. Preencha o formul\u00e1rio de consulta para iniciar uma conversa hoje mesmo.<\/p>\r\n<p>\"*\" indica campos obrigat\u00f3rios<\/p>\r\n<form id=\"gform_4\" action=\"\/pt\/?page_id=61137&#038;fl_builder#gf_4\" enctype=\"multipart\/form-data\" method=\"post\" target=\"gform_ajax_frame_4\" data-formid=\"4\" data-trp-original-action=\"\/?page_id=61137&amp;fl_builder#gf_4\"><fieldset id=\"field_4_1\" data-js-reload=\"field_4_1\"><legend class=\"gfield_label gform-field-label gfield_label_before_complex\">Nome*<\/legend> <input id=\"input_4_1_3\" tabindex=\"201\" name=\"input_1.3\" type=\"text\" value=\"\" aria-required=\"true\" \/> <label class=\"gform-field-label gform-field-label--type-sub\" for=\"input_4_1_3\">Primeiro<\/label> <input id=\"input_4_1_6\" tabindex=\"203\" name=\"input_1.6\" type=\"text\" value=\"\" aria-required=\"true\" \/> <label class=\"gform-field-label gform-field-label--type-sub\" for=\"input_4_1_6\">\u00daltimo<\/label><\/fieldset><label class=\"gfield_label gform-field-label\" for=\"input_4_4\">Telefone*<\/label><input id=\"input_4_4\" class=\"large\" tabindex=\"205\" name=\"input_4\" type=\"text\" value=\"\" aria-required=\"true\" aria-invalid=\"false\" \/><label class=\"gfield_label gform-field-label\" for=\"input_4_3\">E-mail*<\/label> <input id=\"input_4_3\" class=\"large\" tabindex=\"206\" name=\"input_3\" type=\"text\" value=\"\" aria-required=\"true\" aria-invalid=\"false\" \/> <label class=\"gfield_label gform-field-label\" for=\"input_4_5\">Outro<\/label><select id=\"input_4_5\" class=\"large gfield_select\" tabindex=\"207\" name=\"input_5\" aria-invalid=\"false\">\r\n<option class=\"gf_placeholder\" selected=\"selected\" value=\"\">Selecione uma<\/option>\r\n<option value=\"First Choice\">Primeira escolha<\/option>\r\n<option value=\"Second Choice\">Segunda op\u00e7\u00e3o<\/option>\r\n<option value=\"Third Choice\">Terceira op\u00e7\u00e3o<\/option>\r\n<\/select><label class=\"gfield_label gform-field-label\" for=\"input_4_6\">Outro<\/label><select id=\"input_4_6\" class=\"large gfield_select\" tabindex=\"208\" name=\"input_6\" aria-invalid=\"false\">\r\n<option class=\"gf_placeholder\" selected=\"selected\" value=\"\">Selecione uma<\/option>\r\n<option value=\"First Choice\">Primeira escolha<\/option>\r\n<option value=\"Second Choice\">Segunda op\u00e7\u00e3o<\/option>\r\n<option value=\"Third Choice\">Terceira op\u00e7\u00e3o<\/option>\r\n<\/select><label class=\"gfield_label gform-field-label\" for=\"input_4_7\">Outro<\/label><input id=\"input_4_7\" class=\"large\" tabindex=\"209\" name=\"input_7\" type=\"text\" value=\"\" aria-invalid=\"false\" \/> <label class=\"gfield_label gform-field-label\" for=\"input_4_8\">Outro<\/label><input id=\"input_4_8\" class=\"large\" tabindex=\"210\" name=\"input_8\" type=\"text\" value=\"\" aria-invalid=\"false\" \/>\r\n<p>Lorem ipsum dolor sit amet, consetetur sadipscing elitr, sed diam nonumy eirmod tempor invidunt ut labore et dolore magna aliquyam erat voluptua.<\/p>\r\n<input id=\"gform_submit_button_4\" class=\"gform_button button\" tabindex=\"211\" type=\"submit\" value=\"Solicite uma cota\u00e7\u00e3o\" \/> <input name=\"gform_ajax\" type=\"hidden\" value=\"form_id=4&amp;title=&amp;description=&amp;tabindex=200\" \/> <input class=\"gform_hidden\" name=\"is_submit_4\" type=\"hidden\" value=\"1\" \/> <input class=\"gform_hidden\" name=\"gform_submit\" type=\"hidden\" value=\"4\" \/> <input class=\"gform_hidden\" name=\"gform_unique_id\" type=\"hidden\" value=\"\" \/> <input class=\"gform_hidden\" name=\"state_4\" type=\"hidden\" value=\"WyJ7XCI1XCI6W1wiZGYzN2E2ZTliYzJkYTVlMjU5ZDBmNDMwMTdlYjVhMGVcIixcImZhNGEwM2ZkMGU0YmYxOGMzYzM3NDhmYWZmMGIzYmJkXCIsXCIxMTAzYTVhMmJlZjQ3NWI5MjRhMmZmYTMyYTNhNzM1N1wiXSxcIjZcIjpbXCJkZjM3YTZlOWJjMmRhNWUyNTlkMGY0MzAxN2ViNWEwZVwiLFwiZmE0YTAzZmQwZTRiZjE4YzNjMzc0OGZhZmYwYjNiYmRcIixcIjExMDNhNWEyYmVmNDc1YjkyNGEyZmZhMzJhM2E3MzU3XCJdfSIsImExMTE4N2U4YmFkMGY5NmE2ZTIxYTQxYTMyMDZjM2E4Il0=\" \/> <input id=\"gform_target_page_number_4\" class=\"gform_hidden\" name=\"gform_target_page_number_4\" type=\"hidden\" value=\"0\" \/> <input id=\"gform_source_page_number_4\" class=\"gform_hidden\" name=\"gform_source_page_number_4\" type=\"hidden\" value=\"1\" \/> <input name=\"gform_field_values\" type=\"hidden\" value=\"\" \/>\r\n<p><label>\u0394<textarea cols=\"45\" maxlength=\"100\" name=\"ak_hp_textarea\" rows=\"8\"><\/textarea><\/label><input id=\"ak_js_1\" name=\"ak_js\" type=\"hidden\" value=\"17\" \/><\/p>\r\n<input type=\"hidden\" name=\"trp-form-language\" value=\"pt\"\/><\/form>\r\n<p><iframe id=\"gform_ajax_frame_4\" style=\"display: none; width: 0px; height: 0px;\" title=\"Esse iframe cont\u00e9m a l\u00f3gica necess\u00e1ria para lidar com Gravity Forms acionados por Ajax.\" src=\"about:blank\" name=\"gform_ajax_frame_4\"><\/iframe><\/p>","protected":false},"excerpt":{"rendered":"<p>Testes e qualifica\u00e7\u00e3o de guindastes e equipamentos de eleva\u00e7\u00e3o Oferecemos servi\u00e7os abrangentes de inspe\u00e7\u00e3o, verifica\u00e7\u00e3o por terceiros e certifica\u00e7\u00e3o de guindastes e equipamentos de eleva\u00e7\u00e3o, tanto em terra quanto no mar. Saiba mais em nosso microsite sobre guindastes e equipamentos de eleva\u00e7\u00e3o na Noruega Inspe\u00e7\u00e3o, verifica\u00e7\u00e3o de terceiros e certifica\u00e7\u00e3o Realizamos pesquisas iniciais de condi\u00e7\u00f5es, avalia\u00e7\u00e3o de equipamentos, classifica\u00e7\u00e3o de condi\u00e7\u00f5es e inspe\u00e7\u00e3o peri\u00f3dica para ... <a title=\"Guindaste e eleva\u00e7\u00e3o\" class=\"read-more\" href=\"https:\/\/www.oceaneering.com\/pt\/asset-integrity-management\/inspection\/crane-lifting\/\" aria-label=\"Leia mais sobre Guindaste e eleva\u00e7\u00e3o\">Leia mais<\/a><\/p>","protected":false},"author":20,"featured_media":0,"parent":59820,"menu_order":75,"comment_status":"closed","ping_status":"closed","template":"","meta":{"_acf_changed":false,"footnotes":"","_links_to":"","_links_to_target":""},"product_category":[1205,1206],"search_tags":[1800,1367],"class_list":["post-61137","page","type-page","status-publish","product_category-asset-integrity-management","product_category-in-service-inspection","search_tags-asset-integrity","search_tags-inspection"],"acf":[],"aioseo_notices":[],"_links":{"self":[{"href":"https:\/\/www.oceaneering.com\/pt\/wp-json\/wp\/v2\/pages\/61137","targetHints":{"allow":["GET"]}}],"collection":[{"href":"https:\/\/www.oceaneering.com\/pt\/wp-json\/wp\/v2\/pages"}],"about":[{"href":"https:\/\/www.oceaneering.com\/pt\/wp-json\/wp\/v2\/types\/page"}],"author":[{"embeddable":true,"href":"https:\/\/www.oceaneering.com\/pt\/wp-json\/wp\/v2\/users\/20"}],"replies":[{"embeddable":true,"href":"https:\/\/www.oceaneering.com\/pt\/wp-json\/wp\/v2\/comments?post=61137"}],"version-history":[{"count":1,"href":"https:\/\/www.oceaneering.com\/pt\/wp-json\/wp\/v2\/pages\/61137\/revisions"}],"predecessor-version":[{"id":79323,"href":"https:\/\/www.oceaneering.com\/pt\/wp-json\/wp\/v2\/pages\/61137\/revisions\/79323"}],"up":[{"embeddable":true,"href":"https:\/\/www.oceaneering.com\/pt\/wp-json\/wp\/v2\/pages\/59820"}],"wp:attachment":[{"href":"https:\/\/www.oceaneering.com\/pt\/wp-json\/wp\/v2\/media?parent=61137"}],"wp:term":[{"taxonomy":"product_category","embeddable":true,"href":"https:\/\/www.oceaneering.com\/pt\/wp-json\/wp\/v2\/product_category?post=61137"},{"taxonomy":"search_tags","embeddable":true,"href":"https:\/\/www.oceaneering.com\/pt\/wp-json\/wp\/v2\/search_tags?post=61137"}],"curies":[{"name":"wp","href":"https:\/\/api.w.org\/{rel}","templated":true}]}}