{"id":61136,"date":"2023-11-09T08:46:58","date_gmt":"2023-11-09T13:46:58","guid":{"rendered":"https:\/\/oceaneering.com\/asset-integrity\/in-service-inspection\/conventional-ndt\/"},"modified":"2026-01-22T01:49:01","modified_gmt":"2026-01-22T07:49:01","slug":"conventional-ndt","status":"publish","type":"page","link":"https:\/\/www.oceaneering.com\/pt\/asset-integrity-management\/inspection\/conventional-ndt\/","title":{"rendered":"NDT convencional"},"content":{"rendered":"<p><a href=\"\/pt\/asset-integrity\/#contact\" target=\"_self\" rel=\"noopener\"> Discutir um projeto <\/a><\/p>\r\n<h1>Testes n\u00e3o destrutivos convencionais<\/h1>\r\n<p>Seus ativos est\u00e3o em m\u00e3os experientes quando voc\u00ea confia em n\u00f3s para prestar servi\u00e7os de inspe\u00e7\u00e3o.<\/p>\r\n<h2>Elimine as suposi\u00e7\u00f5es<\/h2>\r\n<p>Desde a identifica\u00e7\u00e3o de defeitos de solda at\u00e9 a avalia\u00e7\u00e3o de varia\u00e7\u00f5es nas propriedades estruturais, temos uma solu\u00e7\u00e3o.<\/p>\r\n<p>H\u00e1 muito tempo, os testes n\u00e3o destrutivos convencionais (NDT) servem como ponto de partida para estabelecer ou avaliar a condi\u00e7\u00e3o do equipamento. Nosso alcance global, incluindo t\u00e9cnicos e solu\u00e7\u00f5es comprovadas em campo, atende \u00e0s suas necessidades de END. Oferecemos solu\u00e7\u00f5es para equipamentos rec\u00e9m-constru\u00eddos, infraestrutura existente e atividades de desativa\u00e7\u00e3o, identificando os m\u00e9todos apropriados para cada aplica\u00e7\u00e3o.<\/p>\r\n<p><a href=\"https:\/\/oceaneering.canto.com\/download\/document\/h211ujn0hl09v5au7q8dpc5366\/original.pdf\" target=\"_blank\" rel=\"noopener\"> NDT convencional <\/a><\/p>\r\n<h3>Nossas solu\u00e7\u00f5es de implanta\u00e7\u00e3o global atendem \u00e0s suas necessidades cr\u00edticas e urgentes de testes n\u00e3o destrutivos.<\/h3>\r\n<h2>Programas abrangentes de monitoramento de condi\u00e7\u00f5es<\/h2>\r\n<p>Solu\u00e7\u00f5es estrat\u00e9gicas e baseadas em intervalos<\/p>\r\n<p>Permitimos que voc\u00ea mantenha uma vis\u00e3o cont\u00ednua e de valor agregado de seus ativos por meio da implanta\u00e7\u00e3o de tecnologias avan\u00e7adas de monitoramento de condi\u00e7\u00f5es. Usamos a coleta de dados de forma cont\u00ednua e em intervalos definidos para garantir que voc\u00ea atenda aos requisitos regulamentares com a abordagem mais eficiente e segura.<\/p>\r\n<ul>\r\n<li>Reduzir o risco de seguran\u00e7a<\/li>\r\n<li>Reduzir o pessoal a bordo (POB)<\/li>\r\n<li>Proporcionar uma melhor utiliza\u00e7\u00e3o dos recursos de inspe\u00e7\u00e3o<\/li>\r\n<li>Fornecer monitoramento cont\u00ednuo de \u00e1reas de preocupa\u00e7\u00e3o conhecida e locais de anomalia<\/li>\r\n<li>Monitorar e inspecionar locais de dif\u00edcil acesso<\/li>\r\n<li>Reduzir o custo de inspe\u00e7\u00f5es repetidas<\/li>\r\n<\/ul>\r\n<h1>Entre em contato conosco<\/h1>\r\n<h2>Nossa equipe de especialistas est\u00e1 pronta para ajud\u00e1-lo a come\u00e7ar.<\/h2>\r\n<p>A Oceaneering oferece os melhores produtos e solu\u00e7\u00f5es da categoria, respaldados por qualidade, confiabilidade e suporte global inigual\u00e1veis. Preencha o formul\u00e1rio de consulta para iniciar uma conversa hoje mesmo.<\/p>","protected":false},"excerpt":{"rendered":"<p>Discuta um projeto Ensaios n\u00e3o destrutivos convencionais Seus ativos est\u00e3o em m\u00e3os experientes quando voc\u00ea confia em n\u00f3s para prestar servi\u00e7os de inspe\u00e7\u00e3o. Elimine as suposi\u00e7\u00f5es Desde a identifica\u00e7\u00e3o de defeitos de solda at\u00e9 a avalia\u00e7\u00e3o de varia\u00e7\u00f5es nas propriedades estruturais, temos uma solu\u00e7\u00e3o. Os testes n\u00e3o destrutivos convencionais (NDT) h\u00e1 muito tempo servem como ponto de partida para estabelecer ou avaliar a condi\u00e7\u00e3o de ... <a title=\"NDT convencional\" class=\"read-more\" href=\"https:\/\/www.oceaneering.com\/pt\/asset-integrity-management\/inspection\/conventional-ndt\/\" aria-label=\"Leia mais sobre NDT convencional\">Leia mais<\/a><\/p>","protected":false},"author":20,"featured_media":0,"parent":59820,"menu_order":74,"comment_status":"closed","ping_status":"closed","template":"","meta":{"_acf_changed":false,"footnotes":"","_links_to":"","_links_to_target":""},"product_category":[1205,1206],"search_tags":[1800,1367],"class_list":["post-61136","page","type-page","status-publish","product_category-asset-integrity-management","product_category-in-service-inspection","search_tags-asset-integrity","search_tags-inspection"],"acf":[],"aioseo_notices":[],"_links":{"self":[{"href":"https:\/\/www.oceaneering.com\/pt\/wp-json\/wp\/v2\/pages\/61136","targetHints":{"allow":["GET"]}}],"collection":[{"href":"https:\/\/www.oceaneering.com\/pt\/wp-json\/wp\/v2\/pages"}],"about":[{"href":"https:\/\/www.oceaneering.com\/pt\/wp-json\/wp\/v2\/types\/page"}],"author":[{"embeddable":true,"href":"https:\/\/www.oceaneering.com\/pt\/wp-json\/wp\/v2\/users\/20"}],"replies":[{"embeddable":true,"href":"https:\/\/www.oceaneering.com\/pt\/wp-json\/wp\/v2\/comments?post=61136"}],"version-history":[{"count":1,"href":"https:\/\/www.oceaneering.com\/pt\/wp-json\/wp\/v2\/pages\/61136\/revisions"}],"predecessor-version":[{"id":79316,"href":"https:\/\/www.oceaneering.com\/pt\/wp-json\/wp\/v2\/pages\/61136\/revisions\/79316"}],"up":[{"embeddable":true,"href":"https:\/\/www.oceaneering.com\/pt\/wp-json\/wp\/v2\/pages\/59820"}],"wp:attachment":[{"href":"https:\/\/www.oceaneering.com\/pt\/wp-json\/wp\/v2\/media?parent=61136"}],"wp:term":[{"taxonomy":"product_category","embeddable":true,"href":"https:\/\/www.oceaneering.com\/pt\/wp-json\/wp\/v2\/product_category?post=61136"},{"taxonomy":"search_tags","embeddable":true,"href":"https:\/\/www.oceaneering.com\/pt\/wp-json\/wp\/v2\/search_tags?post=61136"}],"curies":[{"name":"wp","href":"https:\/\/api.w.org\/{rel}","templated":true}]}}