{"id":61135,"date":"2023-11-09T08:46:57","date_gmt":"2023-11-09T13:46:57","guid":{"rendered":"https:\/\/oceaneering.com\/asset-integrity\/in-service-inspection\/advanced-ndt\/"},"modified":"2025-10-24T02:29:42","modified_gmt":"2025-10-24T07:29:42","slug":"advanced-ndt","status":"publish","type":"page","link":"https:\/\/www.oceaneering.com\/pt\/asset-integrity-management\/inspection\/advanced-ndt\/","title":{"rendered":"NDT avan\u00e7ado"},"content":{"rendered":"<h1>NDT avan\u00e7ado: inspe\u00e7\u00e3o especializada<\/h1>\r\n<p>Atendemos \u00e0s suas complexas necessidades de inspe\u00e7\u00e3o com a implanta\u00e7\u00e3o de tecnologia avan\u00e7ada de inspe\u00e7\u00e3o e testes n\u00e3o destrutivos (NDT), l\u00edder do setor. Nossos equipamentos de \u00faltima gera\u00e7\u00e3o e t\u00e9cnicos altamente experientes, multidisciplinares e competentes garantem que suas necessidades sejam atendidas, independentemente da anomalia ou do tipo de equipamento.<\/p>\r\n<h2>Preocupa\u00e7\u00f5es especializadas. Solu\u00e7\u00f5es especializadas.<\/h2>\r\n<p>Fornecemos as tecnologias necess\u00e1rias para atender \u00e0s suas necessidades de solu\u00e7\u00f5es de inspe\u00e7\u00e3o especializadas que tratam de problemas de integridade comuns e emergentes.<\/p>\r\n<ul>\r\n<li>Corros\u00e3o sob o isolamento<\/li>\r\n<li>Inspe\u00e7\u00e3o n\u00e3o intrusiva<\/li>\r\n<li>Crostas de corros\u00e3o<\/li>\r\n<li>Corros\u00e3o sob suportes de tubula\u00e7\u00e3o (CUPS)<\/li>\r\n<li>Monitoramento cont\u00ednuo dos ativos<\/li>\r\n<li>Monitoramento remoto de condi\u00e7\u00f5es<\/li>\r\n<\/ul>\r\n<h2>Oferecemos solu\u00e7\u00f5es avan\u00e7adas de inspe\u00e7\u00e3o que atendem \u00e0s diversas necessidades dos setores.<\/h2>\r\n<ul>\r\n<li>Sistemas de tubula\u00e7\u00e3o<\/li>\r\n<li>Tubos de pequeno di\u00e2metro<\/li>\r\n<li>Faces do flange<\/li>\r\n<li>Trocadores de calor e condensadores<\/li>\r\n<li>Instala\u00e7\u00f5es mar\u00edtimas e unidades flutuantes de produ\u00e7\u00e3o, armazenamento e descarregamento (FPSO)<\/li>\r\n<li>Cascos<\/li>\r\n<li>Risers, suportes de tubula\u00e7\u00e3o e infraestrutura cr\u00edtica de zona de respingo<\/li>\r\n<li>Infraestrutura de energia renov\u00e1vel e nuclear<\/li>\r\n<li>Tanques de armazenamento, vasos e esferas<\/li>\r\n<\/ul>\r\n<h2>Recursos avan\u00e7ados de inspe\u00e7\u00e3o e NDT<\/h2>\r\n<p>Desde a inspe\u00e7\u00e3o de equipamentos padr\u00e3o at\u00e9 geometrias complexas, fornecemos as solu\u00e7\u00f5es necess\u00e1rias para coletar os dados necess\u00e1rios para tomar decis\u00f5es informadas.<\/p>\r\n<p>Tecnologias avan\u00e7adas de NDT comumente implementadas*<\/p>\r\n<ul>\r\n<li>Medi\u00e7\u00e3o de corrente de campo alternada (ACFM)<\/li>\r\n<li>Varredura ultrass\u00f4nica automatizada e semiautomatizada<\/li>\r\n<li>Inspe\u00e7\u00e3o de solda austen\u00edtica<\/li>\r\n<li>Mapeamento de corros\u00e3o<\/li>\r\n<li>Radiografia computadorizada e digital<\/li>\r\n<li>Teste ultrass\u00f4nico de onda guiada<\/li>\r\n<li>Inspe\u00e7\u00e3o ultrass\u00f4nica Multi-SKIP (M-SKIP)<\/li>\r\n<li>Teste ultrass\u00f4nico de matriz em fases<\/li>\r\n<li>Teste de corrente parasita pulsada (PEC e Lyft)<\/li>\r\n<li>Difra\u00e7\u00e3o de tempo de voo (TOFD)<\/li>\r\n<li><a href=\"https:\/\/www.trnd.tech\/\" target=\"_blank\" rel=\"noopener\">Sistema TRND<\/a> - Solu\u00e7\u00e3o de monitoramento de corros\u00e3o<\/li>\r\n<\/ul>\r\n<p><a href=\"https:\/\/oceaneering.canto.com\/download\/document\/2qh6j0v85p1179nc8752732p1s\/original.pdf\" target=\"_blank\" rel=\"noopener\"> Folheto da TRND - Saiba mais sobre nossa mais recente colabora\u00e7\u00e3o <\/a><\/p>\r\n<p>*Esta lista n\u00e3o \u00e9 exaustiva. Entre em contato conosco pelo e-mail asset-integrity@oceaneering.com para obter mais informa\u00e7\u00f5es sobre como podemos atender \u00e0s suas necessidades.<\/p>\r\n<h2>Centros de valida\u00e7\u00e3o e compet\u00eancia criados para fins espec\u00edficos<\/h2>\r\n<p>Avan\u00e7o da tecnologia e aumento dos recursos<\/p>\r\n<p>Nossos Centros Regionais de Excel\u00eancia se concentram em desenvolver e moldar o futuro da tecnologia NDT. Resolvemos o improv\u00e1vel com solu\u00e7\u00f5es inovadoras, qualificadas e validadas.<\/p>\r\n<p><img loading=\"lazy\" decoding=\"async\" title=\"DSC0245811\" src=\"https:\/\/oceaneering.com\/wp-content\/uploads\/2023\/11\/DSC0245811-640x360.jpg\" alt=\"DSC0245811\" width=\"640\" height=\"360\" \/> Nossos Centros de Valida\u00e7\u00e3o e Compet\u00eancia oferecem servi\u00e7os de valida\u00e7\u00e3o para novas tecnologias \u00e0 medida que elas chegam ao mercado e garantem a compet\u00eancia dos operadores para concluir os servi\u00e7os de inspe\u00e7\u00e3o em todo o mundo.<\/p>\r\n<ul>\r\n<li>Fornecer servi\u00e7os de END fora do padr\u00e3o e em total conformidade, credenciados pelo United Kingdom Accreditation Service (UKAS)<\/li>\r\n<li>Apoiar opera\u00e7\u00f5es globais com pessoal altamente treinado e equipamentos avan\u00e7ados<\/li>\r\n<li>Fornecer especialistas no assunto para aconselhamento e consulta<\/li>\r\n<li>Avaliar, validar e fornecer treinamento para novas tecnologias<\/li>\r\n<li>Desenvolver novos aplicativos para a tecnologia existente<\/li>\r\n<li>Avaliar e validar de forma independente m\u00e9todos avan\u00e7ados de inspe\u00e7\u00e3o NDT<\/li>\r\n<li>Fornecer treinamento focado na detec\u00e7\u00e3o de defeitos em ativos envelhecidos e em servi\u00e7o<\/li>\r\n<li>Fornecer certifica\u00e7\u00e3o de compet\u00eancia quando n\u00e3o houver qualifica\u00e7\u00f5es de terceiros dispon\u00edveis<\/li>\r\n<\/ul>\r\n<p>Entre em contato conosco<\/p>\r\n<h3>Nossa equipe de especialistas est\u00e1 pronta para ajud\u00e1-lo a come\u00e7ar.<\/h3>\r\n<p>A Oceaneering oferece os melhores produtos e solu\u00e7\u00f5es da categoria, respaldados por qualidade, confiabilidade e suporte global inigual\u00e1veis. Preencha o formul\u00e1rio de consulta para iniciar uma conversa hoje mesmo.<\/p>\r\n<p>\"*\" indica campos obrigat\u00f3rios<\/p>\r\n<form id=\"gform_4\" action=\"\/pt\/?page_id=61135&#038;fl_builder#gf_4\" enctype=\"multipart\/form-data\" method=\"post\" target=\"gform_ajax_frame_4\" data-formid=\"4\" data-trp-original-action=\"\/?page_id=61135&amp;fl_builder#gf_4\"><fieldset id=\"field_4_1\" data-js-reload=\"field_4_1\"><legend class=\"gfield_label gform-field-label gfield_label_before_complex\">Nome*<\/legend> <input id=\"input_4_1_3\" tabindex=\"201\" name=\"input_1.3\" type=\"text\" value=\"\" aria-required=\"true\" \/> <label class=\"gform-field-label gform-field-label--type-sub\" for=\"input_4_1_3\">Primeiro<\/label> <input id=\"input_4_1_6\" tabindex=\"203\" name=\"input_1.6\" type=\"text\" value=\"\" aria-required=\"true\" \/> <label class=\"gform-field-label gform-field-label--type-sub\" for=\"input_4_1_6\">\u00daltimo<\/label><\/fieldset><label class=\"gfield_label gform-field-label\" for=\"input_4_4\">Telefone*<\/label><input id=\"input_4_4\" class=\"large\" tabindex=\"205\" name=\"input_4\" type=\"text\" value=\"\" aria-required=\"true\" aria-invalid=\"false\" \/><label class=\"gfield_label gform-field-label\" for=\"input_4_3\">E-mail*<\/label> <input id=\"input_4_3\" class=\"large\" tabindex=\"206\" name=\"input_3\" type=\"text\" value=\"\" aria-required=\"true\" aria-invalid=\"false\" \/> <label class=\"gfield_label gform-field-label\" for=\"input_4_5\">Outro<\/label><select id=\"input_4_5\" class=\"large gfield_select\" tabindex=\"207\" name=\"input_5\" aria-invalid=\"false\">\r\n<option class=\"gf_placeholder\" selected=\"selected\" value=\"\">Selecione uma<\/option>\r\n<option value=\"First Choice\">Primeira escolha<\/option>\r\n<option value=\"Second Choice\">Segunda op\u00e7\u00e3o<\/option>\r\n<option value=\"Third Choice\">Terceira op\u00e7\u00e3o<\/option>\r\n<\/select><label class=\"gfield_label gform-field-label\" for=\"input_4_6\">Outro<\/label><select id=\"input_4_6\" class=\"large gfield_select\" tabindex=\"208\" name=\"input_6\" aria-invalid=\"false\">\r\n<option class=\"gf_placeholder\" selected=\"selected\" value=\"\">Selecione uma<\/option>\r\n<option value=\"First Choice\">Primeira escolha<\/option>\r\n<option value=\"Second Choice\">Segunda op\u00e7\u00e3o<\/option>\r\n<option value=\"Third Choice\">Terceira op\u00e7\u00e3o<\/option>\r\n<\/select><label class=\"gfield_label gform-field-label\" for=\"input_4_7\">Outro<\/label><input id=\"input_4_7\" class=\"large\" tabindex=\"209\" name=\"input_7\" type=\"text\" value=\"\" aria-invalid=\"false\" \/> <label class=\"gfield_label gform-field-label\" for=\"input_4_8\">Outro<\/label><input id=\"input_4_8\" class=\"large\" tabindex=\"210\" name=\"input_8\" type=\"text\" value=\"\" aria-invalid=\"false\" \/>\r\n<p>Lorem ipsum dolor sit amet, consetetur sadipscing elitr, sed diam nonumy eirmod tempor invidunt ut labore et dolore magna aliquyam erat voluptua.<\/p>\r\n<input id=\"gform_submit_button_4\" class=\"gform_button button\" tabindex=\"211\" type=\"submit\" value=\"Solicite uma cota\u00e7\u00e3o\" \/> <input name=\"gform_ajax\" type=\"hidden\" value=\"form_id=4&amp;title=&amp;description=&amp;tabindex=200\" \/> <input class=\"gform_hidden\" name=\"is_submit_4\" type=\"hidden\" value=\"1\" \/> <input class=\"gform_hidden\" name=\"gform_submit\" type=\"hidden\" value=\"4\" \/> <input class=\"gform_hidden\" name=\"gform_unique_id\" type=\"hidden\" value=\"\" \/> <input class=\"gform_hidden\" name=\"state_4\" type=\"hidden\" value=\"WyJ7XCI1XCI6W1wiZGYzN2E2ZTliYzJkYTVlMjU5ZDBmNDMwMTdlYjVhMGVcIixcImZhNGEwM2ZkMGU0YmYxOGMzYzM3NDhmYWZmMGIzYmJkXCIsXCIxMTAzYTVhMmJlZjQ3NWI5MjRhMmZmYTMyYTNhNzM1N1wiXSxcIjZcIjpbXCJkZjM3YTZlOWJjMmRhNWUyNTlkMGY0MzAxN2ViNWEwZVwiLFwiZmE0YTAzZmQwZTRiZjE4YzNjMzc0OGZhZmYwYjNiYmRcIixcIjExMDNhNWEyYmVmNDc1YjkyNGEyZmZhMzJhM2E3MzU3XCJdfSIsImExMTE4N2U4YmFkMGY5NmE2ZTIxYTQxYTMyMDZjM2E4Il0=\" \/> <input id=\"gform_target_page_number_4\" class=\"gform_hidden\" name=\"gform_target_page_number_4\" type=\"hidden\" value=\"0\" \/> <input id=\"gform_source_page_number_4\" class=\"gform_hidden\" name=\"gform_source_page_number_4\" type=\"hidden\" value=\"1\" \/> <input name=\"gform_field_values\" type=\"hidden\" value=\"\" \/>\r\n<p><label>\u0394<textarea cols=\"45\" maxlength=\"100\" name=\"ak_hp_textarea\" rows=\"8\"><\/textarea><\/label><input id=\"ak_js_1\" name=\"ak_js\" type=\"hidden\" value=\"130\" \/><\/p>\r\n<input type=\"hidden\" name=\"trp-form-language\" value=\"pt\"\/><\/form>\r\n<p><iframe id=\"gform_ajax_frame_4\" style=\"display: none; width: 0px; height: 0px;\" title=\"Esse iframe cont\u00e9m a l\u00f3gica necess\u00e1ria para lidar com Gravity Forms acionados por Ajax.\" src=\"about:blank\" name=\"gform_ajax_frame_4\"><\/iframe><\/p>","protected":false},"excerpt":{"rendered":"<p>NDT avan\u00e7ado: inspe\u00e7\u00e3o especializada Atendemos \u00e0s suas complexas necessidades de inspe\u00e7\u00e3o com a implanta\u00e7\u00e3o de tecnologia avan\u00e7ada de inspe\u00e7\u00e3o e testes n\u00e3o destrutivos (NDT), l\u00edder do setor. Nossos equipamentos de \u00faltima gera\u00e7\u00e3o e t\u00e9cnicos altamente experientes, multidisciplinares e competentes garantem que suas necessidades sejam atendidas, independentemente da anomalia ou do tipo de equipamento. Preocupa\u00e7\u00f5es especializadas. Solu\u00e7\u00f5es especializadas. Fornecemos as tecnologias necess\u00e1rias para atender \u00e0s suas necessidades de inspe\u00e7\u00e3o especializada... <a title=\"NDT avan\u00e7ado\" class=\"read-more\" href=\"https:\/\/www.oceaneering.com\/pt\/asset-integrity-management\/inspection\/advanced-ndt\/\" aria-label=\"Leia mais sobre NDT avan\u00e7ado\">Leia mais<\/a><\/p>","protected":false},"author":20,"featured_media":0,"parent":59820,"menu_order":73,"comment_status":"closed","ping_status":"closed","template":"","meta":{"_acf_changed":false,"footnotes":"","_links_to":"","_links_to_target":""},"product_category":[1205,1206],"search_tags":[1800],"class_list":["post-61135","page","type-page","status-publish","product_category-asset-integrity-management","product_category-in-service-inspection","search_tags-asset-integrity"],"acf":[],"aioseo_notices":[],"_links":{"self":[{"href":"https:\/\/www.oceaneering.com\/pt\/wp-json\/wp\/v2\/pages\/61135","targetHints":{"allow":["GET"]}}],"collection":[{"href":"https:\/\/www.oceaneering.com\/pt\/wp-json\/wp\/v2\/pages"}],"about":[{"href":"https:\/\/www.oceaneering.com\/pt\/wp-json\/wp\/v2\/types\/page"}],"author":[{"embeddable":true,"href":"https:\/\/www.oceaneering.com\/pt\/wp-json\/wp\/v2\/users\/20"}],"replies":[{"embeddable":true,"href":"https:\/\/www.oceaneering.com\/pt\/wp-json\/wp\/v2\/comments?post=61135"}],"version-history":[{"count":1,"href":"https:\/\/www.oceaneering.com\/pt\/wp-json\/wp\/v2\/pages\/61135\/revisions"}],"predecessor-version":[{"id":79324,"href":"https:\/\/www.oceaneering.com\/pt\/wp-json\/wp\/v2\/pages\/61135\/revisions\/79324"}],"up":[{"embeddable":true,"href":"https:\/\/www.oceaneering.com\/pt\/wp-json\/wp\/v2\/pages\/59820"}],"wp:attachment":[{"href":"https:\/\/www.oceaneering.com\/pt\/wp-json\/wp\/v2\/media?parent=61135"}],"wp:term":[{"taxonomy":"product_category","embeddable":true,"href":"https:\/\/www.oceaneering.com\/pt\/wp-json\/wp\/v2\/product_category?post=61135"},{"taxonomy":"search_tags","embeddable":true,"href":"https:\/\/www.oceaneering.com\/pt\/wp-json\/wp\/v2\/search_tags?post=61135"}],"curies":[{"name":"wp","href":"https:\/\/api.w.org\/{rel}","templated":true}]}}