{"id":61133,"date":"2023-11-09T08:44:13","date_gmt":"2023-11-09T13:44:13","guid":{"rendered":"https:\/\/oceaneering.com\/intervention-tooling\/subsea-engineered-solutions\/"},"modified":"2025-10-24T02:46:48","modified_gmt":"2025-10-24T07:46:48","slug":"subsea-engineered-solutions","status":"publish","type":"page","link":"https:\/\/www.oceaneering.com\/pt\/intervention-tooling\/subsea-engineered-solutions\/","title":{"rendered":"Solu\u00e7\u00f5es de engenharia submarina"},"content":{"rendered":"<p><a href=\"https:\/\/www.oceaneering.com\/pt\/intervention-tooling\/#contact\" target=\"_self\" rel=\"noopener\"> Discutir um projeto <\/a><\/p>\r\n<h1>Solu\u00e7\u00f5es de engenharia submarina<\/h1>\r\n<p>Desafios complexos exigem solu\u00e7\u00f5es criativas. De ambientes submarinos rotineiros a extremos, a Oceaneering atende aos requisitos mais dif\u00edceis e \u00e0s especifica\u00e7\u00f5es exclusivas de nossos clientes para oferecer solu\u00e7\u00f5es inovadoras que reduzem o custo total de propriedade.<\/p>\r\n<p>A Oceaneering cria solu\u00e7\u00f5es de engenharia l\u00edderes do setor por meio de nosso gerenciamento de projetos t\u00e9cnicos e mec\u00e2nicos e do r\u00e1pido desenvolvimento de produtos. Com mais de 40 anos de experi\u00eancia, nossas equipes internas de projeto e engenharia s\u00e3o especialistas em resolver os desafios do setor.<\/p>\r\n<h2>Desenvolvimento de produtos<\/h2>\r\n<p>A Oceaneering fornece produtos novos e confi\u00e1veis para a vida \u00fatil do campo que reduzem o custo de instala\u00e7\u00e3o e opera\u00e7\u00e3o para nossos clientes. Desenvolvemos uma linha abrangente de equipamentos e solu\u00e7\u00f5es que atendem aos padr\u00f5es e regulamentos exigidos globalmente.<\/p>\r\n<p><img loading=\"lazy\" decoding=\"async\" title=\"Engenharia4\" src=\"https:\/\/oceaneering.com\/wp-content\/uploads\/2023\/11\/Engineering4.png\" alt=\"Engineering4\" width=\"1100\" height=\"495\" \/> Nosso amplo conhecimento de opera\u00e7\u00f5es submarinas e blocos de constru\u00e7\u00e3o nos d\u00e3o uma compreens\u00e3o \u00fanica das necessidades dos clientes no espa\u00e7o submarino.<\/p>\r\n<p>Nosso desenvolvimento interno de produtos oferece suporte desde o conceito at\u00e9 o produto acabado e qualificado. A Oceaneering fornece produtos de qualidade e em tempo h\u00e1bil com o objetivo de superar as expectativas dos clientes.<\/p>\r\n<p>Solu\u00e7\u00f5es t\u00edpicas:<\/p>\r\n<ul>\r\n<li>Aplicativos de suporte ao sistema de produ\u00e7\u00e3o submarina (SPS)<\/li>\r\n<li>Pacotes de ferramentas de instala\u00e7\u00e3o de liga\u00e7\u00e3o<\/li>\r\n<li>Solu\u00e7\u00f5es personalizadas de veda\u00e7\u00e3o e eleva\u00e7\u00e3o<\/li>\r\n<li>Ferramentas de interven\u00e7\u00e3o de ROVs hardware submarino<\/li>\r\n<li>Equipamentos espec\u00edficos do projeto<\/li>\r\n<li>Equipamentos e pe\u00e7as padr\u00e3o<\/li>\r\n<\/ul>\r\n<h2>Solu\u00e7\u00f5es de reparo submarino sob medida<\/h2>\r\n<p>Nossas solu\u00e7\u00f5es de reparo submarino sob medida permitem a opera\u00e7\u00e3o enquanto mant\u00eam a produ\u00e7\u00e3o e a integridade do sistema. Com mais de 350 engenheiros qualificados e especialistas operacionais, nosso amplo portf\u00f3lio e experi\u00eancia nos permitem resolver projetos de interven\u00e7\u00e3o submarina planejados e n\u00e3o planejados, de forma r\u00e1pida e econ\u00f4mica.<\/p>\r\n<p><img loading=\"lazy\" decoding=\"async\" title=\"Rotator_093-1360x2048\" src=\"https:\/\/oceaneering.com\/wp-content\/uploads\/2023\/11\/Rotator_093-1360x2048-1.jpeg\" alt=\"Rotator_093-1360x2048\" width=\"1360\" height=\"2048\" \/><\/p>\r\n<h2>Oferecemos solu\u00e7\u00f5es de engenharia e gerenciamento de projetos totalmente integradas para todos os tipos de projetos de reparos submarinos:<\/h2>\r\n<ul>\r\n<li>V\u00e1lvulas<\/li>\r\n<li>Sistemas de distribui\u00e7\u00e3o submarina<\/li>\r\n<li>Grampos e conectores<\/li>\r\n<li>Flanges<\/li>\r\n<li>Aplicativos XT<\/li>\r\n<li>Manifolds e estruturas<\/li>\r\n<li>Linhas de controle<\/li>\r\n<li>Manifolds e estruturas<\/li>\r\n<li>Risers e Umbilicais<\/li>\r\n<li>Modifica\u00e7\u00f5es e convers\u00f5es<\/li>\r\n<li>Solu\u00e7\u00e3o de problemas ad hoc<\/li>\r\n<\/ul>\r\n<h2>Balc\u00e3o \u00fanico<\/h2>\r\n<p>A Oceaneering fornece solu\u00e7\u00f5es personalizadas com engenharia interna local, usinagem de precis\u00e3o e instala\u00e7\u00f5es de fabrica\u00e7\u00e3o. Uma equipe de t\u00e9cnicos especializados em ferramentas e instala\u00e7\u00f5es oferece recursos internos de testes de integra\u00e7\u00e3o no local (SIT) e testes de aceita\u00e7\u00e3o na f\u00e1brica (FAT) em escala total.<\/p>\r\n<p><img loading=\"lazy\" decoding=\"async\" title=\"Captura de tela 2023-11-14 at 3.04.51 PM\" src=\"https:\/\/oceaneering.com\/wp-content\/uploads\/2023\/11\/Screen-Shot-2023-11-14-at-3.04.51-PM.png\" alt=\"Screen Shot 2023-11-14 at 3.04.51 PM\" width=\"160\" height=\"122\" \/><\/p>\r\n<h3>Engenharia<\/h3>\r\n<p>Mais de 250 engenheiros para cuidar totalmente do projeto, da an\u00e1lise estrutural, das interfaces e da integra\u00e7\u00e3o de sistemas para qualquer aplica\u00e7\u00e3o submarina.<\/p>\r\n<p><img loading=\"lazy\" decoding=\"async\" title=\"Captura de tela 2023-11-14 \u00e0s 15:04:58\" src=\"https:\/\/oceaneering.com\/wp-content\/uploads\/2023\/11\/Screen-Shot-2023-11-14-at-3.04.58-PM.png\" alt=\"Screen Shot 2023-11-14 at 3.04.58 PM\" width=\"180\" height=\"120\" \/><\/p>\r\n<h3>Fabrica\u00e7\u00e3o<\/h3>\r\n<p>Oficina de n\u00edvel Six Sigma com recursos internos de usinagem e t\u00e9cnicos altamente qualificados.<\/p>\r\n<p><img loading=\"lazy\" decoding=\"async\" title=\"Captura de tela 2023-11-14 at 3.05.11 PM\" src=\"https:\/\/oceaneering.com\/wp-content\/uploads\/2023\/11\/Screen-Shot-2023-11-14-at-3.05.11-PM.png\" alt=\"Screen Shot 2023-11-14 at 3.05.11 PM\" width=\"120\" height=\"122\" \/><\/p>\r\n<h3>Testes<\/h3>\r\n<p>Instala\u00e7\u00f5es de teste de \u00faltima gera\u00e7\u00e3o para equipamentos submarinos e de superf\u00edcie.<\/p>\r\n<p><img loading=\"lazy\" decoding=\"async\" title=\"Captura de tela 2023-11-14 at 3.05.18 PM\" src=\"https:\/\/oceaneering.com\/wp-content\/uploads\/2023\/11\/Screen-Shot-2023-11-14-at-3.05.18-PM.png\" alt=\"Screen Shot 2023-11-14 at 3.05.18 PM\" width=\"142\" height=\"120\" \/><\/p>\r\n<h3>Servi\u00e7o e manuten\u00e7\u00e3o<\/h3>\r\n<p>Servi\u00e7o, manuten\u00e7\u00e3o, reparo e armazenamento de produtos para todos os tipos de equipamentos submarinos.<\/p>\r\n<p>Medidor de Vaz\u00e3o Ultrass\u00f4nico Submarino Instal\u00e1vel por ROVs Medidor de Vaz\u00e3o Ultrass\u00f4nico Submarino Instal\u00e1vel por ROVs Swagelok<\/p>\r\n<p><strong>Vis\u00e3o geral do projeto<\/strong><br \/>Com base em um requisito exclusivo do cliente, a Oceaneering desenvolveu um medidor de vaz\u00e3o ultrass\u00f4nico submarino instal\u00e1vel por ROV usado para determinar a taxa de fluxo de inje\u00e7\u00e3o de g\u00e1s em um po\u00e7o individual na costa da Austr\u00e1lia. Essa ferramenta foi projetada para otimizar a inje\u00e7\u00e3o de um selante no po\u00e7o, medindo a taxa de fluxo em um jumper de eleva\u00e7\u00e3o de g\u00e1s de 3 polegadas revestido de polipropileno de tr\u00eas camadas (3LPP).<\/p>\r\n<p><strong>Solu\u00e7\u00e3o<\/strong><br \/>Uma equipe da Oceaneering baseada na unidade de Jandakot, Austr\u00e1lia, trabalhou com uma equipe de especialistas locais para marinizar com sucesso um medidor de vaz\u00e3o ultrass\u00f4nico e torn\u00e1-lo instal\u00e1vel por ROV. Para que isso fosse poss\u00edvel, o medidor de vaz\u00e3o precisava ser equipado com um mecanismo de fixa\u00e7\u00e3o seguro e confi\u00e1vel.<\/p>\r\n<p>Leia o estudo de caso completo <a href=\"https:\/\/www.oceaneering.com\/pt\/case-studies\/oceaneering-develops-industry-first-rov-installable-subsea-ultrasonic-flowmeter\/\">aqui<\/a>.<\/p>\r\n<p>Conex\u00e3o Swagelok para ROV<\/p>\r\n<p><strong>Problema<\/strong><br \/>V\u00e1lvulas Linear XT fixadas em uma posi\u00e7\u00e3o aberta e suspeita de forma\u00e7\u00e3o de hidrato dentro do sistema de compensa\u00e7\u00e3o.<\/p>\r\n<p><strong>Desafios<\/strong><br \/>O sistema de compensa\u00e7\u00e3o n\u00e3o fornecia facilmente um ponto de interven\u00e7\u00e3o do ROV para acessar e permitir a retirada dos hidratos.<\/p>\r\n<p><strong>Solu\u00e7\u00e3o<\/strong><br \/>Uma tampa Swagelok de \u00be\" foi identificada em uma pilha de conex\u00f5es acima do Sea Chest. Foram desenvolvidas ferramentas de ROV sob medida para permitir a remo\u00e7\u00e3o da tampa Swagelok e a instala\u00e7\u00e3o de uma mangueira resistente ao colapso na conex\u00e3o com uma punhalada quente, criando assim um ponto de interven\u00e7\u00e3o para a remedia\u00e7\u00e3o de hidratos.<\/p>\r\n<p>Webinar em destaque<\/p>\r\n<h2>Cria\u00e7\u00e3o de solu\u00e7\u00f5es sob medida para reparo de v\u00e1lvulas submarinas<\/h2>\r\n<p>15 de outubro de 2020<\/p>\r\n<p>Desafios complexos exigem solu\u00e7\u00f5es criativas. Um cliente procurou a Oceaneering para reparar v\u00e1lvulas com defeito em um manifold submarino. Neste webinar, demonstraremos como a Oceaneering colaborou globalmente, desde o projeto at\u00e9 as opera\u00e7\u00f5es, para criar uma solu\u00e7\u00e3o inovadora para esse desafio \u00fanico.<\/p>\r\n<p><a href=\"https:\/\/www.oceaneering.com\/pt\/webinars\/creating-bespoke-solutions-for-subsea-valve-repair\/\" target=\"_self\" rel=\"noopener\"> Assistir sob demanda <\/a> <img loading=\"lazy\" decoding=\"async\" title=\"Reparo de v\u00e1lvulas submarinas\" src=\"https:\/\/oceaneering.com\/wp-content\/uploads\/2023\/11\/Subsea-valve-repair.jpeg\" alt=\"Subsea-valve-repair\" width=\"500\" height=\"500\" \/><\/p>\r\n<h1>Entre em contato conosco<\/h1>\r\n<h2>Nossa equipe de especialistas est\u00e1 pronta para ajud\u00e1-lo a come\u00e7ar.<\/h2>\r\n<p>A Oceaneering oferece os melhores produtos e solu\u00e7\u00f5es da categoria, respaldados por qualidade, confiabilidade e suporte global inigual\u00e1veis. Preencha o formul\u00e1rio de consulta para iniciar uma conversa hoje mesmo.<\/p>","protected":false},"excerpt":{"rendered":"<p>Discuta um projeto Solu\u00e7\u00f5es de engenharia submarina Desafios complexos exigem solu\u00e7\u00f5es criativas. De ambientes submarinos rotineiros a extremos, a Oceaneering atende aos requisitos mais dif\u00edceis e \u00e0s especifica\u00e7\u00f5es exclusivas de nossos clientes para oferecer solu\u00e7\u00f5es inovadoras que reduzem o custo total de propriedade. A Oceaneering cria solu\u00e7\u00f5es de engenharia l\u00edderes do setor por meio de nosso gerenciamento de projetos t\u00e9cnicos e mec\u00e2nicos e do r\u00e1pido desenvolvimento de produtos. Com ... <a title=\"Solu\u00e7\u00f5es de engenharia submarina\" class=\"read-more\" href=\"https:\/\/www.oceaneering.com\/pt\/intervention-tooling\/subsea-engineered-solutions\/\" aria-label=\"Leia mais sobre Solu\u00e7\u00f5es de Engenharia Submarina\">Leia mais<\/a><\/p>","protected":false},"author":20,"featured_media":0,"parent":60938,"menu_order":71,"comment_status":"closed","ping_status":"closed","template":"","meta":{"_acf_changed":false,"footnotes":"","_links_to":"","_links_to_target":""},"product_category":[1300],"search_tags":[1715,1812],"class_list":["post-61133","page","type-page","status-publish","product_category-intervention-tooling","search_tags-intervention-tooling","search_tags-subsea-engineered-solutions"],"acf":[],"aioseo_notices":[],"_links":{"self":[{"href":"https:\/\/www.oceaneering.com\/pt\/wp-json\/wp\/v2\/pages\/61133","targetHints":{"allow":["GET"]}}],"collection":[{"href":"https:\/\/www.oceaneering.com\/pt\/wp-json\/wp\/v2\/pages"}],"about":[{"href":"https:\/\/www.oceaneering.com\/pt\/wp-json\/wp\/v2\/types\/page"}],"author":[{"embeddable":true,"href":"https:\/\/www.oceaneering.com\/pt\/wp-json\/wp\/v2\/users\/20"}],"replies":[{"embeddable":true,"href":"https:\/\/www.oceaneering.com\/pt\/wp-json\/wp\/v2\/comments?post=61133"}],"version-history":[{"count":1,"href":"https:\/\/www.oceaneering.com\/pt\/wp-json\/wp\/v2\/pages\/61133\/revisions"}],"predecessor-version":[{"id":79327,"href":"https:\/\/www.oceaneering.com\/pt\/wp-json\/wp\/v2\/pages\/61133\/revisions\/79327"}],"up":[{"embeddable":true,"href":"https:\/\/www.oceaneering.com\/pt\/wp-json\/wp\/v2\/pages\/60938"}],"wp:attachment":[{"href":"https:\/\/www.oceaneering.com\/pt\/wp-json\/wp\/v2\/media?parent=61133"}],"wp:term":[{"taxonomy":"product_category","embeddable":true,"href":"https:\/\/www.oceaneering.com\/pt\/wp-json\/wp\/v2\/product_category?post=61133"},{"taxonomy":"search_tags","embeddable":true,"href":"https:\/\/www.oceaneering.com\/pt\/wp-json\/wp\/v2\/search_tags?post=61133"}],"curies":[{"name":"wp","href":"https:\/\/api.w.org\/{rel}","templated":true}]}}