{"id":61132,"date":"2023-11-09T08:43:46","date_gmt":"2023-11-09T13:43:46","guid":{"rendered":"https:\/\/oceaneering.com\/intervention-tooling-search\/"},"modified":"2024-01-29T09:58:27","modified_gmt":"2024-01-29T14:58:27","slug":"intervention-tooling-search","status":"publish","type":"page","link":"https:\/\/www.oceaneering.com\/pt\/intervention-tooling-search\/","title":{"rendered":"Pesquisa de ferramentas de interven\u00e7\u00e3o"},"content":{"rendered":"<h1>Pesquisa de ferramentas de interven\u00e7\u00e3o<\/h1>\r\n<p><button aria-expanded=\"true\" aria-controls=\"section1\">Categorias<\/button> <img decoding=\"async\" src=\"https:\/\/oceaneering.canto.com\/preview\/document\/a1ld8jct25493cfp4t4rm6981c\/400.jpg\" alt=\"\" \/> Folheto<\/p>\r\n<h3><a href=\"https:\/\/oceaneering.canto.com\/download\/document\/a1ld8jct25493cfp4t4rm6981c\/original.pdf\">Sistema de acionamento de carretel modular 800Te<\/a><\/h3>\r\n<p><img decoding=\"async\" src=\"https:\/\/oceaneering.canto.com\/preview\/document\/fa54q6ajqp2m3cba2vaqqbpf7h\/400.jpg\" alt=\"\" \/> Folheto<\/p>\r\n<h3><a href=\"https:\/\/oceaneering.canto.com\/download\/document\/fa54q6ajqp2m3cba2vaqqbpf7h\/original.pdf\">Ferramenta de limpeza rotativa hidr\u00e1ulica<\/a><\/h3>\r\n<p><img decoding=\"async\" src=\"https:\/\/oceaneering.canto.com\/preview\/document\/6qr944lmgt2hj1p5f41lr6l62q\/400.jpg\" alt=\"\" \/> Folheto<\/p>\r\n<h3><a href=\"https:\/\/oceaneering.canto.com\/download\/document\/6qr944lmgt2hj1p5f41lr6l62q\/original.pdf\">Guincho E-Line<\/a><\/h3>\r\n<p><img decoding=\"async\" src=\"https:\/\/oceaneering.canto.com\/preview\/document\/fug2ti44od5hj27fas1vekri45\/400.jpg\" alt=\"\" \/> Folheto<\/p>\r\n<h3><a href=\"https:\/\/oceaneering.canto.com\/download\/document\/fug2ti44od5hj27fas1vekri45\/original.pdf\">Jato de \u00e1gua montado na varanda<\/a><\/h3>\r\n<p><img decoding=\"async\" src=\"https:\/\/oceaneering.canto.com\/preview\/document\/3649ma6tft2k7dbmhop9d7gu6d\/400.jpg\" alt=\"\" \/> Folheto<\/p>\r\n<h3><a href=\"https:\/\/oceaneering.canto.com\/download\/document\/3649ma6tft2k7dbmhop9d7gu6d\/original.pdf\">C\u00e2mera de flutua\u00e7\u00e3o<\/a><\/h3>\r\n<p><img decoding=\"async\" src=\"https:\/\/oceaneering.canto.com\/preview\/document\/av049df39d58759ucbvio76n2b\/400.jpg\" alt=\"\" \/> Folheto<\/p>\r\n<h3><a href=\"https:\/\/oceaneering.canto.com\/download\/document\/av049df39d58759ucbvio76n2b\/original.pdf\">Ferramenta de limpeza de cabe\u00e7a de po\u00e7o - 18 3\/4<\/a><\/h3>\r\n<p><img decoding=\"async\" src=\"https:\/\/oceaneering.canto.com\/preview\/document\/dg2ft050dd5hf8fe3n1clukh5p\/400.jpg\" alt=\"\" \/> Folheto<\/p>\r\n<h3><a href=\"https:\/\/oceaneering.canto.com\/download\/document\/dg2ft050dd5hf8fe3n1clukh5p\/original.pdf\">Filtros de linha de controle<\/a><\/h3>\r\n<p><img decoding=\"async\" src=\"https:\/\/oceaneering.canto.com\/preview\/document\/jiedc11mqh7gv0muna81d7gp6a\/400.jpg\" alt=\"\" \/> Folheto<\/p>\r\n<h3><a href=\"https:\/\/oceaneering.canto.com\/download\/document\/jiedc11mqh7gv0muna81d7gp6a\/original.pdf\">Conector M5 ROV Flyable Full Bore<\/a><\/h3>\r\n<p><img decoding=\"async\" src=\"https:\/\/oceaneering.canto.com\/preview\/document\/gt7ndfaqb54c3bt09so07ddn0k\/400.jpg\" alt=\"\" \/> Folheto<\/p>\r\n<h3><a href=\"https:\/\/oceaneering.canto.com\/download\/document\/gt7ndfaqb54c3bt09so07ddn0k\/original.pdf\">C\u00e2mera de sonda de jateamento<\/a><\/h3>\r\n<p><img decoding=\"async\" src=\"https:\/\/oceaneering.canto.com\/preview\/document\/gm0d346aad1sb7gbnsbcqskp6u\/400.jpg\" alt=\"\" \/> Folheto<\/p>\r\n<h3><a href=\"https:\/\/oceaneering.canto.com\/download\/document\/gm0d346aad1sb7gbnsbcqskp6u\/original.pdf\">Cortadores de linha macia<\/a><\/h3>\r\n<p><img decoding=\"async\" src=\"https:\/\/oceaneering.canto.com\/preview\/document\/spk9tmo0a908t1k187bgq52046\/400.jpg\" alt=\"\" \/> Folheto<\/p>\r\n<h3><a href=\"https:\/\/oceaneering.canto.com\/download\/document\/spk9tmo0a908t1k187bgq52046\/original.pdf\">Cortador de linha dura<\/a><\/h3>\r\n<p><img decoding=\"async\" src=\"https:\/\/oceaneering.canto.com\/preview\/document\/cptgq6dmj57mfa0h2i5jm6sj1e\/400.jpg\" alt=\"\" \/> Folheto<\/p>\r\n<h3><a href=\"https:\/\/oceaneering.canto.com\/download\/document\/cptgq6dmj57mfa0h2i5jm6sj1e\/original.pdf\">Kit de inspe\u00e7\u00e3o da v\u00e1lvula de borda<\/a><\/h3>\r\n<p><img decoding=\"async\" src=\"https:\/\/oceaneering.canto.com\/preview\/document\/im0d4j571t5bra7bhl6qdjmp2j\/400.jpg\" alt=\"\" \/> Folheto<\/p>\r\n<h3><a href=\"https:\/\/oceaneering.canto.com\/download\/document\/im0d4j571t5bra7bhl6qdjmp2j\/original.pdf\">Sistema de ferramentas Millennium\u00ae ROV<\/a><\/h3>\r\n<p><img decoding=\"async\" src=\"https:\/\/oceaneering.canto.com\/preview\/document\/9tbpht34ph5lh65lvdg2hkgg7i\/400.jpg\" alt=\"\" \/> Folheto<\/p>\r\n<h3><a href=\"https:\/\/oceaneering.canto.com\/download\/document\/9tbpht34ph5lh65lvdg2hkgg7i\/original.pdf\">Bast\u00e3o de inje\u00e7\u00e3o de \u00e1cido CCV<\/a><\/h3>\r\n<p><img decoding=\"async\" src=\"https:\/\/oceaneering.canto.com\/preview\/document\/f64p57nbgt003d57h13o1a3d7p\/400.jpg\" alt=\"\" \/> Folheto<\/p>\r\n<h3><a href=\"https:\/\/oceaneering.canto.com\/download\/document\/f64p57nbgt003d57h13o1a3d7p\/original.pdf\">Estrutura de prova hidr\u00e1ulica (250 T)<\/a><\/h3>\r\n<p><img decoding=\"async\" src=\"https:\/\/oceaneering.canto.com\/preview\/document\/ata0eqn2sp2un95ag0ds4vbe51\/400.jpg\" alt=\"\" \/> Folheto<\/p>\r\n<h3><a href=\"https:\/\/oceaneering.canto.com\/download\/document\/ata0eqn2sp2un95ag0ds4vbe51\/original.pdf\">Unidade de teste Topside<\/a><\/h3>\r\n<p><img decoding=\"async\" src=\"https:\/\/oceaneering.canto.com\/preview\/document\/t0vdqpvph96nfefbi2ponn026c\/400.jpg\" alt=\"\" \/> Folheto<\/p>\r\n<h3><a href=\"https:\/\/oceaneering.canto.com\/download\/document\/t0vdqpvph96nfefbi2ponn026c\/original.pdf\">Skid de interven\u00e7\u00e3o de m\u00e9dia press\u00e3o<\/a><\/h3>\r\n<p><img decoding=\"async\" src=\"https:\/\/oceaneering.canto.com\/preview\/document\/tht99n29v57fr5nkmpd506ob4h\/400.jpg\" alt=\"\" \/> Folheto<\/p>\r\n<h3><a href=\"https:\/\/oceaneering.canto.com\/download\/document\/tht99n29v57fr5nkmpd506ob4h\/original.pdf\">Bomba de lixo Stanley TP03<\/a><\/h3>","protected":false},"excerpt":{"rendered":"<p>Intervention Tooling Search Categories Brochura Sistema de acionamento de carretel modular 800Te Brochura Ferramenta de limpeza rotativa hidr\u00e1ulica Brochura Guincho E-Line Brochura Jato de \u00e1gua montado em varanda Brochura C\u00e2mera de flutua\u00e7\u00e3o Brochura Ferramenta de limpeza de cabe\u00e7a de po\u00e7o - 18 3\/4 Brochura Filtros de linha de controle Brochura Conector de furo completo vo\u00e1vel M5 ROV Brochura C\u00e2mera de sonda de jateamento Brochura Cortadores de linha macia Brochura Cortador de linha dura Brochura Overboard ... <a title=\"Pesquisa de ferramentas de interven\u00e7\u00e3o\" class=\"read-more\" href=\"https:\/\/www.oceaneering.com\/pt\/intervention-tooling-search\/\" aria-label=\"Leia mais sobre Pesquisa de ferramentas de interven\u00e7\u00e3o\">Leia mais<\/a><\/p>","protected":false},"author":20,"featured_media":0,"parent":0,"menu_order":70,"comment_status":"closed","ping_status":"closed","template":"","meta":{"_acf_changed":false,"footnotes":"","_links_to":"","_links_to_target":""},"product_category":[1300],"search_tags":[1715],"class_list":["post-61132","page","type-page","status-publish","product_category-intervention-tooling","search_tags-intervention-tooling"],"acf":[],"aioseo_notices":[],"_links":{"self":[{"href":"https:\/\/www.oceaneering.com\/pt\/wp-json\/wp\/v2\/pages\/61132","targetHints":{"allow":["GET"]}}],"collection":[{"href":"https:\/\/www.oceaneering.com\/pt\/wp-json\/wp\/v2\/pages"}],"about":[{"href":"https:\/\/www.oceaneering.com\/pt\/wp-json\/wp\/v2\/types\/page"}],"author":[{"embeddable":true,"href":"https:\/\/www.oceaneering.com\/pt\/wp-json\/wp\/v2\/users\/20"}],"replies":[{"embeddable":true,"href":"https:\/\/www.oceaneering.com\/pt\/wp-json\/wp\/v2\/comments?post=61132"}],"version-history":[{"count":0,"href":"https:\/\/www.oceaneering.com\/pt\/wp-json\/wp\/v2\/pages\/61132\/revisions"}],"wp:attachment":[{"href":"https:\/\/www.oceaneering.com\/pt\/wp-json\/wp\/v2\/media?parent=61132"}],"wp:term":[{"taxonomy":"product_category","embeddable":true,"href":"https:\/\/www.oceaneering.com\/pt\/wp-json\/wp\/v2\/product_category?post=61132"},{"taxonomy":"search_tags","embeddable":true,"href":"https:\/\/www.oceaneering.com\/pt\/wp-json\/wp\/v2\/search_tags?post=61132"}],"curies":[{"name":"wp","href":"https:\/\/api.w.org\/{rel}","templated":true}]}}