{"id":61129,"date":"2023-11-09T08:42:53","date_gmt":"2023-11-09T13:42:53","guid":{"rendered":"https:\/\/oceaneering.com\/integrated-rig-services\/"},"modified":"2025-10-22T08:29:10","modified_gmt":"2025-10-22T13:29:10","slug":"integrated-rig-services","status":"publish","type":"page","link":"https:\/\/www.oceaneering.com\/pt\/remote-services\/integrated-rig-services\/","title":{"rendered":"Servi\u00e7os integrados de plataformas"},"content":{"rendered":"<h1>Servi\u00e7os integrados de plataformas<\/h1>\r\n<p>De ferramentas de pesquisa e ROV a IWOCS e outras tecnologias especializadas, a Oceaneering oferece uma verdadeira integra\u00e7\u00e3o de servi\u00e7os para melhorar o HSE, agilizar as atividades, reduzir o pessoal a bordo (POB), encurtar os dias de embarca\u00e7\u00e3o, reduzir o tempo n\u00e3o produtivo e diminuir seus custos gerais.<\/p>\r\n<h2>Conecte-se<\/h2>\r\n<p>A responsabilidade singular da Oceaneering em terra e no mar proporciona uma mobiliza\u00e7\u00e3o mais eficiente, redu\u00e7\u00e3o do pessoal a bordo (POB), redu\u00e7\u00e3o dos dias de embarca\u00e7\u00e3o, redu\u00e7\u00e3o das emiss\u00f5es de carbono, melhor tempo de atividade e tempos de resposta mais r\u00e1pidos para necessidades cr\u00edticas.<\/p>\r\n<p>Com comunica\u00e7\u00f5es offshore dedicadas e redundantes, essas opera\u00e7\u00f5es que exigem muita m\u00e3o de obra em campo tornam-se uma entrega simplificada de servi\u00e7os de qualidade a partir de centros de controle de miss\u00e3o em terra. O posicionamento remoto da plataforma, a pilotagem remota de ROVs e as inspe\u00e7\u00f5es remotas s\u00e3o apenas o come\u00e7o dos servi\u00e7os de redu\u00e7\u00e3o de custos e recursos que oferecemos.<\/p>\r\n<p><a href=\"https:\/\/oceaneering.canto.com\/download\/document\/sl6in3d6vl2s9auv8dqpb0o10m\/original.pdf\" target=\"_blank\" rel=\"noopener\"> Servi\u00e7os integrados de plataformas | A4 <\/a> <img decoding=\"async\" title=\"2018_03_08_10_22_14_208\" src=\"https:\/\/oceaneering.com\/wp-content\/uploads\/2023\/11\/2018_03_08_10_22_14_208-scaled.jpeg\" alt=\"2018_03_08_10_22_14_208\" \/><\/p>\r\n<h2>Equipes de servi\u00e7o offshore integradas<\/h2>\r\n<p>A Oceaneering se orgulha do treinamento e da capacita\u00e7\u00e3o cruzada de seu pessoal. Com nossas equipes offshore integradas, voc\u00ea pode reduzir o n\u00famero de funcion\u00e1rios necess\u00e1rios em alto-mar para opera\u00e7\u00f5es de IWOCS e ROV. A redu\u00e7\u00e3o do n\u00famero de funcion\u00e1rios e das trocas de tripula\u00e7\u00e3o diminui seus custos e os riscos de HSE para esses funcion\u00e1rios, mantendo-os em terra para resolver os problemas \u00e0 medida que eles surgem.<\/p>\r\n<p>A equipe offshore ser\u00e1 liderada por um superintendente respons\u00e1vel por todos os servi\u00e7os contratados, proporcionando maior responsabilidade por todo o escopo do trabalho. As equipes permanentes de ROVs com treinamento cruzado para executar as fun\u00e7\u00f5es do IWOCS permitem que a Oceaneering ofere\u00e7a suporte \u00e0 transi\u00e7\u00e3o de opera\u00e7\u00f5es de 12 horas para 24 horas usando as equipes existentes enquanto a equipe adicional \u00e9 mobilizada.<\/p>\r\n<h2>Poupan\u00e7a<\/h2>\r\n<p>Integra\u00e7\u00e3o dos servi\u00e7os para um t\u00edpico<br \/>Reconhecimento de 90 dias de perfura\u00e7\u00e3o e de conclus\u00e3o: Redu\u00e7\u00e3o das mobiliza\u00e7\u00f5es de pessoal<br \/>e a POB podem alcan\u00e7ar:<\/p>\r\n<!-- Comment to fix spacing issue\r\n\t-->\r\n<p>0%<\/p>\r\n<!-- Comment to fix spacing issue\r\n\t-->\r\n<p>redu\u00e7\u00e3o nas mobiliza\u00e7\u00f5es de pessoal<\/p>\r\n<!-- Comment to fix spacing issue\r\n\t-->\r\n<p>0%<\/p>\r\n<!-- Comment to fix spacing issue\r\n\t-->\r\n<p>redu\u00e7\u00e3o no pico de pessoal a bordo em rela\u00e7\u00e3o \u00e0 compra de servi\u00e7os discretos<\/p>\r\n<!-- Comment to fix spacing issue\r\n\t-->\r\n<p>0%<\/p>\r\n<!-- Comment to fix spacing issue\r\n\t-->\r\n<p>redu\u00e7\u00e3o da pegada de carbono no transporte e na moradia dos funcion\u00e1rios<\/p>\r\n<!-- Comment to fix spacing issue\r\n\t-->\r\n<p>0%<\/p>\r\n<!-- Comment to fix spacing issue\r\n\t-->\r\n<p>economia na redu\u00e7\u00e3o dos custos de transporte e embarque em rela\u00e7\u00e3o ao valor total dos contratos discretos<\/p>\r\n<h2>Impulsione seu HSE<\/h2>\r\n<p>A redu\u00e7\u00e3o do pessoal a bordo ajuda a diminuir os riscos operacionais para os trabalhadores, mantendo-os em terra e reduzindo as emiss\u00f5es de carbono. Al\u00e9m disso, libera espa\u00e7o na cama e simplifica a log\u00edstica. Traga apenas os trabalhadores de que voc\u00ea precisa e deixe-nos ajud\u00e1-lo remotamente.<\/p>\r\n<p>Podemos realizar opera\u00e7\u00f5es de posicionamento de plataformas e ROVs a partir de nossos centros de controle em terra. Temos especialistas posicionados em todo o mundo para atender nossos clientes 24 horas por dia, 7 dias por semana, e podemos diagnosticar e resolver qualquer problema que surja.<\/p>\r\n<p>Locais dispon\u00edveis<\/p>\r\n<ul>\r\n<li>Houston (GOM)<\/li>\r\n<li>Stavanger<\/li>\r\n<\/ul>\r\n<p>A partir de nossos Centros de Controle Onshore estrategicamente localizados, seus SMEs t\u00eam acesso direto ao ambiente offshore para opera\u00e7\u00f5es cr\u00edticas.<\/p>\r\n<h1>Entre em contato conosco<\/h1>\r\n<h2>Nossa equipe de especialistas est\u00e1 pronta para ajud\u00e1-lo a come\u00e7ar.<\/h2>\r\n<p>A Oceaneering oferece os melhores produtos e solu\u00e7\u00f5es da categoria, respaldados por qualidade, confiabilidade e suporte global inigual\u00e1veis. Preencha o formul\u00e1rio de consulta para iniciar uma conversa hoje mesmo.<\/p>","protected":false},"excerpt":{"rendered":"<p>Servi\u00e7os de plataforma integrados De ferramentas de pesquisa e ROV a IWOCS e outras tecnologias especializadas, a Oceaneering oferece uma verdadeira integra\u00e7\u00e3o de servi\u00e7os para melhorar o HSE, agilizar as atividades, reduzir o pessoal a bordo (POB), encurtar os dias de embarca\u00e7\u00e3o, reduzir o tempo n\u00e3o produtivo e diminuir seus custos gerais. Conecte-se A responsabilidade singular da Oceaneering em terra e no mar proporciona uma mobiliza\u00e7\u00e3o mais eficiente, ... <a title=\"Servi\u00e7os integrados de plataformas\" class=\"read-more\" href=\"https:\/\/www.oceaneering.com\/pt\/remote-services\/integrated-rig-services\/\" aria-label=\"Leia mais sobre Integrated Rig Services\">Leia mais<\/a><\/p>","protected":false},"author":20,"featured_media":0,"parent":2682,"menu_order":67,"comment_status":"closed","ping_status":"closed","template":"","meta":{"_acf_changed":false,"footnotes":"","_links_to":"","_links_to_target":""},"product_category":[1343,1468],"search_tags":[1509,1802],"class_list":["post-61129","page","type-page","status-publish","product_category-integrated-rig-services","product_category-remote-operations","search_tags-integrated-rig-solutions","search_tags-remote-services"],"acf":[],"aioseo_notices":[],"_links":{"self":[{"href":"https:\/\/www.oceaneering.com\/pt\/wp-json\/wp\/v2\/pages\/61129","targetHints":{"allow":["GET"]}}],"collection":[{"href":"https:\/\/www.oceaneering.com\/pt\/wp-json\/wp\/v2\/pages"}],"about":[{"href":"https:\/\/www.oceaneering.com\/pt\/wp-json\/wp\/v2\/types\/page"}],"author":[{"embeddable":true,"href":"https:\/\/www.oceaneering.com\/pt\/wp-json\/wp\/v2\/users\/20"}],"replies":[{"embeddable":true,"href":"https:\/\/www.oceaneering.com\/pt\/wp-json\/wp\/v2\/comments?post=61129"}],"version-history":[{"count":1,"href":"https:\/\/www.oceaneering.com\/pt\/wp-json\/wp\/v2\/pages\/61129\/revisions"}],"predecessor-version":[{"id":79255,"href":"https:\/\/www.oceaneering.com\/pt\/wp-json\/wp\/v2\/pages\/61129\/revisions\/79255"}],"up":[{"embeddable":true,"href":"https:\/\/www.oceaneering.com\/pt\/wp-json\/wp\/v2\/pages\/2682"}],"wp:attachment":[{"href":"https:\/\/www.oceaneering.com\/pt\/wp-json\/wp\/v2\/media?parent=61129"}],"wp:term":[{"taxonomy":"product_category","embeddable":true,"href":"https:\/\/www.oceaneering.com\/pt\/wp-json\/wp\/v2\/product_category?post=61129"},{"taxonomy":"search_tags","embeddable":true,"href":"https:\/\/www.oceaneering.com\/pt\/wp-json\/wp\/v2\/search_tags?post=61129"}],"curies":[{"name":"wp","href":"https:\/\/api.w.org\/{rel}","templated":true}]}}