{"id":61122,"date":"2023-11-09T08:40:38","date_gmt":"2023-11-09T13:40:38","guid":{"rendered":"https:\/\/oceaneering.com\/positioning-solutions\/customer-access-and-resources\/"},"modified":"2025-10-16T00:12:04","modified_gmt":"2025-10-16T05:12:04","slug":"customer-access-and-resources","status":"publish","type":"page","link":"https:\/\/www.oceaneering.com\/pt\/positioning-solutions\/customer-access-and-resources\/","title":{"rendered":"Suporte ao cliente | Hardware C-Nav3050"},"content":{"rendered":"<a href=\"https:\/\/www.oceaneering.com\/pt\/positioning-solutions\/#contact\" target=\"_self\">\n\t\t\t\t\t\t\tDiscutir um projeto\n\t\t\t\t\t<\/a>\n<h1>\n\t\tSuporte ao cliente C-Nav\n\t<\/h1>\n\t<p>Temos o compromisso de fornecer suporte 24 horas por dia, 7 dias por semana, para todos os produtos e servi\u00e7os Oceaneering\u00ae C-Nav\u00ae. Entre em contato conosco por telefone em qualquer um dos n\u00fameros abaixo ou por e-mail em <a href=\"mailto:cnavsupport@oceaneering.com\" target=\"_blank\" rel=\"noopener\">cnavsupport@oceaneering.com<\/a>.<\/p>\n<h3>\n\t\tAm\u00e9ricas do Norte e Central\n\t<\/h3>\n\t202 Stanton Street<br \/>\nBroussard, LA 70518\n<p><a href=\"tel:1 337 210 0000\">+1 337 210 0000<\/a><\/p>\n<h3>\n\t\tAm\u00e9rica do Sul\n\t<\/h3>\n\tRua Lady Esteves da Concei\u00e7\u00e3o 1020<br \/>\nNovo Cavaleiros, Maca\u00e9 - RJ, Brasil\n<p><a href=\"tel:55 (21) 9 7629 9606\">+55 (21) 9 7629 9606<\/a><\/p>\n<h3>\n\t\tEuropa, \u00c1frica e Oriente M\u00e9dio\n\t<\/h3>\n\t5 Hillside Road<br \/>\nBury St Edmunds<br \/>\nIP32 7EA REINO UNIDO\n<p><a href=\"tel:44 (0) 1284 703 800\">+44 (0) 1284 703 800<\/a><\/p>\n<h3>\n\t\t\u00c1sia\n\t<\/h3>\n\t25B Loyang Crescent<br \/>\nBloco 302, Unidade 02-01<br \/>\nCingapura, 506817\n<p><a href=\"tel:65 6501 1149\">+65 6501 1149<\/a><\/p>\n\t<p>Oferecemos acesso on-line conveniente a um portal do cliente, helpdesk, guias de refer\u00eancia e outros recursos para ajudar a aproveitar ao m\u00e1ximo nossas solu\u00e7\u00f5es de posicionamento.<\/p>","protected":false},"excerpt":{"rendered":"<p>Discuss a Project C-Nav Customer Support We are committed to providing 24\/7 support for all Oceaneering\u00ae C-Nav\u00ae products and services. Contact us by phone at any of the numbers below, or via email at cnavsupport@oceaneering.com. North and Central Americas 202 Stanton Street Broussard, LA 70518 +1 337 210 0000 South America Rua Lady Esteves da &#8230; <a title=\"Suporte ao cliente | Hardware C-Nav3050\" class=\"read-more\" href=\"https:\/\/www.oceaneering.com\/pt\/positioning-solutions\/customer-access-and-resources\/\" aria-label=\"Leia mais sobre Suporte ao cliente | Hardware C-Nav3050\">Leia mais<\/a><\/p>","protected":false},"author":20,"featured_media":0,"parent":61109,"menu_order":63,"comment_status":"closed","ping_status":"closed","template":"","meta":{"_acf_changed":false,"footnotes":"","_links_to":"","_links_to_target":""},"product_category":[1403],"search_tags":[1530],"class_list":["post-61122","page","type-page","status-publish","product_category-c-nav-positioning-solutions","search_tags-c-nav-positioning"],"acf":[],"aioseo_notices":[],"_links":{"self":[{"href":"https:\/\/www.oceaneering.com\/pt\/wp-json\/wp\/v2\/pages\/61122","targetHints":{"allow":["GET"]}}],"collection":[{"href":"https:\/\/www.oceaneering.com\/pt\/wp-json\/wp\/v2\/pages"}],"about":[{"href":"https:\/\/www.oceaneering.com\/pt\/wp-json\/wp\/v2\/types\/page"}],"author":[{"embeddable":true,"href":"https:\/\/www.oceaneering.com\/pt\/wp-json\/wp\/v2\/users\/20"}],"replies":[{"embeddable":true,"href":"https:\/\/www.oceaneering.com\/pt\/wp-json\/wp\/v2\/comments?post=61122"}],"version-history":[{"count":2,"href":"https:\/\/www.oceaneering.com\/pt\/wp-json\/wp\/v2\/pages\/61122\/revisions"}],"predecessor-version":[{"id":79080,"href":"https:\/\/www.oceaneering.com\/pt\/wp-json\/wp\/v2\/pages\/61122\/revisions\/79080"}],"up":[{"embeddable":true,"href":"https:\/\/www.oceaneering.com\/pt\/wp-json\/wp\/v2\/pages\/61109"}],"wp:attachment":[{"href":"https:\/\/www.oceaneering.com\/pt\/wp-json\/wp\/v2\/media?parent=61122"}],"wp:term":[{"taxonomy":"product_category","embeddable":true,"href":"https:\/\/www.oceaneering.com\/pt\/wp-json\/wp\/v2\/product_category?post=61122"},{"taxonomy":"search_tags","embeddable":true,"href":"https:\/\/www.oceaneering.com\/pt\/wp-json\/wp\/v2\/search_tags?post=61122"}],"curies":[{"name":"wp","href":"https:\/\/api.w.org\/{rel}","templated":true}]}}