{"id":61107,"date":"2023-11-09T08:31:34","date_gmt":"2023-11-09T13:31:34","guid":{"rendered":"https:\/\/oceaneering.com\/oceaneering-mobile-robotics-omr\/customer-care-program\/"},"modified":"2025-07-01T10:14:47","modified_gmt":"2025-07-01T15:14:47","slug":"lifecycle-services","status":"publish","type":"page","link":"https:\/\/www.oceaneering.com\/pt\/oceaneering-mobile-robotics-omr\/lifecycle-services\/","title":{"rendered":"Servi\u00e7os de ciclo de vida de OMR"},"content":{"rendered":"<p><a href=\"https:\/\/www.oceaneering.com\/pt\/oceaneering-mobile-robotics-omr\/#contact\" target=\"_self\" rel=\"noopener\"> Discutir um projeto <\/a> Rob\u00f3tica m\u00f3vel da Oceaneering<\/p>\r\n<h1>Servi\u00e7os de ciclo de vida de OMR<\/h1>\r\n<p>Garanta a continuidade e o desempenho durante todo o ciclo de vida de sua frota de rob\u00f3tica m\u00f3vel.<\/p>\r\n<p><a href=\"https:\/\/oceaneering.canto.com\/download\/document\/tpelhrdcpd6qv0lqslekv0bp0d\/original.pdf\" target=\"_blank\" rel=\"noopener\"> Veja o folheto <\/a><\/p>\r\n<h2>Oferecemos suporte r\u00e1pido e profissional - em qualquer lugar do mundo<\/h2>\r\n<p>Com escrit\u00f3rios em mais de 25 pa\u00edses, juntamente com uma ampla rede de parceiros, operamos com uma compreens\u00e3o focada em suas necessidades locais.<\/p>\r\n<h2>Nossos servi\u00e7os de ciclo de vida maximizam o tempo de atividade do seu rob\u00f4<\/h2>\r\n<p><img decoding=\"async\" src=\"https:\/\/oceaneering.com\/wp-content\/uploads\/2023\/11\/Consulting-and-Upgrade-1-150x150-1.png\" alt=\"Consulting-and-Upgrade-1-150x150\" \/><\/p>\r\n<h3>Consulting &amp; Upgrades<\/h3>\r\n<h4>Consulting &amp; Upgrades<\/h4>\r\n<p>Identificamos, investigamos e analisamos seu ambiente de OMR para maximizar a efici\u00eancia e a produtividade.<\/p>\r\n<p><img decoding=\"async\" src=\"https:\/\/oceaneering.com\/wp-content\/uploads\/2023\/11\/Education-1.png\" alt=\"Education-1\" \/><\/p>\r\n<h3>Treinamento<\/h3>\r\n<h4>Treinamento<\/h4>\r\n<p>Oferecemos uma variedade de cursos e materiais educacionais, incluindo cursos de treinamento de atualiza\u00e7\u00e3o, para desenvolver ainda mais seus especialistas em sistemas internos.<\/p>\r\n<p><img decoding=\"async\" src=\"https:\/\/oceaneering.com\/wp-content\/uploads\/2023\/11\/Help-desk-1.png\" alt=\"Help-desk-1\" \/><\/p>\r\n<h3>Helpdesk &amp; Hotline Support<\/h3>\r\n<h4>Helpdesk &amp; Hotline Support<\/h4>\r\n<p>Nosso servi\u00e7o de help desk est\u00e1 dispon\u00edvel de segunda a sexta-feira durante o hor\u00e1rio comercial regional. Para sistemas cr\u00edticos de neg\u00f3cios, nosso servi\u00e7o de suporte por linha direta est\u00e1 dispon\u00edvel 24 horas por dia, 7 dias por semana, para dar suporte \u00e0s opera\u00e7\u00f5es do cliente.<\/p>\r\n<p><img decoding=\"async\" src=\"https:\/\/oceaneering.com\/wp-content\/uploads\/2023\/11\/Maintainance-1.png\" alt=\"Maintainance-1\" \/><\/p>\r\n<h3>Manuten\u00e7\u00e3o<\/h3>\r\n<h4>Manuten\u00e7\u00e3o<\/h4>\r\n<p>Fornecemos manuten\u00e7\u00e3o preventiva para garantir o desempenho operacional da sua frota e evitar paradas n\u00e3o planejadas.<\/p>\r\n<p><img decoding=\"async\" src=\"https:\/\/oceaneering.com\/wp-content\/uploads\/2023\/11\/Repair-1.png\" alt=\"Repair-1\" \/><\/p>\r\n<h3>Reparos<\/h3>\r\n<h4>Reparos<\/h4>\r\n<p>Nossos especialistas o consultam para fornecer servi\u00e7os que estendam o ciclo de vida dos seus dispositivos, desde o diagn\u00f3stico de uma pe\u00e7a espec\u00edfica at\u00e9 o reparo ou fornecimento de pe\u00e7as de reposi\u00e7\u00e3o.<\/p>\r\n<p><img decoding=\"async\" src=\"https:\/\/oceaneering.com\/wp-content\/uploads\/2023\/11\/System-Management-1.png\" alt=\"System-Management-1\" \/><\/p>\r\n<h3>Gerenciamento do sistema<\/h3>\r\n<h4>Gerenciamento do sistema<\/h4>\r\n<p>Oferecemos a flexibilidade de que sua empresa precisa, desde a configura\u00e7\u00e3o de visitas regulares ao local at\u00e9 o fornecimento de um engenheiro em tempo integral para gerenciar sua frota.<\/p>\r\n<p><img decoding=\"async\" src=\"https:\/\/oceaneering.com\/wp-content\/uploads\/2023\/11\/Spare-Parts-1.png\" alt=\"Spare-Parts-1\" \/><\/p>\r\n<h3>Pe\u00e7as de reposi\u00e7\u00e3o<\/h3>\r\n<h4>Pe\u00e7as de reposi\u00e7\u00e3o<\/h4>\r\n<p>Garantimos o desempenho operacional ideal de sua frota fornecendo pe\u00e7as sobressalentes para reduzir o tempo de inatividade no caso improv\u00e1vel de falha de uma pe\u00e7a.<\/p>\r\n<h2>Tem alguma pergunta?<\/h2>\r\n<p>Nossa equipe est\u00e1 aqui para oferecer suporte personalizado.<\/p>\r\n<h2>Suporte t\u00e9cnico<\/h2>\r\n<p>J\u00e1 est\u00e1 usando nossos produtos e est\u00e1 tendo problemas t\u00e9cnicos?<\/p>\r\n<p><a href=\"mailto:omr_service@oceaneering.com\" target=\"_blank\" rel=\"noopener\"> Suporte por e-mail <\/a><\/p>\r\n<h2>Pre\u00e7os e licenciamento<\/h2>\r\n<p>Precisa de mais informa\u00e7\u00f5es sobre nossas ofertas de servi\u00e7os de ciclo de vida?<\/p>\r\n<p><a href=\"mailto:omr_servicessales@oceaneering.com\" target=\"_blank\" rel=\"noopener\"> Vendas por e-mail <\/a><\/p>\r\n<h2>Fale com uma pessoa<\/h2>\r\n<p>Europa: <a href=\"tel:+31 30 2440550,\" target=\"_blank\" rel=\"noopener\">+31 30 2440550<\/a>, op\u00e7\u00e3o 1<br \/>EUA: <a href=\"tel:+01 443 459 3700\" target=\"_blank\" rel=\"noopener\">+01 443 459 3700<\/a><\/p>\r\n<h2>AGVs legados da Oceaneering Mobile Robotics<\/h2>\r\n<p>Al\u00e9m de fornecer suporte ininterrupto para nossa frota atual de rob\u00f4s, nossos servi\u00e7os de ciclo de vida tamb\u00e9m se estendem aos nossos sistemas legados usados em opera\u00e7\u00f5es globais.<\/p>\r\n<p><img loading=\"lazy\" decoding=\"async\" title=\"CompactMover-Conveyor-U--400\" src=\"https:\/\/www.oceaneering.com\/wp-content\/uploads\/2023\/10\/CompactMover-Conveyor-U-400-1.png\" alt=\"CompactMover-Conveyor-U--400\" width=\"1058\" height=\"955\" \/><\/p>\r\n<h3>Transportador CompactMover\u2122 U 400<\/h3>\r\n<p>Empilhadeira <img loading=\"lazy\" decoding=\"async\" title=\"UniMover-D-100\" src=\"https:\/\/www.oceaneering.com\/wp-content\/uploads\/2023\/10\/UniMover-D-100.png\" alt=\"UniMover-D-100\" width=\"1178\" height=\"1030\" \/><\/p>\r\n<h3>UniMover\u2122 D 100<\/h3>\r\n<p>Subterr\u00e2neo <img loading=\"lazy\" decoding=\"async\" title=\"UniMover-U-1500-220317_Minimover_01-edited-position-1\" src=\"https:\/\/www.oceaneering.com\/wp-content\/uploads\/2023\/10\/UniMover-U-1500-220317_Minimover_01-edited-position-1.png\" alt=\"UniMover-U-1500-220317_Minimover_01-edited-position-1\" width=\"1920\" height=\"1080\" \/><\/p>\r\n<h3>UniMover\u2122 U 1500<\/h3>\r\n<p>Underride Contact Us<\/p>\r\n<h3>Entre em contato com nossos especialistas<\/h3>\r\n<p>Voc\u00ea tem alguma d\u00favida ou precisa de mais informa\u00e7\u00f5es sobre nossos rob\u00f4s m\u00f3veis? Insira seus dados de contato e descreva sua consulta, e entraremos em contato com voc\u00ea o mais r\u00e1pido poss\u00edvel. Obrigado!<\/p>","protected":false},"excerpt":{"rendered":"<p>Discuta um projeto Oceaneering Mobile Robotics OMR Lifecycle Services Garanta a continuidade e o desempenho durante todo o ciclo de vida de sua frota de rob\u00f3tica m\u00f3vel. Veja o folheto Oferecemos suporte r\u00e1pido e profissional - em qualquer lugar do mundo Com escrit\u00f3rios em mais de 25 pa\u00edses, juntamente com uma ampla rede de parceiros, operamos com uma compreens\u00e3o focada em ... <a title=\"Servi\u00e7os de ciclo de vida de OMR\" class=\"read-more\" href=\"https:\/\/www.oceaneering.com\/pt\/oceaneering-mobile-robotics-omr\/lifecycle-services\/\" aria-label=\"Leia mais sobre os servi\u00e7os de ciclo de vida de OMR\">Leia mais<\/a><\/p>","protected":false},"author":20,"featured_media":0,"parent":1718,"menu_order":54,"comment_status":"closed","ping_status":"closed","template":"","meta":{"_acf_changed":false,"footnotes":"","_links_to":"","_links_to_target":""},"product_category":[1237],"search_tags":[1138],"class_list":["post-61107","page","type-page","status-publish","product_category-mobile-robotics","search_tags-mobile-robotics"],"acf":[],"aioseo_notices":[],"_links":{"self":[{"href":"https:\/\/www.oceaneering.com\/pt\/wp-json\/wp\/v2\/pages\/61107","targetHints":{"allow":["GET"]}}],"collection":[{"href":"https:\/\/www.oceaneering.com\/pt\/wp-json\/wp\/v2\/pages"}],"about":[{"href":"https:\/\/www.oceaneering.com\/pt\/wp-json\/wp\/v2\/types\/page"}],"author":[{"embeddable":true,"href":"https:\/\/www.oceaneering.com\/pt\/wp-json\/wp\/v2\/users\/20"}],"replies":[{"embeddable":true,"href":"https:\/\/www.oceaneering.com\/pt\/wp-json\/wp\/v2\/comments?post=61107"}],"version-history":[{"count":0,"href":"https:\/\/www.oceaneering.com\/pt\/wp-json\/wp\/v2\/pages\/61107\/revisions"}],"up":[{"embeddable":true,"href":"https:\/\/www.oceaneering.com\/pt\/wp-json\/wp\/v2\/pages\/1718"}],"wp:attachment":[{"href":"https:\/\/www.oceaneering.com\/pt\/wp-json\/wp\/v2\/media?parent=61107"}],"wp:term":[{"taxonomy":"product_category","embeddable":true,"href":"https:\/\/www.oceaneering.com\/pt\/wp-json\/wp\/v2\/product_category?post=61107"},{"taxonomy":"search_tags","embeddable":true,"href":"https:\/\/www.oceaneering.com\/pt\/wp-json\/wp\/v2\/search_tags?post=61107"}],"curies":[{"name":"wp","href":"https:\/\/api.w.org\/{rel}","templated":true}]}}