{"id":61106,"date":"2023-11-09T08:30:30","date_gmt":"2023-11-09T13:30:30","guid":{"rendered":"https:\/\/oceaneering.com\/omr-brochure-request\/"},"modified":"2024-01-29T10:26:45","modified_gmt":"2024-01-29T15:26:45","slug":"omr-brochure-request","status":"publish","type":"page","link":"https:\/\/www.oceaneering.com\/pt\/omr-brochure-request\/","title":{"rendered":"Solicita\u00e7\u00e3o de folheto de OMR"},"content":{"rendered":"<p>Oceaneering Mobile Robotics (OMR)<\/p>\r\n<h3>Formul\u00e1rio de solicita\u00e7\u00e3o de folheto<\/h3>","protected":false},"excerpt":{"rendered":"<p>Oceaneering Mobile Robotics (OMR) Brochure Request Form<\/p>","protected":false},"author":20,"featured_media":0,"parent":0,"menu_order":53,"comment_status":"closed","ping_status":"closed","template":"","meta":{"_acf_changed":false,"footnotes":"","_links_to":"","_links_to_target":""},"product_category":[1237],"search_tags":[1138],"class_list":["post-61106","page","type-page","status-publish","product_category-mobile-robotics","search_tags-mobile-robotics"],"acf":[],"aioseo_notices":[],"_links":{"self":[{"href":"https:\/\/www.oceaneering.com\/pt\/wp-json\/wp\/v2\/pages\/61106","targetHints":{"allow":["GET"]}}],"collection":[{"href":"https:\/\/www.oceaneering.com\/pt\/wp-json\/wp\/v2\/pages"}],"about":[{"href":"https:\/\/www.oceaneering.com\/pt\/wp-json\/wp\/v2\/types\/page"}],"author":[{"embeddable":true,"href":"https:\/\/www.oceaneering.com\/pt\/wp-json\/wp\/v2\/users\/20"}],"replies":[{"embeddable":true,"href":"https:\/\/www.oceaneering.com\/pt\/wp-json\/wp\/v2\/comments?post=61106"}],"version-history":[{"count":0,"href":"https:\/\/www.oceaneering.com\/pt\/wp-json\/wp\/v2\/pages\/61106\/revisions"}],"wp:attachment":[{"href":"https:\/\/www.oceaneering.com\/pt\/wp-json\/wp\/v2\/media?parent=61106"}],"wp:term":[{"taxonomy":"product_category","embeddable":true,"href":"https:\/\/www.oceaneering.com\/pt\/wp-json\/wp\/v2\/product_category?post=61106"},{"taxonomy":"search_tags","embeddable":true,"href":"https:\/\/www.oceaneering.com\/pt\/wp-json\/wp\/v2\/search_tags?post=61106"}],"curies":[{"name":"wp","href":"https:\/\/api.w.org\/{rel}","templated":true}]}}