{"id":61105,"date":"2023-11-09T08:30:29","date_gmt":"2023-11-09T13:30:29","guid":{"rendered":"https:\/\/oceaneering.com\/subsea-valves\/"},"modified":"2024-01-29T10:30:12","modified_gmt":"2024-01-29T15:30:12","slug":"subsea-valves","status":"publish","type":"page","link":"https:\/\/www.oceaneering.com\/pt\/subsea-valves\/","title":{"rendered":"V\u00e1lvulas submarinas"},"content":{"rendered":"<h1>V\u00e1lvulas<\/h1>\r\n<p>Aproveitamos mais de 35 anos de experi\u00eancia em v\u00e1lvulas submarinas e topside para oferecer maior controle e solu\u00e7\u00f5es confi\u00e1veis e comprovadas em campo.<\/p>\r\n<p>Fornecemos produtos superiores mantendo o controle interno sobre o desenvolvimento, o projeto, a engenharia, a fabrica\u00e7\u00e3o, os testes e a qualifica\u00e7\u00e3o.<\/p>\r\n<h2>Produtos submarinos e topside<\/h2>\r\n<h2>Qualifica\u00e7\u00e3o e teste de produtos<\/h2>\r\n<p>Nossas v\u00e1lvulas s\u00e3o desenvolvidas com foco absoluto em seguran\u00e7a, qualidade e confiabilidade. Nossos sistemas robustos de produ\u00e7\u00e3o, teste e qualifica\u00e7\u00e3o garantem que forne\u00e7amos as solu\u00e7\u00f5es de controle de que voc\u00ea precisa e as apoiamos com total rastreabilidade do produto.<br \/>Usamos equipamentos de teste de \u00faltima gera\u00e7\u00e3o para realizar os testes de qualifica\u00e7\u00e3o e os testes de aceita\u00e7\u00e3o de f\u00e1brica (FAT) necess\u00e1rios para atender aos rigorosos padr\u00f5es do mercado internacional. Deixe que nossa equipe qualifique seu produto e garanta que ele esteja pronto para o mercado. <a href=\"https:\/\/www.oceaneering.com\/pt\/global-component-and-product-testing-and-qualification-capabilities\/\" target=\"_self\" rel=\"noopener\"> Saiba mais <\/a> Entre em contato conosco<\/p>\r\n<h3>Nossa equipe de especialistas est\u00e1 pronta para ajud\u00e1-lo a come\u00e7ar.<\/h3>\r\n<p>A Oceaneering oferece os melhores produtos e solu\u00e7\u00f5es da categoria, respaldados por qualidade, confiabilidade e suporte global inigual\u00e1veis. Preencha o formul\u00e1rio de consulta para iniciar uma conversa hoje mesmo.<\/p>\r\n<p>\"*\" indica campos obrigat\u00f3rios<\/p>\r\n<form id=\"gform_4\" action=\"\/pt\/?page_id=61105&#038;fl_builder#gf_4\" enctype=\"multipart\/form-data\" method=\"post\" target=\"gform_ajax_frame_4\" data-formid=\"4\" data-trp-original-action=\"\/?page_id=61105&amp;fl_builder#gf_4\"><fieldset id=\"field_4_1\" data-js-reload=\"field_4_1\"><legend class=\"gfield_label gform-field-label gfield_label_before_complex\">Nome*<\/legend> <input id=\"input_4_1_3\" tabindex=\"201\" name=\"input_1.3\" type=\"text\" value=\"\" aria-required=\"true\" \/> <label class=\"gform-field-label gform-field-label--type-sub\" for=\"input_4_1_3\">Primeiro<\/label> <input id=\"input_4_1_6\" tabindex=\"203\" name=\"input_1.6\" type=\"text\" value=\"\" aria-required=\"true\" \/> <label class=\"gform-field-label gform-field-label--type-sub\" for=\"input_4_1_6\">\u00daltimo<\/label><\/fieldset><label class=\"gfield_label gform-field-label\" for=\"input_4_4\">Telefone*<\/label><input id=\"input_4_4\" class=\"large\" tabindex=\"205\" name=\"input_4\" type=\"text\" value=\"\" aria-required=\"true\" aria-invalid=\"false\" \/><label class=\"gfield_label gform-field-label\" for=\"input_4_3\">E-mail*<\/label> <input id=\"input_4_3\" class=\"large\" tabindex=\"206\" name=\"input_3\" type=\"text\" value=\"\" aria-required=\"true\" aria-invalid=\"false\" \/> <label class=\"gfield_label gform-field-label\" for=\"input_4_5\">Outro<\/label><select id=\"input_4_5\" class=\"large gfield_select\" tabindex=\"207\" name=\"input_5\" aria-invalid=\"false\">\r\n<option class=\"gf_placeholder\" selected=\"selected\" value=\"\">Selecione uma<\/option>\r\n<option value=\"First Choice\">Primeira escolha<\/option>\r\n<option value=\"Second Choice\">Segunda op\u00e7\u00e3o<\/option>\r\n<option value=\"Third Choice\">Terceira op\u00e7\u00e3o<\/option>\r\n<\/select><label class=\"gfield_label gform-field-label\" for=\"input_4_6\">Outro<\/label><select id=\"input_4_6\" class=\"large gfield_select\" tabindex=\"208\" name=\"input_6\" aria-invalid=\"false\">\r\n<option class=\"gf_placeholder\" selected=\"selected\" value=\"\">Selecione uma<\/option>\r\n<option value=\"First Choice\">Primeira escolha<\/option>\r\n<option value=\"Second Choice\">Segunda op\u00e7\u00e3o<\/option>\r\n<option value=\"Third Choice\">Terceira op\u00e7\u00e3o<\/option>\r\n<\/select><label class=\"gfield_label gform-field-label\" for=\"input_4_7\">Outro<\/label><input id=\"input_4_7\" class=\"large\" tabindex=\"209\" name=\"input_7\" type=\"text\" value=\"\" aria-invalid=\"false\" \/> <label class=\"gfield_label gform-field-label\" for=\"input_4_8\">Outro<\/label><input id=\"input_4_8\" class=\"large\" tabindex=\"210\" name=\"input_8\" type=\"text\" value=\"\" aria-invalid=\"false\" \/>\r\n<p>Lorem ipsum dolor sit amet, consetetur sadipscing elitr, sed diam nonumy eirmod tempor invidunt ut labore et dolore magna aliquyam erat voluptua.<\/p>\r\n<input id=\"gform_submit_button_4\" class=\"gform_button button\" tabindex=\"211\" type=\"submit\" value=\"Solicite uma cota\u00e7\u00e3o\" \/> <input name=\"gform_ajax\" type=\"hidden\" value=\"form_id=4&amp;title=&amp;description=&amp;tabindex=200\" \/> <input class=\"gform_hidden\" name=\"is_submit_4\" type=\"hidden\" value=\"1\" \/> <input class=\"gform_hidden\" name=\"gform_submit\" type=\"hidden\" value=\"4\" \/> <input class=\"gform_hidden\" name=\"gform_unique_id\" type=\"hidden\" value=\"\" \/> <input class=\"gform_hidden\" name=\"state_4\" type=\"hidden\" value=\"WyJ7XCI1XCI6W1wiZGYzN2E2ZTliYzJkYTVlMjU5ZDBmNDMwMTdlYjVhMGVcIixcImZhNGEwM2ZkMGU0YmYxOGMzYzM3NDhmYWZmMGIzYmJkXCIsXCIxMTAzYTVhMmJlZjQ3NWI5MjRhMmZmYTMyYTNhNzM1N1wiXSxcIjZcIjpbXCJkZjM3YTZlOWJjMmRhNWUyNTlkMGY0MzAxN2ViNWEwZVwiLFwiZmE0YTAzZmQwZTRiZjE4YzNjMzc0OGZhZmYwYjNiYmRcIixcIjExMDNhNWEyYmVmNDc1YjkyNGEyZmZhMzJhM2E3MzU3XCJdfSIsImExMTE4N2U4YmFkMGY5NmE2ZTIxYTQxYTMyMDZjM2E4Il0=\" \/> <input id=\"gform_target_page_number_4\" class=\"gform_hidden\" name=\"gform_target_page_number_4\" type=\"hidden\" value=\"0\" \/> <input id=\"gform_source_page_number_4\" class=\"gform_hidden\" name=\"gform_source_page_number_4\" type=\"hidden\" value=\"1\" \/> <input name=\"gform_field_values\" type=\"hidden\" value=\"\" \/>\r\n<p><label>\u0394<textarea cols=\"45\" maxlength=\"100\" name=\"ak_hp_textarea\" rows=\"8\"><\/textarea><\/label><input id=\"ak_js_1\" name=\"ak_js\" type=\"hidden\" value=\"83\" \/><\/p>\r\n<input type=\"hidden\" name=\"trp-form-language\" value=\"pt\"\/><\/form>\r\n<p><iframe id=\"gform_ajax_frame_4\" style=\"display: none; width: 0px; height: 0px;\" title=\"Esse iframe cont\u00e9m a l\u00f3gica necess\u00e1ria para lidar com Gravity Forms acionados por Ajax.\" src=\"about:blank\" name=\"gform_ajax_frame_4\"><\/iframe><\/p>","protected":false},"excerpt":{"rendered":"<p>V\u00e1lvulas Aproveitamos mais de 35 anos de experi\u00eancia em v\u00e1lvulas submarinas e topside para oferecer maior controle e solu\u00e7\u00f5es confi\u00e1veis e comprovadas em campo. Fornecemos produtos superiores mantendo o controle interno sobre o desenvolvimento, o projeto, a engenharia, a fabrica\u00e7\u00e3o, os testes e a qualifica\u00e7\u00e3o. Produtos submarinos e de superf\u00edcie Qualifica\u00e7\u00e3o e teste de produtos Nossas v\u00e1lvulas s\u00e3o desenvolvidas com um foco sem concess\u00f5es em ... <a title=\"V\u00e1lvulas submarinas\" class=\"read-more\" href=\"https:\/\/www.oceaneering.com\/pt\/subsea-valves\/\" aria-label=\"Leia mais sobre V\u00e1lvulas submarinas\">Leia mais<\/a><\/p>","protected":false},"author":20,"featured_media":0,"parent":0,"menu_order":52,"comment_status":"closed","ping_status":"closed","template":"","meta":{"_acf_changed":false,"footnotes":"","_links_to":"","_links_to_target":""},"product_category":[1495],"search_tags":[1806,1807],"class_list":["post-61105","page","type-page","status-publish","product_category-valves-rotator-technologies","search_tags-rotator-technologies","search_tags-subsea-valves"],"acf":[],"aioseo_notices":[],"_links":{"self":[{"href":"https:\/\/www.oceaneering.com\/pt\/wp-json\/wp\/v2\/pages\/61105","targetHints":{"allow":["GET"]}}],"collection":[{"href":"https:\/\/www.oceaneering.com\/pt\/wp-json\/wp\/v2\/pages"}],"about":[{"href":"https:\/\/www.oceaneering.com\/pt\/wp-json\/wp\/v2\/types\/page"}],"author":[{"embeddable":true,"href":"https:\/\/www.oceaneering.com\/pt\/wp-json\/wp\/v2\/users\/20"}],"replies":[{"embeddable":true,"href":"https:\/\/www.oceaneering.com\/pt\/wp-json\/wp\/v2\/comments?post=61105"}],"version-history":[{"count":0,"href":"https:\/\/www.oceaneering.com\/pt\/wp-json\/wp\/v2\/pages\/61105\/revisions"}],"wp:attachment":[{"href":"https:\/\/www.oceaneering.com\/pt\/wp-json\/wp\/v2\/media?parent=61105"}],"wp:term":[{"taxonomy":"product_category","embeddable":true,"href":"https:\/\/www.oceaneering.com\/pt\/wp-json\/wp\/v2\/product_category?post=61105"},{"taxonomy":"search_tags","embeddable":true,"href":"https:\/\/www.oceaneering.com\/pt\/wp-json\/wp\/v2\/search_tags?post=61105"}],"curies":[{"name":"wp","href":"https:\/\/api.w.org\/{rel}","templated":true}]}}