{"id":61091,"date":"2023-11-09T08:22:41","date_gmt":"2023-11-09T13:22:41","guid":{"rendered":"https:\/\/oceaneering.com\/careers\/information-for-job-seekers\/"},"modified":"2026-03-10T09:56:37","modified_gmt":"2026-03-10T14:56:37","slug":"information-for-job-seekers","status":"publish","type":"page","link":"https:\/\/www.oceaneering.com\/pt\/careers\/information-for-job-seekers\/","title":{"rendered":"Informa\u00e7\u00f5es para quem est\u00e1 procurando emprego"},"content":{"rendered":"<a href=\"https:\/\/www.oceaneering.com\/pt\/contact-us\/\" target=\"_self\">\n\t\t\t\t\t\t\tEntre em contato conosco\n\t\t\t\t\t<\/a>\n<h1>\n\t\tInforma\u00e7\u00f5es para quem est\u00e1 procurando emprego\n\t<\/h1>\n<h2>\n\t\tDeclara\u00e7\u00e3o de acomoda\u00e7\u00e3o\n\t<\/h2>\n\t<p>A Oceaneering tem o compromisso de fornecer acesso a todos os indiv\u00edduos que buscam informa\u00e7\u00f5es em nosso site.<\/p>\n\t<p>Se voc\u00ea for um indiv\u00edduo qualificado com defici\u00eancia ou um veterano com defici\u00eancia, poder\u00e1 solicitar uma acomoda\u00e7\u00e3o razo\u00e1vel se n\u00e3o puder ou estiver limitado em sua capacidade de usar ou acessar nosso site em decorr\u00eancia de sua defici\u00eancia. Voc\u00ea pode solicitar acomoda\u00e7\u00f5es razo\u00e1veis ligando para 844.999.6947 ou enviando um e-mail para <a href=\"mailto:jobs-oii@oceaneering.com\" target=\"_blank\" rel=\"noopener\" data-kmt=\"1\">jobs-oii@oceaneering.com<\/a>. Somente as mensagens deixadas para esse fim ser\u00e3o retornadas.<\/p>\n<h2>\n\t\tEmpregador de oportunidades iguais\n\t<\/h2>\n\t<p>Todos os candidatos qualificados ser\u00e3o considerados para todos os cargos, independentemente de ra\u00e7a, cor, idade, religi\u00e3o, sexo (inclusive gravidez), orienta\u00e7\u00e3o sexual, identidade de g\u00eanero, nacionalidade, status de veterano, defici\u00eancia, informa\u00e7\u00f5es gen\u00e9ticas ou outros fatores que n\u00e3o sejam de m\u00e9rito.<\/p>\n<h2>\n\t\tFraudes e golpes de recrutamento\n\t<\/h2>\n\t<p>A Oceaneering International, Inc. e suas subsidi\u00e1rias n\u00e3o cobrar\u00e3o ou solicitar\u00e3o um pagamento ou transfer\u00eancia de dinheiro de qualquer tipo dos candidatos a emprego para contatos de emprego, entrevistas de emprego e coloca\u00e7\u00e3o, ou taxas e documenta\u00e7\u00e3o de imigra\u00e7\u00e3o.<\/p>\n\t<p>Para ajudar no recrutamento, a empresa, de tempos em tempos, pode contratar ag\u00eancias de emprego leg\u00edtimas para assist\u00eancia, sem custo para o candidato. Indiv\u00edduos e sites que usam o nome e o logotipo da Oceaneering onde uma taxa desse tipo \u00e9 solicitada n\u00e3o est\u00e3o autorizados a faz\u00ea-lo e n\u00e3o representam a Oceaneering. Esta pol\u00edtica n\u00e3o inclui cursos de treinamento administrados diretamente pela Oceaneering. Os cursos de treinamento n\u00e3o constituem uma oferta de emprego e n\u00e3o s\u00e3o cobertos por esta pol\u00edtica.<\/p>\n<h2>\n\t\tEmpregador E-Verify\n\t<\/h2>\n\t<p>A Oceaneering International, Inc. participa do E-Verify para candidatos dos EUA. Para obter mais informa\u00e7\u00f5es, consulte os documentos abaixo.<\/p>\n\t<a href=\"https:\/\/oceaneering.canto.com\/direct\/document\/0qsk52403159jbfapqq4ihd236\/1mbjsbed2LWdThDLg78ANrkAZoQ\/original?content-type=application%2Fpdf&amp;name=This-Company-Participates-in-E-Verify.pdf\" target=\"_blank\" rel=\"noopener\">Esta empresa participa do E-Verify<\/a><br \/>\n<a href=\"https:\/\/oceaneering.canto.com\/direct\/document\/ldo1cfvvst4jp0bgjlk21s2t41\/N6JpVNDdvGlzHCfBb4aW26TwqCc\/original?content-type=application%2Fpdf&amp;name=The-Right-to-Work.pdf\" target=\"_blank\" rel=\"noopener\">O direito ao trabalho<\/a><br \/>\n<a href=\"https:\/\/oceaneering.canto.com\/direct\/document\/l683s2q18t5290lb29d8epak10\/rjd2XJOi2wLlROTzb3IxqRLC2Iw\/original?content-type=application%2Fpdf&amp;name=El-Derecho-al-Trabajo.pdf\" target=\"_blank\" rel=\"noopener\">O direito ao trabalho<\/a>\n<h2>\n\t\tAviso de prote\u00e7\u00e3o de dados do candidato\n\t<\/h2>\n\t<p>A Oceaneering fornece este Aviso de Prote\u00e7\u00e3o de Dados do Candidato para explicar nossas pr\u00e1ticas em rela\u00e7\u00e3o \u00e0 coleta, uso e outro processamento de certas informa\u00e7\u00f5es individualmente identific\u00e1veis sobre candidatos a emprego ou outros funcion\u00e1rios em potencial (\"Dados Pessoais\"), em conex\u00e3o com atividades de recrutamento e contrata\u00e7\u00e3o.<\/p>\n\t\t\t<a href=\"https:\/\/oceaneering.canto.com\/direct\/document\/ndf1t7ludp4m95nlhak761lp7f\/GcGSURNM4eo2ymKeY8xhklPeIPk\/original?content-type=application%2Fpdf&#038;name=Applicant+Data+Protection+Notice+%28No+Date%29.pdf\" target=\"_blank\" rel=\"noopener\">\n\t\t\t\t\t\t\tAviso de prote\u00e7\u00e3o de dados do candidato\n\t\t\t\t\t<\/a>","protected":false},"excerpt":{"rendered":"<p>Contact Us Information for Job Seekers Accommodation Statement Oceaneering is committed to providing access to all individuals who are seeking information from our website. If you are a qualified individual with a disability or a disabled veteran, you may request a reasonable accommodation if you are unable or limited in your ability to use or &#8230; <a title=\"Informa\u00e7\u00f5es para quem est\u00e1 procurando emprego\" class=\"read-more\" href=\"https:\/\/www.oceaneering.com\/pt\/careers\/information-for-job-seekers\/\" aria-label=\"Leia mais sobre Informa\u00e7\u00f5es para quem est\u00e1 procurando emprego\">Leia mais<\/a><\/p>","protected":false},"author":20,"featured_media":0,"parent":1148,"menu_order":41,"comment_status":"closed","ping_status":"closed","template":"","meta":{"_acf_changed":false,"footnotes":"","_links_to":"","_links_to_target":""},"product_category":[],"search_tags":[1826],"class_list":["post-61091","page","type-page","status-publish","search_tags-careers"],"acf":[],"aioseo_notices":[],"_links":{"self":[{"href":"https:\/\/www.oceaneering.com\/pt\/wp-json\/wp\/v2\/pages\/61091","targetHints":{"allow":["GET"]}}],"collection":[{"href":"https:\/\/www.oceaneering.com\/pt\/wp-json\/wp\/v2\/pages"}],"about":[{"href":"https:\/\/www.oceaneering.com\/pt\/wp-json\/wp\/v2\/types\/page"}],"author":[{"embeddable":true,"href":"https:\/\/www.oceaneering.com\/pt\/wp-json\/wp\/v2\/users\/20"}],"replies":[{"embeddable":true,"href":"https:\/\/www.oceaneering.com\/pt\/wp-json\/wp\/v2\/comments?post=61091"}],"version-history":[{"count":1,"href":"https:\/\/www.oceaneering.com\/pt\/wp-json\/wp\/v2\/pages\/61091\/revisions"}],"predecessor-version":[{"id":81397,"href":"https:\/\/www.oceaneering.com\/pt\/wp-json\/wp\/v2\/pages\/61091\/revisions\/81397"}],"up":[{"embeddable":true,"href":"https:\/\/www.oceaneering.com\/pt\/wp-json\/wp\/v2\/pages\/1148"}],"wp:attachment":[{"href":"https:\/\/www.oceaneering.com\/pt\/wp-json\/wp\/v2\/media?parent=61091"}],"wp:term":[{"taxonomy":"product_category","embeddable":true,"href":"https:\/\/www.oceaneering.com\/pt\/wp-json\/wp\/v2\/product_category?post=61091"},{"taxonomy":"search_tags","embeddable":true,"href":"https:\/\/www.oceaneering.com\/pt\/wp-json\/wp\/v2\/search_tags?post=61091"}],"curies":[{"name":"wp","href":"https:\/\/api.w.org\/{rel}","templated":true}]}}