{"id":61090,"date":"2023-11-09T08:22:41","date_gmt":"2023-11-09T13:22:41","guid":{"rendered":"https:\/\/oceaneering.com\/careers\/veterans\/"},"modified":"2026-04-06T11:07:08","modified_gmt":"2026-04-06T16:07:08","slug":"veterans","status":"publish","type":"page","link":"https:\/\/www.oceaneering.com\/pt\/careers\/veterans\/","title":{"rendered":"Recrutamento de veteranos"},"content":{"rendered":"<a href=\"https:\/\/www.oceaneering.com\/pt\/contact-us\/\" target=\"_self\">\n\t\t\t\t\t\t\tEntre em contato conosco\n\t\t\t\t\t<\/a>\n<h1>\n\t\tContrata\u00e7\u00e3o de her\u00f3is\n\t<\/h1>\n\t<p>Aproveite sua experi\u00eancia militar em uma carreira na Oceaneering.<\/p>\n\t<p>Cr\u00e9dito da foto: Marinha dos EUA<\/p>\n<h2>\n\t\tForje seu futuro com a Oceaneering\n\t<\/h2>\n\t<p>Na Oceaneering, defendemos os mesmos princ\u00edpios <a href=\"https:\/\/www.oceaneering.com\/pt\/about\/mission-vision-and-values\/\">valores<\/a> que repercutem no pessoal militar: Fazer as coisas direito, resolver problemas complexos, crescer juntos, superar as expectativas e assumir o desafio.<\/p>\n\t\t\t\t<img decoding=\"async\" src=\"https:\/\/oceaneering.com\/wp-content\/uploads\/2023\/11\/maintenance-icon-1.jpg\" alt=\"maintenance-icon-1\" itemprop=\"image\" title=\"\u00edcone de manuten\u00e7\u00e3o-1\" onerror=\"this.style.display='none'\"  \/>\n\t<p>Aqui, suas habilidades treinadas no servi\u00e7o n\u00e3o s\u00e3o apenas reconhecidas, elas s\u00e3o celebradas. Admiramos sua resili\u00eancia, lideran\u00e7a, acuidade na solu\u00e7\u00e3o de problemas e conhecimento t\u00e9cnico, e temos o compromisso de ajud\u00e1-lo a traduzir essas habilidades perfeitamente em nosso espa\u00e7o de trabalho civil.<\/p>\n\t\t\t\t<img decoding=\"async\" src=\"https:\/\/oceaneering.com\/wp-content\/uploads\/2023\/11\/Industry-Leading-icon.png\" alt=\"Industry-Leading-icon\" itemprop=\"image\" title=\"\u00cdcone de l\u00edder do setor\" onerror=\"this.style.display='none'\"  \/>\n\t<p>Imagine trabalhar com um l\u00edder global em servi\u00e7os de tecnologia, lidando com projetos de alto risco em terra, debaixo d'\u00e1gua e at\u00e9 mesmo no espa\u00e7o. Se voc\u00ea se d\u00e1 bem sob press\u00e3o e anseia por um trabalho desafiador, voc\u00ea encontrar\u00e1 satisfa\u00e7\u00e3o na Oceaneering.<\/p>\n\t\t\t\t<img decoding=\"async\" src=\"https:\/\/oceaneering.com\/wp-content\/uploads\/2023\/11\/mobilisation-icon1-1.jpg\" alt=\"mobilisation-icon1-1\" itemprop=\"image\" title=\"mobilisation-icon1-1\" onerror=\"this.style.display='none'\"  \/>\n\t<p>O crescimento profissional n\u00e3o \u00e9 uma reflex\u00e3o tardia aqui - \u00e9 uma prioridade. Alimentamos suas ambi\u00e7\u00f5es e promovemos um ambiente que o incentiva a tomar a iniciativa, aprimorar suas habilidades e ascender para se tornar uma autoridade no setor.<\/p>\n\t\t\t\t<img decoding=\"async\" src=\"https:\/\/oceaneering.com\/wp-content\/uploads\/2023\/11\/Offshore-Projects-icon.png\" alt=\"Offshore-Projects-icon\" itemprop=\"image\" title=\"\u00cdcone de projetos offshore\" onerror=\"this.style.display='none'\"  \/>\n\t<p>A seguran\u00e7a n\u00e3o \u00e9 apenas um item em nossa lista de verifica\u00e7\u00e3o; ela est\u00e1 presente em nossa cultura. Os candidatos militares descobrir\u00e3o que todos na Oceaneering, desde o mais novo recruta at\u00e9 o CEO, contribuem para a melhoria cont\u00ednua de nossos padr\u00f5es de sa\u00fade, seguran\u00e7a e meio ambiente.<\/p>\n<h2>\n\t\tJunte-se a n\u00f3s para resolver o insol\u00favel\n\t<\/h2>\n\n\t\tNa Oceaneering, n\u00f3s n\u00e3o apenas superamos desafios operacionais complexos, mas criamos solu\u00e7\u00f5es que mudam o setor. Defina o rumo de seu futuro conosco. Estamos ansiosos para testemunhar sua jornada. \n\t\n\t\t\t<a href=\"https:\/\/ebfr.fa.us2.oraclecloud.com\/hcmUI\/CandidateExperience\" target=\"_blank\" rel=\"noopener\">\n\t\t\t\t\t\t\tVer empregos dispon\u00edveis\n\t\t\t<\/a>\n<h2>\n\t\tPrograma SkillBridge do DOD\n\t<\/h2>\n\t<p>Como uma organiza\u00e7\u00e3o autorizada do DoD SkillBridge, a Oceaneering trabalha com cada um dos ramos aplic\u00e1veis dos servi\u00e7os militares dos EUA e respectivos comandantes de instala\u00e7\u00e3o para desenvolver programas de treinamento SkillBridge para seu pessoal.<\/p>\n<p>Inicie sua carreira civil antes de deixar o servi\u00e7o militar! A Oceaneering pode oferecer aos membros do servi\u00e7o ativo - com habilidades e experi\u00eancia transfer\u00edveis - oportunidades de est\u00e1gio n\u00e3o remunerado aprovadas para campos de carreira em demanda com alta probabilidade de emprego p\u00f3s-servi\u00e7o. Os est\u00e1gios SkillBridge podem come\u00e7ar somente durante o per\u00edodo de 180 dias do membro do servi\u00e7o antes da separa\u00e7\u00e3o do servi\u00e7o ativo. Os est\u00e1gios exigem aprova\u00e7\u00e3o do comando militar aplic\u00e1vel, ordens oficiais TAD\/TDY sem custo e a conclus\u00e3o bem-sucedida dos requisitos de triagem pr\u00e9-est\u00e1gio da Oceaneering.<\/p>\n<p>Quer ver onde suas habilidades militares se encaixam no mercado de trabalho civil? Visite o site <a href=\"https:\/\/careers.oceaneering.com\/global\/en\/veterans\" target=\"_blank\" rel=\"noopener\">Sele\u00e7\u00e3o de empregos para veteranos<\/a>.<\/p>\n<h1>\n\t\tEntre em contato conosco\n\t<\/h1>\n<h2>\n\t\tNossa equipe de especialistas est\u00e1 pronta para ajud\u00e1-lo a come\u00e7ar.\n\t<\/h2>\n\t<p>A Oceaneering oferece os melhores produtos e solu\u00e7\u00f5es da categoria, respaldados por qualidade, confiabilidade e suporte global inigual\u00e1veis. Preencha o formul\u00e1rio de consulta para iniciar uma conversa hoje mesmo.<\/p>\n                <form method='post' enctype='multipart\/form-data' target='gform_ajax_frame_12' id='gform_12'  action='https:\/\/www.oceaneering.com\/pt\/careers\/veterans\/?fl_builder&#038;fl_builder_ui_iframe#gf_12' data-formid='12' novalidate data-trp-original-action=\"https:\/\/www.oceaneering.com\/careers\/veterans\/?fl_builder&#038;fl_builder_ui_iframe#gf_12\">\n                        <fieldset id=\"field_12_16\"><legend class='gfield_label gform-field-label gfield_label_before_complex'>Nome<\/legend>\n                                                    <input type='text' name='input_16.3' id='input_12_16_3' value='' tabindex='101'  aria-required='false'     \/>\n                                                    <label for='input_12_16_3' class='gform-field-label gform-field-label--type-sub'>Primeiro<\/label>\n                                                    <input type='text' name='input_16.6' id='input_12_16_6' value='' tabindex='103'  aria-required='false'     \/>\n                                                    <label for='input_12_16_6' class='gform-field-label gform-field-label--type-sub'>\u00daltimo<\/label>\n                        <\/fieldset><label class='gfield_label gform-field-label' for='input_12_2'>Classifica\u00e7\u00e3o<\/label><input name='input_2' id='input_12_2' type='text' value='' class='large'   tabindex='105'   aria-invalid=\"false\"   \/><label class='gfield_label gform-field-label' for='input_12_3'>Ramo de servi\u00e7o<\/label><select name='input_3' id='input_12_3' class='large gfield_select' tabindex='106'    aria-invalid=\"false\"><option value='Army'>Ex\u00e9rcito<\/option><option value='Navy'>Marinha<\/option><option value='Air Force'>For\u00e7a A\u00e9rea<\/option><option value='Marines'>Fuzileiros navais<\/option><option value='Coast Guard'>Guarda Costeira<\/option><option value='Space Force'>For\u00e7a Espacial<\/option><\/select><label class='gfield_label gform-field-label' for='input_12_11'>Qual(is) \u00e9(s\u00e3o) sua(s) ocupa\u00e7\u00e3o(\u00f5es) militar(es)?<\/label><input name='input_11' id='input_12_11' type='text' value='' class='large'   tabindex='107'   aria-invalid=\"false\"   \/><label class='gfield_label gform-field-label' for='input_12_4'>Base\/instala\u00e7\u00e3o atual<\/label><input name='input_4' id='input_12_4' type='text' value='' class='large'   tabindex='108'   aria-invalid=\"false\"   \/><label class='gfield_label gform-field-label' for='input_12_12'>Localiza\u00e7\u00e3o atual?<\/label><input name='input_12' id='input_12_12' type='text' value='' class='large'   tabindex='109'   aria-invalid=\"false\"   \/><label class='gfield_label gform-field-label' for='input_12_13'>Localiza\u00e7\u00e3o ap\u00f3s o desligamento do servi\u00e7o ativo, se aplic\u00e1vel?<\/label><input name='input_13' id='input_12_13' type='text' value='' class='large'   tabindex='110'   aria-invalid=\"false\"   \/><label class='gfield_label gform-field-label' for='input_12_6'>Voc\u00ea ainda est\u00e1 na ativa?<\/label><select name='input_6' id='input_12_6' class='large gfield_select' tabindex='111'    aria-invalid=\"false\"><option value='Yes'>Sim<\/option><option value='No'>N\u00e3o<\/option><\/select><label class='gfield_label gform-field-label' for='input_12_15'>Voc\u00ea est\u00e1 dentro do seu \u00faltimo per\u00edodo de 180 dias antes da separa\u00e7\u00e3o do servi\u00e7o ativo?<\/label><select name='input_15' id='input_12_15' class='large gfield_select' tabindex='112'    aria-invalid=\"false\"><option value='Yes'>Sim<\/option><option value='No'>N\u00e3o<\/option><\/select><label class='gfield_label gform-field-label' for='input_12_20'>Data prevista para a separa\u00e7\u00e3o<\/label>\n                            <input name='input_20' id='input_12_20' type='text' value='' class='datepicker gform-datepicker mdy datepicker_with_icon gdatepicker_with_icon' tabindex='113'  placeholder='mm\/dd\/yyyy' aria-describedby=\"input_12_20_date_format\" aria-invalid=\"false\" \/>\n                            MM slash DD slash YYYY\n                        <input type='hidden' id='gforms_calendar_icon_input_12_20' class='gform_hidden' value='https:\/\/www.oceaneering.com\/wp-content\/plugins\/gravityforms\/images\/datepicker\/datepicker.svg'\/><label class='gfield_label gform-field-label' for='input_12_14'>Programa de assist\u00eancia \u00e0 transi\u00e7\u00e3o (TAP) conclu\u00eddo?<\/label><select name='input_14' id='input_12_14' class='large gfield_select' tabindex='114'    aria-invalid=\"false\"><option value='Yes'>Sim<\/option><option value='No'>N\u00e3o<\/option><\/select><label class='gfield_label gform-field-label' for='input_12_19'>Voc\u00ea est\u00e1 entrando em contato para saber mais sobre um est\u00e1gio do DoD SkillBridge com a Oceaneering?<\/label><select name='input_19' id='input_12_19' class='large gfield_select' tabindex='115'    aria-invalid=\"false\"><option value='Yes'>Sim<\/option><option value='No'>N\u00e3o<\/option><\/select><label class='gfield_label gform-field-label' for='input_12_18'>Em caso afirmativo, qual \u00e9 o seu programa espec\u00edfico de interesse no SkillBridge (se conhecido)?<\/label><input name='input_18' id='input_12_18' type='text' value='' class='large'   tabindex='116'   aria-invalid=\"false\"   \/><label class='gfield_label gform-field-label' for='input_12_8'>E-mail<\/label>\n                            <input name='input_8' id='input_12_8' type='email' value='' class='large' tabindex='117'    aria-invalid=\"false\"  \/>\n                        <label class='gfield_label gform-field-label' for='input_12_9'>N\u00famero de telefone<\/label><input name='input_9' id='input_12_9' type='text' value='' class='large'   tabindex='118'   aria-invalid=\"false\"   \/><label class='gfield_label gform-field-label' for='input_12_10'>Pergunta\/Coment\u00e1rio<\/label><textarea name='input_10' id='input_12_10' class='textarea medium' tabindex='119'     aria-invalid=\"false\"   rows='10' cols='50'><\/textarea>\n         <input type='submit' id='gform_submit_button_12' class='gform_button button' onclick='gform.submission.handleButtonClick(this);' data-submission-type='submit' value='Enviar' tabindex='120' \/> <input type='hidden' name='gform_ajax' value='form_id=12&amp;title=&amp;description=&amp;tabindex=100&amp;theme=gravity-theme&amp;styles=[]&amp;hash=3c3f516f4dc550fe74b92ea46adf2c67' \/>\n            <input type='hidden' class='gform_hidden' name='gform_submission_method' data-js='gform_submission_method_12' value='iframe' \/>\n            <input type='hidden' class='gform_hidden' name='gform_theme' data-js='gform_theme_12' id='gform_theme_12' value='gravity-theme' \/>\n            <input type='hidden' class='gform_hidden' name='gform_style_settings' data-js='gform_style_settings_12' id='gform_style_settings_12' value='[]' \/>\n            <input type='hidden' class='gform_hidden' name='is_submit_12' value='1' \/>\n            <input type='hidden' class='gform_hidden' name='gform_submit' value='12' \/>\n            <input type='hidden' class='gform_hidden' name='gform_currency' data-currency='USD' value='5uHmfxL9VTHfr2fMkl\/n\/IYWar\/sfO4vB8URh8Xlkm6L+xXk7F5kQ01Y7da1ZECJZPtfkoUHJi2V0BTD2WjET+pxk3\/xS5ubzPluYjknJFUbWIk=' \/>\n            <input type='hidden' class='gform_hidden' name='gform_unique_id' value='' \/>\n            <input type='hidden' class='gform_hidden' name='state_12' value='WyJbXSIsIjJkODVlNzJiMzI0ZTdlYmRmNTU2ZmFkZWJkYWMzNGU2Il0=' \/>\n            <input type='hidden' autocomplete='off' class='gform_hidden' name='gform_target_page_number_12' id='gform_target_page_number_12' value='0' \/>\n            <input type='hidden' autocomplete='off' class='gform_hidden' name='gform_source_page_number_12' id='gform_source_page_number_12' value='1' \/>\n            <input type='hidden' name='gform_field_values' value='' \/>\n                        <label>\u0394<textarea name=\"ak_hp_textarea\" cols=\"45\" rows=\"8\" maxlength=\"100\"><\/textarea><\/label><input type=\"hidden\" id=\"ak_js_1\" name=\"ak_js\" value=\"40\"\/><input type=\"hidden\" name=\"trp-form-language\" value=\"pt\"\/><\/form>\n\t\t                <iframe style='display:none;width:0px;height:0px;' src='about:blank' name='gform_ajax_frame_12' id='gform_ajax_frame_12' title='Esse iframe cont\u00e9m a l\u00f3gica necess\u00e1ria para lidar com Gravity Forms acionados por Ajax.'><\/iframe>","protected":false},"excerpt":{"rendered":"<p>Contact Us Hiring Heroes Leverage your military experience with a career at Oceaneering. Photo Credit: U.S. Navy Forge Your Future with Oceaneering At Oceaneering, we uphold the same values that resonate with military personnel: Do Things Right, Solve Complex Problems, Grow Together, Outperform Expectations, and Own the Challenge. Here, your service-trained skills aren&#8217;t merely recognized, &#8230; <a title=\"Recrutamento de veteranos\" class=\"read-more\" href=\"https:\/\/www.oceaneering.com\/pt\/careers\/veterans\/\" aria-label=\"Read more about Veterans Recruiting\">Leia mais<\/a><\/p>","protected":false},"author":20,"featured_media":0,"parent":1148,"menu_order":40,"comment_status":"closed","ping_status":"closed","template":"","meta":{"_acf_changed":false,"footnotes":"","_links_to":"","_links_to_target":""},"product_category":[],"search_tags":[1826,1833],"class_list":["post-61090","page","type-page","status-publish","search_tags-careers","search_tags-veterans"],"acf":[],"aioseo_notices":[],"_links":{"self":[{"href":"https:\/\/www.oceaneering.com\/pt\/wp-json\/wp\/v2\/pages\/61090","targetHints":{"allow":["GET"]}}],"collection":[{"href":"https:\/\/www.oceaneering.com\/pt\/wp-json\/wp\/v2\/pages"}],"about":[{"href":"https:\/\/www.oceaneering.com\/pt\/wp-json\/wp\/v2\/types\/page"}],"author":[{"embeddable":true,"href":"https:\/\/www.oceaneering.com\/pt\/wp-json\/wp\/v2\/users\/20"}],"replies":[{"embeddable":true,"href":"https:\/\/www.oceaneering.com\/pt\/wp-json\/wp\/v2\/comments?post=61090"}],"version-history":[{"count":5,"href":"https:\/\/www.oceaneering.com\/pt\/wp-json\/wp\/v2\/pages\/61090\/revisions"}],"predecessor-version":[{"id":81867,"href":"https:\/\/www.oceaneering.com\/pt\/wp-json\/wp\/v2\/pages\/61090\/revisions\/81867"}],"up":[{"embeddable":true,"href":"https:\/\/www.oceaneering.com\/pt\/wp-json\/wp\/v2\/pages\/1148"}],"wp:attachment":[{"href":"https:\/\/www.oceaneering.com\/pt\/wp-json\/wp\/v2\/media?parent=61090"}],"wp:term":[{"taxonomy":"product_category","embeddable":true,"href":"https:\/\/www.oceaneering.com\/pt\/wp-json\/wp\/v2\/product_category?post=61090"},{"taxonomy":"search_tags","embeddable":true,"href":"https:\/\/www.oceaneering.com\/pt\/wp-json\/wp\/v2\/search_tags?post=61090"}],"curies":[{"name":"wp","href":"https:\/\/api.w.org\/{rel}","templated":true}]}}