{"id":61050,"date":"2023-11-09T08:06:16","date_gmt":"2023-11-09T13:06:16","guid":{"rendered":"https:\/\/oceaneering.com\/mission-vision-and-values\/"},"modified":"2024-02-08T05:14:26","modified_gmt":"2024-02-08T10:14:26","slug":"mission-vision-and-values","status":"publish","type":"page","link":"https:\/\/www.oceaneering.com\/pt\/about\/mission-vision-and-values\/","title":{"rendered":"Miss\u00e3o, vis\u00e3o e valores"},"content":{"rendered":"<p><a href=\"https:\/\/www.oceaneering.com\/pt\/about\/#contact\" target=\"_self\" rel=\"noopener\"> Entre em contato conosco <\/a><\/p>\r\n<h1>Nossa miss\u00e3o, vis\u00e3o e valores<\/h1>\r\n<h2>NOSSA MISS\u00c3O<\/h2>\r\n<p><img loading=\"lazy\" decoding=\"async\" title=\"oceaneering_vision_badge (1)\" src=\"https:\/\/oceaneering.com\/wp-content\/uploads\/2023\/11\/oceaneering_vision_badge-1-300x300.png\" alt=\"oceaneering_vision_badge (1)\" width=\"300\" height=\"300\" \/> We Solve the Unsolvable (Resolvemos o insol\u00favel). <img decoding=\"async\" title=\"Haste-MVV-1\" src=\"https:\/\/oceaneering.com\/wp-content\/uploads\/2023\/11\/Rod-MVV-1.jpeg\" alt=\"\" \/> Reproduzir v\u00eddeo<\/p>\r\n<h2>NOSSA VIS\u00c3O<\/h2>\r\n<p>Prosperamos criando solu\u00e7\u00f5es tecnicamente criativas que mudam o setor para os desafios operacionais mais complexos debaixo d'\u00e1gua, em terra e no espa\u00e7o.<\/p>\r\n<h2>NOSSOS VALORES<\/h2>\r\n<p><img loading=\"lazy\" decoding=\"async\" title=\"doThingsRight\" src=\"https:\/\/oceaneering.com\/wp-content\/uploads\/2023\/11\/doThingsRight.png\" alt=\"doThingsRight\" width=\"205\" height=\"205\" \/><\/p>\r\n<h3><strong>Fa\u00e7a as coisas direito<\/strong><\/h3>\r\n<h6>Trabalhamos com seguran\u00e7a e agimos com integridade no melhor interesse de nossos parceiros do setor, funcion\u00e1rios e do meio ambiente.<\/h6>\r\n<p><video src=\"https:\/\/oceaneer.life\/do-things-right\" controls=\"controls\" width=\"300\" height=\"150\"><\/video> <img loading=\"lazy\" decoding=\"async\" title=\"solveComplexProblems\" src=\"https:\/\/oceaneering.com\/wp-content\/uploads\/2023\/11\/solveComplexProblems.png\" alt=\"solveComplexProblems\" width=\"206\" height=\"205\" \/><\/p>\r\n<h3><strong>Resolver problemas complexos<\/strong><\/h3>\r\n<h6>Fornecemos produtos e servi\u00e7os que funcionam por meio da escuta, da experi\u00eancia e da curiosidade.<\/h6>\r\n<p><video controls=\"controls\" width=\"300\" height=\"150\"><br \/><source src=\"https:\/\/oceaneer.life\/solve-complex-problems\" type=\"video\/mp4\" \/><br \/><\/video><br \/><br \/><img loading=\"lazy\" decoding=\"async\" title=\"growTogether\" src=\"https:\/\/oceaneering.com\/wp-content\/uploads\/2023\/11\/growTogether.png\" alt=\"growTogether\" width=\"204\" height=\"205\" \/><\/p>\r\n<h3><strong>Crescer juntos<\/strong><\/h3>\r\n<h6>Colaboramos, respeitamos e apoiamos uns aos outros para que possamos atingir nosso potencial m\u00e1ximo.<\/h6>\r\n<p><video controls=\"controls\" width=\"300\" height=\"150\"><br \/><source src=\"https:\/\/oceaneer.life\/grow-together\" type=\"video\/mp4\" \/><br \/><\/video><br \/><br \/><img loading=\"lazy\" decoding=\"async\" title=\"outPerformExpectations\" src=\"https:\/\/oceaneering.com\/wp-content\/uploads\/2023\/11\/outPerformExpectations.png\" alt=\"outPerformExpectations\" width=\"206\" height=\"205\" \/><\/p>\r\n<h3><strong>Superar as expectativas<\/strong><\/h3>\r\n<h6>Trabalhamos com excel\u00eancia para atender nossos clientes e uns aos outros.<\/h6>\r\n<p><video controls=\"controls\" width=\"300\" height=\"150\"><br \/><source src=\"https:\/\/oceaneer.life\/outperform-expectations\" type=\"video\/mp4\" \/><br \/><\/video><br \/><br \/><img loading=\"lazy\" decoding=\"async\" title=\"ownTheChallenge\" src=\"https:\/\/oceaneering.com\/wp-content\/uploads\/2023\/11\/ownTheChallenge.png\" alt=\"ownTheChallenge\" width=\"206\" height=\"205\" \/><\/p>\r\n<h3><strong>Aceite o desafio<\/strong><\/h3>\r\n<h6>N\u00f3s nos responsabilizamos pelas promessas que fazemos e pelo trabalho que realizamos.<\/h6>\r\n<p><video controls=\"controls\" width=\"300\" height=\"150\"><br \/><source src=\"https:\/\/oceaneer.life\/own-the-challenge\" type=\"video\/mp4\" \/><br \/><\/video><br \/><br \/><\/p>\r\n<h1>Entre em contato conosco<\/h1>\r\n<h2>Nossa equipe de especialistas est\u00e1 pronta para ajud\u00e1-lo a come\u00e7ar.<\/h2>\r\n<p>A Oceaneering oferece os melhores produtos e solu\u00e7\u00f5es da categoria, respaldados por qualidade, confiabilidade e suporte global inigual\u00e1veis. Preencha o formul\u00e1rio de consulta para iniciar uma conversa hoje mesmo.<\/p>","protected":false},"excerpt":{"rendered":"<p>Entre em contato conosco Nossa miss\u00e3o, vis\u00e3o e valores NOSSA MISS\u00c3O Resolvemos o insol\u00favel. Reproduzir v\u00eddeo NOSSA VIS\u00c3O Prosperamos criando solu\u00e7\u00f5es tecnicamente criativas que mudam o setor para os desafios operacionais mais complexos debaixo d'\u00e1gua, em terra e no espa\u00e7o. NOSSOS VALORES Fazer as coisas direito Trabalhamos com seguran\u00e7a e agimos com integridade no melhor interesse de ... <a title=\"Miss\u00e3o, vis\u00e3o e valores\" class=\"read-more\" href=\"https:\/\/www.oceaneering.com\/pt\/about\/mission-vision-and-values\/\" aria-label=\"Leia mais sobre Miss\u00e3o, Vis\u00e3o e Valores\">Leia mais<\/a><\/p>","protected":false},"author":20,"featured_media":0,"parent":689,"menu_order":16,"comment_status":"closed","ping_status":"closed","template":"","meta":{"_acf_changed":false,"footnotes":"","_links_to":"","_links_to_target":""},"product_category":[],"search_tags":[1865],"class_list":["post-61050","page","type-page","status-publish","search_tags-about"],"acf":[],"aioseo_notices":[],"_links":{"self":[{"href":"https:\/\/www.oceaneering.com\/pt\/wp-json\/wp\/v2\/pages\/61050","targetHints":{"allow":["GET"]}}],"collection":[{"href":"https:\/\/www.oceaneering.com\/pt\/wp-json\/wp\/v2\/pages"}],"about":[{"href":"https:\/\/www.oceaneering.com\/pt\/wp-json\/wp\/v2\/types\/page"}],"author":[{"embeddable":true,"href":"https:\/\/www.oceaneering.com\/pt\/wp-json\/wp\/v2\/users\/20"}],"replies":[{"embeddable":true,"href":"https:\/\/www.oceaneering.com\/pt\/wp-json\/wp\/v2\/comments?post=61050"}],"version-history":[{"count":0,"href":"https:\/\/www.oceaneering.com\/pt\/wp-json\/wp\/v2\/pages\/61050\/revisions"}],"up":[{"embeddable":true,"href":"https:\/\/www.oceaneering.com\/pt\/wp-json\/wp\/v2\/pages\/689"}],"wp:attachment":[{"href":"https:\/\/www.oceaneering.com\/pt\/wp-json\/wp\/v2\/media?parent=61050"}],"wp:term":[{"taxonomy":"product_category","embeddable":true,"href":"https:\/\/www.oceaneering.com\/pt\/wp-json\/wp\/v2\/product_category?post=61050"},{"taxonomy":"search_tags","embeddable":true,"href":"https:\/\/www.oceaneering.com\/pt\/wp-json\/wp\/v2\/search_tags?post=61050"}],"curies":[{"name":"wp","href":"https:\/\/api.w.org\/{rel}","templated":true}]}}