{"id":60938,"date":"2023-11-08T14:11:35","date_gmt":"2023-11-08T19:11:35","guid":{"rendered":"https:\/\/oceaneering.com\/intervention-tooling\/"},"modified":"2026-01-23T03:43:05","modified_gmt":"2026-01-23T09:43:05","slug":"intervention-tooling","status":"publish","type":"page","link":"https:\/\/www.oceaneering.com\/pt\/intervention-tooling\/","title":{"rendered":"Ferramentas de interven\u00e7\u00e3o"},"content":{"rendered":"<p><a href=\"https:\/\/www.oceaneering.com\/pt\/intervention-tooling\/#contact\" target=\"_self\" rel=\"noopener\"> Discutir um projeto <\/a><\/p>\r\n<h1>Ferramentas de interven\u00e7\u00e3o<\/h1>\r\n<p>Resolvemos desafios de suporte \u00e0 perfura\u00e7\u00e3o, completa\u00e7\u00e3o e instala\u00e7\u00e3o, aprimoramento da produ\u00e7\u00e3o e descomissionamento, desde os mais rotineiros at\u00e9 os mais extremos.<\/p>\r\n<h2>Pronto para saber mais?<\/h2>\r\n<p>Oferecemos pacotes de interven\u00e7\u00e3o em po\u00e7os leves l\u00edderes do setor, ferramentas de ROV, solu\u00e7\u00f5es de garantia de fluxo e equipamentos de descomissionamento.<\/p>\r\n<p><a href=\"#drill-support\" target=\"_self\" rel=\"noopener\"> Suporte de perfura\u00e7\u00e3o <\/a> <a href=\"#completions-installation\" target=\"_self\" rel=\"noopener\"> Complementos e instala\u00e7\u00e3o <\/a> <a href=\"#production-enhancement\" target=\"_self\" rel=\"noopener\"> Aprimoramento da produ\u00e7\u00e3o <\/a> <a href=\"#decommissioning\" target=\"_self\" rel=\"noopener\"> Descomissionamento <\/a><\/p>\r\n<h2>Suporte de perfura\u00e7\u00e3o<\/h2>\r\n<p>Fornecemos uma ampla gama de servi\u00e7os de suporte \u00e0 perfura\u00e7\u00e3o a bordo de embarca\u00e7\u00f5es e bases operacionais em todo o mundo. Nosso portf\u00f3lio, experi\u00eancia e presen\u00e7a nos permitem fornecer servi\u00e7os personalizados de forma r\u00e1pida e econ\u00f4mica.<\/p>\r\n<p><img decoding=\"async\" title=\"Grupo 734\" src=\"https:\/\/oceaneering.com\/wp-content\/uploads\/2023\/10\/Group-734.jpg\" alt=\"Group 734\" \/><\/p>\r\n<h3>Ferramentas de ROV<\/h3>\r\n<p>Oferecemos mais de 4.000 ferramentas de ROV para aluguel para atender \u00e0s suas necessidades espec\u00edficas. Al\u00e9m do nosso neg\u00f3cio de aluguel, tamb\u00e9m mantemos e fazemos a manuten\u00e7\u00e3o de um conjunto de ferramentas de propriedade dos clientes.<\/p>\r\n<p><img decoding=\"async\" title=\"Fio de diamante\" src=\"https:\/\/oceaneering.com\/wp-content\/uploads\/2023\/11\/Diamond-wire.jpeg\" alt=\"Diamond-wire\" \/><\/p>\r\n<h3>Linha de produtos padr\u00e3o<\/h3>\r\n<p>Para clientes que buscam pe\u00e7as do tipo commodity, fabricamos mais de 250 produtos padr\u00e3o, incluindo v\u00e1lvulas, conjuntos, ferramentas de ROV e muito mais. Esses componentes confi\u00e1veis e comprovados est\u00e3o dispon\u00edveis para serem chamados rapidamente, reduzindo o tempo de inatividade.<\/p>\r\n<p><img decoding=\"async\" title=\"BOP-Interven\u00e7\u00e3o\" src=\"https:\/\/oceaneering.com\/wp-content\/uploads\/2023\/11\/BOP-Intervention.jpeg\" alt=\"BOP-Intervention\" \/><\/p>\r\n<h3>Interven\u00e7\u00e3o da BOP<\/h3>\r\n<p>Temos mais de 150 skids e pain\u00e9is de interven\u00e7\u00e3o BOP prontos para serem implantados. Al\u00e9m disso, temos experi\u00eancia em projetar solu\u00e7\u00f5es de interven\u00e7\u00e3o BOP adequadas \u00e0 finalidade para atender a qualquer necessidade de projeto.<\/p>\r\n<p><a href=\"https:\/\/oceaneering.canto.com\/download\/document\/mv54ciqfa560hdolrjmtsdkl14\/original.pdf\" target=\"_blank\" rel=\"noopener\"> BOP Intervention Skid (Gen 1B) <\/a> <a href=\"https:\/\/oceaneering.canto.com\/download\/document\/urk5l4ttud1hd2qvbfkntq4g6e\/original.pdf\" target=\"_blank\" rel=\"noopener\"> BOP Intervention Skid (Gen 2) <\/a> <img decoding=\"async\" title=\"RCTS_layout\" src=\"https:\/\/oceaneering.com\/wp-content\/uploads\/2023\/11\/RCTS_layout.jpeg\" alt=\"RCTS_layout\" \/><\/p>\r\n<h3>Sistema de transporte de corte de ROV (RCTS)<\/h3>\r\n<p>Remova com efici\u00eancia os detritos de corte durante as opera\u00e7\u00f5es de perfura\u00e7\u00e3o com o vers\u00e1til RCTS. Essa solu\u00e7\u00e3o integrada oferece desempenho superior de remo\u00e7\u00e3o de corte e requer menos membros da equipe e menos espa\u00e7o no conv\u00e9s.<\/p>\r\n<p><a href=\"https:\/\/oceaneering.canto.com\/download\/document\/0fb6fi35p9481fh8seuanfob2c\/original.pdf\" target=\"_blank\" rel=\"noopener\"> Sistema de transporte de corte de ROV (RCTS) <\/a> <img decoding=\"async\" title=\"WLR-2\" src=\"https:\/\/oceaneering.com\/wp-content\/uploads\/2023\/11\/WLR-2.jpeg\" alt=\"WLR-2\" \/><\/p>\r\n<h3>Al\u00edvio de carga de cabe\u00e7a de po\u00e7o (WLR)<\/h3>\r\n<p>Reduza a fadiga da cabe\u00e7a do po\u00e7o, aumente a efici\u00eancia e reduza seus custos com nosso sistema Wellhead Load Relief operado por ROV. O WLR usa amarras ajust\u00e1veis para permitir a reconfigura\u00e7\u00e3o eficiente e eliminar a necessidade de interven\u00e7\u00e3o na parte superior durante os saltos do BOP.<\/p>\r\n<p><a href=\"https:\/\/www.oceaneering.com\/pt\/wellhead-load-relief\/\" target=\"_self\" rel=\"noopener\"> Saiba mais <\/a> <img decoding=\"async\" title=\"rov-bift\" src=\"https:\/\/oceaneering.com\/wp-content\/uploads\/2023\/11\/rov-bift.jpeg\" alt=\"rov-bift\" \/><\/p>\r\n<h3>Ferramenta de inspe\u00e7\u00e3o e lavagem de BOP (BIFT)<\/h3>\r\n<p>Economize tempo na plataforma e realize inspe\u00e7\u00f5es visuais internas de 360 graus. O BIFT, leve e implant\u00e1vel por ROV, inspeciona de forma confi\u00e1vel as veda\u00e7\u00f5es internas e realiza a limpeza com jato de alta press\u00e3o sem a necessidade de revolver o BOP.<\/p>\r\n<h2>Complementos e instala\u00e7\u00e3o<\/h2>\r\n<p>Nos \u00faltimos 25 anos, lideramos o setor em servi\u00e7os de sistema de controle de instala\u00e7\u00f5es e conclus\u00f5es, concluindo com sucesso mais de 800 trabalhos dentro do prazo e do or\u00e7amento. Oferecemos solu\u00e7\u00f5es de engenharia e gerenciamento de projetos totalmente integradas.<\/p>\r\n<p><img decoding=\"async\" title=\"IWOCS\" src=\"https:\/\/oceaneering.com\/wp-content\/uploads\/2023\/11\/IWOCS.jpeg\" alt=\"IWOCS\" \/><\/p>\r\n<h3>Sistemas de instala\u00e7\u00e3o, workover e controle (IWOCS)<\/h3>\r\n<p>Trabalhamos em estreita colabora\u00e7\u00e3o com voc\u00ea para fornecer os servi\u00e7os IWOCS mais adequados. Fornecemos o tempo de atividade do 99%, mesmo em \u00e1guas profundas (11.000 p\u00e9s) e sob altas press\u00f5es (15.000 psi). Nossos sistemas podem ser implantados em plataformas e embarca\u00e7\u00f5es para proporcionar flexibilidade inigual\u00e1vel e custo reduzido.<\/p>\r\n<p><a href=\"https:\/\/www.oceaneering.com\/pt\/workover-control-systems\/\" target=\"_self\" rel=\"noopener\"> Saiba mais <\/a> <img decoding=\"async\" title=\"RWOCS\" src=\"https:\/\/oceaneering.com\/wp-content\/uploads\/2023\/11\/RWOCS.jpeg\" alt=\"RWOCS\" \/><\/p>\r\n<h3>Sistemas de controle de workover de ROV (RWOCS)<\/h3>\r\n<p>Possibilitamos a opera\u00e7\u00e3o remota de equipamentos de po\u00e7os submarinos por meio de sistemas de controle e workover de ROVs (RWOCS). Adaptamos nossos sistemas para atender aos seus requisitos operacionais e ao cronograma do projeto.<\/p>\r\n<p><a href=\"https:\/\/www.oceaneering.com\/pt\/workover-control-systems\/rwocs\/\" target=\"_self\" rel=\"noopener\"> Saiba mais <\/a><\/p>\r\n<h2>Aprimoramento da produ\u00e7\u00e3o<\/h2>\r\n<p>Para permitir que voc\u00ea obtenha o maior retorno sobre seus investimentos, fornecemos uma gama de servi\u00e7os destinados a restaurar ou aumentar a produ\u00e7\u00e3o. Nossas tecnologias e embarca\u00e7\u00f5es inovadoras ajudaram a aumentar a produ\u00e7\u00e3o dos clientes em 15 milh\u00f5es de barris.<\/p>\r\n<p><img decoding=\"async\" title=\"FRS\" src=\"https:\/\/oceaneering.com\/wp-content\/uploads\/2023\/11\/FRS.jpeg\" alt=\"FRS\" \/><\/p>\r\n<h3>Garantia de fluxo<\/h3>\r\n<p>At\u00e9 o momento, implementamos dezenas de campanhas de remedia\u00e7\u00e3o de linhas de fluxo usando equipamentos submarinos de separa\u00e7\u00e3o e processamento. Nossa solu\u00e7\u00e3o patenteada de remedia\u00e7\u00e3o de linhas de fluxo e os skids de remedia\u00e7\u00e3o de hidratos restauram a produ\u00e7\u00e3o rapidamente.<\/p>\r\n<p><a href=\"https:\/\/www.oceaneering.com\/pt\/flow-assurance\/\" target=\"_self\" rel=\"noopener\"> Saiba mais <\/a> <img decoding=\"async\" title=\"Interven\u00e7\u00e3o em po\u00e7os de luz\" src=\"https:\/\/oceaneering.com\/wp-content\/uploads\/2023\/11\/Light-well-intervention.jpeg\" alt=\"Light-well-intervention\" \/><\/p>\r\n<h3>Interven\u00e7\u00e3o em po\u00e7os<\/h3>\r\n<p>We introduced the industry&#8217;s first subsea rigless well stimulation system and have completed more than 20 successful campaigns. We also offer riserless light well intervention services with systems rated to 15,000 psi and 20-plus bbl\/min.<\/p>\r\n<p><a href=\"https:\/\/www.oceaneering.com\/pt\/well-intervention\/\" target=\"_self\" rel=\"noopener\"> Saiba mais <\/a> <img decoding=\"async\" title=\"Integridade do duto\" src=\"https:\/\/oceaneering.com\/wp-content\/uploads\/2023\/11\/Pipeline-integrity.jpeg\" alt=\"Pipeline-integrity\" \/><\/p>\r\n<h3>Reparo de tubula\u00e7\u00e3o<\/h3>\r\n<p>Nossa experi\u00eancia l\u00edder do setor e nossas tecnologias exclusivas, incluindo a ferramenta de remo\u00e7\u00e3o de revestimento de tubula\u00e7\u00f5es, nos permitem oferecer servi\u00e7os de inspe\u00e7\u00e3o e avalia\u00e7\u00e3o de tubula\u00e7\u00f5es mais adequados.<\/p>\r\n<p><a href=\"https:\/\/www.oceaneering.com\/pt\/pipeline-repair\/\" target=\"_self\" rel=\"noopener\"> Saiba mais <\/a><\/p>\r\n<h2>Descomissionamento<\/h2>\r\n<p>Planejamos e executamos solu\u00e7\u00f5es econ\u00f4micas que permitem a remo\u00e7\u00e3o segura e eficiente da infraestrutura, como plataformas, condutores, equipamentos submarinos e po\u00e7os. Do primeiro corte \u00e0 remo\u00e7\u00e3o, ajudamos a otimizar todo o processo de descomissionamento.<\/p>\r\n<p><img decoding=\"async\" title=\"Dragagem\" src=\"https:\/\/oceaneering.com\/wp-content\/uploads\/2023\/11\/Dredging.jpeg\" alt=\"Dredging\" \/><\/p>\r\n<h3>Dragagem e corte<\/h3>\r\n<p>Fornecemos solu\u00e7\u00f5es de dragagem flex\u00edveis e adapt\u00e1veis para opera\u00e7\u00f5es com ROVs e mergulhadores. Juntamente com v\u00e1rias solu\u00e7\u00f5es de corte mec\u00e2nico ou abrasivo, projetamos a solu\u00e7\u00e3o mais eficaz para voc\u00ea.<\/p>\r\n<p><img decoding=\"async\" title=\"Descomissionamento do quadrado-RIG\" src=\"https:\/\/oceaneering.com\/wp-content\/uploads\/2023\/11\/Decommissoinging-RIG-square.jpeg\" alt=\"Decommissoinging-RIG-square\" \/><\/p>\r\n<h3>Descomissionamento Topside<\/h3>\r\n<p>Usamos ferramentas mec\u00e2nicas e sistemas de corte por jato de \u00e1gua abrasivo para remover componentes na superf\u00edcie. Nossos servi\u00e7os de topside permitem a remo\u00e7\u00e3o completa de cabe\u00e7as de po\u00e7o, \u00e1rvores e plataformas secas.<\/p>\r\n<p><img decoding=\"async\" title=\"Decom\" src=\"https:\/\/oceaneering.com\/wp-content\/uploads\/2023\/11\/Decom.jpeg\" alt=\"Decom\" \/><\/p>\r\n<h3>Garantia de fluxo<\/h3>\r\n<p>No leito marinho, podemos implantar v\u00e1rias serras, esmerilhadeiras e cortadores para separar umbilicais, risers, tubula\u00e7\u00f5es, jumpers e correntes de amarra\u00e7\u00e3o. Tamb\u00e9m fornecemos servi\u00e7os de limpeza submarina conforme necess\u00e1rio.<\/p>\r\n<p><img decoding=\"async\" title=\"Dragagem\" src=\"https:\/\/oceaneering.com\/wp-content\/uploads\/2023\/11\/Dredging.jpeg\" alt=\"Dredging\" \/><\/p>\r\n<h2>Precisa de algo especializado?<\/h2>\r\n<p>We&#8217;ll build it. Bespoke subsea repair solutions enable operations while maintaining production and system integrity.<\/p>\r\n<h3>Solu\u00e7\u00f5es de engenharia submarina<\/h3>\r\n<p>Desafios complexos exigem solu\u00e7\u00f5es criativas. De ambientes submarinos rotineiros a extremos, a Oceaneering atende aos requisitos mais dif\u00edceis e \u00e0s especifica\u00e7\u00f5es exclusivas de nossos clientes para oferecer solu\u00e7\u00f5es inovadoras que reduzem o custo total de propriedade.<\/p>\r\n<p><a href=\"https:\/\/www.oceaneering.com\/pt\/intervention-tooling\/subsea-engineered-solutions\/\" target=\"_self\" rel=\"noopener\"> Saiba mais <\/a><\/p>\r\n<h2>Pronto para saber mais?<\/h2>\r\n<p>Oferecemos pacotes de interven\u00e7\u00e3o em po\u00e7os leves l\u00edderes do setor, ferramentas de ROV, solu\u00e7\u00f5es de garantia de fluxo e equipamentos de descomissionamento.<\/p>\r\n<p><a href=\"https:\/\/www.oceaneering.com\/pt\/intervention-tooling-search\/\" target=\"_self\" rel=\"noopener\"> Ferramentas de interven\u00e7\u00e3o de pesquisa <\/a><\/p>\r\n<h1>Entre em contato conosco<\/h1>\r\n<h2>Nossa equipe de especialistas est\u00e1 pronta para ajud\u00e1-lo a come\u00e7ar.<\/h2>\r\n<p>A Oceaneering oferece os melhores produtos e solu\u00e7\u00f5es da categoria, respaldados por qualidade, confiabilidade e suporte global inigual\u00e1veis. Preencha o formul\u00e1rio de consulta para iniciar uma conversa hoje mesmo.<\/p>","protected":false},"excerpt":{"rendered":"<p>Discuta um projeto Ferramentas de interven\u00e7\u00e3o Solucionamos desafios de suporte de perfura\u00e7\u00e3o, completa\u00e7\u00e3o e instala\u00e7\u00e3o, aprimoramento da produ\u00e7\u00e3o e descomissionamento - de rotina a extremos. Pronto para saber mais? Oferecemos pacotes de interven\u00e7\u00e3o em po\u00e7os leves l\u00edderes do setor, ferramentas de ROV, solu\u00e7\u00f5es de garantia de fluxo e equipamentos de descomissionamento. Suporte de perfura\u00e7\u00e3o Completa\u00e7\u00f5es e instala\u00e7\u00e3o Aprimoramento da produ\u00e7\u00e3o Descomissionamento Suporte de perfura\u00e7\u00e3o Fornecemos uma ampla gama ... <a title=\"Ferramentas de interven\u00e7\u00e3o\" class=\"read-more\" href=\"https:\/\/www.oceaneering.com\/pt\/intervention-tooling\/\" aria-label=\"Leia mais sobre Ferramentas de Interven\u00e7\u00e3o\">Leia mais<\/a><\/p>","protected":false},"author":7,"featured_media":0,"parent":0,"menu_order":12,"comment_status":"closed","ping_status":"closed","template":"","meta":{"_acf_changed":false,"footnotes":"","_links_to":"","_links_to_target":""},"product_category":[1300],"search_tags":[1715],"class_list":["post-60938","page","type-page","status-publish","product_category-intervention-tooling","search_tags-intervention-tooling"],"acf":[],"aioseo_notices":[],"_links":{"self":[{"href":"https:\/\/www.oceaneering.com\/pt\/wp-json\/wp\/v2\/pages\/60938","targetHints":{"allow":["GET"]}}],"collection":[{"href":"https:\/\/www.oceaneering.com\/pt\/wp-json\/wp\/v2\/pages"}],"about":[{"href":"https:\/\/www.oceaneering.com\/pt\/wp-json\/wp\/v2\/types\/page"}],"author":[{"embeddable":true,"href":"https:\/\/www.oceaneering.com\/pt\/wp-json\/wp\/v2\/users\/7"}],"replies":[{"embeddable":true,"href":"https:\/\/www.oceaneering.com\/pt\/wp-json\/wp\/v2\/comments?post=60938"}],"version-history":[{"count":1,"href":"https:\/\/www.oceaneering.com\/pt\/wp-json\/wp\/v2\/pages\/60938\/revisions"}],"predecessor-version":[{"id":80762,"href":"https:\/\/www.oceaneering.com\/pt\/wp-json\/wp\/v2\/pages\/60938\/revisions\/80762"}],"wp:attachment":[{"href":"https:\/\/www.oceaneering.com\/pt\/wp-json\/wp\/v2\/media?parent=60938"}],"wp:term":[{"taxonomy":"product_category","embeddable":true,"href":"https:\/\/www.oceaneering.com\/pt\/wp-json\/wp\/v2\/product_category?post=60938"},{"taxonomy":"search_tags","embeddable":true,"href":"https:\/\/www.oceaneering.com\/pt\/wp-json\/wp\/v2\/search_tags?post=60938"}],"curies":[{"name":"wp","href":"https:\/\/api.w.org\/{rel}","templated":true}]}}