{"id":60900,"date":"2023-11-08T10:34:12","date_gmt":"2023-11-08T15:34:12","guid":{"rendered":"https:\/\/oceaneering.com\/?page_id=60900"},"modified":"2024-09-11T04:05:26","modified_gmt":"2024-09-11T09:05:26","slug":"rov-services","status":"publish","type":"page","link":"https:\/\/www.oceaneering.com\/pt\/rov-services\/","title":{"rendered":"Ve\u00edculos operados remotamente (ROVs)"},"content":{"rendered":"<a href=\"https:\/\/www.oceaneering.com\/pt\/rov-services\/#contact\" target=\"_self\" rel=\"noopener\">\n\t\t\t\t\t\t\tDiscutir um projeto\n\t\t\t\t\t<\/a>\n\t\tROVs\n<h1>\n\t\tVe\u00edculos operados remotamente (ROVs)\n\t<\/h1>\n\t<p>Operamos a principal frota de ROVs do mundo e somos o principal fornecedor de ROVs para o setor de petr\u00f3leo e g\u00e1s.<\/p>\n<h2>\n\t\tSistemas de ROV\n\t<\/h2>\n\t<p>Somos o maior fabricante e operador mundial de sistemas ROV de classe de trabalho. Nossa frota de ROVs inclui sistemas de classe de trabalho em \u00e1guas profundas e sistemas de busca e resgate em \u00e1guas ultraprofundas.<\/p>\n\t\t\t<a href=\"https:\/\/www.oceaneering.com\/pt\/rov-services\/rov-systems\/\" target=\"_self\" rel=\"noopener\">\n\t\t\t\t\t\t\tSaiba mais\n\t\t\t<\/a>\n<h1>\n\t\tPessoal e treinamento de ROVs\n\t<\/h1>\n\t<p>Por meio do investimento cont\u00ednuo em nossos funcion\u00e1rios, desenvolvemos a melhor for\u00e7a de trabalho de ROV do setor. O Programa de Treinamento em ROV da Oceaneering est\u00e1 em vigor desde 1995 e atende a funcion\u00e1rios em todo o mundo.<\/p>\n\t\t\t<a href=\"https:\/\/www.oceaneering.com\/pt\/rov-services\/rov-personnel-training\/\" target=\"_self\" rel=\"noopener\">\n\t\t\t\t\t\t\tSaiba mais\n\t\t\t<\/a>\n<h2>\n\t\tTecnologia de ROV\n\t<\/h2>\n\t<p>Com a introdu\u00e7\u00e3o de novos recursos baseados em ROVs e o aprimoramento das tecnologias existentes, estamos redefinindo a fun\u00e7\u00e3o dos ROVs nos setores atuais. Ajudamos voc\u00ea a aumentar a efici\u00eancia com o uso de ofertas avan\u00e7adas de pilotagem, comunica\u00e7\u00e3o e ferramentas.<\/p>\n\t\t\t\t<img decoding=\"async\" src=\"https:\/\/oceaneering.com\/wp-content\/uploads\/2023\/11\/satellite-01-120x120-1.png\" alt=\"satellite-01-120x120\" itemprop=\"image\" title=\"sat\u00e9lite-01-120x120\" onerror=\"this.style.display='none'\"  \/>\n<h3>\n\t\tTecnologia de pilotagem remota e controle automatizado\n\t<\/h3>\n\t\t\t\t<img decoding=\"async\" src=\"https:\/\/oceaneering.com\/wp-content\/uploads\/2023\/11\/Video-advanced-01-120x120-1.png\" alt=\"Video-advanced-01-120x120\" itemprop=\"image\" title=\"Video-advanced-01-120x120\" onerror=\"this.style.display='none'\"  \/>\n<h3>\n\t\tTecnologia de visualiza\u00e7\u00e3o avan\u00e7ada\n\t<\/h3>\n\t\t\t\t<img decoding=\"async\" src=\"https:\/\/oceaneering.com\/wp-content\/uploads\/2023\/11\/Atlas-arm-01-120x120-1.png\" alt=\"Atlas-arm-01-120x120\" itemprop=\"image\" title=\"Atlas-bra\u00e7o-01-120x120\" onerror=\"this.style.display='none'\"  \/>\n<h3>\n\t\tManipula\u00e7\u00e3o e controle de bra\u00e7o h\u00edbrido\n\t<\/h3>\n\t\t\t<a href=\"https:\/\/www.oceaneering.com\/pt\/rov-services\/rov-technology\/\" target=\"_self\" rel=\"noopener\">\n\t\t\t\t\t\t\tSaiba mais\n\t\t\t<\/a>\n<h2>\n\t\tAs 10 principais perguntas sobre ROVs\n\t<\/h2>\n\t<p>Como l\u00edder do setor em sistemas de ROV, respondemos a algumas das perguntas mais comuns relacionadas ao uso de ROVs, op\u00e7\u00f5es de treinamento, desafios operacionais e muito mais.<\/p>\n\t\t\t\t\t\t<h5>Como se tornar um piloto de ROV da Oceaneering?<\/h5>\n\t\t\t<p>Contratamos pessoas de diversas origens e complementamos sua experi\u00eancia anterior com treinamento espec\u00edfico para os sistemas de ROV que fabricamos e operamos. Um funcion\u00e1rio rec\u00e9m-contratado sem experi\u00eancia anterior em ROV recebe treinamento completo por meio de nosso programa de treinamento antes de ir para o mar. Procuramos pessoas que tenham treinamento t\u00e9cnico ou experi\u00eancia no setor em alguma disciplina mec\u00e2nica, eletr\u00f4nica ou el\u00e9trica.<\/p>\n\t\t\t\t\t\t<h5>Quantas pessoas comp\u00f5em a equipe de um ROV?<\/h5>\n\t\t\t<p>Uma equipe t\u00edpica de ROV \u00e9 composta por tr\u00eas t\u00e9cnicos: um supervisor, um t\u00e9cnico mec\u00e2nico e um t\u00e9cnico el\u00e9trico. Eles geralmente trabalham em um turno de 12 horas, seguido de 12 horas de folga.<\/p>\n\t\t\t\t\t\t<h5>Onde operamos nossos ROVs?<\/h5>\n\t\t\t<p>Nossos ROVs trabalham principalmente em opera\u00e7\u00f5es de petr\u00f3leo e g\u00e1s offshore em \u00e1guas profundas em todo o mundo.<\/p>\n\t\t\t\t\t\t<h5>Quais s\u00e3o os desafios das opera\u00e7\u00f5es com ROVs?<\/h5>\n\t\t\t<p>A equipe do ROV opera equipamentos altamente t\u00e9cnicos em um local remoto (plataforma ou embarca\u00e7\u00e3o) sob condi\u00e7\u00f5es ambientais ocasionalmente adversas. A equipe executa tarefas que v\u00e3o desde o simples monitoramento por v\u00eddeo at\u00e9 a interface e a inspe\u00e7\u00e3o de ferramentas altamente complexas. O equipamento \u00e9 tecnicamente diversificado e requer amplo conhecimento e treinamento para executar o escopo do trabalho e manter o equipamento operacional.<\/p>\n<p>O trabalho de constru\u00e7\u00e3o e conclus\u00e3o requer conhecimento pr\u00e9vio que vem da experi\u00eancia. Quanto mais remota for a localiza\u00e7\u00e3o, maior ser\u00e1 o n\u00edvel de treinamento e experi\u00eancia necess\u00e1rio para compensar o suporte limitado da cadeia de suprimentos e as comunica\u00e7\u00f5es prec\u00e1rias, que podem cortar o acesso da equipe ao suporte t\u00e9cnico.<\/p>\n\t\t\t\t\t\t<h5>Quantos sistemas ROV de classe de trabalho operamos?<\/h5>\n\t\t\t<p>Em janeiro de 2017, oper\u00e1vamos 279 sistemas ROV de classe de trabalho.<\/p>\n\t\t\t\t\t\t<h5>Qual \u00e9 a parte mais importante de uma opera\u00e7\u00e3o de ROV?<\/h5>\n\t\t\t<p>A tripula\u00e7\u00e3o \u00e9 a parte mais importante. O objetivo do ROV \u00e9 executar uma tarefa - \u00e9 o meio de ir e voltar do local da tarefa. O piloto pilota o ROV e opera o manipulador e\/ou ferramentas especializadas para concluir a tarefa designada.<\/p>\n\t\t\t\t\t\t<h5>Quem projeta nossos ROVs?<\/h5>\n\t\t\t<p>Os projetos de nossos ROVs s\u00e3o baseados no feedback de mais de 2.000 t\u00e9cnicos de ROVs offshore e de nossos muitos clientes. Tamb\u00e9m realizamos an\u00e1lises extensivas de falhas e tempo de reparo.<\/p>\n\t\t\t\t\t\t<h5>Qual \u00e9 a diferen\u00e7a entre uma cartola e uma gaiola?<\/h5>\n\t\t\t<p>Ambos s\u00e3o tipos de sistemas de gerenciamento de cabo (TMSs) e s\u00e3o usados para implantar o ROV da superf\u00edcie at\u00e9 a profundidade de trabalho. Um TMS \u00e9 usado para alimentar o cabo para dentro e para fora quando o ROV atinge a profundidade de trabalho. O TMS tem ilumina\u00e7\u00e3o, um sistema de controle eletr\u00f4nico, c\u00e2meras e um sistema eletro-hidr\u00e1ulico para alimentar o tambor do cabo e travar o ROV durante a implanta\u00e7\u00e3o.<\/p>\n<p>Uma gaiola de entrada lateral pode ser melhor descrita como uma gaiola na qual o ROV \u00e9 estacionado e fixado enquanto \u00e9 levantado e abaixado na coluna d'\u00e1gua. Descobrimos que os sistemas de gaiola de entrada lateral t\u00eam menos tempo de inatividade associado a falhas de cabos e umbilicais do que os sistemas de tophat e proporcionam recupera\u00e7\u00f5es de ROVs desativados mais seguras e f\u00e1ceis. A gaiola de entrada lateral \u00e9 o nosso TMS preferido, e a maioria dos sistemas da Oceaneering \u00e9 desse tipo.<\/p>\n<p>Um tophat fica em cima do ROV e n\u00e3o o envolve como uma gaiola de entrada lateral, permitindo assim a montagem de skids n\u00e3o padronizados abaixo do ROV. Cerca de 25% de nossos sistemas s\u00e3o implantados com tophat.<\/p>\n\t\t\t\t\t\t<h5>Nossos ROVs s\u00e3o diferentes dos ROVs operados por outras empresas?<\/h5>\n\t\t\t<p>Em sua maior parte, os ROVs tendem a ser muito semelhantes. No entanto, a maioria dos nossos ROVs tem redund\u00e2ncias incorporadas, como trens de for\u00e7a eletro-hidr\u00e1ulicos independentes duplos que permitem que o ROV continue trabalhando em caso de falha de um dos trens de for\u00e7a. A maioria dos ROVs concorrentes tem apenas um \u00fanico trem de for\u00e7a eletro-hidr\u00e1ulico.<\/p>\n\t\t\t\t\t\t<h5>H\u00e1 um piloto sentado no ROV para pilot\u00e1-lo?<\/h5>\n\t\t\t<p>N\u00e3o. Um ROV \u00e9 controlado por pilotos na superf\u00edcie por meio de um umbilical e um cabo ou, em alguns casos, remotamente por meio de um link de sat\u00e9lite a longas dist\u00e2ncias.<\/p>\n<h1>\n\t\tEntre em contato conosco\n\t<\/h1>\n<h2>\n\t\tNossa equipe de especialistas est\u00e1 pronta para ajud\u00e1-lo a come\u00e7ar.\n\t<\/h2>\n\t<p>A Oceaneering oferece os melhores produtos e solu\u00e7\u00f5es da categoria, respaldados por qualidade, confiabilidade e suporte global inigual\u00e1veis. Preencha o formul\u00e1rio de consulta para iniciar uma conversa hoje mesmo.<\/p>","protected":false},"excerpt":{"rendered":"<p>Discuta um projeto ROVs Ve\u00edculos operados remotamente (ROVs) Operamos a principal frota de ROVs do mundo e somos o principal fornecedor de ROVs para o setor de petr\u00f3leo e g\u00e1s. Sistemas de ROV Somos o maior fabricante e operador mundial de sistemas de ROV de classe de trabalho. Nossa frota de ROVs inclui sistemas de classe de trabalho em \u00e1guas profundas e sistemas de busca em \u00e1guas ultraprofundas ... <a title=\"Ve\u00edculos operados remotamente (ROVs)\" class=\"read-more\" href=\"https:\/\/www.oceaneering.com\/pt\/rov-services\/\" aria-label=\"Leia mais sobre Ve\u00edculos Operados Remotamente (ROVs)\">Leia mais<\/a><\/p>","protected":false},"author":7,"featured_media":0,"parent":0,"menu_order":0,"comment_status":"closed","ping_status":"closed","template":"","meta":{"_acf_changed":false,"footnotes":"","_links_to":"","_links_to_target":""},"product_category":[1181],"search_tags":[1363],"class_list":["post-60900","page","type-page","status-publish","product_category-remotely-operated-vehicles-rovs","search_tags-rov"],"acf":[],"aioseo_notices":[],"_links":{"self":[{"href":"https:\/\/www.oceaneering.com\/pt\/wp-json\/wp\/v2\/pages\/60900","targetHints":{"allow":["GET"]}}],"collection":[{"href":"https:\/\/www.oceaneering.com\/pt\/wp-json\/wp\/v2\/pages"}],"about":[{"href":"https:\/\/www.oceaneering.com\/pt\/wp-json\/wp\/v2\/types\/page"}],"author":[{"embeddable":true,"href":"https:\/\/www.oceaneering.com\/pt\/wp-json\/wp\/v2\/users\/7"}],"replies":[{"embeddable":true,"href":"https:\/\/www.oceaneering.com\/pt\/wp-json\/wp\/v2\/comments?post=60900"}],"version-history":[{"count":0,"href":"https:\/\/www.oceaneering.com\/pt\/wp-json\/wp\/v2\/pages\/60900\/revisions"}],"wp:attachment":[{"href":"https:\/\/www.oceaneering.com\/pt\/wp-json\/wp\/v2\/media?parent=60900"}],"wp:term":[{"taxonomy":"product_category","embeddable":true,"href":"https:\/\/www.oceaneering.com\/pt\/wp-json\/wp\/v2\/product_category?post=60900"},{"taxonomy":"search_tags","embeddable":true,"href":"https:\/\/www.oceaneering.com\/pt\/wp-json\/wp\/v2\/search_tags?post=60900"}],"curies":[{"name":"wp","href":"https:\/\/api.w.org\/{rel}","templated":true}]}}