{"id":60879,"date":"2023-11-08T09:00:17","date_gmt":"2023-11-08T14:00:17","guid":{"rendered":"https:\/\/oceaneering.com\/?page_id=60879"},"modified":"2025-11-26T07:22:35","modified_gmt":"2025-11-26T13:22:35","slug":"supplier-relations","status":"publish","type":"page","link":"https:\/\/www.oceaneering.com\/pt\/supplier-relations\/","title":{"rendered":"Fornecedores"},"content":{"rendered":"<a href=\"https:\/\/www.oceaneering.com\/pt\/suppliers\/#contact\" target=\"_self\">\n\t\t\t\t\t\t\tConecte-se conosco\n\t\t\t\t\t<\/a>\n<h1>\n\t\tRela\u00e7\u00f5es com fornecedores\n\t<\/h1>\n\t<p>A Oceaneering reconhece que cada etapa de nossa cadeia de suprimentos tem um impacto sobre as pessoas, as comunidades e o planeta. Na Oceaneering, contamos com nossos valiosos fornecedores e outros parceiros para nos ajudar a atender \u00e0s necessidades de nossos clientes todos os dias.<\/p>\n<h2>\n\t\tPortal do fornecedor\n\t<\/h2>\n\n\t\tEsse portal \u00e9 utilizado pelos fornecedores existentes da Oceaneering para conduzir eventos de licita\u00e7\u00e3o, reconhecimento de pedidos, emiss\u00e3o ou pedido de compra, aceita\u00e7\u00e3o de pedidos de compra, envio de faturas e status de pagamento.\n\t\n\t\t\t<a href=\"https:\/\/smart.gep.com\/\" target=\"_blank\" rel=\"noopener\">\n\t\t\t\t\t\t\tLogin no portal do fornecedor\n\t\t\t<\/a>\n\t\t\t<a href=\"https:\/\/oceaneering.canto.com\/direct\/document\/ndi78sf7kl2tv25d1sadrib66l\/jZm1EJeWdOwR8KKWnG2ehHpjrfE\/original?content-type=application%2Fpdf&#038;name=Oceaneering_Portal_Training.pdf\" target=\"_blank\" rel=\"noopener\">\n\t\t\t\t\t\t\tTreinamento no Portal do Fornecedor\n\t\t\t<\/a>\n<h2>\n\t\t\u00c9tica do fornecedor\n\t<\/h2>\n\t<p>Nosso objetivo \u00e9 garantir que nossas rela\u00e7\u00f5es com os fornecedores reflitam e apoiem altos padr\u00f5es \u00e9ticos. Temos o compromisso de trabalhar com nossos fornecedores para promover pr\u00e1ticas respons\u00e1veis em todo o mundo. Nossa inten\u00e7\u00e3o \u00e9 que nossos fornecedores compartilhem nossos valores e nosso compromisso de conduzir os neg\u00f3cios de maneira \u00e9tica, legal e socialmente respons\u00e1vel.<\/p>\n\t\t\t<a href=\"https:\/\/www.oceaneering.com\/pt\/sustainability\/ethics-and-compliance\/\" target=\"_self\">\n\t\t\t\t\t\t\tSaiba mais\n\t\t\t<\/a>\n\t\t\t\t<img decoding=\"async\" src=\"https:\/\/oceaneering.com\/wp-content\/uploads\/2023\/11\/09CW337-1-scaled2-1.jpg\" alt=\"Employees looking at ROV\" itemprop=\"image\" title=\"Funcion\u00e1rios olhando para o ROV\" onerror=\"this.style.display='none'\"  \/>\n\t\t\t\t<img decoding=\"async\" src=\"https:\/\/oceaneering.com\/wp-content\/uploads\/2023\/11\/IMG_1634-edited-1.jpg\" alt=\"IMG_1634-edited (1)\" itemprop=\"image\" title=\"IMG_1634-editado (1)\" onerror=\"this.style.display='none'\"  \/>\n<h2>\n\t\tQualidade do fornecedor\n\t<\/h2>\n\t<p>N\u00f3s nos esfor\u00e7amos para garantir que nossos produtos e servi\u00e7os sejam consistentes e atendam aos altos padr\u00f5es de excel\u00eancia de nossos clientes. Temos o compromisso de trabalhar com nossos fornecedores para promover pr\u00e1ticas respons\u00e1veis em todo o mundo. Nossa inten\u00e7\u00e3o \u00e9 que nossos fornecedores compartilhem nossos valores e nosso compromisso de conduzir os neg\u00f3cios de maneira \u00e9tica, legal e socialmente respons\u00e1vel.<\/p>\n\t\t\t<a href=\"https:\/\/www.oceaneering.com\/pt\/supplier-document-delivery\/#sqdocs\" target=\"_self\">\n\t\t\t\t\t\t\tDocumentos de qualidade do fornecedor\n\t\t\t<\/a>\n<h2>\n\t\tDiversidade de fornecedores\n\t<\/h2>\n\t<p>A Oceaneering International, Inc. (atuando por meio de sua Divis\u00e3o de Solu\u00e7\u00f5es de Mobilidade como Fabricante de Ve\u00edculos de Tr\u00e2nsito), com sede em Houston, Texas, antecipa a licita\u00e7\u00e3o de contratos de ve\u00edculos financiados pela FTA e estabeleceu sua Meta de Empresas de Neg\u00f3cios em Desvantagem (DBE) para o ano fiscal de 2025 de acordo com a Regra 49 CFR Parte 26 do Departamento de Transportes dos EUA (DOT).<\/p>\n<p>A meta geral de DBE da Oceaneering para o ano fiscal de 2025 (de 1\u00ba de outubro de 2024 a 30 de setembro de 2025) \u00e9 de 1,43% do valor total de d\u00f3lares nacionais contratados que gastaremos em contratos assistidos pelo USDOT.<\/p>\n<p>Entre em contato com o DBELO da Oceaneering se tiver alguma d\u00favida ou coment\u00e1rio.<\/p>\n<h2>\n\t\tContato do Oficial de Liga\u00e7\u00e3o DBE\n\t<\/h2>\n\t<p>James Roark<\/p>\nTel: +1 407 429 2749<br \/>\nE-mail: <a href=\"mailto:JRoark@oceaneering.com\">JRoark@oceaneering.com<\/a>\n<h2>\n\t\tOrienta\u00e7\u00e3o e documentos para fornecedores\n\t<\/h2>\n<h4>\n\t\tConformidade\n\t<\/h4>\n\t\t\t<a href=\"https:\/\/oceaneering.canto.com\/download\/document\/l5p2ujhds54itaj4f0ve0rhu35\/original.pdf\" target=\"_blank\" rel=\"noopener\">\n\t\t\t\t\t\t\tPol\u00edtica antissuborno e anticorrup\u00e7\u00e3o\n\t\t\t\t\t<\/a>\n\t\t\t<a href=\"https:\/\/s201.q4cdn.com\/108344635\/files\/doc_downloads\/govdocs\/2023\/10\/Code_of_Conduct_English.pdf\" target=\"_blank\" rel=\"noopener\">\n\t\t\t\t\t\t\tC\u00f3digo de Conduta\n\t\t\t\t\t<\/a>\n\t\t\t<a href=\"https:\/\/oceaneering.canto.com\/download\/document\/a7961ed6u52theen6pial9bq6a\/original.pdf\" target=\"_blank\" rel=\"noopener\">\n\t\t\t\t\t\t\tC\u00f3digo de Conduta do Fornecedor\n\t\t\t\t\t<\/a>\n<h4>\n\t\tRelat\u00f3rios sobre Minerais de Conflito\n\t<\/h4>\n\t\t\t<a href=\"https:\/\/oceaneering.canto.com\/direct\/document\/pk28f8klb10l3a004tqndf231j\/vddXyhw3yJ01ZYrYATqS570Ra6M\/original?content-type=application%2Fpdf&#038;name=Oceaneering-Conflicts-Minerals-Program-Policy.pdf\" target=\"_blank\" rel=\"noopener\">\n\t\t\t\t\t\t\tDeclara\u00e7\u00e3o da Pol\u00edtica de Minerais de Conflito\n\t\t\t\t\t<\/a>\n<h4>\n\t\tNDA do fornecedor\n\t<\/h4>\n\t\t\t<a href=\"https:\/\/oceaneering.canto.com\/direct\/document\/hckf76enk96d13fnoov8nk5m5o\/QSJsA02PhzD30mDynkuTLZGG7bk\/original?content-type=application%2Fvnd.openxmlformats-officedocument.wordprocessingml.document&#038;name=SCM-NDA-001+Rev.+00+-+Vendor+NDA+-+Australia.docx\" target=\"_blank\" rel=\"noopener\">\n\t\t\t\t\t\tAustr\u00e1lia\n\t\t\t\t\t<\/a>\n\t\t\t<a href=\"https:\/\/oceaneering.canto.com\/direct\/document\/0caipv96lt4fhef3b6diei4b06\/Qa0evkWZqzk5yBdEy20h21wqbGA\/original?content-type=application%2Fvnd.openxmlformats-officedocument.wordprocessingml.document&#038;name=SCM-NDA-002+Rev.+00+-+Vendor+NDA+-+Brazil.docx\" target=\"_blank\" rel=\"noopener\">\n\t\t\t\t\t\tBrasil (ingl\u00eas\/portugu\u00eas)\n\t\t\t\t\t<\/a>\n\t\t\t<a href=\"https:\/\/oceaneering.canto.com\/direct\/document\/smov86atv54prf58s1vqoifj6h\/MQotLKxVzqWk6TaH4CpLilvXiHk\/original?content-type=application%2Fvnd.openxmlformats-officedocument.wordprocessingml.document&#038;name=SCM-NDA-003+Rev.+00+-+Vendor+NDA+-+Norway.docx\" target=\"_blank\" rel=\"noopener\">\n\t\t\t\t\t\tNoruega\n\t\t\t\t\t<\/a>\n\t\t\t<a href=\"https:\/\/oceaneering.canto.com\/direct\/document\/debgqmiki17vhbdov096arp523\/zX83Yix6HNuhaLw1oymSuZ0bMsQ\/original?content-type=application%2Fvnd.openxmlformats-officedocument.wordprocessingml.document&#038;name=SCM-NDA-004+Rev.+00+-+Vendor+NDA+-+Singapore.docx\" target=\"_blank\" rel=\"noopener\">\n\t\t\t\t\t\tCingapura\n\t\t\t\t\t<\/a>\n\t\t\t<a href=\"https:\/\/oceaneering.canto.com\/direct\/document\/s6p61a1qtt2cre8bn1d924ol7e\/IDmPha44VKrS6UA1VG2jJnBzodk\/original?content-type=application%2Fvnd.openxmlformats-officedocument.wordprocessingml.document&#038;name=SCM-NDA-005+Rev.+00+-+Vendor+NDA+-+The+Netherlands.docx\" target=\"_blank\" rel=\"noopener\">\n\t\t\t\t\t\tPa\u00edses Baixos\n\t\t\t\t\t<\/a>\n\t\t\t<a href=\"https:\/\/oceaneering.canto.com\/direct\/document\/9j22ga4g3l31j4njho5j2gjc3t\/zWkS49hx7PbNSKzK_bk0EuQ_1iM\/original?content-type=application%2Fvnd.openxmlformats-officedocument.wordprocessingml.document&#038;name=SCM-NDA-006+Rev.+00+-+Vendor+NDA+-+UK%26EH.docx\" target=\"_blank\" rel=\"noopener\">\n\t\t\t\t\t\tReino Unido \/ Hemisf\u00e9rio Oriental\n\t\t\t\t\t<\/a>\n\t\t\t<a href=\"https:\/\/oceaneering.canto.com\/direct\/document\/cdbtgvl5e91qvb16iigkkods2u\/ACzoZf7Tlh6rlvKGBB0Iuy_dhCs\/original?content-type=application%2Fvnd.openxmlformats-officedocument.wordprocessingml.document&#038;name=SCM-NDA-007+Rev.+00+-+Vendor+NDA+-+US%26WH.docx\" target=\"_blank\" rel=\"noopener\">\n\t\t\t\t\t\tEUA\/Canad\u00e1\n\t\t\t\t\t<\/a>\n<h4>\n\t\tTermos e condi\u00e7\u00f5es do pedido de compra\n\t<\/h4>\n\t\t\t<a href=\"https:\/\/oceaneering.canto.com\/direct\/document\/ri4v7c1gkt41ndp30l1rcqs13g\/WWQxitesVC0Ej4zDlUZo6zxlfSk\/original?content-type=application%2Fpdf\" target=\"_blank\" rel=\"noopener\">\n\t\t\t\t\t\t\tAustr\u00e1lia\n\t\t\t\t\t<\/a>\n\t\t\t<a href=\"https:\/\/oceaneering.canto.com\/direct\/document\/0i4l0acbc50aj4kj327h5mpg0m\/aKxnnJcW3HnWMx9atIyLOIrWF6k\/original?content-type=application%2Fpdf\" target=\"_blank\" rel=\"noopener\">\n\t\t\t\t\t\t\tBrasil (ingl\u00eas\/portugu\u00eas)\n\t\t\t\t\t<\/a>\n\t\t\t<a href=\"https:\/\/oceaneering.canto.com\/direct\/document\/qh781c2u3t7db7lp53rb8ck11k\/nZNQdl-bodpkkmmTWQMbb4S0dI8\/original?content-type=application%2Fpdf\" target=\"_blank\" rel=\"noopener\">\n\t\t\t\t\t\t\tNoruega\n\t\t\t\t\t<\/a>\n\t\t\t<a href=\"https:\/\/oceaneering.canto.com\/direct\/document\/bm840h2o7t0917is4hnd9maj6c\/kG7CflViMCGGfwjoTHep7Gx3r94\/original?content-type=application%2Fpdf\" target=\"_blank\" rel=\"noopener\">\n\t\t\t\t\t\t\tCingapura\n\t\t\t\t\t<\/a>\n\t\t\t<a href=\"https:\/\/oceaneering.canto.com\/direct\/document\/qbs94n50lh14l6ohv8b4k02669\/pX_ukFaRWXUpxmZxzrX1VnGNxS4\/original?content-type=application%2Fpdf\" target=\"_blank\" rel=\"noopener\">\n\t\t\t\t\t\t\tHolanda (AGV)\n\t\t\t\t\t<\/a>\n\t\t\t<a href=\"https:\/\/oceaneering.canto.com\/direct\/document\/tbh4f4h6l97dt43re46541d16d\/mRrrkuE3VajUPnOKSgLJ_dPTwwM\/original?content-type=application%2Fpdf\" target=\"_blank\" rel=\"noopener\">\n\t\t\t\t\t\t\tReino Unido \/ Hemisf\u00e9rio Oriental\n\t\t\t\t\t<\/a>\n\t\t\t<a href=\"https:\/\/oceaneering.canto.com\/direct\/document\/3d8397n5ed37v3ei5hmn5cso71\/gk9APrXibu3K3J1XhOGzeQeFDCw\/original?content-type=application%2Fpdf\" target=\"_blank\" rel=\"noopener\">\n\t\t\t\t\t\t\tEUA\/Canad\u00e1\n\t\t\t\t\t<\/a>\n<h4>\n\t\tPortal de upload de documentos do fornecedor\n\t<\/h4>\n\t\t\t<a href=\"https:\/\/oceaneering.sharepoint.com\/:l:\/s\/OSUP\/FLz3DGKlO1FJh44OkRxcGwQByvgG8OsadklzI8ATYOpNiw\" target=\"_blank\" rel=\"noopener\">\n\t\t\t\t\t\t\tPortal de upload de fornecedores da Oceaneering\n\t\t\t\t\t<\/a>\n<h4>\n\t\tDocumento do Portal de Colabora\u00e7\u00e3o do Fornecedor\n\t<\/h4>\n\t\t\t<a href=\"https:\/\/oceaneering.canto.com\/direct\/document\/ndi78sf7kl2tv25d1sadrib66l\/jZm1EJeWdOwR8KKWnG2ehHpjrfE\/original?content-type=application%2Fpdf&#038;name=Oceaneering_Portal_Training.pdf\" target=\"_blank\" rel=\"noopener\">\n\t\t\t\t\t\t\tTreinamento no Portal da Oceaneering\n\t\t\t\t\t<\/a>\n\t\t\t<a href=\"https:\/\/oceaneering.canto.com\/direct\/document\/vtce826ea53k37jhfulbumf00f\/x9LTYh4TduzjO6g4FXgIr2FRP8s\/original?content-type=application%2Fpdf&#038;name=Oceaneering+Invoicing+Instructions-Jan+2023.pdf\" target=\"_blank\" rel=\"noopener\">\n\t\t\t\t\t\t\tInstru\u00e7\u00f5es de faturamento da Oceaneering | Jan 2023\n\t\t\t\t\t<\/a>\n\n\t\tEntre em contato conosco\n\t\n<h2>\n\t\tNossa equipe de especialistas est\u00e1 pronta para ajud\u00e1-lo a come\u00e7ar.\n\t<\/h2>\n\t<p>A Oceaneering oferece os melhores produtos e solu\u00e7\u00f5es da categoria, respaldados por qualidade, confiabilidade e suporte global inigual\u00e1veis. Preencha o formul\u00e1rio de consulta para iniciar uma conversa hoje mesmo.<\/p>","protected":false},"excerpt":{"rendered":"<p>Conecte-se conosco Rela\u00e7\u00f5es com fornecedores A Oceaneering reconhece que cada etapa de nossa cadeia de suprimentos tem um impacto sobre as pessoas, as comunidades e o planeta. Na Oceaneering, contamos com nossos valiosos fornecedores e outros parceiros para nos ajudar a atender \u00e0s necessidades de nossos clientes todos os dias. Portal do Fornecedor Este portal \u00e9 utilizado para que os fornecedores existentes da Oceaneering conduzam ... <a title=\"Fornecedores\" class=\"read-more\" href=\"https:\/\/www.oceaneering.com\/pt\/supplier-relations\/\" aria-label=\"Leia mais sobre Fornecedores\">Leia mais<\/a><\/p>","protected":false},"author":25,"featured_media":0,"parent":0,"menu_order":0,"comment_status":"closed","ping_status":"closed","template":"","meta":{"_acf_changed":false,"footnotes":"","_links_to":"","_links_to_target":""},"product_category":[],"search_tags":[1869],"class_list":["post-60879","page","type-page","status-publish","search_tags-suppliers"],"acf":[],"aioseo_notices":[],"_links":{"self":[{"href":"https:\/\/www.oceaneering.com\/pt\/wp-json\/wp\/v2\/pages\/60879","targetHints":{"allow":["GET"]}}],"collection":[{"href":"https:\/\/www.oceaneering.com\/pt\/wp-json\/wp\/v2\/pages"}],"about":[{"href":"https:\/\/www.oceaneering.com\/pt\/wp-json\/wp\/v2\/types\/page"}],"author":[{"embeddable":true,"href":"https:\/\/www.oceaneering.com\/pt\/wp-json\/wp\/v2\/users\/25"}],"replies":[{"embeddable":true,"href":"https:\/\/www.oceaneering.com\/pt\/wp-json\/wp\/v2\/comments?post=60879"}],"version-history":[{"count":11,"href":"https:\/\/www.oceaneering.com\/pt\/wp-json\/wp\/v2\/pages\/60879\/revisions"}],"predecessor-version":[{"id":80067,"href":"https:\/\/www.oceaneering.com\/pt\/wp-json\/wp\/v2\/pages\/60879\/revisions\/80067"}],"wp:attachment":[{"href":"https:\/\/www.oceaneering.com\/pt\/wp-json\/wp\/v2\/media?parent=60879"}],"wp:term":[{"taxonomy":"product_category","embeddable":true,"href":"https:\/\/www.oceaneering.com\/pt\/wp-json\/wp\/v2\/product_category?post=60879"},{"taxonomy":"search_tags","embeddable":true,"href":"https:\/\/www.oceaneering.com\/pt\/wp-json\/wp\/v2\/search_tags?post=60879"}],"curies":[{"name":"wp","href":"https:\/\/api.w.org\/{rel}","templated":true}]}}