{"id":60839,"date":"2023-11-07T16:44:21","date_gmt":"2023-11-07T21:44:21","guid":{"rendered":"https:\/\/oceaneering.com\/?page_id=60839"},"modified":"2025-05-14T08:47:01","modified_gmt":"2025-05-14T13:47:01","slug":"environmental-sustainability","status":"publish","type":"page","link":"https:\/\/www.oceaneering.com\/pt\/sustainability\/environmental-sustainability\/","title":{"rendered":"Ambiental"},"content":{"rendered":"<a href=\"https:\/\/www.oceaneering.com\/pt\/sustainability\/#contact\" target=\"_self\">\n\t\t\t\t\t\t\tEntre em contato conosco\n\t\t\t\t\t<\/a>\n<h1>\n\t\tOceaneering e o meio ambiente\n\t<\/h1>\n\t<p>Estamos comprometidos com a engenharia de tecnologias avan\u00e7adas que possibilitam um futuro de baixo carbono. Temos processos e solu\u00e7\u00f5es que ajudam a limitar o impacto das atividades operacionais no meio ambiente.<\/p>\n\n\t\tOceaneering is an engineering and technology-focused company that enables safer, efficient and more productive operations for the science and research, aerospace, logistics, renewable energy, and oil and gas sectors.\n\t\n\t\tISO 14001 Certified in 13 Areas\n<h2>\n\t\tSistema de gerenciamento ambiental\n\t<\/h2>\n\t<p>O Sistema de Gest\u00e3o Ambiental (EMS) ISO 14001 \u00e9 uma estrutura sistem\u00e1tica para gerenciar os impactos ambientais imediatos e de longo prazo dos produtos, servi\u00e7os e processos de uma organiza\u00e7\u00e3o. Com a certifica\u00e7\u00e3o ISO 14001, demonstramos que nosso sistema de gerenciamento ambiental atende aos padr\u00f5es ambientais internacionais espec\u00edficos do setor.<\/p>\n\t<ul>\n\t\t\t\t\t<li>\n\t\t\t\tAngola\n\t\t\t<\/li>\n\t\t\t\t\t<li>\n\t\t\t\tAustr\u00e1lia\n\t\t\t<\/li>\n\t\t\t\t\t<li>\n\t\t\t\tBrasil\n\t\t\t<\/li>\n\t\t\t\t\t<li>\n\t\t\t\tCanad\u00e1\n\t\t\t<\/li>\n\t\t\t\t\t<li>\n\t\t\t\tGana\n\t\t\t<\/li>\n\t\t\t\t\t<li>\n\t\t\t\t\u00cdndia\n\t\t\t<\/li>\n\t\t\t\t\t<li>\n\t\t\t\tIndon\u00e9sia\n\t\t\t<\/li>\n\t\t\t\t\t<li>\n\t\t\t\tMal\u00e1sia\n\t\t\t<\/li>\n\t\t\t\t\t<li>\n\t\t\t\tNoruega\n\t\t\t<\/li>\n\t\t\t\t\t<li>\n\t\t\t\tCingapura\n\t\t\t<\/li>\n\t\t\t\t\t<li>\n\t\t\t\tEmirados \u00c1rabes Unidos\n\t\t\t<\/li>\n\t\t\t\t\t<li>\n\t\t\t\tReino Unido\n\t\t\t<\/li>\n\t\t\t\t\t<li>\n\t\t\t\tEstados Unidos\n\t\t\t<\/li>\n\t\t\t<\/ul>\n<h2>\n\t\tObjetivos de Desenvolvimento Sustent\u00e1vel\n\t<\/h2>\n\t<p>A Oceaneering est\u00e1 comprometida, sempre que poss\u00edvel, a apoiar os Objetivos de Desenvolvimento Sustent\u00e1vel das Na\u00e7\u00f5es Unidas, particularmente nos ambientes em que trabalhamos e nos campos de igualdade de g\u00eanero, direitos humanos e educa\u00e7\u00e3o de qualidade.<\/p>\n\t\t\t\t\t\t\t\t<img decoding=\"async\" src=\"https:\/\/oceaneering.com\/wp-content\/uploads\/2023\/11\/Untitled-design-2023-11-07T165314.888.png\" alt=\"3. Good Health and Well-Being\" \/>\n\t\t\t\t\t\t\t\t\t\t\t\t<h5>3. Boa sa\u00fade e bem-estar<\/h5>\n\t\t\t\t\t\t\t\t\t\t\t\t<h5>3. Boa sa\u00fade e bem-estar<\/h5>\n\t\t\t\t\t\t<p>Seja em uma coleta de sangue no Azerbaij\u00e3o, em uma partida de futebol local no Reino Unido, em um jogo de cr\u00edquete na \u00cdndia ou na campanha anual de arrecada\u00e7\u00e3o de fundos para a Caminhada do Cora\u00e7\u00e3o em Houston, beneficiando a Associa\u00e7\u00e3o Americana do Cora\u00e7\u00e3o, os funcion\u00e1rios da Oceaneering est\u00e3o ativamente focados na boa sa\u00fade e no bem-estar.<\/p>\t\t\t\t\t\n\t\t\t\t\t\t\t\t<img decoding=\"async\" src=\"https:\/\/oceaneering.com\/wp-content\/uploads\/2023\/11\/Untitled-design-2023-11-07T165501.648.png\" alt=\"4. Quality Education\" \/>\n\t\t\t\t\t\t\t\t\t\t\t\t<h5>4. Educa\u00e7\u00e3o de qualidade<\/h5>\n\t\t\t\t\t\t\t\t\t\t\t\t<h5>4. Educa\u00e7\u00e3o de qualidade<\/h5>\n\t\t\t\t\t\t<p>Toda crian\u00e7a merece uma educa\u00e7\u00e3o de qualidade. A Oceaneering ap\u00f3ia ativamente programas de ci\u00eancia, tecnologia, engenharia e matem\u00e1tica (STEM) em todo o mundo, incluindo a MATE International ROV Competition, a NASA em Aberdeen e outros eventos e est\u00e1gios.<\/p>\t\t\t\t\t\n\t\t\t\t\t\t\t\t<img decoding=\"async\" src=\"https:\/\/oceaneering.com\/wp-content\/uploads\/2023\/11\/Untitled-design-2023-11-07T165551.029.png\" alt=\"5. Gender Equality\" \/>\n\t\t\t\t\t\t\t\t\t\t\t\t<h5>5. Igualdade de g\u00eanero<\/h5>\n\t\t\t\t\t\t\t\t\t\t\t\t<h5>5. Igualdade de g\u00eanero<\/h5>\n\t\t\t\t\t\t<p>We are committed to ensuring that no modern slavery or human trafficking occurs in our business or supply chain. Our Oceaneering Women&#8217;s Network offers networking and career enrichment opportunities to help women and men achieve their full career potential.<\/p>\t\t\t\t\t\n\t\t\t\t\t\t\t\t<img decoding=\"async\" src=\"https:\/\/oceaneering.com\/wp-content\/uploads\/2023\/11\/Untitled-design-2023-11-07T165809.404.png\" alt=\"7. Affordable and Clean Energy\" \/>\n\t\t\t\t\t\t\t\t\t\t\t\t<h5>7. Energia limpa e acess\u00edvel<\/h5>\n\t\t\t\t\t\t\t\t\t\t\t\t<h5>7. Energia limpa e acess\u00edvel<\/h5>\n\t\t\t\t\t\t<p>Estamos comprometidos com a pesquisa e o desenvolvimento de produtos e servi\u00e7os que permitam aos nossos clientes produzir energia de forma segura, com menos riscos para os seres humanos e para a vida marinha, e criar um custo de propriedade mais baixo.<\/p>\t\t\t\t\t\n\t\t\t\t\t\t\t\t<img decoding=\"async\" src=\"https:\/\/oceaneering.com\/wp-content\/uploads\/2023\/11\/Untitled-design-2023-11-07T165914.298.png\" alt=\"10. Reduced Inequalities\" \/>\n\t\t\t\t\t\t\t\t\t\t\t\t<h5>10. Desigualdades reduzidas<\/h5>\n\t\t\t\t\t\t\t\t\t\t\t\t<h5>10. Desigualdades reduzidas<\/h5>\n\t\t\t\t\t\t<p>Investimos pesadamente nos pa\u00edses em que operamos para oferecer treinamento \u00e0 for\u00e7a de trabalho local, que inclui workshops pr\u00e1ticos, simuladores e outros programas on-line. Tamb\u00e9m estamos comprometidos com a redu\u00e7\u00e3o da diferen\u00e7a salarial entre g\u00eaneros e com a divulga\u00e7\u00e3o do nosso progresso.<\/p>\t\t\t\t\t\n\t\t\t\t\t\t\t\t<img decoding=\"async\" src=\"https:\/\/oceaneering.com\/wp-content\/uploads\/2023\/11\/Untitled-design-2023-11-07T170020.554.png\" alt=\"14. Life Below Water\" \/>\n\t\t\t\t\t\t\t\t\t\t\t\t<h5>14. Vida debaixo d'\u00e1gua<\/h5>\n\t\t\t\t\t\t\t\t\t\t\t\t<h5>14. Vida debaixo d'\u00e1gua<\/h5>\n\t\t\t\t\t\t<p>Temos o compromisso de reduzir a polui\u00e7\u00e3o marinha. Nosso rec\u00e9m-constru\u00eddo MSV Ocean Evolution \u00e9 uma embarca\u00e7\u00e3o de constru\u00e7\u00e3o submarina ecologicamente correta, detentora de um Passaporte Verde, equipada com motores a diesel EPA Tier 4 de baixa emiss\u00e3o. Veja nossas outras tecnologias abaixo.<\/p>\t\t\t\t\t\n<h2>\n\t\tPesquisa e desenvolvimento\n\t<\/h2>\n\t<p>Nossos esfor\u00e7os de pesquisa e desenvolvimento se concentram na introdu\u00e7\u00e3o de tecnologias que melhoram as atividades e a efici\u00eancia do trabalho e, ao mesmo tempo, reduzem o impacto ambiental. Nosso objetivo \u00e9 projetar o futuro de baixo carbono com nossas tecnologias avan\u00e7adas. Para atingir essa meta, estamos trabalhando para avan\u00e7ar nas opera\u00e7\u00f5es remotas, o que reduz as pegadas de carbono ao transferir trabalhadores offshore para centros de controle onshore, o que permite menos riscos, maior colabora\u00e7\u00e3o e respostas mais r\u00e1pidas.<\/p>\n\t\t\t\t<img decoding=\"async\" src=\"https:\/\/oceaneering.com\/wp-content\/uploads\/2023\/11\/Wind-12.jpeg\" alt=\"Wind-12\" itemprop=\"image\" title=\"Vento-12\" onerror=\"this.style.display='none'\"  \/>\n\t<p>Como um parceiro confi\u00e1vel de engenharia submarina, a Oceaneering transferiu seu amplo conhecimento para o <a href=\"https:\/\/www.oceaneering.com\/pt\/renewable-energy-solutions\/offshore-renewables\/\">Renov\u00e1veis offshore<\/a> mercado. A Oceaneering \u00e9 capaz de fornecer servi\u00e7os de desenvolvimento de campo at\u00e9 o descomissionamento, incluindo prepara\u00e7\u00e3o do leito marinho, libera\u00e7\u00e3o de rotas, servi\u00e7os de abertura de valas, pesquisa, instala\u00e7\u00e3o e comissionamento, al\u00e9m de servi\u00e7os de inspe\u00e7\u00e3o, manuten\u00e7\u00e3o e reparo.<\/p>\n\t\t\t\t<img decoding=\"async\" src=\"https:\/\/oceaneering.com\/wp-content\/uploads\/2023\/11\/Mission-support-center-1-e1560973968619.jpeg\" alt=\"OROC in Stavanger, Norway\" itemprop=\"image\" title=\"Mission-support-center-1-e1560973968619\" onerror=\"this.style.display='none'\"  \/>\n\t<p>Nosso <a href=\"https:\/\/www.oceaneering.com\/pt\/rov-services\/rov-technology\/\">Tecnologia de Pilotagem Remota e Controle Automatizado (RPACT)<\/a> diminui os riscos operacionais e ambientais ao reduzir a necessidade de pessoal a bordo e os requisitos de mobiliza\u00e7\u00e3o relacionados.<\/p>\n<p>Nosso <a href=\"https:\/\/www.oceaneering.com\/pt\/rov-services\/rov-technology\/#OROC\">Centro de Opera\u00e7\u00f5es Remotas Onshore<\/a> oferece uma base conveniente em terra para atender representantes de clientes, pilotos de ROV e especialistas no assunto, que est\u00e3o dispon\u00edveis 24 horas por dia, 7 dias por semana, para enfrentar qualquer desafio.<\/p>\n\t\t\t\t<img decoding=\"async\" src=\"https:\/\/oceaneering.com\/wp-content\/uploads\/2023\/11\/190110_EROV_01-1-e1560973762953.jpeg\" alt=\"190110_EROV_01-1-e1560973762953\" itemprop=\"image\" title=\"190110_EROV_01-1-e1560973762953\" onerror=\"this.style.display='none'\"  \/>\n\t<p>Nosso <a href=\"https:\/\/www.oceaneering.com\/pt\/rov-services\/next-generation-subsea-vehicles\/liberty-e-rov\/\" rel=\"noopener\">E-ROV<\/a> O E-ROV (Empowered ROV) \u00e9 um ve\u00edculo de classe de trabalho aut\u00f4nomo, alimentado por bateria, capaz de realizar atividades de inspe\u00e7\u00e3o, manuten\u00e7\u00e3o e reparo, comissionamento e interven\u00e7\u00e3o subaqu\u00e1tica. O E-ROV \u00e9 control\u00e1vel a partir de um de nossos centros de controle em terra, com comunica\u00e7\u00e3o fornecida por uma rede de banda larga 4G\/LTE a partir da boia, eliminando assim a necessidade de uma embarca\u00e7\u00e3o de apoio dedicada.<\/p>\n\t\t\t\t<img decoding=\"async\" src=\"https:\/\/oceaneering.com\/wp-content\/uploads\/2023\/11\/Freedom-Pipe-Inspection-2000px-1-e1560974352748.jpeg\" alt=\"Freedom-Pipe-Inspection-2000px-1-e1560974352748\" itemprop=\"image\" title=\"Freedom-Pipe-Inspection-2000px-1-e1560974352748\" onerror=\"this.style.display='none'\"  \/>\n\t<p><a href=\"https:\/\/www.oceaneering.com\/pt\/rov-services\/next-generation-subsea-vehicles\/freedom-autonomous-underwater-vehicle\/\" rel=\"noopener\">ROV Freedom<\/a> \u00e9 o nosso mais novo ve\u00edculo residente. Ele \u00e9 apoiado por uma esta\u00e7\u00e3o de acoplamento no leito marinho e pode operar nos modos aut\u00f4nomo e com cabo. No modo com cabo, o Freedom pode ser pilotado a partir de nossos centros de controle em terra.<\/p>\n<h2>\n\t\tLideran\u00e7a no setor\n\t<\/h2>\n\t<p>Para ajudar a reduzir o impacto ambiental de nossas opera\u00e7\u00f5es, trabalhamos em conjunto com v\u00e1rias organiza\u00e7\u00f5es para emprestar ajuda e recursos, aumentar a conscientiza\u00e7\u00e3o p\u00fablica e auxiliar em programas educacionais, de pesquisa e de lideran\u00e7a.<\/p>\n\t\t\t\t<img decoding=\"async\" src=\"https:\/\/oceaneering.com\/wp-content\/uploads\/2023\/11\/PESA-Logo-300x88.png\" alt=\"PESA-Logo\" itemprop=\"image\" title=\"Logotipo da PESA\" onerror=\"this.style.display='none'\"  \/>\n\t<p>A Petroleum Equipment &amp; Services Association (PESA) promove a inova\u00e7\u00e3o, a sa\u00fade, a seguran\u00e7a e o meio ambiente, a educa\u00e7\u00e3o, o desenvolvimento da for\u00e7a de trabalho, a seguran\u00e7a energ\u00e9tica e a cria\u00e7\u00e3o de empregos. A Oceaneering apoia a PESA por meio da elei\u00e7\u00e3o de nosso Presidente e CEO Rod Larson como Vice-Presidente do Conselho de Administra\u00e7\u00e3o para o mandato de 2019-2020. Nosso Diretor de Conformidade, Jock Pool, atua como copresidente do Comit\u00ea Ambiental, Social e de Governan\u00e7a da PESA.<\/p>\n<p>Membro desde 2006<\/p>\n\t\t\t\t<img decoding=\"async\" src=\"https:\/\/oceaneering.com\/wp-content\/uploads\/2023\/11\/ocean-exchange-logo-700x227-1-300x97.png\" alt=\"ocean-exchange-logo-700x227\" itemprop=\"image\" title=\"ocean-exchange-logo-700x227\" onerror=\"this.style.display='none'\"  \/>\n\t<p><a href=\"https:\/\/www.oceanexchange.org\/\" target=\"_blank\" rel=\"noopener\">Troca de Oceano<\/a>A Ocean Exchange \u00e9 uma empresa de consultoria e desenvolvimento, uma 501c3 com a \u00fanica miss\u00e3o de ajudar a promover a ado\u00e7\u00e3o de solu\u00e7\u00f5es no campo da sustentabilidade. Ao conectar inovadores e organiza\u00e7\u00f5es, a Ocean Exchange capacita a aplica\u00e7\u00e3o bem-sucedida de solu\u00e7\u00f5es para o bem maior. Um funcion\u00e1rio da Oceaneering atua no Conselho de Governadores desde 2014.<\/p>\n<p>Membro desde 2014<\/p>\n<h1>\n\t\tEntre em contato conosco\n\t<\/h1>\n<h2>\n\t\tNossa equipe de especialistas est\u00e1 pronta para ajud\u00e1-lo a come\u00e7ar.\n\t<\/h2>\n\t<p>A Oceaneering oferece os melhores produtos e solu\u00e7\u00f5es da categoria, respaldados por qualidade, confiabilidade e suporte global inigual\u00e1veis. Preencha o formul\u00e1rio de consulta para iniciar uma conversa hoje mesmo.<\/p>","protected":false},"excerpt":{"rendered":"<p>Contact Us Oceaneering and the Environment We are committed to engineering advanced technologies that enable the low carbon future. We have processes and solutions in place that assist in limiting the impact of operational activities on the environment. Oceaneering is an engineering and technology-focused company that enables safer, efficient and more productive operations for the &#8230; <a title=\"Ambiental\" class=\"read-more\" href=\"https:\/\/www.oceaneering.com\/pt\/sustainability\/environmental-sustainability\/\" aria-label=\"Leia mais sobre Meio Ambiente\">Leia mais<\/a><\/p>","protected":false},"author":13,"featured_media":0,"parent":60494,"menu_order":2,"comment_status":"closed","ping_status":"closed","template":"","meta":{"_acf_changed":false,"footnotes":"","_links_to":"","_links_to_target":""},"product_category":[1859],"search_tags":[1842],"class_list":["post-60839","page","type-page","status-publish","product_category-sustainability","search_tags-sustainability"],"acf":[],"aioseo_notices":[],"_links":{"self":[{"href":"https:\/\/www.oceaneering.com\/pt\/wp-json\/wp\/v2\/pages\/60839","targetHints":{"allow":["GET"]}}],"collection":[{"href":"https:\/\/www.oceaneering.com\/pt\/wp-json\/wp\/v2\/pages"}],"about":[{"href":"https:\/\/www.oceaneering.com\/pt\/wp-json\/wp\/v2\/types\/page"}],"author":[{"embeddable":true,"href":"https:\/\/www.oceaneering.com\/pt\/wp-json\/wp\/v2\/users\/13"}],"replies":[{"embeddable":true,"href":"https:\/\/www.oceaneering.com\/pt\/wp-json\/wp\/v2\/comments?post=60839"}],"version-history":[{"count":0,"href":"https:\/\/www.oceaneering.com\/pt\/wp-json\/wp\/v2\/pages\/60839\/revisions"}],"up":[{"embeddable":true,"href":"https:\/\/www.oceaneering.com\/pt\/wp-json\/wp\/v2\/pages\/60494"}],"wp:attachment":[{"href":"https:\/\/www.oceaneering.com\/pt\/wp-json\/wp\/v2\/media?parent=60839"}],"wp:term":[{"taxonomy":"product_category","embeddable":true,"href":"https:\/\/www.oceaneering.com\/pt\/wp-json\/wp\/v2\/product_category?post=60839"},{"taxonomy":"search_tags","embeddable":true,"href":"https:\/\/www.oceaneering.com\/pt\/wp-json\/wp\/v2\/search_tags?post=60839"}],"curies":[{"name":"wp","href":"https:\/\/api.w.org\/{rel}","templated":true}]}}