{"id":60614,"date":"2023-11-07T15:31:31","date_gmt":"2023-11-07T20:31:31","guid":{"rendered":"https:\/\/oceaneering.com\/?page_id=60614"},"modified":"2024-09-11T05:20:42","modified_gmt":"2024-09-11T10:20:42","slug":"quality-moments","status":"publish","type":"page","link":"https:\/\/www.oceaneering.com\/pt\/sustainability\/health-safety-and-quality-hse\/quality-moments\/","title":{"rendered":"Momentos de qualidade"},"content":{"rendered":"<a href=\"https:\/\/www.oceaneering.com\/pt\/sustainability\/#contact\" target=\"_self\" rel=\"noopener\">\n\t\t\t\t\t\t\tEntre em contato conosco\n\t\t\t\t\t<\/a>\n<h1>\n\t\tMomentos de qualidade\n\t<\/h1>\n\t<p>Na Oceaneering, n\u00f3s nos esfor\u00e7amos para garantir que nossos produtos e servi\u00e7os sejam consistentes e atendam aos altos padr\u00f5es de excel\u00eancia de nossos clientes. Nossa biblioteca de slides de momentos de qualidade est\u00e1 dispon\u00edvel para a considera\u00e7\u00e3o de quest\u00f5es como desperd\u00edcio ou n\u00e3o conformidade - de forma oportuna, clara e breve no in\u00edcio de qualquer reuni\u00e3o.<\/p>\n<h2>\n\t\tUma d\u00e9cada de crescimento\n\t<\/h2>\n\t<p>Saiba mais sobre nossa jornada de qualidade.<\/p>\n\t\t\t<a href=\"https:\/\/oceaneering.canto.com\/direct\/document\/4gl5a2l4m51jh89d4pp7k7837h\/IskK37-Em7PjxU7Kzjb5OA-bZYI\/original?content-type=application%2Fpdf&#038;name=Global-Quality-Day-%28100-years-of-quality%29+%281%29.pdf\" target=\"_blank\" rel=\"noopener\">\n\t\t\t\t\t\t\tDia Global da Qualidade (100 anos de qualidade)\n\t\t\t\t\t<\/a>\n\t\t\t\t<img loading=\"lazy\" decoding=\"async\" src=\"https:\/\/www.oceaneering.com\/wp-content\/uploads\/2024\/02\/Global-Quality-Day-100-years-of-quality-1.jpg\" alt=\"Global-Quality-Day-100-years-of-quality-1\" itemprop=\"image\" height=\"1410\" width=\"2000\" title=\"Global-Quality-Day-100-years-of-quality-1\" onerror=\"this.style.display='none'\"  \/>\n\t\t\t\t<a href=\"https:\/\/oceaneering.com\/wp-content\/uploads\/2023\/11\/Quality_Verifications.pdf\" target=\"_blank\" rel=\"noopener\" itemprop=\"url\">\n\t\t\t\t<img decoding=\"async\" src=\"https:\/\/oceaneering.com\/wp-content\/uploads\/2023\/11\/Quality_Verifications.jpeg\" alt=\"Quality_Verifications\" itemprop=\"image\" title=\"Verifica\u00e7\u00f5es_de_qualidade\" onerror=\"this.style.display='none'\"  \/>\n\t\t\t\t<\/a>\n<h2>\n\t\tMomento de qualidade do m\u00eas\n\t<\/h2>\n\t<p>Fa\u00e7a o download do slide deste m\u00eas para destacar a qualidade de forma oportuna e clara em sua pr\u00f3xima reuni\u00e3o.<\/p>\n\t\t\t<a href=\"https:\/\/oceaneering.com\/wp-content\/uploads\/2023\/11\/Quality_Verifications.pdf\" target=\"_blank\" rel=\"noopener\">\n\t\t\t\t\t\tBaixar PDF\n\t\t\t\t\t<\/a>\n\t\t\t<a href=\"https:\/\/oceaneering.com\/wp-content\/uploads\/2023\/11\/Quality_Verifications.jpeg\" target=\"_blank\" rel=\"noopener\">\n\t\t\t\t\t\tBaixar JPEG\n\t\t\t\t\t<\/a>\n<h2>\n\t\tTodos os momentos de qualidade\n\t<\/h2>\n\t\t\t\t<a href=\"https:\/\/www.oceaneering.com\/wp-content\/uploads\/2023\/11\/Quality_Verifications.pdf\" download>\n\t\t\t\t\t\t<img decoding=\"async\" src=\"https:\/\/www.oceaneering.com\/wp-content\/uploads\/2023\/11\/Quality_Verifications.jpeg\" alt=\"\"\/>\n\t\t\t\t\t\t\t\t\tMomento de qualidade\t\t\t\t\t\t\t\t\n\t\t\t\t\t\t\t\t\t\t\t\t\t\t<h3>Auto-verifica\u00e7\u00f5es dos princ\u00edpios de qualidade<\/h3>\n\t\t\t\t<\/a>\n\t\t\t\t<a href=\"https:\/\/www.oceaneering.com\/wp-content\/uploads\/2023\/11\/Lessons-Learned.pdf\" download>\n\t\t\t\t\t\t<img decoding=\"async\" src=\"https:\/\/www.oceaneering.com\/wp-content\/uploads\/2023\/11\/Lessons-Learned.jpeg\" alt=\"\"\/>\n\t\t\t\t\t\t\t\t\tMomento de qualidade\t\t\t\t\t\t\t\t\n\t\t\t\t\t\t\t\t\t\t\t\t\t\t<h3>Li\u00e7\u00f5es aprendidas<\/h3>\n\t\t\t\t<\/a>\n\t\t\t\t<a href=\"https:\/\/www.oceaneering.com\/wp-content\/uploads\/2023\/11\/QMS-Documentation-Hierarchy.pdf\" download>\n\t\t\t\t\t\t<img decoding=\"async\" src=\"https:\/\/www.oceaneering.com\/wp-content\/uploads\/2023\/11\/QMS-Documentation-Hierarchy.jpeg\" alt=\"\"\/>\n\t\t\t\t\t\t\t\t\tMomento de qualidade\t\t\t\t\t\t\t\t\n\t\t\t\t\t\t\t\t\t\t\t\t\t\t<h3>Hierarquia de documenta\u00e7\u00e3o do SGQ<\/h3>\n\t\t\t\t<\/a>\n\t\t\t\t<a href=\"https:\/\/www.oceaneering.com\/wp-content\/uploads\/2023\/11\/Cost-of-Poor-Quality.pdf\" download>\n\t\t\t\t\t\t<img decoding=\"async\" src=\"https:\/\/www.oceaneering.com\/wp-content\/uploads\/2023\/11\/Cost-of-Poor-Quality.jpeg\" alt=\"\"\/>\n\t\t\t\t\t\t\t\t\tMomento de qualidade\t\t\t\t\t\t\t\t\n\t\t\t\t\t\t\t\t\t\t\t\t\t\t<h3>Custo da m\u00e1 qualidade<\/h3>\n\t\t\t\t<\/a>\n\t\t\t\t<a href=\"https:\/\/www.oceaneering.com\/wp-content\/uploads\/2023\/11\/Nonconformance.pdf\" download>\n\t\t\t\t\t\t<img decoding=\"async\" src=\"https:\/\/www.oceaneering.com\/wp-content\/uploads\/2023\/11\/Nonconformance.jpeg\" alt=\"\"\/>\n\t\t\t\t\t\t\t\t\tMomento de qualidade\t\t\t\t\t\t\t\t\n\t\t\t\t\t\t\t\t\t\t\t\t\t\t<h3>N\u00e3o conformidade<\/h3>\n\t\t\t\t<\/a>\n\t\t\t\t<a href=\"https:\/\/www.oceaneering.com\/wp-content\/uploads\/2023\/11\/Problem-Solving-Techniques.pdf\" download>\n\t\t\t\t\t\t<img decoding=\"async\" src=\"https:\/\/www.oceaneering.com\/wp-content\/uploads\/2023\/11\/Problem-Solving-Techniques.jpeg\" alt=\"\"\/>\n\t\t\t\t\t\t\t\t\tMomento de qualidade\t\t\t\t\t\t\t\t\n\t\t\t\t\t\t\t\t\t\t\t\t\t\t<h3>T\u00e9cnicas de resolu\u00e7\u00e3o de problemas<\/h3>\n\t\t\t\t<\/a>\n\t\t\t\t<a href=\"https:\/\/www.oceaneering.com\/wp-content\/uploads\/2023\/11\/QT-banner-2020.pdf\" download>\n\t\t\t\t\t\t<img decoding=\"async\" src=\"https:\/\/www.oceaneering.com\/wp-content\/uploads\/2023\/11\/QT-banner-2020-scaled.jpeg\" alt=\"\"\/>\n\t\t\t\t\t\t\t\t\tMomento de qualidade\t\t\t\t\t\t\t\t\n\t\t\t\t\t\t\t\t\t\t\t\t\t\t<h3>A jornada da Oceaneering<\/h3>\n\t\t\t\t<\/a>\n\t\t\t\t<a href=\"https:\/\/www.oceaneering.com\/wp-content\/uploads\/2023\/11\/2020-Quality-Tenets.pdf\" download>\n\t\t\t\t\t\t<img decoding=\"async\" src=\"https:\/\/www.oceaneering.com\/wp-content\/uploads\/2023\/11\/2020-Quality-Tenets.jpeg\" alt=\"\"\/>\n\t\t\t\t\t\t\t\t\tMomento de qualidade\t\t\t\t\t\t\t\t\n\t\t\t\t\t\t\t\t\t\t\t\t\t\t<h3>Princ\u00edpios de qualidade de 2020<\/h3>\n\t\t\t\t<\/a>\n\t\t\t\t<a href=\"https:\/\/www.oceaneering.com\/wp-content\/uploads\/2023\/11\/COPQ-Quality-Moment.pdf\" download>\n\t\t\t\t\t\t<img decoding=\"async\" src=\"https:\/\/www.oceaneering.com\/wp-content\/uploads\/2023\/11\/COPQ-Quality-Moment.jpeg\" alt=\"\"\/>\n\t\t\t\t\t\t\t\t\tMomento de qualidade\t\t\t\t\t\t\t\t\n\t\t\t\t\t\t\t\t\t\t\t\t\t\t<h3>Momento de Qualidade COPQ<\/h3>\n\t\t\t\t<\/a>\n\t\t\t\t<a href=\"https:\/\/www.oceaneering.com\/wp-content\/uploads\/2023\/11\/Current-Processes.pdf\" download>\n\t\t\t\t\t\t<img decoding=\"async\" src=\"https:\/\/www.oceaneering.com\/wp-content\/uploads\/2023\/11\/Current-Processes.jpeg\" alt=\"\"\/>\n\t\t\t\t\t\t\t\t\tMomento de qualidade\t\t\t\t\t\t\t\t\n\t\t\t\t\t\t\t\t\t\t\t\t\t\t<h3>Processos atuais<\/h3>\n\t\t\t\t<\/a>\n\t\t\t\t<a href=\"https:\/\/www.oceaneering.com\/wp-content\/uploads\/2023\/11\/Costs-Of-Nonconformance.pdf\" download>\n\t\t\t\t\t\t<img decoding=\"async\" src=\"https:\/\/www.oceaneering.com\/wp-content\/uploads\/2023\/11\/Costs-Of-Nonconformance.jpeg\" alt=\"\"\/>\n\t\t\t\t\t\t\t\t\tMomento de qualidade\t\t\t\t\t\t\t\t\n\t\t\t\t\t\t\t\t\t\t\t\t\t\t<h3>Custos de n\u00e3o conformidade<\/h3>\n\t\t\t\t<\/a>\n\t\t\t\t<a href=\"https:\/\/www.oceaneering.com\/wp-content\/uploads\/2023\/11\/Ways-To-Stay-Focused-At-Work-Through-The-Holidays.pdf\" download>\n\t\t\t\t\t\t<img decoding=\"async\" src=\"https:\/\/www.oceaneering.com\/wp-content\/uploads\/2023\/11\/Ways-To-Stay-Focused-At-Work-Through-The-Holidays.jpeg\" alt=\"\"\/>\n\t\t\t\t\t\t\t\t\tMomento de qualidade\t\t\t\t\t\t\t\t\n\t\t\t\t\t\t\t\t\t\t\t\t\t\t<h3>Maneiras de manter o foco no trabalho durante as festas de fim de ano<\/h3>\n\t\t\t\t<\/a>\n\t\t\t\t<a href=\"https:\/\/www.oceaneering.com\/wp-content\/uploads\/2023\/11\/Eight-Wastes.pdf\" download>\n\t\t\t\t\t\t<img decoding=\"async\" src=\"https:\/\/www.oceaneering.com\/wp-content\/uploads\/2023\/11\/Eight-Wastes.jpeg\" alt=\"\"\/>\n\t\t\t\t\t\t\t\t\tMomento de qualidade\t\t\t\t\t\t\t\t\n\t\t\t\t\t\t\t\t\t\t\t\t\t\t<h3>Oito res\u00edduos<\/h3>\n\t\t\t\t<\/a>\n\t\t\t\t<a href=\"https:\/\/www.oceaneering.com\/wp-content\/uploads\/2023\/11\/Get-to-know-Oceaneering-Quality-Core-Processes.pdf\" download>\n\t\t\t\t\t\t<img decoding=\"async\" src=\"https:\/\/www.oceaneering.com\/wp-content\/uploads\/2023\/11\/Get-to-know-Oceaneering-Quality-Core-Processes.jpeg\" alt=\"\"\/>\n\t\t\t\t\t\t\t\t\tMomento de qualidade\t\t\t\t\t\t\t\t\n\t\t\t\t\t\t\t\t\t\t\t\t\t\t<h3>Conhe\u00e7a os Processos B\u00e1sicos de Qualidade da Oceaneering<\/h3>\n\t\t\t\t<\/a>\n\t\t\t\t<a href=\"https:\/\/www.oceaneering.com\/wp-content\/uploads\/2023\/11\/Supplier-Evaluation-And-Monitoring.pdf\" download>\n\t\t\t\t\t\t<img decoding=\"async\" src=\"https:\/\/www.oceaneering.com\/wp-content\/uploads\/2023\/11\/Supplier-Evaluation-And-Monitoring.jpeg\" alt=\"\"\/>\n\t\t\t\t\t\t\t\t\tMomento de qualidade\t\t\t\t\t\t\t\t\n\t\t\t\t\t\t\t\t\t\t\t\t\t\t<h3>Avalia\u00e7\u00e3o e monitoramento de fornecedores<\/h3>\n\t\t\t\t<\/a>\n\t\t\t\t<a href=\"https:\/\/www.oceaneering.com\/wp-content\/uploads\/2023\/11\/Tips-For-Increasing-Productivity.pdf\" download>\n\t\t\t\t\t\t<img decoding=\"async\" src=\"https:\/\/www.oceaneering.com\/wp-content\/uploads\/2023\/11\/Tips-For-Increasing-Productivity.jpeg\" alt=\"\"\/>\n\t\t\t\t\t\t\t\t\tMomento de qualidade\t\t\t\t\t\t\t\t\n\t\t\t\t\t\t\t\t\t\t\t\t\t\t<h3>Dicas para aumentar a produtividade<\/h3>\n\t\t\t\t<\/a>\n\t\t\t\t<a href=\"https:\/\/www.oceaneering.com\/wp-content\/uploads\/2023\/11\/Focus-On-Quality-Not-Quantity.pdf\" download>\n\t\t\t\t\t\t<img decoding=\"async\" src=\"https:\/\/www.oceaneering.com\/wp-content\/uploads\/2023\/11\/Focus-On-Quality-Not-Quantity.jpeg\" alt=\"\"\/>\n\t\t\t\t\t\t\t\t\tMomento de qualidade\t\t\t\t\t\t\t\t\n\t\t\t\t\t\t\t\t\t\t\t\t\t\t<h3>Foco na qualidade, n\u00e3o na quantidade<\/h3>\n\t\t\t\t<\/a>\n\t\t\t\t<a href=\"https:\/\/www.oceaneering.com\/wp-content\/uploads\/2023\/11\/Collaboration-Challenge.pdf\" download>\n\t\t\t\t\t\t<img decoding=\"async\" src=\"https:\/\/www.oceaneering.com\/wp-content\/uploads\/2023\/11\/Collaboration-Challenge.jpeg\" alt=\"\"\/>\n\t\t\t\t\t\t\t\t\tMomento de qualidade\t\t\t\t\t\t\t\t\n\t\t\t\t\t\t\t\t\t\t\t\t\t\t<h3>Desafio de colabora\u00e7\u00e3o<\/h3>\n\t\t\t\t<\/a>\n\t\t\t\t<a href=\"https:\/\/www.oceaneering.com\/wp-content\/uploads\/2023\/11\/Owning-the-Challenge.pdf\" download>\n\t\t\t\t\t\t<img decoding=\"async\" src=\"https:\/\/www.oceaneering.com\/wp-content\/uploads\/2023\/11\/Owning-the-Challenge.jpeg\" alt=\"\"\/>\n\t\t\t\t\t\t\t\t\tMomento de qualidade\t\t\t\t\t\t\t\t\n\t\t\t\t\t\t\t\t\t\t\t\t\t\t<h3>Assumir o desafio: Responsabilizar-se<\/h3>\n\t\t\t\t<\/a>\n\t\t\t\t<a href=\"https:\/\/www.oceaneering.com\/wp-content\/uploads\/2023\/11\/The-Value-of-Correct-Documentation.pdf\" download>\n\t\t\t\t\t\t<img decoding=\"async\" src=\"https:\/\/www.oceaneering.com\/wp-content\/uploads\/2023\/11\/The-Value-of-Correct-Documentation.jpeg\" alt=\"\"\/>\n\t\t\t\t\t\t\t\t\tMomento de qualidade\t\t\t\t\t\t\t\t\n\t\t\t\t\t\t\t\t\t\t\t\t\t\t<h3>O valor da documenta\u00e7\u00e3o correta<\/h3>\n\t\t\t\t<\/a>\n\t\t\t\t<a href=\"https:\/\/www.oceaneering.com\/wp-content\/uploads\/2023\/11\/Integrated-Management-of-Change.pdf\" download>\n\t\t\t\t\t\t<img decoding=\"async\" src=\"https:\/\/www.oceaneering.com\/wp-content\/uploads\/2023\/11\/Integrated-Management-of-Change.jpeg\" alt=\"\"\/>\n\t\t\t\t\t\t\t\t\tMomento de qualidade\t\t\t\t\t\t\t\t\n\t\t\t\t\t\t\t\t\t\t\t\t\t\t<h3>Gerenciamento integrado de mudan\u00e7as<\/h3>\n\t\t\t\t<\/a>\n<h1>\n\t\tEntre em contato conosco\n\t<\/h1>\n<h2>\n\t\tNossa equipe de especialistas est\u00e1 pronta para ajud\u00e1-lo a come\u00e7ar.\n\t<\/h2>\n\t<p>A Oceaneering oferece os melhores produtos e solu\u00e7\u00f5es da categoria, respaldados por qualidade, confiabilidade e suporte global inigual\u00e1veis. Preencha o formul\u00e1rio de consulta para iniciar uma conversa hoje mesmo.<\/p>","protected":false},"excerpt":{"rendered":"<p>Entre em contato conosco Momentos de qualidade Na Oceaneering, n\u00f3s nos esfor\u00e7amos para garantir que nossos produtos e servi\u00e7os sejam consistentes e atendam aos altos padr\u00f5es de excel\u00eancia de nossos clientes. Nossa biblioteca de slides de momentos de qualidade est\u00e1 dispon\u00edvel para a considera\u00e7\u00e3o de quest\u00f5es como desperd\u00edcio ou n\u00e3o conformidade - de forma oportuna, clara e breve no in\u00edcio de qualquer ... <a title=\"Momentos de qualidade\" class=\"read-more\" href=\"https:\/\/www.oceaneering.com\/pt\/sustainability\/health-safety-and-quality-hse\/quality-moments\/\" aria-label=\"Leia mais sobre Quality Moments\">Leia mais<\/a><\/p>","protected":false},"author":13,"featured_media":0,"parent":60546,"menu_order":2,"comment_status":"closed","ping_status":"closed","template":"","meta":{"_acf_changed":false,"footnotes":"","_links_to":"","_links_to_target":""},"product_category":[1859],"search_tags":[1840,1813,1838],"class_list":["post-60614","page","type-page","status-publish","product_category-sustainability","search_tags-health-safety-security-environment-and-quality","search_tags-news-and-media","search_tags-quality-moments"],"acf":[],"aioseo_notices":[],"_links":{"self":[{"href":"https:\/\/www.oceaneering.com\/pt\/wp-json\/wp\/v2\/pages\/60614","targetHints":{"allow":["GET"]}}],"collection":[{"href":"https:\/\/www.oceaneering.com\/pt\/wp-json\/wp\/v2\/pages"}],"about":[{"href":"https:\/\/www.oceaneering.com\/pt\/wp-json\/wp\/v2\/types\/page"}],"author":[{"embeddable":true,"href":"https:\/\/www.oceaneering.com\/pt\/wp-json\/wp\/v2\/users\/13"}],"replies":[{"embeddable":true,"href":"https:\/\/www.oceaneering.com\/pt\/wp-json\/wp\/v2\/comments?post=60614"}],"version-history":[{"count":0,"href":"https:\/\/www.oceaneering.com\/pt\/wp-json\/wp\/v2\/pages\/60614\/revisions"}],"up":[{"embeddable":true,"href":"https:\/\/www.oceaneering.com\/pt\/wp-json\/wp\/v2\/pages\/60546"}],"wp:attachment":[{"href":"https:\/\/www.oceaneering.com\/pt\/wp-json\/wp\/v2\/media?parent=60614"}],"wp:term":[{"taxonomy":"product_category","embeddable":true,"href":"https:\/\/www.oceaneering.com\/pt\/wp-json\/wp\/v2\/product_category?post=60614"},{"taxonomy":"search_tags","embeddable":true,"href":"https:\/\/www.oceaneering.com\/pt\/wp-json\/wp\/v2\/search_tags?post=60614"}],"curies":[{"name":"wp","href":"https:\/\/api.w.org\/{rel}","templated":true}]}}