{"id":60582,"date":"2023-11-07T13:35:24","date_gmt":"2023-11-07T18:35:24","guid":{"rendered":"https:\/\/oceaneering.com\/?page_id=60582"},"modified":"2026-05-01T17:55:21","modified_gmt":"2026-05-01T22:55:21","slug":"our-safety-culture","status":"publish","type":"page","link":"https:\/\/www.oceaneering.com\/pt\/sustainability\/health-safety-and-quality-hse\/our-safety-culture\/","title":{"rendered":"Nossa cultura de seguran\u00e7a"},"content":{"rendered":"<a href=\"https:\/\/www.oceaneering.com\/pt\/sustainability\/#contact\"  target=\"_self\">\n\t\t\t\t\t\t\tEntre em contato conosco\n\t\t\t\t\t<\/a>\n<h1>\n\t\t\tNossa cultura de seguran\u00e7a\t<\/h1>\n<h2>\n\t\t\tEm 1964, a Oceaneering foi estabelecida como uma prestadora de servi\u00e7os de mergulho. Embora pequena em tamanho, a natureza do trabalho significava que nossa organiza\u00e7\u00e3o enfrentava um n\u00edvel de risco relativamente alto.\t<\/h2>\n\t<p>Sabendo disso, nos propusemos a melhorar n\u00e3o apenas nossas pr\u00f3prias pr\u00e1ticas de sa\u00fade, seguran\u00e7a e meio ambiente (HSE), mas tamb\u00e9m as do setor de mergulho que atendemos. \u00c0 medida que nosso portf\u00f3lio de servi\u00e7os cresceu, continuamos a priorizar e a avan\u00e7ar em nossa abordagem de HSE.<\/p>\n<h2>\n\t\t\tMedi\u00e7\u00e3o do desempenho da seguran\u00e7a\t<\/h2>\n\t<p>Constru\u00edmos uma reputa\u00e7\u00e3o de excelente desempenho em seguran\u00e7a e divulgamos medi\u00e7\u00f5es trimestrais de nosso desempenho em seguran\u00e7a.<\/p>\n<figure itemscope itemtype=\"https:\/\/schema.org\/ImageObject\">\n\t\t\t\t<img decoding=\"async\" src=\"https:\/\/www.oceaneering.com\/wp-content\/uploads\/2026\/05\/Safety-Performance-2026-Q1--e1777676023812.jpg\" alt=\"Safety Performance for Q1 2026\" height=\"1076\" width=\"1908\" title=\"Safety Performance 2026 Q1\" onerror=\"this.style.display='none'\" loading=\"lazy\" \/>\n\t<\/figure>\n<h2>\n\t\t\tRegras para salvar vidas\t<\/h2>\n\t<p>Em 2015, codificamos um conjunto de pr\u00e1ticas comuns de HSE e como reduzir os riscos, no que chamamos de <a href=\"https:\/\/oceaneering.canto.com\/download\/document\/43hdm4csm53ujepojms9rrv05g\/original\" target=\"_blank\" rel=\"noopener\">Regras para salvar vidas<\/a>. Essas regras foram desenvolvidas com base em uma an\u00e1lise de dois anos de nossas tarefas de alto risco e incidentes associados. Analisamos os incidentes que resultaram em uma s\u00e9rie de consequ\u00eancias, desde dias de afastamento do trabalho (DAFW) at\u00e9 nenhuma consequ\u00eancia. N\u00e3o s\u00f3 analisamos a fundo os incidentes com potencial de fatalidade ou DAFW, mas tamb\u00e9m analisamos de perto os incidentes que exigiram aten\u00e7\u00e3o m\u00e9dica ou primeiros socorros, casos de quase acidente e comportamento inseguro.<\/p>\n<figure itemscope itemtype=\"https:\/\/schema.org\/ImageObject\">\n\t\t\t\t<img decoding=\"async\" src=\"https:\/\/oceaneering.com\/wp-content\/uploads\/2023\/11\/Untitled-design-2023-11-07T134431.701.png\" alt=\"Untitled design - 2023-11-07T134431.701\" title=\"Projeto sem t\u00edtulo - 2023-11-07T134431.701\" onerror=\"this.style.display='none'\" loading=\"lazy\" \/>\n\t<\/figure>\n<h3>\n\t\t\tIsolamento de energia\t<\/h3>\n<figure itemscope itemtype=\"https:\/\/schema.org\/ImageObject\">\n\t\t\t\t<img decoding=\"async\" src=\"https:\/\/oceaneering.com\/wp-content\/uploads\/2023\/11\/Untitled-design-2023-11-07T134611.583.png\" alt=\"Untitled design - 2023-11-07T134611.583\" title=\"Projeto sem t\u00edtulo - 2023-11-07T134611.583\" onerror=\"this.style.display='none'\" loading=\"lazy\" \/>\n\t<\/figure>\n<h3>\n\t\t\tTrabalho em altura\t<\/h3>\n<figure itemscope itemtype=\"https:\/\/schema.org\/ImageObject\">\n\t\t\t\t<img decoding=\"async\" src=\"https:\/\/oceaneering.com\/wp-content\/uploads\/2023\/11\/Untitled-design-2023-11-07T134642.165.png\" alt=\"Untitled design - 2023-11-07T134642.165\" title=\"Projeto sem t\u00edtulo - 2023-11-07T134642.165\" onerror=\"this.style.display='none'\" loading=\"lazy\" \/>\n\t<\/figure>\n<h3>\n\t\t\tCargas suspensas\t<\/h3>\n<figure itemscope itemtype=\"https:\/\/schema.org\/ImageObject\">\n\t\t\t\t<img decoding=\"async\" src=\"https:\/\/oceaneering.com\/wp-content\/uploads\/2023\/11\/Untitled-design-2023-11-07T134704.759.png\" alt=\"Untitled design - 2023-11-07T134704.759\" title=\"Projeto sem t\u00edtulo - 2023-11-07T134704.759\" onerror=\"this.style.display='none'\" loading=\"lazy\" \/>\n\t<\/figure>\n<h3>\n\t\t\tTeste de press\u00e3o\t<\/h3>\n<figure itemscope itemtype=\"https:\/\/schema.org\/ImageObject\">\n\t\t\t\t<img decoding=\"async\" src=\"https:\/\/oceaneering.com\/wp-content\/uploads\/2023\/11\/Untitled-design-2023-11-07T134744.870.png\" alt=\"Untitled design - 2023-11-07T134744.870\" title=\"Projeto sem t\u00edtulo - 2023-11-07T134744.870\" onerror=\"this.style.display='none'\" loading=\"lazy\" \/>\n\t<\/figure>\n<h3>\n\t\t\tEspa\u00e7o confinado\t<\/h3>\n<figure itemscope itemtype=\"https:\/\/schema.org\/ImageObject\">\n\t\t\t\t<img decoding=\"async\" src=\"https:\/\/oceaneering.com\/wp-content\/uploads\/2023\/11\/Untitled-design-2023-11-07T134809.224.png\" alt=\"Untitled design - 2023-11-07T134809.224\" title=\"Projeto sem t\u00edtulo - 2023-11-07T134809.224\" onerror=\"this.style.display='none'\" loading=\"lazy\" \/>\n\t<\/figure>\n<h3>\n\t\t\tRadia\u00e7\u00e3o\t<\/h3>\n\t<p>Nossa maior \u00eanfase foi colocada nos incidentes que n\u00e3o resultaram em uma consequ\u00eancia significativa, mas que tinham o potencial de resultar em uma consequ\u00eancia s\u00e9ria. Essas seis regras se aplicam a todos os funcion\u00e1rios da Oceaneering, bem como a terceiros que operam em ambientes compartilhados.<\/p>\n<p>Desde sua introdu\u00e7\u00e3o, as Regras para Salvar Vidas permitiram que nossa organiza\u00e7\u00e3o identificasse com mais precis\u00e3o as atividades e tarefas que representam o maior risco de fatalidade. Tamb\u00e9m determinamos os processos associados para ajudar a proteger nossos funcion\u00e1rios. N\u00f3s nos aprofundamos, analisando n\u00e3o apenas as causas imediatas de fatalidade ou les\u00e3o, mas tamb\u00e9m os comportamentos subjacentes que contribuem para a ades\u00e3o \u00e0s Regras para Salvar Vidas.<\/p>\n<h2>\n\t\t\tEntre em contato conosco\t<\/h2>\n<h3>\n\t\t\tNossa equipe de especialistas est\u00e1 pronta para ajud\u00e1-lo a come\u00e7ar.\t<\/h3>\n\t<p>A Oceaneering oferece os melhores produtos e solu\u00e7\u00f5es da categoria, respaldados por qualidade, confiabilidade e suporte global inigual\u00e1veis. Preencha o formul\u00e1rio de consulta para iniciar uma conversa hoje mesmo.<\/p>","protected":false},"excerpt":{"rendered":"<p>Contact Us Our Safety Culture In 1964, Oceaneering was established as a diving services provider. Although small in size, the nature of the work meant that our organization faced a relatively high level of risk. Knowing this, we set out to improve, not only our own health, safety and environmental (HSE) practices, but also those &#8230; <a title=\"Nossa cultura de seguran\u00e7a\" class=\"read-more\" href=\"https:\/\/www.oceaneering.com\/pt\/sustainability\/health-safety-and-quality-hse\/our-safety-culture\/\" aria-label=\"Leia mais sobre nossa cultura de seguran\u00e7a\">Leia mais<\/a><\/p>","protected":false},"author":13,"featured_media":0,"parent":60546,"menu_order":2,"comment_status":"closed","ping_status":"closed","template":"","meta":{"_acf_changed":false,"footnotes":"","_links_to":"","_links_to_target":""},"product_category":[1859],"search_tags":[1840],"class_list":["post-60582","page","type-page","status-publish","product_category-sustainability","search_tags-health-safety-security-environment-and-quality"],"acf":[],"aioseo_notices":[],"_links":{"self":[{"href":"https:\/\/www.oceaneering.com\/pt\/wp-json\/wp\/v2\/pages\/60582","targetHints":{"allow":["GET"]}}],"collection":[{"href":"https:\/\/www.oceaneering.com\/pt\/wp-json\/wp\/v2\/pages"}],"about":[{"href":"https:\/\/www.oceaneering.com\/pt\/wp-json\/wp\/v2\/types\/page"}],"author":[{"embeddable":true,"href":"https:\/\/www.oceaneering.com\/pt\/wp-json\/wp\/v2\/users\/13"}],"replies":[{"embeddable":true,"href":"https:\/\/www.oceaneering.com\/pt\/wp-json\/wp\/v2\/comments?post=60582"}],"version-history":[{"count":2,"href":"https:\/\/www.oceaneering.com\/pt\/wp-json\/wp\/v2\/pages\/60582\/revisions"}],"predecessor-version":[{"id":83309,"href":"https:\/\/www.oceaneering.com\/pt\/wp-json\/wp\/v2\/pages\/60582\/revisions\/83309"}],"up":[{"embeddable":true,"href":"https:\/\/www.oceaneering.com\/pt\/wp-json\/wp\/v2\/pages\/60546"}],"wp:attachment":[{"href":"https:\/\/www.oceaneering.com\/pt\/wp-json\/wp\/v2\/media?parent=60582"}],"wp:term":[{"taxonomy":"product_category","embeddable":true,"href":"https:\/\/www.oceaneering.com\/pt\/wp-json\/wp\/v2\/product_category?post=60582"},{"taxonomy":"search_tags","embeddable":true,"href":"https:\/\/www.oceaneering.com\/pt\/wp-json\/wp\/v2\/search_tags?post=60582"}],"curies":[{"name":"wp","href":"https:\/\/api.w.org\/{rel}","templated":true}]}}