{"id":60560,"date":"2023-11-07T12:57:17","date_gmt":"2023-11-07T17:57:17","guid":{"rendered":"https:\/\/oceaneering.com\/?page_id=60560"},"modified":"2024-01-29T13:36:47","modified_gmt":"2024-01-29T18:36:47","slug":"hse-areas-of-focus","status":"publish","type":"page","link":"https:\/\/www.oceaneering.com\/pt\/sustainability\/health-safety-and-quality-hse\/hse-areas-of-focus\/","title":{"rendered":"\u00c1reas de foco"},"content":{"rendered":"<h1>\u00c1reas de foco<\/h1>\r\n<h2>Como a seguran\u00e7a \u00e9 a base de todas as opera\u00e7\u00f5es da Oceaneering, nossas \u00c1reas de Foco s\u00e3o a base de nossa abordagem \u00e0 seguran\u00e7a.<\/h2>\r\n<p>Esses processos s\u00e3o implementados por nossos grupos operacionais e t\u00eam como objetivo evitar les\u00f5es e danos aos equipamentos e ao meio ambiente, melhorando assim nossa cultura de seguran\u00e7a e o desempenho geral de sa\u00fade, seguran\u00e7a e meio ambiente (HSE).<\/p>\r\n<h1>Entre em contato conosco<\/h1>\r\n<p>Nossa equipe de especialistas est\u00e1 pronta para ajud\u00e1-lo a come\u00e7ar.<\/p>\r\n<p>A Oceaneering oferece os melhores produtos e solu\u00e7\u00f5es da categoria, respaldados por qualidade, confiabilidade e suporte global inigual\u00e1veis. Preencha o formul\u00e1rio de consulta para iniciar uma conversa hoje mesmo.<\/p>","protected":false},"excerpt":{"rendered":"<p>\u00c1reas de Foco Como a seguran\u00e7a \u00e9 a base de todas as opera\u00e7\u00f5es da Oceaneering, nossas \u00c1reas de Foco s\u00e3o a base de nossa abordagem \u00e0 seguran\u00e7a. Esses processos s\u00e3o implementados por nossos grupos operacionais e visam evitar les\u00f5es e danos aos equipamentos e ao meio ambiente, melhorando assim nossa cultura de seguran\u00e7a e a sa\u00fade, seguran\u00e7a e meio ambiente em geral... <a title=\"\u00c1reas de foco\" class=\"read-more\" href=\"https:\/\/www.oceaneering.com\/pt\/sustainability\/health-safety-and-quality-hse\/hse-areas-of-focus\/\" aria-label=\"Leia mais sobre \u00c1reas de foco\">Leia mais<\/a><\/p>","protected":false},"author":13,"featured_media":0,"parent":60546,"menu_order":2,"comment_status":"closed","ping_status":"closed","template":"","meta":{"_acf_changed":false,"footnotes":"","_links_to":"","_links_to_target":""},"product_category":[1859],"search_tags":[1840],"class_list":["post-60560","page","type-page","status-publish","product_category-sustainability","search_tags-health-safety-security-environment-and-quality"],"acf":[],"aioseo_notices":[],"_links":{"self":[{"href":"https:\/\/www.oceaneering.com\/pt\/wp-json\/wp\/v2\/pages\/60560","targetHints":{"allow":["GET"]}}],"collection":[{"href":"https:\/\/www.oceaneering.com\/pt\/wp-json\/wp\/v2\/pages"}],"about":[{"href":"https:\/\/www.oceaneering.com\/pt\/wp-json\/wp\/v2\/types\/page"}],"author":[{"embeddable":true,"href":"https:\/\/www.oceaneering.com\/pt\/wp-json\/wp\/v2\/users\/13"}],"replies":[{"embeddable":true,"href":"https:\/\/www.oceaneering.com\/pt\/wp-json\/wp\/v2\/comments?post=60560"}],"version-history":[{"count":0,"href":"https:\/\/www.oceaneering.com\/pt\/wp-json\/wp\/v2\/pages\/60560\/revisions"}],"up":[{"embeddable":true,"href":"https:\/\/www.oceaneering.com\/pt\/wp-json\/wp\/v2\/pages\/60546"}],"wp:attachment":[{"href":"https:\/\/www.oceaneering.com\/pt\/wp-json\/wp\/v2\/media?parent=60560"}],"wp:term":[{"taxonomy":"product_category","embeddable":true,"href":"https:\/\/www.oceaneering.com\/pt\/wp-json\/wp\/v2\/product_category?post=60560"},{"taxonomy":"search_tags","embeddable":true,"href":"https:\/\/www.oceaneering.com\/pt\/wp-json\/wp\/v2\/search_tags?post=60560"}],"curies":[{"name":"wp","href":"https:\/\/api.w.org\/{rel}","templated":true}]}}