{"id":60546,"date":"2023-11-07T12:29:15","date_gmt":"2023-11-07T17:29:15","guid":{"rendered":"https:\/\/oceaneering.com\/?page_id=60546"},"modified":"2025-09-03T10:58:51","modified_gmt":"2025-09-03T15:58:51","slug":"health-safety-and-quality-hse","status":"publish","type":"page","link":"https:\/\/www.oceaneering.com\/pt\/sustainability\/health-safety-and-quality-hse\/","title":{"rendered":"Sa\u00fade, seguran\u00e7a e qualidade"},"content":{"rendered":"<h1>Sa\u00fade, seguran\u00e7a, prote\u00e7\u00e3o, meio ambiente e qualidade<\/h1>\r\n<p>A seguran\u00e7a, que sustenta tudo o que fazemos, n\u00e3o \u00e9 apenas o alicerce de nossos valores essenciais, mas tamb\u00e9m \u00e9 vital para nosso hist\u00f3rico de desempenho exemplar e para a cultura da empresa.<\/p>\r\n<h2>Se estivermos trabalhando, nossa responsabilidade \u00e9 trabalhar com seguran\u00e7a.<\/h2>\r\n<p>Os setores que atendemos s\u00e3o t\u00e3o diversos quanto complexos. Quer estejamos projetando umbilicais para \u00e1guas profundas ou desenvolvendo rob\u00f3tica para aplica\u00e7\u00f5es aeroespaciais, a seguran\u00e7a e a sa\u00fade de nossos funcion\u00e1rios, fornecedores e clientes s\u00e3o parte integrante de nossos neg\u00f3cios di\u00e1rios.<\/p>\r\n<p>Certifica\u00e7\u00e3o ISO 45001 em 12 \u00e1reas<\/p>\r\n<h2>Sistema de gerenciamento de sa\u00fade e seguran\u00e7a<\/h2>\r\n<p>A ISO 45001 Sistemas de Gest\u00e3o de Sa\u00fade e Seguran\u00e7a Ocupacional oferece uma estrutura \u00fanica e clara para melhorar o desempenho de OH&amp;S com foco na intera\u00e7\u00e3o entre uma organiza\u00e7\u00e3o e seu ambiente de neg\u00f3cios. Com as certifica\u00e7\u00f5es do sistema de gerenciamento de sa\u00fade e seguran\u00e7a ocupacional, demonstramos que nossos sistemas de gerenciamento de sa\u00fade e seguran\u00e7a atendem aos padr\u00f5es internacionais de sa\u00fade e seguran\u00e7a espec\u00edficos do setor.<\/p>\r\n<ul>\r\n<li>Servi\u00e7os de integridade de ativos e engenharia de acesso por corda<\/li>\r\n<li>Descomissionamento<\/li>\r\n<li>Teste de press\u00e3o hidrost\u00e1tica<\/li>\r\n<li>Servi\u00e7os de interven\u00e7\u00e3o<\/li>\r\n<li>Produtos manufaturados<\/li>\r\n<li>An\u00e1lise metal\u00fargica<\/li>\r\n<li>Projeto, desenvolvimento e suporte de software<\/li>\r\n<li>Gerenciamento da cadeia de suprimentos, armazenagem e suporte log\u00edstico<\/li>\r\n<li>Servi\u00e7os de pesquisa<\/li>\r\n<li>Projeto, fabrica\u00e7\u00e3o e opera\u00e7\u00f5es de equipamentos de ferramentas<\/li>\r\n<li>Gerenciamento, manuten\u00e7\u00e3o e reparo de ferramentas<\/li>\r\n<li>Engenharia subaqu\u00e1tica e de superf\u00edcie<\/li>\r\n<\/ul>\r\n<p><a href=\"https:\/\/oceaneering.canto.com\/direct\/document\/s529ma442p1570v3djpehmkc5q\/0qIGHW1oK7A4oROQd0aR5zaZRk4\/original?content-type=application%2Fpdf&amp;name=WW-OII-HSE-MS2-0+-+HSE+Management+System+Framework+-+R0.pdf\" target=\"_blank\" rel=\"noopener\"> Saiba mais <\/a><\/p>\r\n<h2>Registro de seguran\u00e7a da Oceaneering<\/h2>\r\n<p>Desde a nossa funda\u00e7\u00e3o em 1964, valorizamos muito a seguran\u00e7a dos funcion\u00e1rios - desde os servi\u00e7os de mergulho e inspe\u00e7\u00e3o submarina at\u00e9 as opera\u00e7\u00f5es de instala\u00e7\u00e3o em embarca\u00e7\u00f5es. Temos e esperamos continuar a desenvolver n\u00e3o apenas nossos processos de sa\u00fade, seguran\u00e7a e meio ambiente (HSSE), mas tamb\u00e9m os dos setores em que trabalhamos.<\/p>\r\n<p><a href=\"https:\/\/www.oceaneering.com\/pt\/sustainability\/health-safety-and-quality-hse\/our-safety-culture\/\" target=\"_self\" rel=\"noopener\"> Saiba mais <\/a><\/p>\r\n<h2>Processos essenciais em a\u00e7\u00e3o<\/h2>\r\n<p>A seguran\u00e7a \u00e9 a base de todas as opera\u00e7\u00f5es da Oceaneering. Colocamos a estrat\u00e9gia em a\u00e7\u00e3o ao responsabilizar cada funcion\u00e1rio por aderir aos padr\u00f5es de seguran\u00e7a e tomar medidas para eliminar ou corrigir comportamentos inseguros.<\/p>\r\n<p>Essas s\u00e3o nossas principais \u00e1reas de foco:<\/p>\r\n<ul>\r\n<li>Lideran\u00e7a<\/li>\r\n<li>Gerenciamento de riscos<\/li>\r\n<li>Preven\u00e7\u00e3o de fatalidades<\/li>\r\n<li>Gerenciamento de incidentes<\/li>\r\n<li>Engajamento dos funcion\u00e1rios<\/li>\r\n<li>Treinamento e compet\u00eancia<\/li>\r\n<li>Gerenciamento ambiental<\/li>\r\n<li>Auto-verifica\u00e7\u00e3o<\/li>\r\n<\/ul>\r\n<p><a href=\"https:\/\/www.oceaneering.com\/pt\/sustainability\/health-safety-and-quality-hse\/hse-areas-of-focus\/\" target=\"_self\" rel=\"noopener\"> Saiba mais <\/a><\/p>\r\n<h2>Associa\u00e7\u00f5es e afilia\u00e7\u00f5es<\/h2>\r\n<p>Somos membros da <a href=\"http:\/\/www.centerforoffshoresafety.org\/\" target=\"_blank\" rel=\"noopener\">Centro de Seguran\u00e7a Offshore<\/a>uma organiza\u00e7\u00e3o criada para promover o mais alto n\u00edvel de seguran\u00e7a para perfura\u00e7\u00e3o, completa\u00e7\u00e3o e opera\u00e7\u00f5es offshore por meio de lideran\u00e7a e sistemas de gerenciamento eficazes que abordam comunica\u00e7\u00e3o, trabalho em equipe e auditoria e certifica\u00e7\u00e3o independentes de terceiros.<\/p>\r\n<p>Embora nossos Processos B\u00e1sicos de SMS estejam em vigor desde 2004, eles se alinham estreitamente com os <a href=\"https:\/\/www.bsee.gov\/newsroom\/latest-news\/statements-and-releases\/press-releases\/bsee-announces-final-safety-culture\" target=\"_blank\" rel=\"noopener\">Declara\u00e7\u00e3o da pol\u00edtica de cultura de seguran\u00e7a<\/a> lan\u00e7ada pelo Bureau of Safety and Environmental Enforcement (BSEE) em 2013. A declara\u00e7\u00e3o define nove caracter\u00edsticas compartilhadas por organiza\u00e7\u00f5es consideradas com culturas de seguran\u00e7a robustas.<\/p>\r\n<p>Entre em contato conosco<\/p>\r\n<h3>Nossa equipe de especialistas est\u00e1 pronta para ajud\u00e1-lo a come\u00e7ar.<\/h3>\r\n<p>A Oceaneering oferece os melhores produtos e solu\u00e7\u00f5es da categoria, respaldados por qualidade, confiabilidade e suporte global inigual\u00e1veis. Preencha o formul\u00e1rio de consulta para iniciar uma conversa hoje mesmo.<\/p>\r\n<p>\"*\" indica campos obrigat\u00f3rios<\/p>\r\n<form id=\"gform_4\" action=\"\/pt\/?page_id=60546&#038;fl_builder#gf_4\" enctype=\"multipart\/form-data\" method=\"post\" target=\"gform_ajax_frame_4\" data-formid=\"4\" data-trp-original-action=\"\/?page_id=60546&amp;fl_builder#gf_4\"><fieldset id=\"field_4_1\" data-js-reload=\"field_4_1\"><legend class=\"gfield_label gform-field-label gfield_label_before_complex\">Nome*<\/legend> <input id=\"input_4_1_3\" tabindex=\"201\" name=\"input_1.3\" type=\"text\" value=\"\" aria-required=\"true\" \/> <label class=\"gform-field-label gform-field-label--type-sub\" for=\"input_4_1_3\">Primeiro<\/label> <input id=\"input_4_1_6\" tabindex=\"203\" name=\"input_1.6\" type=\"text\" value=\"\" aria-required=\"true\" \/> <label class=\"gform-field-label gform-field-label--type-sub\" for=\"input_4_1_6\">\u00daltimo<\/label><\/fieldset><label class=\"gfield_label gform-field-label\" for=\"input_4_4\">Telefone*<\/label><input id=\"input_4_4\" class=\"large\" tabindex=\"205\" name=\"input_4\" type=\"text\" value=\"\" aria-required=\"true\" aria-invalid=\"false\" \/><label class=\"gfield_label gform-field-label\" for=\"input_4_3\">E-mail*<\/label> <input id=\"input_4_3\" class=\"large\" tabindex=\"206\" name=\"input_3\" type=\"text\" value=\"\" aria-required=\"true\" aria-invalid=\"false\" \/> <label class=\"gfield_label gform-field-label\" for=\"input_4_5\">Outro<\/label><select id=\"input_4_5\" class=\"large gfield_select\" tabindex=\"207\" name=\"input_5\" aria-invalid=\"false\">\r\n<option class=\"gf_placeholder\" selected=\"selected\" value=\"\">Selecione uma<\/option>\r\n<option value=\"First Choice\">Primeira escolha<\/option>\r\n<option value=\"Second Choice\">Segunda op\u00e7\u00e3o<\/option>\r\n<option value=\"Third Choice\">Terceira op\u00e7\u00e3o<\/option>\r\n<\/select><label class=\"gfield_label gform-field-label\" for=\"input_4_6\">Outro<\/label><select id=\"input_4_6\" class=\"large gfield_select\" tabindex=\"208\" name=\"input_6\" aria-invalid=\"false\">\r\n<option class=\"gf_placeholder\" selected=\"selected\" value=\"\">Selecione uma<\/option>\r\n<option value=\"First Choice\">Primeira escolha<\/option>\r\n<option value=\"Second Choice\">Segunda op\u00e7\u00e3o<\/option>\r\n<option value=\"Third Choice\">Terceira op\u00e7\u00e3o<\/option>\r\n<\/select><label class=\"gfield_label gform-field-label\" for=\"input_4_7\">Outro<\/label><input id=\"input_4_7\" class=\"large\" tabindex=\"209\" name=\"input_7\" type=\"text\" value=\"\" aria-invalid=\"false\" \/> <label class=\"gfield_label gform-field-label\" for=\"input_4_8\">Outro<\/label><input id=\"input_4_8\" class=\"large\" tabindex=\"210\" name=\"input_8\" type=\"text\" value=\"\" aria-invalid=\"false\" \/>\r\n<p>Lorem ipsum dolor sit amet, consetetur sadipscing elitr, sed diam nonumy eirmod tempor invidunt ut labore et dolore magna aliquyam erat voluptua.<\/p>\r\n<input id=\"gform_submit_button_4\" class=\"gform_button button\" tabindex=\"211\" type=\"submit\" value=\"Solicite uma cota\u00e7\u00e3o\" \/> <input name=\"gform_ajax\" type=\"hidden\" value=\"form_id=4&amp;title=&amp;description=&amp;tabindex=200\" \/> <input class=\"gform_hidden\" name=\"is_submit_4\" type=\"hidden\" value=\"1\" \/> <input class=\"gform_hidden\" name=\"gform_submit\" type=\"hidden\" value=\"4\" \/> <input class=\"gform_hidden\" name=\"gform_unique_id\" type=\"hidden\" value=\"\" \/> <input class=\"gform_hidden\" name=\"state_4\" type=\"hidden\" value=\"WyJ7XCI1XCI6W1wiZGYzN2E2ZTliYzJkYTVlMjU5ZDBmNDMwMTdlYjVhMGVcIixcImZhNGEwM2ZkMGU0YmYxOGMzYzM3NDhmYWZmMGIzYmJkXCIsXCIxMTAzYTVhMmJlZjQ3NWI5MjRhMmZmYTMyYTNhNzM1N1wiXSxcIjZcIjpbXCJkZjM3YTZlOWJjMmRhNWUyNTlkMGY0MzAxN2ViNWEwZVwiLFwiZmE0YTAzZmQwZTRiZjE4YzNjMzc0OGZhZmYwYjNiYmRcIixcIjExMDNhNWEyYmVmNDc1YjkyNGEyZmZhMzJhM2E3MzU3XCJdfSIsImExMTE4N2U4YmFkMGY5NmE2ZTIxYTQxYTMyMDZjM2E4Il0=\" \/> <input id=\"gform_target_page_number_4\" class=\"gform_hidden\" name=\"gform_target_page_number_4\" type=\"hidden\" value=\"0\" \/> <input id=\"gform_source_page_number_4\" class=\"gform_hidden\" name=\"gform_source_page_number_4\" type=\"hidden\" value=\"1\" \/> <input name=\"gform_field_values\" type=\"hidden\" value=\"\" \/>\r\n<p><label>\u0394<textarea cols=\"45\" maxlength=\"100\" name=\"ak_hp_textarea\" rows=\"8\"><\/textarea><\/label><input id=\"ak_js_1\" name=\"ak_js\" type=\"hidden\" value=\"150\" \/><\/p>\r\n<input type=\"hidden\" name=\"trp-form-language\" value=\"pt\"\/><\/form>\r\n<p><iframe id=\"gform_ajax_frame_4\" style=\"display: none; width: 0px; height: 0px;\" title=\"Esse iframe cont\u00e9m a l\u00f3gica necess\u00e1ria para lidar com Gravity Forms acionados por Ajax.\" src=\"about:blank\" name=\"gform_ajax_frame_4\"><\/iframe><\/p>","protected":false},"excerpt":{"rendered":"<p>Sa\u00fade, seguran\u00e7a, prote\u00e7\u00e3o, meio ambiente e qualidade A seguran\u00e7a, que sustenta tudo o que fazemos, n\u00e3o \u00e9 apenas a base dos nossos valores essenciais, mas \u00e9 vital para o nosso registro de desempenho exemplar e para a cultura da empresa. Se estamos trabalhando, ent\u00e3o nossa responsabilidade \u00e9 trabalhar com seguran\u00e7a. Os setores que atendemos s\u00e3o t\u00e3o diversos quanto complexos. ... <a title=\"Sa\u00fade, seguran\u00e7a e qualidade\" class=\"read-more\" href=\"https:\/\/www.oceaneering.com\/pt\/sustainability\/health-safety-and-quality-hse\/\" aria-label=\"Leia mais sobre Sa\u00fade, Seguran\u00e7a e Qualidade\">Leia mais<\/a><\/p>","protected":false},"author":13,"featured_media":0,"parent":60494,"menu_order":2,"comment_status":"closed","ping_status":"closed","template":"","meta":{"_acf_changed":false,"footnotes":"","_links_to":"","_links_to_target":""},"product_category":[1859],"search_tags":[1840],"class_list":["post-60546","page","type-page","status-publish","product_category-sustainability","search_tags-health-safety-security-environment-and-quality"],"acf":[],"aioseo_notices":[],"_links":{"self":[{"href":"https:\/\/www.oceaneering.com\/pt\/wp-json\/wp\/v2\/pages\/60546","targetHints":{"allow":["GET"]}}],"collection":[{"href":"https:\/\/www.oceaneering.com\/pt\/wp-json\/wp\/v2\/pages"}],"about":[{"href":"https:\/\/www.oceaneering.com\/pt\/wp-json\/wp\/v2\/types\/page"}],"author":[{"embeddable":true,"href":"https:\/\/www.oceaneering.com\/pt\/wp-json\/wp\/v2\/users\/13"}],"replies":[{"embeddable":true,"href":"https:\/\/www.oceaneering.com\/pt\/wp-json\/wp\/v2\/comments?post=60546"}],"version-history":[{"count":1,"href":"https:\/\/www.oceaneering.com\/pt\/wp-json\/wp\/v2\/pages\/60546\/revisions"}],"predecessor-version":[{"id":78393,"href":"https:\/\/www.oceaneering.com\/pt\/wp-json\/wp\/v2\/pages\/60546\/revisions\/78393"}],"up":[{"embeddable":true,"href":"https:\/\/www.oceaneering.com\/pt\/wp-json\/wp\/v2\/pages\/60494"}],"wp:attachment":[{"href":"https:\/\/www.oceaneering.com\/pt\/wp-json\/wp\/v2\/media?parent=60546"}],"wp:term":[{"taxonomy":"product_category","embeddable":true,"href":"https:\/\/www.oceaneering.com\/pt\/wp-json\/wp\/v2\/product_category?post=60546"},{"taxonomy":"search_tags","embeddable":true,"href":"https:\/\/www.oceaneering.com\/pt\/wp-json\/wp\/v2\/search_tags?post=60546"}],"curies":[{"name":"wp","href":"https:\/\/api.w.org\/{rel}","templated":true}]}}