{"id":60529,"date":"2023-11-07T10:08:52","date_gmt":"2023-11-07T15:08:52","guid":{"rendered":"https:\/\/oceaneering.com\/?page_id=60529"},"modified":"2024-09-11T05:10:03","modified_gmt":"2024-09-11T10:10:03","slug":"co2","status":"publish","type":"page","link":"https:\/\/www.oceaneering.com\/pt\/sustainability\/co2\/","title":{"rendered":"Redu\u00e7\u00e3o das emiss\u00f5es de CO2"},"content":{"rendered":"<a href=\"https:\/\/www.oceaneering.com\/pt\/sustainability\/#contact\" target=\"_self\" rel=\"noopener\">\n\t\t\t\t\t\t\tEntre em contato conosco\n\t\t\t\t\t<\/a>\n<h1>\n\t\tEngenharia do futuro de baixo carbono\n\t<\/h1>\n\t<p>Como fornecedor global de produtos e servi\u00e7os de engenharia, com um hist\u00f3rico de inova\u00e7\u00e3o e adapta\u00e7\u00e3o, temos o compromisso de participar da transi\u00e7\u00e3o energ\u00e9tica em andamento e trabalhar para reduzir as pegadas de carbono de nossas pr\u00f3prias opera\u00e7\u00f5es e das opera\u00e7\u00f5es de nossos clientes nos diversos setores que atendemos.<\/p>\n<h2>\n\t\tComo estamos reduzindo as emiss\u00f5es de CO<sub>2<\/sub> Emiss\u00f5es?\n\t<\/h2>\n\t<p>Estamos desenvolvendo tecnologias para uso em terra, debaixo d'\u00e1gua e no espa\u00e7o que ajudam a garantir a seguran\u00e7a dos trabalhadores e a reduzir os impactos ambientais.<\/p>\n\t\t\t\t<img decoding=\"async\" src=\"https:\/\/oceaneering.com\/wp-content\/uploads\/2023\/11\/remote-metrology-landscape.jpeg\" alt=\"remote-metrology-landscape\" itemprop=\"image\" title=\"metrologia remota-paisagem\" onerror=\"this.style.display='none'\"  \/>\n<h3>\n\t\tImplementa\u00e7\u00e3o de opera\u00e7\u00f5es remotas\n\t<\/h3>\n\t<p>As opera\u00e7\u00f5es remotas reduzem o pessoal a bordo de embarca\u00e7\u00f5es e plataformas mar\u00edtimas e eliminam a necessidade de transportar funcion\u00e1rios de e para locais offshore.<\/p>\n\t\t\t<a href=\"https:\/\/www.oceaneering.com\/pt\/remote-services\/\" target=\"_self\" rel=\"noopener\">\n\t\t\t\t\t\t\tSaiba mais\n\t\t\t<\/a>\n\t\t\t\t<img decoding=\"async\" src=\"https:\/\/oceaneering.com\/wp-content\/uploads\/2023\/11\/ENOVUS_JPLATE_PORTRAIT_04-700x1050-landscape.jpeg\" alt=\"ENOVUS_JPLATE_PORTRAIT_04-700x1050-landscape\" itemprop=\"image\" title=\"ENOVUS_JPLATE_PORTRAIT_04-700x1050-landscape\" onerror=\"this.style.display='none'\"  \/>\n<h3>\n\t\tDesenvolvimento de ve\u00edculos submarinos de \u00faltima gera\u00e7\u00e3o\n\t<\/h3>\n\t<p>Isso inclui nosso ROV el\u00e9trico eNovus, nosso Liberty\u2122 E-ROV operado por bateria e autoimplantado e nosso drone submarino aut\u00f4nomo, o Freedom\u2122 Autonomous Subsea Vehicle.<\/p>\n\t\t\t<a href=\"https:\/\/www.oceaneering.com\/pt\/rov-services\/next-generation-subsea-vehicles\/\" target=\"_self\" rel=\"noopener\">\n\t\t\t\t\t\t\tSaiba mais\n\t\t\t<\/a>\n\t\t\t\t<img decoding=\"async\" src=\"https:\/\/oceaneering.com\/wp-content\/uploads\/2023\/11\/19CR011-700x438-landscape.jpeg\" alt=\"19CR011-700x438-landscape\" itemprop=\"image\" title=\"19CR011-700x438-landscape\" onerror=\"this.style.display='none'\"  \/>\n<h3>\n\t\tEmbarca\u00e7\u00f5es avan\u00e7adas de constru\u00e7\u00e3o submarina\n\t<\/h3>\n\t<p>Nosso MSV Ocean Evolution, com bandeira americana, \u00e9 um dos mais ecologicamente corretos de seu tipo, possuindo um Passaporte Verde* e usando cinco motores a diesel de baixa emiss\u00e3o que atendem aos padr\u00f5es Tier 4 da EPA.<\/p>\n\t\t\t<a href=\"https:\/\/www.oceaneering.com\/pt\/subsea-projects\/ocean-evolution\/\" target=\"_self\" rel=\"noopener\">\n\t\t\t\t\t\t\tSaiba mais\n\t\t\t<\/a>\n\t\t\t\t<img decoding=\"async\" src=\"https:\/\/oceaneering.com\/wp-content\/uploads\/2023\/11\/environment-risk-landscape.jpeg\" alt=\"environment-risk-landscape\" itemprop=\"image\" title=\"paisagem de risco ambiental\" onerror=\"this.style.display='none'\"  \/>\n<h3>\n\t\tCompromisso com pesquisa e desenvolvimento\n\t<\/h3>\n\t<p>Investimos regularmente em nossos produtos e servi\u00e7os para torn\u00e1-los mais resistentes, reduzir os riscos ambientais e de seguran\u00e7a e permitir maior colabora\u00e7\u00e3o e resposta mais r\u00e1pida \u00e0s necessidades dos clientes.<\/p>\n\t\t\t<a href=\"https:\/\/www.oceaneering.com\/pt\/sustainability\/environmental-sustainability\/\" target=\"_self\" rel=\"noopener\">\n\t\t\t\t\t\t\tSaiba mais\n\t\t\t<\/a>\n\t<p><em>*A <a href=\"https:\/\/www.imo.org\/en\/OurWork\/Environment\/Pages\/Ship-Recycling.aspx\" target=\"_blank\" rel=\"noopener\">Passaporte Verde<\/a> \u00e9 um invent\u00e1rio de materiais perigosos desenvolvido e mantido de acordo com a Conven\u00e7\u00e3o Internacional de Hong Kong para a Reciclagem Segura e Ambientalmente Correta de Navios, de 2009. O objetivo da Conven\u00e7\u00e3o \u00e9 garantir que os navios, ao serem reciclados ap\u00f3s atingirem o fim de suas vidas operacionais, n\u00e3o representem riscos desnecess\u00e1rios \u00e0 sa\u00fade humana, \u00e0 seguran\u00e7a ou ao meio ambiente. O Passaporte Verde cont\u00e9m um invent\u00e1rio de todos os materiais usados na constru\u00e7\u00e3o de um navio, que ser\u00e1 atualizado durante a vida \u00fatil do navio para manter sua precis\u00e3o. Por fim, o passaporte ser\u00e1 entregue com o navio ao estaleiro de reciclagem para facilitar a reciclagem do navio de forma segura e ambientalmente correta. A Organiza\u00e7\u00e3o Mar\u00edtima Internacional publicou diretrizes para auxiliar na implementa\u00e7\u00e3o da Conven\u00e7\u00e3o.<\/em><\/p>\n<h2>\n\t\tCO real<sub>2<\/sub> Poupan\u00e7a\n\t<\/h2>\n\t<p>Nosso Sistema Residente Liberty\u2122 de pr\u00f3xima gera\u00e7\u00e3o, operado por bateria, n\u00e3o exige que uma embarca\u00e7\u00e3o dedicada fique de prontid\u00e3o durante as opera\u00e7\u00f5es do ROV. Como resultado, estimamos que uma campanha t\u00edpica de inspe\u00e7\u00e3o, manuten\u00e7\u00e3o e reparo (IMR) no Mar do Norte poderia ter at\u00e9 33 toneladas por dia de CO<sub>2<\/sub> economizados com a elimina\u00e7\u00e3o do uso de embarca\u00e7\u00f5es durante as opera\u00e7\u00f5es submarinas com o Liberty.<\/p>\n\t\t\t\t<img loading=\"lazy\" decoding=\"async\" src=\"https:\/\/www.oceaneering.com\/wp-content\/uploads\/2023\/11\/liberty-cutout.png\" alt=\"Liberty Resident System\" itemprop=\"image\" height=\"665\" width=\"1000\" title=\"corte de liberdade\" onerror=\"this.style.display='none'\"  \/>\n\n\t\tROV convencional\n\t\n\t\t46\n\n\t\tMT de CO<sub>2<\/sub> emitida\n\t\n\n\t\tEconomia di\u00e1ria de emiss\u00f5es\n\t\n\t\t33\n\n\t\tMT CO<sub>2<\/sub>\n\t\n\n\t\tSistema Residente Liberty\u2122\n\t\n\t\t13\n\n\t\tMT de CO<sub>2<\/sub> emitido\n\t\n<h3>\n\t\tEstimativa de emiss\u00f5es di\u00e1rias de CO<sub>2<\/sub> Emiss\u00f5es por tipo de ve\u00edculo durante o uso de uma embarca\u00e7\u00e3o de apoio\n\t<\/h3>\n\t<p>Os ROVs n\u00e3o emitem CO2 diretamente, mas consomem energia da embarca\u00e7\u00e3o usada na campanha offshore. O Sistema Residente Liberty\u2122 obt\u00e9m energia de seu conjunto de baterias e reduz a depend\u00eancia de uma campanha IMR t\u00edpica de embarca\u00e7\u00f5es de apoio para ajudar a economizar 33 MT por dia de CO<sub>2<\/sub>.<\/p>\n<h2>\n\t\tO que o mundo poderia fazer com 33 MT de CO<sub>2<\/sub> Por dia?\n\t<\/h2>\n\t\t\t\t<img decoding=\"async\" src=\"https:\/\/oceaneering.com\/wp-content\/uploads\/2023\/11\/Co2-Car-1-1.png\" alt=\"Co2-Car-1-1\" itemprop=\"image\" title=\"Co2-Car-1-1\" onerror=\"this.style.display='none'\"  \/>\n\t<p>Dirigir um ve\u00edculo de passeio m\u00e9dio nos EUA por 81.886 milhas<\/p>\n\t\t\t\t<img decoding=\"async\" src=\"https:\/\/oceaneering.com\/wp-content\/uploads\/2023\/11\/Co2-Phone-1-1.png\" alt=\"Co2-Phone-1-1\" itemprop=\"image\" title=\"Co2-Phone-1-1\" onerror=\"this.style.display='none'\"  \/>\n\t<p>Cobrar 4.208.563 smartphones<\/p>\n\t\t\t\t<img decoding=\"async\" src=\"https:\/\/oceaneering.com\/wp-content\/uploads\/2023\/11\/Co2-Home-1-1.png\" alt=\"Co2-Home-1-1\" itemprop=\"image\" title=\"Co2-Home-1-1\" onerror=\"this.style.display='none'\"  \/>\n\t<p>Fornecer energia a 4 resid\u00eancias por um ano<\/p>\n\t\t\t\t<img decoding=\"async\" src=\"https:\/\/oceaneering.com\/wp-content\/uploads\/2023\/11\/Co2-Barrel-1-1.png\" alt=\"Co2-Barrel-1-1\" itemprop=\"image\" title=\"Co2-Barril-1-1\" onerror=\"this.style.display='none'\"  \/>\n\t<p>Economize o equivalente em CO2 ao consumo de 76 barris de petr\u00f3leo<\/p>\n\t<p>Estimativas calculadas usando a Calculadora de Equival\u00eancias de Gases de Efeito Estufa da EPA dos EUA, com base nas suposi\u00e7\u00f5es desenvolvidas internamente pela Oceaneering.<\/p>\n<h1>\n\t\tEstimativa de emiss\u00f5es acumuladas de CO<sub>2<\/sub> Economia com o Liberty\u2122 Resident System\n\t<\/h1>\n\t\t19.158MT\n\t<p>E aumentando a cada implanta\u00e7\u00e3o subsequente de ve\u00edculo<\/p>\n\t<p>*Atualizado: Abril de 2023<\/p>\n<h2>\n\t\tResultados do projeto 2023\n\t<\/h2>\n\t<p>O Sistema Residente Liberty\u2122 realizou 163 miss\u00f5es e executou 13.933 horas de mergulho at\u00e9 abril de 2023, realizando o trabalho de um ROV convencional. O ve\u00edculo permitiu um <strong>Redu\u00e7\u00e3o estimada de 72,4% da embarca\u00e7\u00e3o de apoio ao topside e do apoio \u00e0 tripula\u00e7\u00e3o.<\/strong><\/p>\n<table  data-tablesaw-minimap>\n\t\t\t<thead>\n\t\t<tr>\n\t\t\t<th id=\"pp-table-col-1\" scope=\"col\" data-tablesaw-sortable-col>\t\t\t\t\t\n\t\t\t\t\t<\/th><th id=\"pp-table-col-2\" scope=\"col\" data-tablesaw-sortable-col>\t\t\t\t\t\n\t\t\t\t\t<\/th>\t\t<\/tr>\n\t<\/thead>\n\t\t<tbody>\n\t\t<tr data-row-index=\"1\"><td>Miss\u00f5es da Liberty conclu\u00eddas<\/td><td>163<\/td><\/tr><tr data-row-index=\"2\"><td>Hor\u00e1rio de funcionamento do Liberty<\/td><td>13,933<\/td><\/tr><tr data-row-index=\"3\"><td>Estimativa de horas de pessoal offshore eliminadas<\/td><td>40.350 (equipe m\u00e9dia de quatro pessoas)<\/td><\/tr><tr data-row-index=\"4\"><td>Estimativa de horas de embarca\u00e7\u00e3o de apoio eliminadas<\/td><td>10.087 (72,4% de horas de mergulho)<\/td><\/tr><tr data-row-index=\"5\"><td>Estimativa de mudan\u00e7as na equipe de pessoal Eliminado<\/td><td>240 (turnos de 12 horas \/ viagens de 14 dias)<\/td><\/tr><tr data-row-index=\"6\"><td>Estimativa de emiss\u00f5es de CO<sub>2<\/sub> Emiss\u00f5es eliminadas (toneladas)<\/td><td>19.158 (m\u00e9dia de 33T por dia de Liberty Dive)<\/td><\/tr>\t<\/tbody>\n<\/table>\n<h2>\n\t\tAs opera\u00e7\u00f5es remotas possibilitam mais opera\u00e7\u00f5es de CO<sub>2<\/sub> Redu\u00e7\u00f5es\n\t<\/h2>\n\t<p>O Sistema Residente Liberty\u2122 elimina a necessidade de o pessoal do ROV e da embarca\u00e7\u00e3o viajar de e para embarca\u00e7\u00f5es mar\u00edtimas e plataformas offshore, o que <strong>reduz o trabalho em ambientes de alto risco.<\/strong><\/p>\n\t<p>Juntamente com a redu\u00e7\u00e3o de les\u00f5es e incidentes ambientais offshore, as opera\u00e7\u00f5es remotas podem ter um impacto direto e positivo nas opera\u00e7\u00f5es do setor de energia offshore, como <strong>redu\u00e7\u00e3o das horas de trabalho da equipe offshore<\/strong> e gerando economia de custos com <strong>hor\u00e1rio reduzido do navio<\/strong>.<\/p>\n<h2>\n\t\tComo as opera\u00e7\u00f5es remotas est\u00e3o reduzindo as emiss\u00f5es de CO<sub>2<\/sub> Emiss\u00f5es?\n\t<\/h2>\n\t<p>A log\u00edstica de levar e trazer trabalhadores das instala\u00e7\u00f5es offshore pode ser complexa.<\/p>\n\t<p>A mobiliza\u00e7\u00e3o requer transporte por helic\u00f3ptero e embarca\u00e7\u00f5es que servem como hot\u00e9is flutuantes (floatels). Com o uso de um centro de controle onshore dedicado que possa se comunicar com a equipe estacionada em terra, as viagens e as acomoda\u00e7\u00f5es offshore podem ser reduzidas, diminuindo os riscos e permitindo maior colabora\u00e7\u00e3o e tempos de resposta mais r\u00e1pidos. Os especialistas no assunto podem monitorar as opera\u00e7\u00f5es em v\u00e1rias instala\u00e7\u00f5es em vez de uma. Os Centros de Opera\u00e7\u00e3o Remota Onshore (OROCs) contam com uma equipe 24 horas por dia, 7 dias por semana, para garantir o suporte operacional.<\/p>\n\t\t\t<h3>Reduzir o pessoal a bordo e os dias no navio<\/h3>\t\t\t\n\t\t\t\t<p>Nossos OROCs permitem a pilotagem e o monitoramento remotos de ROVs de classe de trabalho que realizam uma variedade de opera\u00e7\u00f5es, como movimenta\u00e7\u00e3o de plataformas, instala\u00e7\u00f5es de jumpers e atividades de comissionamento e monitoramento. Isso reduz nossa pegada de carbono ao diminuir o n\u00famero de mobiliza\u00e7\u00f5es e POBs necess\u00e1rios. Os ve\u00edculos residentes submarinos da Oceaneering, o Liberty\u2122 Resident System e o Freedom\u2122 AUV, reduzem ainda mais as emiss\u00f5es de carbono porque n\u00e3o exigem o apoio de uma embarca\u00e7\u00e3o dedicada para se mobilizar no local.<\/p>\n\t\t\t<h3>Mantenha a continuidade mesmo quando as circunst\u00e2ncias mudarem<\/h3>\t\t\t\n\t\t\t\t<p>A experi\u00eancia offshore da Oceaneering, aliada ao alto tempo de atividade e \u00e0s comunica\u00e7\u00f5es, permite o monitoramento, a execu\u00e7\u00e3o e a tomada de decis\u00f5es em tempo real. A Oceaneering iniciou sua primeira OROC em Stavanger, Noruega, em 2015. N\u00f3s nos expandimos por todo o mundo, com locais dedicados em Morgan City e Lafayette, Louisiana, e Houston, Texas.<\/p>\n<h2>\n\t\tEventos em destaque\n\t<\/h2>\n\t\t\t\t<img loading=\"lazy\" decoding=\"async\" src=\"https:\/\/www.oceaneering.com\/wp-content\/uploads\/2023\/11\/200424_Liberty_03.jpg\" alt=\"200424_Liberty_03\" itemprop=\"image\" height=\"1000\" width=\"2000\" title=\"200424_Liberty_03\" onerror=\"this.style.display='none'\"  \/>\n<h3>\n\t\t<a href=\"https:\/\/www.oceaneering.com\/pt\/webinars\/generating-real-co2-savings-offshore-with-oceaneerings-liberty-e-rov\/\" title=\"Gera\u00e7\u00e3o de economia real de CO2 em alto-mar com o Sistema Residente Liberty\u2122 da Oceaneering\" target=\"_self\" rel=\"noopener\">\n\t\tGera\u00e7\u00e3o de economia real de CO2 em alto-mar com o Sistema Residente Liberty\u2122 da Oceaneering\n\t\t<\/a>\n\t<\/h3>\n\n\t\t<a href=\"https:\/\/www.oceaneering.com\/pt\/tradeshows\/generating-real-co2-savings-offshore-with-oceaneerings-liberty-e-rov\/\" title=\"3 de maio de 2021\" target=\"_self\" rel=\"noopener\">\n\t\t3 de maio de 2021\n\t\t<\/a>\n\t\n\t<p>Sob demanda<\/p>\n<p>O sistema residente de classe de trabalho aut\u00f4nomo e alimentado por bateria da Oceaneering Liberty\u2122\ufe0f\ufe0f fornece CO<sub>2<\/sub> em compara\u00e7\u00e3o com os ROVs convencionais. Saiba como o sistema Liberty e as opera\u00e7\u00f5es remotas podem melhorar o desempenho ambiental de suas opera\u00e7\u00f5es offshore.<\/p>\n<h1>\n\t\tEntre em contato conosco\n\t<\/h1>\n<h2>\n\t\tNossa equipe de especialistas est\u00e1 pronta para ajud\u00e1-lo a come\u00e7ar.\n\t<\/h2>\n\t<p>A Oceaneering oferece os melhores produtos e solu\u00e7\u00f5es da categoria, respaldados por qualidade, confiabilidade e suporte global inigual\u00e1veis. Preencha o formul\u00e1rio de consulta para iniciar uma conversa hoje mesmo.<\/p>","protected":false},"excerpt":{"rendered":"<p>Entre em contato conosco Projetando o futuro de baixo carbono Como fornecedor global de produtos e servi\u00e7os de engenharia, com um hist\u00f3rico de inova\u00e7\u00e3o e adapta\u00e7\u00e3o, temos o compromisso de participar da transi\u00e7\u00e3o energ\u00e9tica em andamento e trabalhar para reduzir as pegadas de carbono de nossas pr\u00f3prias opera\u00e7\u00f5es e das opera\u00e7\u00f5es de nossos clientes nos diversos setores que atendemos. ... <a title=\"Redu\u00e7\u00e3o das emiss\u00f5es de CO2\" class=\"read-more\" href=\"https:\/\/www.oceaneering.com\/pt\/sustainability\/co2\/\" aria-label=\"Leia mais sobre a redu\u00e7\u00e3o das emiss\u00f5es de CO2\">Leia mais<\/a><\/p>","protected":false},"author":13,"featured_media":0,"parent":60494,"menu_order":2,"comment_status":"closed","ping_status":"closed","template":"","meta":{"_acf_changed":false,"footnotes":"","_links_to":"","_links_to_target":""},"product_category":[1159,1859],"search_tags":[1836,1398],"class_list":["post-60529","page","type-page","status-publish","product_category-renewables","product_category-sustainability","search_tags-reducing-co2-emissions","search_tags-renewable-energy"],"acf":[],"aioseo_notices":[],"_links":{"self":[{"href":"https:\/\/www.oceaneering.com\/pt\/wp-json\/wp\/v2\/pages\/60529","targetHints":{"allow":["GET"]}}],"collection":[{"href":"https:\/\/www.oceaneering.com\/pt\/wp-json\/wp\/v2\/pages"}],"about":[{"href":"https:\/\/www.oceaneering.com\/pt\/wp-json\/wp\/v2\/types\/page"}],"author":[{"embeddable":true,"href":"https:\/\/www.oceaneering.com\/pt\/wp-json\/wp\/v2\/users\/13"}],"replies":[{"embeddable":true,"href":"https:\/\/www.oceaneering.com\/pt\/wp-json\/wp\/v2\/comments?post=60529"}],"version-history":[{"count":0,"href":"https:\/\/www.oceaneering.com\/pt\/wp-json\/wp\/v2\/pages\/60529\/revisions"}],"up":[{"embeddable":true,"href":"https:\/\/www.oceaneering.com\/pt\/wp-json\/wp\/v2\/pages\/60494"}],"wp:attachment":[{"href":"https:\/\/www.oceaneering.com\/pt\/wp-json\/wp\/v2\/media?parent=60529"}],"wp:term":[{"taxonomy":"product_category","embeddable":true,"href":"https:\/\/www.oceaneering.com\/pt\/wp-json\/wp\/v2\/product_category?post=60529"},{"taxonomy":"search_tags","embeddable":true,"href":"https:\/\/www.oceaneering.com\/pt\/wp-json\/wp\/v2\/search_tags?post=60529"}],"curies":[{"name":"wp","href":"https:\/\/api.w.org\/{rel}","templated":true}]}}