{"id":60505,"date":"2023-11-06T15:44:42","date_gmt":"2023-11-06T20:44:42","guid":{"rendered":"https:\/\/oceaneering.com\/flow-assurance\/"},"modified":"2026-01-28T06:47:06","modified_gmt":"2026-01-28T12:47:06","slug":"flow-assurance","status":"publish","type":"page","link":"https:\/\/www.oceaneering.com\/pt\/flow-assurance\/","title":{"rendered":"Garantia de fluxo"},"content":{"rendered":"<h1>Garantia de fluxo<\/h1>\r\n<p>Fornecendo solu\u00e7\u00f5es de engenharia comprovadas em campo para garantir a funcionalidade e a efici\u00eancia operacional de sua infraestrutura submarina.<\/p>\r\n<p>Temos mais experi\u00eancia em remediar bloqueios de linhas de fluxo submarinas do que qualquer outra empresa. Essa experi\u00eancia, combinada com nossas tecnologias inovadoras, permite que voc\u00ea restaure a produ\u00e7\u00e3o mais rapidamente. Operando em locais estrat\u00e9gicos em todo o mundo, atendemos \u00e0s suas necessidades e retornamos o fluxo \u00e0s taxas anteriores ou superiores da maneira mais econ\u00f4mica poss\u00edvel.<\/p>\r\n<h2>Solu\u00e7\u00e3o de remedia\u00e7\u00e3o de linhas de fluxo<\/h2>\r\n<p>Nossa solu\u00e7\u00e3o de remedia\u00e7\u00e3o de linha de fluxo (FRS) de implanta\u00e7\u00e3o \u00fanica remove bloqueios - hidratos, asfaltos e cera - para restaurar a produ\u00e7\u00e3o em linhas de fluxo de \u00e1guas profundas.<\/p>\r\n<p>O sistema implantado pelo MSV combate especificamente hidratos em linhas de fluxo cr\u00edticas de grande volume. O sistema baseado em mudmat no fundo do po\u00e7o inclui recursos de separa\u00e7\u00e3o submarina e apresenta uma desconex\u00e3o r\u00e1pida de emerg\u00eancia (EQD). Os transdutores de press\u00e3o do FRS mostram as press\u00f5es a montante, a jusante e de entrada do inibidor em tempo real. Os inibidores de hidratos pressurizados tamb\u00e9m podem ser encaminhados pela tubula\u00e7\u00e3o de produ\u00e7\u00e3o em qualquer dire\u00e7\u00e3o para inibir os fluidos da linha de fluxo.<\/p>\r\n<p><a href=\"https:\/\/oceaneering.canto.com\/download\/video\/dvasivjqa55nd3ic1uq1gids1a\/original\" target=\"_self\"> Assista ao v\u00eddeo <\/a> <img decoding=\"async\" title=\"ROV-SKID-HRSs\" src=\"https:\/\/oceaneering.com\/wp-content\/uploads\/2023\/11\/ROV-SKID-HRSs.png\" alt=\"ROV-SKID-HRSs\" \/><\/p>\r\n<h2>Skids de interven\u00e7\u00e3o<\/h2>\r\n<p>Nossos skids de interven\u00e7\u00e3o flex\u00edveis solucionam com efici\u00eancia bloqueios de pequeno volume em linhas de controle, linhas de produtos qu\u00edmicos, umbilicais, jumpers e sob as tampas das \u00e1rvores.<\/p>\r\n<p>Temos experi\u00eancia e metodologia inigual\u00e1veis no que diz respeito a encontrar solu\u00e7\u00f5es econ\u00f4micas para bloqueios, incluindo asfaltenos, hidratos, parafinas e lama. Os skids podem ser usados para aplica\u00e7\u00f5es durante toda a vida \u00fatil de um campo, incluindo desenvolvimento de po\u00e7os, start-up, opera\u00e7\u00f5es ativas, desativa\u00e7\u00e3o de po\u00e7os e P&amp;A. Garantimos a dosagem precisa e aumentamos o tempo de atividade em qualquer est\u00e1gio com v\u00e1rios sensores de fluxo e instrumenta\u00e7\u00e3o redundante.<\/p>\r\n<p><a href=\"https:\/\/oceaneering.canto.com\/download\/video\/1v00iu9rjh1117blpklpo80j0q\/original\" target=\"_self\"> Assista ao v\u00eddeo <\/a><\/p>\r\n<h2>Lan\u00e7adores e receptores de pigs submarinos<\/h2>\r\n<p>Nossas solu\u00e7\u00f5es de pigging s\u00e3o adequadas para aplica\u00e7\u00f5es que v\u00e3o desde a implanta\u00e7\u00e3o simples de um \u00fanico pig at\u00e9 o lan\u00e7amento e a recupera\u00e7\u00e3o complexos e inteligentes de pigs.<\/p>\r\n<p>Nossos lan\u00e7adores de pigs carreg\u00e1veis no subsolo e na superf\u00edcie podem ser operados remotamente ou por ROV e eliminam a necessidade de uma linha de fluxo de servi\u00e7o. Oferecemos mais flexibilidade por meio de configura\u00e7\u00f5es personaliz\u00e1veis que acomodam v\u00e1rios tipos e capacidades de pig. Nossa solu\u00e7\u00e3o para lan\u00e7amento de pigs submarinos operados remotamente foi premiada com o Hart's E&amp;P Special Meritorious Award for Engineering Innovation.<\/p>\r\n<p><a href=\"https:\/\/oceaneering.canto.com\/download\/document\/agdqd298h12032i4730qmefu11\/original.pdf\" target=\"_blank\" rel=\"noopener\"> Lan\u00e7adores de su\u00ednos submarinos <\/a> <img decoding=\"async\" title=\"Lan\u00e7ador de porcos2\" src=\"https:\/\/oceaneering.com\/wp-content\/uploads\/2023\/11\/Pig-Launcher2.png\" alt=\"Pig-Launcher2\" \/><\/p>\r\n<h1>Entre em contato conosco<\/h1>\r\n<h2>Nossa equipe de especialistas est\u00e1 pronta para ajud\u00e1-lo a come\u00e7ar.<\/h2>\r\n<p>A Oceaneering oferece os melhores produtos e solu\u00e7\u00f5es da categoria, respaldados por qualidade, confiabilidade e suporte global inigual\u00e1veis. Preencha o formul\u00e1rio de consulta para iniciar uma conversa hoje mesmo.<\/p>","protected":false},"excerpt":{"rendered":"<p>Garantia de fluxo Fornecendo solu\u00e7\u00f5es de engenharia comprovadas em campo para garantir a funcionalidade e a efici\u00eancia operacional de sua infraestrutura submarina. Temos mais experi\u00eancia em remediar bloqueios de linhas de fluxo submarinas do que qualquer outra empresa. Essa experi\u00eancia, combinada com nossas tecnologias inovadoras, permite que voc\u00ea restaure a produ\u00e7\u00e3o mais rapidamente. Operando em locais estrat\u00e9gicos em todo o mundo, atendemos \u00e0s suas necessidades e ... <a title=\"Garantia de fluxo\" class=\"read-more\" href=\"https:\/\/www.oceaneering.com\/pt\/flow-assurance\/\" aria-label=\"Leia mais sobre Garantia de Fluxo\">Leia mais<\/a><\/p>","protected":false},"author":7,"featured_media":0,"parent":0,"menu_order":11,"comment_status":"closed","ping_status":"closed","template":"","meta":{"_acf_changed":false,"footnotes":"","_links_to":"","_links_to_target":""},"product_category":[],"search_tags":[1822],"class_list":["post-60505","page","type-page","status-publish","search_tags-flow-assurance"],"acf":[],"aioseo_notices":[],"_links":{"self":[{"href":"https:\/\/www.oceaneering.com\/pt\/wp-json\/wp\/v2\/pages\/60505","targetHints":{"allow":["GET"]}}],"collection":[{"href":"https:\/\/www.oceaneering.com\/pt\/wp-json\/wp\/v2\/pages"}],"about":[{"href":"https:\/\/www.oceaneering.com\/pt\/wp-json\/wp\/v2\/types\/page"}],"author":[{"embeddable":true,"href":"https:\/\/www.oceaneering.com\/pt\/wp-json\/wp\/v2\/users\/7"}],"replies":[{"embeddable":true,"href":"https:\/\/www.oceaneering.com\/pt\/wp-json\/wp\/v2\/comments?post=60505"}],"version-history":[{"count":2,"href":"https:\/\/www.oceaneering.com\/pt\/wp-json\/wp\/v2\/pages\/60505\/revisions"}],"predecessor-version":[{"id":80883,"href":"https:\/\/www.oceaneering.com\/pt\/wp-json\/wp\/v2\/pages\/60505\/revisions\/80883"}],"wp:attachment":[{"href":"https:\/\/www.oceaneering.com\/pt\/wp-json\/wp\/v2\/media?parent=60505"}],"wp:term":[{"taxonomy":"product_category","embeddable":true,"href":"https:\/\/www.oceaneering.com\/pt\/wp-json\/wp\/v2\/product_category?post=60505"},{"taxonomy":"search_tags","embeddable":true,"href":"https:\/\/www.oceaneering.com\/pt\/wp-json\/wp\/v2\/search_tags?post=60505"}],"curies":[{"name":"wp","href":"https:\/\/api.w.org\/{rel}","templated":true}]}}