{"id":60503,"date":"2023-11-06T15:44:42","date_gmt":"2023-11-06T20:44:42","guid":{"rendered":"https:\/\/oceaneering.com\/well-intervention\/light-well-intervention\/"},"modified":"2024-09-11T04:32:06","modified_gmt":"2024-09-11T09:32:06","slug":"light-well-intervention","status":"publish","type":"page","link":"https:\/\/www.oceaneering.com\/pt\/well-intervention\/light-well-intervention\/","title":{"rendered":"Interven\u00e7\u00e3o em po\u00e7os leves"},"content":{"rendered":"<a href=\"https:\/\/www.oceaneering.com\/pt\/well-intervention\/#contact\" target=\"_self\" rel=\"noopener\">\n\t\t\t\t\t\t\tDiscutir um projeto\n\t\t\t\t\t<\/a>\n<h1>\n\t\tInterven\u00e7\u00e3o em po\u00e7os leves\n\t<\/h1>\n\t<p>Planeje melhor e atinja seus objetivos de fundo de po\u00e7o mais rapidamente com acesso confi\u00e1vel e eficiente a po\u00e7os de \u00e1guas profundas em funcionamento por meio de nossas solu\u00e7\u00f5es de interven\u00e7\u00e3o em po\u00e7os leves (LWI).<\/p>\n\t<p>O sistema de interven\u00e7\u00e3o sem riser intercambi\u00e1vel (IRIS) e o sistema de interven\u00e7\u00e3o sem riser Blue Ocean (BORIS) foram projetados para funcionar de forma confi\u00e1vel em profundidades de at\u00e9 3.000 m (10.000 p\u00e9s) e press\u00f5es de at\u00e9 10.000 psi.<\/p>\n\t\t\t<a href=\"https:\/\/oceaneering.canto.com\/download\/document\/n1kfghppg97flfsvd58llcr148\/original.pdf\" target=\"_blank\" rel=\"noopener\">\n\t\t\t\t\t\t\tSistema de Interven\u00e7\u00e3o Intercambi\u00e1vel sem Riser (IRIS) | Carta\n\t\t\t\t\t<\/a>\n\t\t\t<a href=\"https:\/\/oceaneering.canto.com\/download\/document\/v0h1ku62v510l7tanga6h4nj58\/original.pdf\" target=\"_blank\" rel=\"noopener\">\n\t\t\t\t\t\t\tBlue Ocean Riserless Intervention System (BORIS) | Carta\n\t\t\t\t\t<\/a>\n\t\t\t<img decoding=\"async\" src=\"https:\/\/oceaneering.com\/wp-content\/uploads\/2023\/11\/website-thumbnail-201949-scaled.jpg\" title=\"website-thumbnail-201949\" alt=\"\" \/>\t\t\t\t\t\t\t\n\t\t\t\t\tReproduzir v\u00eddeo\n<h2>\n\t\tCapacidades comprovadas de acesso a po\u00e7os\n\t<\/h2>\n\t<p>Temos um hist\u00f3rico de sucesso na utiliza\u00e7\u00e3o do sistema IRIS em uma variedade de cen\u00e1rios comuns e at\u00edpicos de fundo de po\u00e7o. O sistema \u00e9 integrado a um lubrificador de interven\u00e7\u00e3o submarina (SIL) personalizado e \u00e9 operado usando um umbilical de \u00e1guas profundas com capacidade de tra\u00e7\u00e3o de at\u00e9 20 toneladas.<\/p>\n<p>Nossos sistemas LWI totalmente integrados oferecem a mais ampla funcionalidade do setor, resultado de uma ampla experi\u00eancia de campo e an\u00e1lise p\u00f3s-implanta\u00e7\u00e3o. Conseguimos v\u00e1rias inova\u00e7\u00f5es do setor em LWI sem riser.<\/p>\n\t<ul>\n\t\t\t\t\t<li>\n\t\t\t\tA maior profundidade de \u00e1gua do mundo para interven\u00e7\u00e3o sem riser - 2.500 m (8.200 p\u00e9s) - com slickline e e-line\n\t\t\t<\/li>\n\t\t\t\t\t<li>\n\t\t\t\tO primeiro teste de fluxo ao vivo e sem riser do setor\n\t\t\t<\/li>\n\t\t\t\t\t<li>\n\t\t\t\tO primeiro uso de uma linha eletr\u00f4nica de 5\/16 pol.\n\t\t\t<\/li>\n\t\t\t<\/ul>\n<h2>\n\t\tSolucionando seus desafios submarinos\n\t<\/h2>\n\t<p>Nossos sistemas foram implementados para dar suporte a v\u00e1rias atividades de interven\u00e7\u00e3o.<\/p>\n\t\t\t\t<img decoding=\"async\" src=\"https:\/\/oceaneering.com\/wp-content\/uploads\/2023\/11\/Well-int-img-1.png\" alt=\"Well-int-img-1\" itemprop=\"image\" title=\"Bem-int-img-1\" onerror=\"this.style.display='none'\"  \/>\n\t<ul>\n\t\t\t\t\t<li>\n\t\t\t\tExecu\u00e7\u00e3o de slickline, e-line e linha de arame tran\u00e7ado\n\t\t\t<\/li>\n\t\t\t\t\t<li>\n\t\t\t\tFresagem, tra\u00e7ado e opera\u00e7\u00e3o do trator\n\t\t\t<\/li>\n\t\t\t\t\t<li>\n\t\t\t\tExecutar, ajustar e puxar tubos e \u00e1rvores\n\t\t\t<\/li>\n\t\t\t\t\t<li>\n\t\t\t\tAjuste e remo\u00e7\u00e3o de plugues\n\t\t\t<\/li>\n\t\t\t\t\t<li>\n\t\t\t\tBombeamento de tamp\u00f5es de cimento\n\t\t\t<\/li>\n\t\t\t<\/ul>\n\t\t\t\t<img decoding=\"async\" src=\"https:\/\/oceaneering.com\/wp-content\/uploads\/2023\/11\/Well-int-img-2.png\" alt=\"Well-int-img-2\" itemprop=\"image\" title=\"Bem-entendido-img-2\" onerror=\"this.style.display='none'\"  \/>\n\t<ul>\n\t\t\t\t\t<li>\n\t\t\t\tMangas deslizantes de acionamento\n\t\t\t<\/li>\n\t\t\t\t\t<li>\n\t\t\t\tPlugue e abandono\n\t\t\t<\/li>\n\t\t\t\t\t<li>\n\t\t\t\tRegistro de logs durante o fluxo\n\t\t\t<\/li>\n\t\t\t\t\t<li>\n\t\t\t\tPerfura\u00e7\u00e3o\n\t\t\t<\/li>\n\t\t\t\t\t<li>\n\t\t\t\tPesca e resgate\n\t\t\t<\/li>\n\t\t\t<\/ul>\n\t<p>O desenvolvimento de aplica\u00e7\u00f5es de tubos espiralados est\u00e1 em andamento para dar suporte aos seus objetivos de detec\u00e7\u00e3o de p\u00edlulas e tratamento \u00e1cido direcionado.<\/p>\n<h2>\n\t\tInterven\u00e7\u00e3o hidr\u00e1ulica e mec\u00e2nica\n\t<\/h2>\n\t<p>Nosso sistema hidr\u00e1ulico LWI permite que voc\u00ea atinja objetivos cr\u00edticos de estimula\u00e7\u00e3o de po\u00e7os, restaurando ou melhorando efetivamente a produ\u00e7\u00e3o de po\u00e7os submarinos. Usamos a atua\u00e7\u00e3o hidr\u00e1ulica para acessar po\u00e7os ativos e realizar a acidifica\u00e7\u00e3o prescrita ou outros programas de interven\u00e7\u00e3o leve.<\/p>\n<p>Durante a LWI mec\u00e2nica, os projetos propriet\u00e1rios de equipamentos e ferramentas permitem maior recupera\u00e7\u00e3o e, ao mesmo tempo, reduzem os custos em uma ampla gama de cen\u00e1rios submarinos. Usamos tratores de linha de arame, ferramentas de fresagem e de registro e an\u00e9is de medi\u00e7\u00e3o adequados \u00e0 finalidade para executar uma ampla gama de tarefas.<\/p>\n\t<ul>\n\t\t\t\t\t<li>\n\t\t\t\tDiagn\u00f3stico de infraestrutura e po\u00e7o submarino\n\t\t\t<\/li>\n\t\t\t\t\t<li>\n\t\t\t\tInterven\u00e7\u00e3o com luva deslizante\n\t\t\t<\/li>\n\t\t\t\t\t<li>\n\t\t\t\tRemedia\u00e7\u00e3o de po\u00e7os danificados\n\t\t\t<\/li>\n\t\t\t\t\t<li>\n\t\t\t\tEntupimento e abandono\n\t\t\t<\/li>\n\t\t\t\t\t<li>\n\t\t\t\tReformas\n\t\t\t<\/li>\n\t\t\t<\/ul>\n\t<p>Cada opera\u00e7\u00e3o hidr\u00e1ulica ou mec\u00e2nica de LWI \u00e9 planejada, implantada e supervisionada por nossos experientes engenheiros e t\u00e9cnicos submarinos, engenheiros de downhole wireline e gerentes de projeto. Nossas equipes fornecem supervis\u00e3o em tempo integral no local e se envolvem em estreita colabora\u00e7\u00e3o com o cliente, aderindo a rigorosos padr\u00f5es de QA\/QC.<\/p>\n\t\t\t\t\t\t\t\t\t<h3>Estudos de caso em destaque<\/h3>\n\t\t\t\t\t\t\t\t\t<p>Explore como nossos servi\u00e7os e tecnologias est\u00e3o resolvendo os desafios dos clientes em todo o mundo.<\/p>\n\t\t\t\t\t\t<a href=\"https:\/\/www.oceaneering.com\/pt\/resources\/?_content_types=case-study\" target=\"_self\" rel=\"noopener\">\n\t\t\t\t\t\t\t\tVer todos os estudos de caso\t\t\t\t\t\t\t\n\t\t\t\t\t\t\t\t\t\t\t\t\t<\/a>\n\t\t\t\t\t\t<button>\n\t\t\t\t\t\t\tAnterior\n\t\t\t\t\t\t<\/button>\n\t\t\t\t\t\t<button>\n\t\t\t\t\t\t\tPr\u00f3ximo\n\t\t\t\t\t\t<\/button>\n\t\t\t\t\t\t\t\t\t\t\t\t\t\t\t<a href=\"https:\/\/oceaneering.canto.com\/download\/document\/knggce17th1htabv00fe7qti19\/original.pdf\" target=\"_blank\" rel=\"noopener\">\n\t\t\t\t\t\t\t\t\t\t<img decoding=\"async\" src=\"https:\/\/oceaneering.com\/wp-content\/uploads\/2023\/12\/Back-Deck-Acheiver-2-1.jpg\" alt=\"\"\/>\n\t\t\t\t\t\t\t\t\t\t<h3>Oceaneering conclui registro de produ\u00e7\u00e3o de po\u00e7o vivo sem riser e teste de influxo<\/h3>\n\t\t\t\t\t\t\t\t\t\t<h3>Oceaneering conclui registro de produ\u00e7\u00e3o de po\u00e7o vivo sem riser e teste de influxo<\/h3>\n\t\t\t\t\t\t\t\t\t\t\n\t\t\t\t\t\t\t\t\t\t\t\tSaiba mais\n\t\t\t\t\t\t\t\t\t\t\t\t\t\t\t<\/a>\n\t\t\t\t\t\t\t\t\t\t\t\t\t\t\t<a href=\"https:\/\/oceaneering.canto.com\/download\/document\/pgh4jkto296l3avmv30ivvls4o\/original.pdf\" target=\"_blank\" rel=\"noopener\">\n\t\t\t\t\t\t\t\t\t\t<img decoding=\"async\" src=\"https:\/\/oceaneering.com\/wp-content\/uploads\/2023\/12\/Case-Study-Mechanical-TT-Well-Intervention.jpg\" alt=\"\"\/>\n\t\t\t\t\t\t\t\t\t\t<h3>Interven\u00e7\u00e3o em po\u00e7o leve sem riser revela a extens\u00e3o dos danos nos tubos de produ\u00e7\u00e3o<\/h3>\n\t\t\t\t\t\t\t\t\t\t<h3>Interven\u00e7\u00e3o em po\u00e7o leve sem riser revela a extens\u00e3o dos danos nos tubos de produ\u00e7\u00e3o<\/h3>\n\t\t\t\t\t\t\t\t\t\t<p>O sistema mec\u00e2nico identifica v\u00e1rios vazamentos de tubos passantes e permite uma corre\u00e7\u00e3o eficaz no po\u00e7o submarino.<\/p>\n\t\t\t\t\t\t\t\t\t\t\t\tSaiba mais\n\t\t\t\t\t\t\t\t\t\t\t\t\t\t\t<\/a>\n<h1>\n\t\tEntre em contato conosco\n\t<\/h1>\n<h2>\n\t\tNossa equipe de especialistas est\u00e1 pronta para ajud\u00e1-lo a come\u00e7ar.\n\t<\/h2>\n\t<p>A Oceaneering oferece os melhores produtos e solu\u00e7\u00f5es da categoria, respaldados por qualidade, confiabilidade e suporte global inigual\u00e1veis. Preencha o formul\u00e1rio de consulta para iniciar uma conversa hoje mesmo.<\/p>","protected":false},"excerpt":{"rendered":"<p>Discuta um Projeto de Interven\u00e7\u00e3o em Po\u00e7os Leves Planeje melhor e atinja seus objetivos de fundo de po\u00e7o mais rapidamente com acesso confi\u00e1vel e eficiente a po\u00e7os em \u00e1guas profundas e ativas por meio de nossas solu\u00e7\u00f5es de interven\u00e7\u00e3o em po\u00e7os leves (LWI). O sistema de interven\u00e7\u00e3o sem riser intercambi\u00e1vel (IRIS) e o sistema de interven\u00e7\u00e3o sem riser Blue Ocean (BORIS) foram projetados para funcionar de forma confi\u00e1vel em profundidades de at\u00e9 10.000 p\u00e9s (3.000 ... <a title=\"Interven\u00e7\u00e3o em po\u00e7os leves\" class=\"read-more\" href=\"https:\/\/www.oceaneering.com\/pt\/well-intervention\/light-well-intervention\/\" aria-label=\"Leia mais sobre Interven\u00e7\u00e3o em po\u00e7os de luz\">Leia mais<\/a><\/p>","protected":false},"author":7,"featured_media":0,"parent":60502,"menu_order":9,"comment_status":"closed","ping_status":"closed","template":"","meta":{"_acf_changed":false,"footnotes":"","_links_to":"","_links_to_target":""},"product_category":[1324,1133],"search_tags":[1451,1135],"class_list":["post-60503","page","type-page","status-publish","product_category-light-well-intervention","product_category-well-intervention","search_tags-light-well-intervention","search_tags-well-intervention"],"acf":[],"aioseo_notices":[],"_links":{"self":[{"href":"https:\/\/www.oceaneering.com\/pt\/wp-json\/wp\/v2\/pages\/60503","targetHints":{"allow":["GET"]}}],"collection":[{"href":"https:\/\/www.oceaneering.com\/pt\/wp-json\/wp\/v2\/pages"}],"about":[{"href":"https:\/\/www.oceaneering.com\/pt\/wp-json\/wp\/v2\/types\/page"}],"author":[{"embeddable":true,"href":"https:\/\/www.oceaneering.com\/pt\/wp-json\/wp\/v2\/users\/7"}],"replies":[{"embeddable":true,"href":"https:\/\/www.oceaneering.com\/pt\/wp-json\/wp\/v2\/comments?post=60503"}],"version-history":[{"count":0,"href":"https:\/\/www.oceaneering.com\/pt\/wp-json\/wp\/v2\/pages\/60503\/revisions"}],"up":[{"embeddable":true,"href":"https:\/\/www.oceaneering.com\/pt\/wp-json\/wp\/v2\/pages\/60502"}],"wp:attachment":[{"href":"https:\/\/www.oceaneering.com\/pt\/wp-json\/wp\/v2\/media?parent=60503"}],"wp:term":[{"taxonomy":"product_category","embeddable":true,"href":"https:\/\/www.oceaneering.com\/pt\/wp-json\/wp\/v2\/product_category?post=60503"},{"taxonomy":"search_tags","embeddable":true,"href":"https:\/\/www.oceaneering.com\/pt\/wp-json\/wp\/v2\/search_tags?post=60503"}],"curies":[{"name":"wp","href":"https:\/\/api.w.org\/{rel}","templated":true}]}}