{"id":60502,"date":"2023-11-06T15:44:42","date_gmt":"2023-11-06T20:44:42","guid":{"rendered":"https:\/\/oceaneering.com\/well-intervention\/"},"modified":"2025-11-27T02:05:16","modified_gmt":"2025-11-27T08:05:16","slug":"well-intervention","status":"publish","type":"page","link":"https:\/\/www.oceaneering.com\/pt\/well-intervention\/","title":{"rendered":"Interven\u00e7\u00e3o em po\u00e7os"},"content":{"rendered":"<a href=\"https:\/\/www.oceaneering.com\/pt\/well-intervention\/#contact\" target=\"_self\">\n\t\t\t\t\t\t\tDiscutir um projeto\n\t\t\t\t\t<\/a>\n<h1>\n\t\tInterven\u00e7\u00e3o em po\u00e7os \n\t<\/h1>\n\t<p>Obtenha o desempenho ideal do po\u00e7o com nossa experi\u00eancia e servi\u00e7os comprovados em campo.<\/p>\n<h2>\n\t\tSistemas de interven\u00e7\u00e3o em po\u00e7os l\u00edderes do setor com o respaldo da experi\u00eancia \n\t<\/h2>\n\t<p>A Oceaneering oferece uma abordagem completa para a interven\u00e7\u00e3o em po\u00e7os, ajudando os operadores a restaurar e aumentar a produ\u00e7\u00e3o, evitando os altos custos e o tempo de inatividade das opera\u00e7\u00f5es baseadas em plataformas. Com um hist\u00f3rico global e uma forte execu\u00e7\u00e3o baseada em embarca\u00e7\u00f5es, abordamos <a href=\"https:\/\/www.oceaneering.com\/pt\/flow-assurance\/\">garantia de fluxo<\/a> desafios, prolongar a vida \u00fatil do po\u00e7o e manter <a href=\"https:\/\/www.oceaneering.com\/pt\/asset-integrity\/integrity-management\/\">integridade dos ativos<\/a> por meio de uma combina\u00e7\u00e3o de <a href=\"https:\/\/www.oceaneering.com\/pt\/subsea-projects\/vessel-fleet\/\">navio<\/a>, sistemas de interven\u00e7\u00e3o,\u00a0<a href=\"https:\/\/www.oceaneering.com\/pt\/rov-services\/\">ROV<\/a>e <a href=\"https:\/\/www.oceaneering.com\/pt\/intervention-tooling\/\">recursos de ferramentas<\/a>.<\/p>\n<h2>\n\t\tD\u00e9cadas de experi\u00eancia, impacto mensur\u00e1vel, execu\u00e7\u00e3o perfeita de projetos\n\t<\/h2>\n\t<p>Simplificamos o gerenciamento de fornecedores e reduzimos a complexidade do projeto para as operadoras. Ao integrar <a href=\"https:\/\/www.oceaneering.com\/pt\/subsea-projects\/vessel-fleet\/\">embarca\u00e7\u00f5es<\/a>, <a href=\"https:\/\/www.oceaneering.com\/pt\/rov-services\/\">ROVs<\/a>Com a ajuda de equipes de engenharia, equipamentos e offshore, oferecemos um ponto \u00fanico de execu\u00e7\u00e3o. Essa abordagem de equipe \u00fanica garante resultados confi\u00e1veis e custos otimizados.<\/p>\n<h3>\n\t\tExperi\u00eancia\n\t<\/h3>\n\t<p>Mais de 20 anos de experi\u00eancia em interven\u00e7\u00e3o em po\u00e7os baseados em embarca\u00e7\u00f5es<\/p>\n<h3>\n\t\tImpacto\n\t<\/h3>\n\t<p>Mais de 15 milh\u00f5es de barris de produ\u00e7\u00e3o do cliente aumentados<\/p>\n<h3>\n\t\tEfici\u00eancia\n\t<\/h3>\n\t<p>Execu\u00e7\u00e3o m\u00e9dia do projeto em 4 a 5 dias no mar (estimula\u00e7\u00e3o hidr\u00e1ulica de po\u00e7o)<\/p>\n<h2>\n\t\tRedu\u00e7\u00e3o de riscos, aumento da produ\u00e7\u00e3o \n\t<\/h2>\n\t<p>We understand the challenges operators face-declining output, aging infrastructure, and the rising costs of traditional interventions. These issues disrupt production and profitability while pulling rigs away from drilling programs. That&#8217;s why we offer a cost-effective alternative, deploying vessel-based systems that help sustain and increase production while reducing expenditure.<\/p>\n\t\t\t\t<img loading=\"lazy\" decoding=\"async\" src=\"https:\/\/www.oceaneering.com\/wp-content\/uploads\/2023\/11\/Well-Stim-thin.jpg\" alt=\"Well Stimulation\" itemprop=\"image\" height=\"600\" width=\"2000\" title=\"Estimula\u00e7\u00e3o de po\u00e7os\" onerror=\"this.style.display='none'\"  \/>\n<h3>\n\t\tEstimula\u00e7\u00e3o hidr\u00e1ulica \n\t<\/h3>\n\t<p>Resolva o decl\u00ednio da produ\u00e7\u00e3o do po\u00e7o com o bull-heading, limpando os caminhos de fluxo para aumentar o desempenho do po\u00e7o. Garanta opera\u00e7\u00f5es mais seguras e eficientes com nossos sistemas aut\u00f4nomos de controle de po\u00e7os submarinos e interven\u00e7\u00f5es hidr\u00e1ulicas confi\u00e1veis baseadas em MSV.<\/p>\n\t\t\t<a href=\"https:\/\/www.oceaneering.com\/pt\/well-intervention\/well-stimulation\/\" target=\"_self\">\n\t\t\t\t\t\t\tLeia mais\n\t\t\t<\/a>\n\t\t\t\t<img loading=\"lazy\" decoding=\"async\" src=\"https:\/\/www.oceaneering.com\/wp-content\/uploads\/2024\/07\/19RW125-2000-1.jpg\" alt=\"19RW125-2000 1\" itemprop=\"image\" height=\"1231\" width=\"2000\" title=\"19RW125-2000 1\" onerror=\"this.style.display='none'\"  \/>\n<h3>\n\t\tInterven\u00e7\u00e3o mec\u00e2nica em po\u00e7os leves \n\t<\/h3>\n\t<p>Experimente o poder do controle de po\u00e7os em \u00e1guas profundas com o Light Well Intervention (LWI) sem riser, combinando nossos sistemas de controle de po\u00e7os e servi\u00e7os associados com ferramentas de precis\u00e3o de cabos para garantir a confiabilidade onde mais importa.<\/p>\n\t\t\t<a href=\"https:\/\/www.oceaneering.com\/pt\/well-intervention\/light-well-intervention\/\" target=\"_self\">\n\t\t\t\t\t\t\tLeia mais\n\t\t\t<\/a>\n\t\t\t\t<img loading=\"lazy\" decoding=\"async\" src=\"https:\/\/www.oceaneering.com\/wp-content\/uploads\/2023\/11\/Flowline-Remediation-ROV-right-700.jpg\" alt=\"Flowline-Remediation-ROV-right-700\" itemprop=\"image\" height=\"394\" width=\"700\" title=\"Linha de fluxo-Remedia\u00e7\u00e3o-ROV-direita-700\" onerror=\"this.style.display='none'\"  \/>\n<h3>\n\t\tRemedia\u00e7\u00e3o e garantia de fluxo \n\t<\/h3>\n\t<p>Enfrente os desafios das linhas de fluxo em \u00e1guas profundas com a nossa Flowline Remediation Solution (FRS). Elimine bloqueios, restaure o fluxo e maximize o desempenho usando downlines de tubos espiralados e sistemas de hidratos para recuperar a produ\u00e7\u00e3o perdida de forma eficiente com o m\u00ednimo de interrup\u00e7\u00e3o.<\/p>\n\t\t\t<a href=\"https:\/\/www.oceaneering.com\/pt\/flow-assurance\/\" target=\"_self\">\n\t\t\t\t\t\t\tLeia mais\n\t\t\t<\/a>\n\t\t\t\t<img loading=\"lazy\" decoding=\"async\" src=\"https:\/\/www.oceaneering.com\/wp-content\/uploads\/2023\/11\/Ocean-evolution-section-image.jpeg\" alt=\"Ocean Evolution Multi-Service Vessel (MSV)\" itemprop=\"image\" height=\"992\" width=\"2000\" title=\"Imagem da se\u00e7\u00e3o de evolu\u00e7\u00e3o do oceano\" onerror=\"this.style.display='none'\"  \/>\n<h3>\n\t\tEmbarca\u00e7\u00f5es integradas \n\t<\/h3>\n\t<p>Reduza os custos do projeto em at\u00e9 50% com nossas embarca\u00e7\u00f5es de multisservi\u00e7os (MSVs) com tripula\u00e7\u00e3o especializada, equipadas com ROVs, guindastes com compensa\u00e7\u00e3o de eleva\u00e7\u00e3o, bombeamento de alta pot\u00eancia e linhas de descida de tubos espiralados duplos em \u00e1guas abertas, garantindo uma mobiliza\u00e7\u00e3o eficiente e servi\u00e7os econ\u00f4micos.<\/p>\n\t\t\t<a href=\"https:\/\/www.oceaneering.com\/pt\/subsea-projects\/vessel-fleet\/\" target=\"_self\">\n\t\t\t\t\t\t\tLeia mais\n\t\t\t<\/a>\n<h2>\n\t\tPerguntas frequentes (FAQs)  \n\t<\/h2>\n\t\t\t\t\t\t<h5>O que \u00e9 uma boa interven\u00e7\u00e3o?<\/h5>\n\t\t\t<p>A interven\u00e7\u00e3o em po\u00e7os \u00e9 uma ampla gama de opera\u00e7\u00f5es realizadas em po\u00e7os de petr\u00f3leo e g\u00e1s existentes. Elas incluem a coleta e o registro de informa\u00e7\u00f5es sobre o po\u00e7o, a restaura\u00e7\u00e3o ou o aprimoramento da produ\u00e7\u00e3o por meio da investiga\u00e7\u00e3o de anomalias, a resolu\u00e7\u00e3o de bloqueios ou restri\u00e7\u00f5es, o reparo ou a substitui\u00e7\u00e3o de componentes e o acesso a novas zonas de po\u00e7os.<\/p>\n\t\t\t\t\t\t<h5>Quais s\u00e3o os benef\u00edcios da interven\u00e7\u00e3o em po\u00e7os sem riser?<\/h5>\n\t\t\t<p>As interven\u00e7\u00f5es sem riser eliminam a necessidade de opera\u00e7\u00f5es dispendiosas baseadas em plataformas, reduzindo o tempo de mobiliza\u00e7\u00e3o, os custos e o impacto ambiental por meio da diminui\u00e7\u00e3o da pegada de carbono, tudo isso mantendo a efici\u00eancia operacional.<\/p>\n\t\t\t\t\t\t<h5>How does Oceaneering&#8217;s intervention service improve well performance?<\/h5>\n\t\t\t<p>Usamos estimula\u00e7\u00e3o hidr\u00e1ulica, interven\u00e7\u00f5es mec\u00e2nicas e servi\u00e7os de remedia\u00e7\u00e3o para avaliar e reparar, aliviando assim os problemas e otimizando a produtividade do po\u00e7o.<\/p>\n\t\t\t\t\t\t<h5>Quais regi\u00f5es voc\u00eas atendem?<\/h5>\n\t\t\t<p>Fornecemos servi\u00e7os de interven\u00e7\u00e3o em po\u00e7os em todo o mundo, incluindo as Am\u00e9ricas, a \u00c1frica Ocidental, a \u00c1sia-Pac\u00edfico e a Europa.<\/p>\n\t\t\t\t\t\t<h5>Quais vasos s\u00e3o usados para interven\u00e7\u00e3o em po\u00e7os?<\/h5>\n\t\t\t<p>Operamos embarca\u00e7\u00f5es especializadas de m\u00faltiplos servi\u00e7os, tais como <a href=\"https:\/\/www.oceaneering.com\/pt\/subsea-projects\/vessel-fleet\/ocean-evolution\/\">Evolu\u00e7\u00e3o dos oceanos<\/a>, <a href=\"https:\/\/www.oceaneering.com\/pt\/products\/blue-sea-multi-service-vessel\/\">Mar Azul<\/a>e <a href=\"https:\/\/www.oceaneering.com\/pt\/products\/normand-superior\/\">Normand Superior<\/a> e outros <a href=\"https:\/\/www.oceaneering.com\/pt\/subsea-projects\/vessel-fleet\/\">embarca\u00e7\u00f5es<\/a> de oportunidade (mais recentemente o Skandi Inventor) para executar interven\u00e7\u00f5es com efici\u00eancia.<\/p>\n\t\t\t\t\t\t<h5>What makes Oceaneering&#8217;s services unique?<\/h5>\n\t\t\t<p>Nossa abordagem integrada, One Oceaneering, usa <a href=\"https:\/\/www.oceaneering.com\/pt\/rov-services\/\">ROVs<\/a>, <a href=\"https:\/\/www.oceaneering.com\/pt\/subsea-projects\/vessel-fleet\/\">embarca\u00e7\u00f5es<\/a>e pessoal especializado offshore para uma solu\u00e7\u00e3o unificada, liderada por um \u00fanico provedor de servi\u00e7os, que reduz a complexidade e os custos em compara\u00e7\u00e3o com alternativas de v\u00e1rios fornecedores.<\/p>\n<p>\u00a0<\/p>\n\t\t\t<a href=\"#contact\" target=\"_self\">\n\t\t\t\t\t\t\tTem mais perguntas? Entre em contato conosco.\n\t\t\t<\/a>\n\t\t\t\t\t\t\t\t\t<h3>Experi\u00eancia comprovada em interven\u00e7\u00e3o em po\u00e7os  <\/h3>\n\t\t\t\t\t\t\t\t\t<p>Explore how Oceaneering&#8217;s two decades of expertise drive success in hydraulic stimulation, mechanical intervention, and remediation campaigns worldwide.\u202f\u202f <\/p>\n\t\t\t\t\t\t<a href=\"https:\/\/www.oceaneering.com\/pt\/resources\/?_content_types=case-study\" target=\"_self\">\n\t\t\t\t\t\t\t\tVer todos os estudos de caso\t\t\t\t\t\t\t\n\t\t\t\t\t\t\t\t\t\t\t\t\t<\/a>\n\t\t\t\t\t\t<button>\n\t\t\t\t\t\t\tAnterior\n\t\t\t\t\t\t<\/button>\n\t\t\t\t\t\t<button>\n\t\t\t\t\t\t\tPr\u00f3ximo\n\t\t\t\t\t\t<\/button>\n\t\t\t\t\t\t\t<a href=\"https:\/\/www.oceaneering.com\/pt\/case-studies\/multi-well-acid-stimulation\/\">\n\t\t\t\t\t\t\t\t\t\t<img decoding=\"async\" src=\"https:\/\/www.oceaneering.com\/wp-content\/uploads\/2019\/01\/Case-Study-Multi-WellAcidStimulation-1-2.jpg\" alt=\"\"\/>\n\t\t\t\t\t\t\t\t\t\t<h3>Estimula\u00e7\u00e3o \u00e1cida de v\u00e1rios po\u00e7os<\/h3>\n\t\t\t\t\t\t\t\t\t\t<h3>Estimula\u00e7\u00e3o \u00e1cida de v\u00e1rios po\u00e7os<\/h3>\n\t\t\t\t\t\t\t\t\t\t\tSaiba mais\n\t\t\t\t\t\t\t<\/a>\n\t\t\t\t\t\t\t<a href=\"https:\/\/www.oceaneering.com\/pt\/case-studies\/oceaneering-completes-riserless-live-well-production-logging-and-inflow-testing\/\">\n\t\t\t\t\t\t\t\t\t\t<img decoding=\"async\" src=\"https:\/\/www.oceaneering.com\/wp-content\/uploads\/2018\/11\/Case-Study-Oceaneering-completes-riserless-live-well-production-logging-and-inflow-testing-1.jpg\" alt=\"\"\/>\n\t\t\t\t\t\t\t\t\t\t<h3>Oceaneering conclui registro de produ\u00e7\u00e3o de po\u00e7o vivo sem riser e teste de influxo<\/h3>\n\t\t\t\t\t\t\t\t\t\t<h3>Oceaneering conclui registro de produ\u00e7\u00e3o de po\u00e7o vivo sem riser e teste de influxo<\/h3>\n\t\t\t\t\t\t\t\t\t\t\tSaiba mais\n\t\t\t\t\t\t\t<\/a>\n\t\t\t\t\t\t\t<a href=\"https:\/\/www.oceaneering.com\/pt\/case-studies\/riserless-light-well-intervention-reveals-extent-of-production-tubing-damage\/\">\n\t\t\t\t\t\t\t\t\t\t<img decoding=\"async\" src=\"https:\/\/www.oceaneering.com\/wp-content\/uploads\/2018\/06\/Case-Study-Mechanical-TT-Well-Intervention.jpg\" alt=\"\"\/>\n\t\t\t\t\t\t\t\t\t\t<h3>Interven\u00e7\u00e3o em po\u00e7o leve sem riser revela a extens\u00e3o dos danos nos tubos de produ\u00e7\u00e3o<\/h3>\n\t\t\t\t\t\t\t\t\t\t<h3>Interven\u00e7\u00e3o em po\u00e7o leve sem riser revela a extens\u00e3o dos danos nos tubos de produ\u00e7\u00e3o<\/h3>\n\t\t\t\t\t\t\t\t\t\t\tSaiba mais\n\t\t\t\t\t\t\t<\/a>\n\t\t\t\t\t\t\t<a href=\"https:\/\/www.oceaneering.com\/pt\/case-studies\/single-well-acid-stimulation\/\">\n\t\t\t\t\t\t\t\t\t\t<img decoding=\"async\" src=\"https:\/\/www.oceaneering.com\/wp-content\/uploads\/2017\/06\/Case-Study-Single-Well-Acid-Stimulation-1-1.jpg\" alt=\"\"\/>\n\t\t\t\t\t\t\t\t\t\t<h3>Estimula\u00e7\u00e3o \u00e1cida de po\u00e7o \u00fanico<\/h3>\n\t\t\t\t\t\t\t\t\t\t<h3>Estimula\u00e7\u00e3o \u00e1cida de po\u00e7o \u00fanico<\/h3>\n\t\t\t\t\t\t\t\t\t\t\tSaiba mais\n\t\t\t\t\t\t\t<\/a>\n\t\t\t\t\t\t\t<a href=\"https:\/\/www.oceaneering.com\/pt\/case-studies\/oceaneering-completes-dual-well-hydraulic-intervention-in-gulf-of-mexico\/\">\n\t\t\t\t\t\t\t\t\t\t<img decoding=\"async\" src=\"https:\/\/www.oceaneering.com\/wp-content\/uploads\/2017\/06\/Case-Study-Dual-Well-Hydraulic-Intervention-1-3.jpg\" alt=\"\"\/>\n\t\t\t\t\t\t\t\t\t\t<h3>Oceaneering conclui interven\u00e7\u00e3o hidr\u00e1ulica em po\u00e7o duplo no Golfo do M\u00e9xico<\/h3>\n\t\t\t\t\t\t\t\t\t\t<h3>Oceaneering conclui interven\u00e7\u00e3o hidr\u00e1ulica em po\u00e7o duplo no Golfo do M\u00e9xico<\/h3>\n\t\t\t\t\t\t\t\t\t\t\tSaiba mais\n\t\t\t\t\t\t\t<\/a>\n\n\t\tEntre em contato conosco\n\t\n<h2>\n\t\tNossa equipe de especialistas est\u00e1 pronta para ajud\u00e1-lo a come\u00e7ar.\n\t<\/h2>\n\t<p>A Oceaneering oferece os melhores produtos e solu\u00e7\u00f5es da categoria, respaldados por qualidade, confiabilidade e suporte global inigual\u00e1veis. Preencha o formul\u00e1rio de consulta para iniciar uma conversa hoje mesmo.<\/p>","protected":false},"excerpt":{"rendered":"<p>Discuss a Project Well Intervention Unlock optimal well performance with our field-proven expertise and services. Industry-Leading Well Intervention Systems Backed by Expertise Oceaneering provides a complete approach to well intervention, helping operators restore and enhance production while avoiding the high costs and downtime of rig-based operations. With a global track record and strong vessel-based execution, &#8230; <a title=\"Interven\u00e7\u00e3o em po\u00e7os\" class=\"read-more\" href=\"https:\/\/www.oceaneering.com\/pt\/well-intervention\/\" aria-label=\"Leia mais sobre Interven\u00e7\u00e3o em po\u00e7os\">Leia mais<\/a><\/p>","protected":false},"author":7,"featured_media":0,"parent":0,"menu_order":8,"comment_status":"closed","ping_status":"closed","template":"","meta":{"_acf_changed":false,"footnotes":"","_links_to":"","_links_to_target":""},"product_category":[1133],"search_tags":[1135],"class_list":["post-60502","page","type-page","status-publish","product_category-well-intervention","search_tags-well-intervention"],"acf":[],"aioseo_notices":[],"_links":{"self":[{"href":"https:\/\/www.oceaneering.com\/pt\/wp-json\/wp\/v2\/pages\/60502","targetHints":{"allow":["GET"]}}],"collection":[{"href":"https:\/\/www.oceaneering.com\/pt\/wp-json\/wp\/v2\/pages"}],"about":[{"href":"https:\/\/www.oceaneering.com\/pt\/wp-json\/wp\/v2\/types\/page"}],"author":[{"embeddable":true,"href":"https:\/\/www.oceaneering.com\/pt\/wp-json\/wp\/v2\/users\/7"}],"replies":[{"embeddable":true,"href":"https:\/\/www.oceaneering.com\/pt\/wp-json\/wp\/v2\/comments?post=60502"}],"version-history":[{"count":2,"href":"https:\/\/www.oceaneering.com\/pt\/wp-json\/wp\/v2\/pages\/60502\/revisions"}],"predecessor-version":[{"id":80068,"href":"https:\/\/www.oceaneering.com\/pt\/wp-json\/wp\/v2\/pages\/60502\/revisions\/80068"}],"wp:attachment":[{"href":"https:\/\/www.oceaneering.com\/pt\/wp-json\/wp\/v2\/media?parent=60502"}],"wp:term":[{"taxonomy":"product_category","embeddable":true,"href":"https:\/\/www.oceaneering.com\/pt\/wp-json\/wp\/v2\/product_category?post=60502"},{"taxonomy":"search_tags","embeddable":true,"href":"https:\/\/www.oceaneering.com\/pt\/wp-json\/wp\/v2\/search_tags?post=60502"}],"curies":[{"name":"wp","href":"https:\/\/api.w.org\/{rel}","templated":true}]}}