{"id":60494,"date":"2023-11-06T14:00:26","date_gmt":"2023-11-06T19:00:26","guid":{"rendered":"https:\/\/oceaneering.com\/?page_id=60494"},"modified":"2024-09-11T05:09:23","modified_gmt":"2024-09-11T10:09:23","slug":"sustainability","status":"publish","type":"page","link":"https:\/\/www.oceaneering.com\/pt\/sustainability\/","title":{"rendered":"Sustentabilidade"},"content":{"rendered":"<a href=\"https:\/\/www.oceaneering.com\/pt\/sustainability\/#contact\" target=\"_self\" rel=\"noopener\">\n\t\t\t\t\t\t\tEntre em contato conosco\n\t\t\t\t\t<\/a>\n<h1>\n\t\tSustentabilidade\n\t<\/h1>\n\t<p>Na Oceaneering, acreditamos na gest\u00e3o de nossos neg\u00f3cios de forma a promover a seguran\u00e7a, a sa\u00fade, o meio ambiente e uma forte \u00e9tica, ao mesmo tempo em que apoiamos as comunidades nas quais vivemos e trabalhamos. Nossos valores essenciais est\u00e3o no centro de tudo o que fazemos.<\/p>\n<a href=\"https:\/\/www.oceaneering.com\/pt\/sustainability\/ethics-and-compliance\/#sasb\">Relat\u00f3rios do Sustainability Accounting Standards Board (SASB)<\/a><br \/>\n<a href=\"https:\/\/www.oceaneering.com\/pt\/sustainability\/ethics-and-compliance\/#sasb\">Relat\u00f3rios da For\u00e7a-Tarefa sobre Divulga\u00e7\u00f5es Financeiras Relacionadas ao Clima (TCFD)<\/a>\n\t\t\t\t<img decoding=\"async\" src=\"https:\/\/oceaneering.com\/wp-content\/uploads\/2023\/11\/oceaneering_vision_badge-300x300.png\" alt=\"oceaneering_vision_badge\" itemprop=\"image\" title=\"oceaneering_vision_badge\" onerror=\"this.style.display='none'\"  \/>\n\t<h2>Nossa miss\u00e3o: Resolvemos o insol\u00favel.<\/h2>\n<h2>\n\t\tSeguran\u00e7a\n\t<\/h2>\n\t<p>A seguran\u00e7a \u00e9 a base de todas as opera\u00e7\u00f5es da Oceaneering. Levamos a seguran\u00e7a de nossos funcion\u00e1rios, contratados e comunidades a s\u00e9rio e ela continua sendo nossa maior prioridade.<\/p>\n\t\t\t<a href=\"https:\/\/www.oceaneering.com\/pt\/sustainability\/health-safety-and-quality-hse\/\" target=\"_self\" rel=\"noopener\">\n\t\t\t\t\t\t\tSaiba mais\n\t\t\t<\/a>\n\t\t\t\t<img decoding=\"async\" src=\"https:\/\/oceaneering.com\/wp-content\/uploads\/2023\/11\/Safety-moment-homepage-slider2.jpeg\" alt=\"Safety-moment-homepage-slider2\" itemprop=\"image\" title=\"Controle deslizante da p\u00e1gina inicial do momento de seguran\u00e7a2\" onerror=\"this.style.display='none'\"  \/>\n\t\t\t\t<img decoding=\"async\" src=\"https:\/\/oceaneering.com\/wp-content\/uploads\/2023\/11\/The-Heart-of-the-operation.jpeg\" alt=\"The-Heart-of-the-operation\" itemprop=\"image\" title=\"O cora\u00e7\u00e3o da opera\u00e7\u00e3o\" onerror=\"this.style.display='none'\"  \/>\n<h2>\n\t\tAmbiental\n\t<\/h2>\n\t<p>Como prestadora de servi\u00e7os para o setor global de energia, estamos comprometidos com a engenharia de tecnologias avan\u00e7adas que possibilitam o futuro de baixo carbono.<\/p>\n\t\t\t<a href=\"https:\/\/www.oceaneering.com\/pt\/sustainability\/environmental-sustainability\/\" target=\"_self\" rel=\"noopener\">\n\t\t\t\t\t\t\tSaiba mais\n\t\t\t<\/a>\n<h2>\n\t\tRedu\u00e7\u00e3o das emiss\u00f5es de CO2\n\t<\/h2>\n\t<p>Saiba como estamos desenvolvendo tecnologias para uso em terra, debaixo d'\u00e1gua e no espa\u00e7o que ajudam a garantir a seguran\u00e7a dos trabalhadores e a reduzir os impactos ambientais.<\/p>\n\t\t\t<a href=\"https:\/\/www.oceaneering.com\/pt\/sustainability\/co2\/\" target=\"_self\" rel=\"noopener\">\n\t\t\t\t\t\t\tSaiba mais\n\t\t\t<\/a>\n\t\t\t\t<img decoding=\"async\" src=\"https:\/\/oceaneering.com\/wp-content\/uploads\/2023\/11\/Green-leaf2-1.jpeg\" alt=\"Green-leaf2-1\" itemprop=\"image\" title=\"Folha verde2-1\" onerror=\"this.style.display='none'\"  \/>\n\t\t\t\t<img decoding=\"async\" src=\"https:\/\/oceaneering.com\/wp-content\/uploads\/2023\/11\/IMG_1634-scaled.jpeg\" alt=\"IMG_1634\" itemprop=\"image\" title=\"IMG_1634\" onerror=\"this.style.display='none'\"  \/>\n<h2>\n\t\tGovernan\u00e7a\n\t<\/h2>\n\t<p>Constru\u00edmos nossa reputa\u00e7\u00e3o como uma organiza\u00e7\u00e3o que exige pr\u00e1ticas comerciais \u00e9ticas e altos n\u00edveis de integridade em todas as nossas transa\u00e7\u00f5es comerciais. Isso est\u00e1 estabelecido em nosso <a href=\"https:\/\/s201.q4cdn.com\/108344635\/files\/doc_downloads\/govdocs\/2023\/10\/Code_of_Conduct_English.pdf\" target=\"_blank\" rel=\"noopener\">C\u00f3digo de Conduta<\/a>\u00a0e pol\u00edticas e procedimentos relacionados, que orientam nossos funcion\u00e1rios e associados comerciais diariamente. Facilitamos a <a href=\"https:\/\/secure.ethicspoint.com\/domain\/media\/en\/gui\/41815\/index.html\" target=\"_blank\" rel=\"noopener\">Relatar reclama\u00e7\u00f5es ou preocupa\u00e7\u00f5es<\/a> de forma confidencial e an\u00f4nima.<\/p>\n\t\t\t<a href=\"https:\/\/investors.oceaneering.com\/governance\/governance-documents\/default.aspx\" target=\"_blank\" rel=\"noopener\">\n\t\t\t\t\t\t\tSaiba mais\n\t\t\t<\/a>\n<h2>\n\t\tImpacto social\n\t<\/h2>\n\t<p>A Oceaneering tem o compromisso de construir uma for\u00e7a de trabalho forte e diversificada para nos permitir projetar tecnologias e servi\u00e7os avan\u00e7ados para todos os setores que atendemos.<\/p>\n\t\t\t<a href=\"https:\/\/www.oceaneering.com\/pt\/sustainability\/social-impact\/\" target=\"_self\" rel=\"noopener\">\n\t\t\t\t\t\t\tSaiba mais\n\t\t\t<\/a>\n\t\t\t\t<img decoding=\"async\" src=\"https:\/\/oceaneering.com\/wp-content\/uploads\/2023\/11\/19CR0362.jpeg\" alt=\"Bikes in a circle\" itemprop=\"image\" title=\"Bicicletas em um c\u00edrculo\" onerror=\"this.style.display='none'\"  \/>\n\t\t\t\t<img decoding=\"async\" src=\"https:\/\/oceaneering.com\/wp-content\/uploads\/2023\/11\/09CW337-scaled.jpeg\" alt=\"Oceaneering operations in Morgan Citymorgan city, oceaneering, oil and gas\" itemprop=\"image\" title=\"Opera\u00e7\u00f5es da Oceaneering em Morgan Citymorgan city, oceaneering, petr\u00f3leo e g\u00e1s\" onerror=\"this.style.display='none'\"  \/>\n<h2>\n\t\tEthics &#038; Compliance\n\t<\/h2>\n\t<p>Estamos comprometidos com pr\u00e1ticas comerciais respons\u00e1veis em nossa organiza\u00e7\u00e3o e em nossa cadeia de suprimentos em todo o mundo. N\u00f3s nos esfor\u00e7amos para melhorar regularmente nas \u00e1reas de direitos humanos, padr\u00f5es trabalhistas e meio ambiente e para trabalhar contra qualquer forma de corrup\u00e7\u00e3o.<\/p>\n\t\t\t<a href=\"https:\/\/www.oceaneering.com\/pt\/sustainability\/ethics-and-compliance\/\" target=\"_self\" rel=\"noopener\">\n\t\t\t\t\t\t\tSaiba mais\n\t\t\t<\/a>\n<h1>\n\t\tEntre em contato conosco\n\t<\/h1>\n<h2>\n\t\tNossa equipe de especialistas est\u00e1 pronta para ajud\u00e1-lo a come\u00e7ar.\n\t<\/h2>\n\t<p>A Oceaneering oferece os melhores produtos e solu\u00e7\u00f5es da categoria, respaldados por qualidade, confiabilidade e suporte global inigual\u00e1veis. Preencha o formul\u00e1rio de consulta para iniciar uma conversa hoje mesmo.<\/p>","protected":false},"excerpt":{"rendered":"<p>Entre em contato conosco Sustentabilidade Na Oceaneering, acreditamos na gest\u00e3o de nossos neg\u00f3cios de forma a promover a seguran\u00e7a, a sa\u00fade, o meio ambiente e uma forte \u00e9tica, ao mesmo tempo em que apoiamos as comunidades nas quais vivemos e trabalhamos. Nossos valores essenciais est\u00e3o no centro de tudo o que fazemos. O Conselho de Normas Cont\u00e1beis de Sustentabilidade (SASB) informa a for\u00e7a-tarefa sobre finan\u00e7as relacionadas ao clima ... <a title=\"Sustentabilidade\" class=\"read-more\" href=\"https:\/\/www.oceaneering.com\/pt\/sustainability\/\" aria-label=\"Leia mais sobre Sustentabilidade\">Leia mais<\/a><\/p>","protected":false},"author":13,"featured_media":0,"parent":0,"menu_order":2,"comment_status":"closed","ping_status":"closed","template":"","meta":{"_acf_changed":false,"footnotes":"","_links_to":"","_links_to_target":""},"product_category":[1859],"search_tags":[1842],"class_list":["post-60494","page","type-page","status-publish","product_category-sustainability","search_tags-sustainability"],"acf":[],"aioseo_notices":[],"_links":{"self":[{"href":"https:\/\/www.oceaneering.com\/pt\/wp-json\/wp\/v2\/pages\/60494","targetHints":{"allow":["GET"]}}],"collection":[{"href":"https:\/\/www.oceaneering.com\/pt\/wp-json\/wp\/v2\/pages"}],"about":[{"href":"https:\/\/www.oceaneering.com\/pt\/wp-json\/wp\/v2\/types\/page"}],"author":[{"embeddable":true,"href":"https:\/\/www.oceaneering.com\/pt\/wp-json\/wp\/v2\/users\/13"}],"replies":[{"embeddable":true,"href":"https:\/\/www.oceaneering.com\/pt\/wp-json\/wp\/v2\/comments?post=60494"}],"version-history":[{"count":0,"href":"https:\/\/www.oceaneering.com\/pt\/wp-json\/wp\/v2\/pages\/60494\/revisions"}],"wp:attachment":[{"href":"https:\/\/www.oceaneering.com\/pt\/wp-json\/wp\/v2\/media?parent=60494"}],"wp:term":[{"taxonomy":"product_category","embeddable":true,"href":"https:\/\/www.oceaneering.com\/pt\/wp-json\/wp\/v2\/product_category?post=60494"},{"taxonomy":"search_tags","embeddable":true,"href":"https:\/\/www.oceaneering.com\/pt\/wp-json\/wp\/v2\/search_tags?post=60494"}],"curies":[{"name":"wp","href":"https:\/\/api.w.org\/{rel}","templated":true}]}}