{"id":60058,"date":"2023-10-26T15:42:42","date_gmt":"2023-10-26T19:42:42","guid":{"rendered":"https:\/\/oceaneering.com\/?page_id=60058"},"modified":"2024-03-19T06:55:07","modified_gmt":"2024-03-19T11:55:07","slug":"survey-and-positioning","status":"publish","type":"page","link":"https:\/\/www.oceaneering.com\/pt\/survey-and-mapping\/survey-and-positioning\/","title":{"rendered":"Levantamento e posicionamento"},"content":{"rendered":"<a href=\"https:\/\/www.oceaneering.com\/pt\/survey-and-mapping\/#contact\" target=\"_self\" rel=\"noopener\">\n\t\t\t\t\t\t\tDiscutir um projeto\n\t\t\t\t\t<\/a>\n<h1>\n\t\tLevantamento e posicionamento\n\t<\/h1>\n<h2>\n\t\tMelhoramos a efici\u00eancia em todo o processo de constru\u00e7\u00e3o mar\u00edtima, fornecendo servi\u00e7os de posicionamento precisos e exatos para plataformas de perfura\u00e7\u00e3o, barca\u00e7as de assentamento de dutos e de torres de perfura\u00e7\u00e3o e embarca\u00e7\u00f5es de constru\u00e7\u00e3o multiuso posicionadas dinamicamente (DP).\n\t<\/h2>\n<h2>\n\t\tConstru\u00e7\u00e3o naval\n\t<\/h2>\n\t<p>Nossas solu\u00e7\u00f5es integradas de posicionamento de superf\u00edcie combinam os receptores do sistema global de navega\u00e7\u00e3o por sat\u00e9lite (DGNSS) diferencial C-Nav3050\u00ae da Oceaneering\u00ae, girosc\u00f3pios e sistemas de navega\u00e7\u00e3o inercial com m\u00f3dulos de software de navega\u00e7\u00e3o de \u00faltima gera\u00e7\u00e3o.<\/p>\n<p>Oferecemos solu\u00e7\u00f5es submarinas integradas, incluindo posicionamento de linha de base ultracurta (USBL) e de linha de base longa (LBL), girosc\u00f3pios submarinos, registros de velocidade Doppler e uma variedade de sistemas de sonar para posicionar e orientar ativos submarinos, como cabe\u00e7as de po\u00e7o, \u00e1rvores, termina\u00e7\u00f5es de extremidade de tubula\u00e7\u00e3o (PLETs), coletores de extremidade de tubula\u00e7\u00e3o (PLEMs), umbilicais, modelos de po\u00e7o no fundo do mar, linhas de fluxo, tubula\u00e7\u00f5es e estacas de suc\u00e7\u00e3o.<\/p>\n\t\t\t<a href=\"https:\/\/oceaneering.com\/wp-content\/uploads\/2023\/11\/SS-Marine-Construction-Surveys.pdf\" target=\"_blank\" rel=\"noopener\">\n\t\t\t\t\t\t\tPesquisas de constru\u00e7\u00e3o mar\u00edtima\n\t\t\t\t\t<\/a>\n<h2>\n\t\tPesquisas de descomissionamento e abandono\n\t<\/h2>\n\t<p>Usando nosso pr\u00f3prio banco de dados de sistema de informa\u00e7\u00f5es geogr\u00e1ficas (GIS), determinamos se existe alguma evid\u00eancia de tubula\u00e7\u00f5es, perigos ou outra infraestrutura submarina, ajudando-o a reduzir os riscos durante o processo. Se necess\u00e1rio, levantamentos geof\u00edsicos detalhados mapeiam ou excluem a exist\u00eancia de tais perigos e identificam os locais de ancoragem apropriados.<\/p>\n<p>Tamb\u00e9m oferecemos servi\u00e7os de posicionamento para ancorar embarca\u00e7\u00f5es durante opera\u00e7\u00f5es de salvamento. Nosso suporte \u00e0 navega\u00e7\u00e3o de superf\u00edcie continua para toda a frota de descomissionamento durante a remo\u00e7\u00e3o e as opera\u00e7\u00f5es subsequentes de abandono e reefing.<\/p>\n<p>Ao cortar e levantar jaquetas do leito marinho, usamos a tecnologia de sonar de varredura para fornecer servi\u00e7os de posicionamento a barca\u00e7as pesadas ao longo das rotas de reboque para evitar a infraestrutura e os riscos existentes. Ap\u00f3s a conclus\u00e3o das opera\u00e7\u00f5es de descomissionamento, fornecemos pesquisas e suporte, incluindo pesquisas de libera\u00e7\u00e3o de barcos de arrasto, pesquisas de sonar de varredura de 360\u00ba, posicionamento de mergulhadores e posicionamento de ve\u00edculos operados remotamente (ROV).<\/p>\n<h2>\n\t\tSuporte \u00e0 pesquisa de mergulhadores\n\t<\/h2>\n\t<p>Para dar suporte aos mergulhadores e reduzir o tempo no fundo do mar durante o levantamento, usamos o posicionamento ac\u00fastico e a tecnologia de sonar de varredura de 360\u00ba para fornecer uma vis\u00e3o de alta resolu\u00e7\u00e3o de 360\u00ba ou de setor do ambiente submarino. Nosso sistema tamb\u00e9m \u00e9 usado para localizar, investigar e confirmar riscos ou obst\u00e1culos existentes, ao mesmo tempo em que fornece uma apresenta\u00e7\u00e3o din\u00e2mica na tela do mergulhador e dos alvos de interesse.<\/p>\n<p>Tamb\u00e9m oferecemos posicionamento ac\u00fastico e outros servi\u00e7os de suporte, incluindo suporte para pesquisas de profundidade de enterramento de dutos, al\u00e9m da determina\u00e7\u00e3o de localiza\u00e7\u00f5es de dutos usando magnet\u00f4metros e sondas, pesquisas de detritos e instala\u00e7\u00f5es de spool pieces ou jumpers.<\/p>\n<h2>\n\t\tSuporte GIS\n\t<\/h2>\n<h3>\n\t\tUsamos nosso banco de dados GIS para investigar cen\u00e1rios de rotas e isolar perigos reconhecidos publicamente.\n\t<\/h3>\n\t<p>O banco de dados inclui dados dispon\u00edveis publicamente, pesquisados e assimilados por profissionais da Oceaneering. Al\u00e9m disso, podemos obter mais informa\u00e7\u00f5es extraindo dados de pesquisas propriet\u00e1rias.<\/p>\n\t<ul>\n\t\t\t\t\t<li>\n\t\t\t\tLocaliza\u00e7\u00f5es de dutos do Bureau of Ocean Energy Management (BOEM) e do Bureau of Safety and Environmental Enforcement (BSEE)\n\t\t\t<\/li>\n\t\t\t\t\t<li>\n\t\t\t\tTempestades tropicais (hist\u00f3rico e tempo real)\n\t\t\t<\/li>\n\t\t\t\t\t<li>\n\t\t\t\tPo\u00e7os, plataformas, recifes artificiais e arrendamentos\n\t\t\t<\/li>\n\t\t\t\t\t<li>\n\t\t\t\tLitorais\n\t\t\t<\/li>\n\t\t\t\t\t<li>\n\t\t\t\tDados culturais\n\t\t\t<\/li>\n\t\t\t\t\t<li>\n\t\t\t\tArmas n\u00e3o detonadas e \u00e1reas de minas navais\n\t\t\t<\/li>\n\t\t\t\t\t<li>\n\t\t\t\tFronteiras administrativas e internacionais\n\t\t\t<\/li>\n\t\t\t\t\t<li>\n\t\t\t\tTend\u00eancias de topo designadas e \u00e1reas de estipula\u00e7\u00e3o de fundo vivo\n\t\t\t<\/li>\n\t\t\t\t\t<li>\n\t\t\t\tFairways e ancoradouros\n\t\t\t<\/li>\n\t\t\t\t\t<li>\n\t\t\t\t\u00c1reas de gerenciamento de pesca marinha e vida selvagem\n\t\t\t<\/li>\n\t\t\t\t\t<li>\n\t\t\t\t\u00c1reas de alerta militar\n\t\t\t<\/li>\n\t\t\t\t\t<li>\n\t\t\t\t\u00c1reas de recursos de sedimentos da plataforma continental externa (OCS)\n\t\t\t<\/li>\n\t\t\t\t\t<li>\n\t\t\t\tLocais de despejo\n\t\t\t<\/li>\n\t\t\t\t\t<li>\n\t\t\t\tBancos r\u00edgidos designados\n\t\t\t<\/li>\n\t\t\t\t\t<li>\n\t\t\t\t\u00c1reas de recursos arqueol\u00f3gicos\n\t\t\t<\/li>\n\t\t\t<\/ul>\n<h2>\n\t\tSuporte \u00e0 pesquisa de constru\u00e7\u00e3o de dutos\n\t<\/h2>\n\t<p>Damos suporte a todo o processo de assentamento de dutos, desde o desenvolvimento de uma rota adequada at\u00e9 o posicionamento de embarca\u00e7\u00f5es de superf\u00edcie, o monitoramento do ponto de aterrissagem do duto, a execu\u00e7\u00e3o de pesquisas p\u00f3s-assentamento e a elabora\u00e7\u00e3o de relat\u00f3rios. Antes da constru\u00e7\u00e3o do oleoduto, usamos nosso banco de dados GIS para avaliar a rota proposta quanto \u00e0s dimens\u00f5es do layout, \u00e0 configura\u00e7\u00e3o do alinhamento e \u00e0 identifica\u00e7\u00e3o de riscos. Al\u00e9m de posicionar as barca\u00e7as de lan\u00e7amento de dutos, tamb\u00e9m fornecemos o posicionamento de ve\u00edculos operados remotamente (ROVs) para o monitoramento do ponto de aterrissagem do duto e a inspe\u00e7\u00e3o pr\u00e9-rota.<\/p>\n<p>Al\u00e9m disso, fornecemos posicionamento USBL e LBL, posicionamento para pesquisas as-built, pesquisas de profundidade de enterro, coloca\u00e7\u00e3o de tapete e qualquer atividade de tubula\u00e7\u00e3o que exija posicionamento de superf\u00edcie ou submarino.<\/p>\n<h2>\n\t\tPesquisa operada remotamente\n\t<\/h2>\n\t<p>Oferecemos um servi\u00e7o integrado de ROV e pesquisa para suporte de perfura\u00e7\u00e3o offshore, que elimina a necessidade de pessoal de pesquisa a bordo de uma embarca\u00e7\u00e3o durante a movimenta\u00e7\u00e3o da plataforma. Nossa solu\u00e7\u00e3o integrada de levantamento operado remotamente (ROS) permite que os movimentos da sonda sejam realizados por inspetores qualificados em qualquer escrit\u00f3rio de servi\u00e7o de levantamento da Oceaneering com opera\u00e7\u00f5es 24 horas por dia, 7 dias por semana. Com esse servi\u00e7o, voc\u00ea recebe uma placa de localiza\u00e7\u00e3o final certificada com base nos dados gerados remotamente.<\/p>\n\t\t\t<a href=\"https:\/\/oceaneering.canto.com\/download\/document\/ubbqme3jk95jh8jrb71gt1pb63\/original.pdf\" target=\"_blank\" rel=\"noopener\">\n\t\t\t\t\t\t\tPesquisa operada remotamente\n\t\t\t\t\t<\/a>\n<h2>\n\t\tPosicionamento da plataforma\n\t<\/h2>\n\t<p>Temos d\u00e9cadas de experi\u00eancia no posicionamento de jackups, plataformas de ancoragem, plataformas de posicionamento din\u00e2mico (DP), submers\u00edveis e semissubmers\u00edveis. Tamb\u00e9m fornecemos planejamento de rotas e suporte \u00e0 navega\u00e7\u00e3o para reposicionar unidades m\u00f3veis de perfura\u00e7\u00e3o offshore (MODUs). Usando dados propriet\u00e1rios do nosso banco de dados GIS, nossa equipe estabelece a rota mais segura e adequada para o novo local da plataforma. Fornecemos navega\u00e7\u00e3o de campo ao longo da rota tanto para a plataforma quanto para as embarca\u00e7\u00f5es de reboque.<\/p>\n<p>Para projetos complexos ou que envolvam o posicionamento de v\u00e1rias embarca\u00e7\u00f5es, usamos nosso pacote de navega\u00e7\u00e3o gr\u00e1fica comprovado em campo, que incorpora unidades de sistema de posicionamento global diferencial (DGPS), b\u00fassolas girosc\u00f3picas e uma rede de links de comunica\u00e7\u00e3o por r\u00e1dio estacionados na plataforma e em cada embarca\u00e7\u00e3o de manuseio.<\/p>\n<p>Cada localiza\u00e7\u00e3o finalizada do po\u00e7o \u00e9 verificada e os resultados s\u00e3o apresentados em um relat\u00f3rio de pesquisa formal que inclui as metodologias usadas, as medi\u00e7\u00f5es adquiridas, as observa\u00e7\u00f5es calculadas menos as observadas, as conclus\u00f5es finais, uma representa\u00e7\u00e3o gr\u00e1fica dos resultados, uma planta certificada do po\u00e7o e um layout final da localiza\u00e7\u00e3o da \u00e2ncora.<\/p>\n<h2>\n\t\tPosicionamento do ROV\n\t<\/h2>\n\t<p>Para posicionar com precis\u00e3o os ROVs submarinos, usamos uma combina\u00e7\u00e3o de posicionamento USBL e LBL. Nosso sistema USBL econ\u00f4mico \u00e9 usado com mais frequ\u00eancia no rastreamento de ROVs, AUVs e rebocadores. Nosso sistema LBL usa cinco ou mais transponders implantados no fundo do mar ou em uma estrutura submarina para medir com precis\u00e3o as dist\u00e2ncias relativas, formando efetivamente uma rede de navega\u00e7\u00e3o submarina. O posicionamento LBL oferece a mais alta precis\u00e3o e repetibilidade submarina dispon\u00edvel e pode ser configurado para dar suporte a todos os tipos de projetos de constru\u00e7\u00e3o em \u00e1guas profundas. As opera\u00e7\u00f5es t\u00edpicas do LBL podem envolver o posicionamento de v\u00e1rios ROVs trabalhando em estreita proximidade.<\/p>\n<p>Fornecemos servi\u00e7os de posicionamento submarino de ROVs para opera\u00e7\u00f5es de inspe\u00e7\u00e3o, manuten\u00e7\u00e3o e reparo (IMR) que envolvem mudan\u00e7as de estrangulamento, substitui\u00e7\u00f5es de c\u00e1psulas de energia e reparos de cabos voadores. Fornecemos rotineiramente uma variedade de servi\u00e7os de posicionamento de ROVs, incluindo o monitoramento de encostamento de dutos e umbilicais, inspe\u00e7\u00f5es arqueol\u00f3gicas de naufr\u00e1gios, aquisi\u00e7\u00e3o de testemunhos, pesquisas de profundidade de enterramento de dutos e inspe\u00e7\u00f5es detalhadas de rotas de dutos antes da coloca\u00e7\u00e3o.<\/p>\n<h2>\n\t\tMetrologia de jumpers e carret\u00e9is\n\t<\/h2>\n\t<p>Temos experi\u00eancia na execu\u00e7\u00e3o de metrologia submarina. Usamos t\u00e9cnicas especializadas de metrologia ac\u00fastica, inercial e fotogram\u00e9trica para medir com precis\u00e3o dist\u00e2ncias, eleva\u00e7\u00f5es e orienta\u00e7\u00f5es entre os hubs de conex\u00e3o. \u00c0 medida que as pe\u00e7as do carretel ou os jumpers s\u00e3o fabricados, nossos engenheiros de pesquisa garantem a ader\u00eancia precisa a todas as medi\u00e7\u00f5es. Durante o processo de montagem submarina desses componentes, fornecemos servi\u00e7os abrangentes de posicionamento para barca\u00e7as, mergulhadores e ROVs.<\/p>\n<h2>\n\t\tMetrologia operada remotamente\n\t<\/h2>\n\t<p>Temos d\u00e9cadas de experi\u00eancia em navega\u00e7\u00e3o de superf\u00edcie e metrologia submarina. Usamos t\u00e9cnicas especializadas de metrologia inercial e ac\u00fastica para medir com precis\u00e3o dist\u00e2ncias, eleva\u00e7\u00f5es e orienta\u00e7\u00f5es de superf\u00edcies de conex\u00e3o de ativos submarinos. Com os avan\u00e7os da tecnologia e a demanda do setor por solu\u00e7\u00f5es eficientes e que reduzam os riscos, oferecemos servi\u00e7os de metrologia operados remotamente.<\/p>\n\t\t\t<a href=\"https:\/\/oceaneering.com\/wp-content\/uploads\/2023\/11\/SS-Remotely-Operated-Metrology.pdf\" target=\"_blank\" rel=\"noopener\">\n\t\t\t\t\t\t\tMetrologia operada remotamente\n\t\t\t\t\t<\/a>\n\t\t\t\t\t\t\t\t\t<h3>Comprovado em campo. L\u00edder do setor.<\/h3>\n\t\t\t\t\t\t\t\t\t<p>Leia nossos estudos de caso que detalham projetos bem-sucedidos de levantamento e posicionamento.<\/p>\n\t\t\t\t\t\t<a href=\"https:\/\/www.oceaneering.com\/pt\/resources\/?_content_types=case-study\" target=\"_self\" rel=\"noopener\">\n\t\t\t\t\t\t\t\tVer todos os estudos de caso\t\t\t\t\t\t\t\n\t\t\t\t\t\t\t\t\t\t\t\t\t<\/a>\n\t\t\t\t\t\t<button>\n\t\t\t\t\t\t\tAnterior\n\t\t\t\t\t\t<\/button>\n\t\t\t\t\t\t<button>\n\t\t\t\t\t\t\tPr\u00f3ximo\n\t\t\t\t\t\t<\/button>\n\t\t\t\t\t\t\t<a href=\"https:\/\/www.oceaneering.com\/pt\/case-studies\/advanced-subsea-visual-metrology-solution-delivers-improved-data-quality-for-external-wall-loss-measurement\/\">\n\t\t\t\t\t\t\t\t\t\t<img decoding=\"async\" src=\"https:\/\/www.oceaneering.com\/wp-content\/uploads\/2024\/02\/ASVM-External-Pipeline-Wall-Los.png\" alt=\"\"\/>\n\t\t\t\t\t\t\t\t\t\t<h3>Solu\u00e7\u00e3o avan\u00e7ada de metrologia visual submarina oferece melhor qualidade de dados para medi\u00e7\u00e3o de perda de parede externa<\/h3>\n\t\t\t\t\t\t\t\t\t\t<h3>Solu\u00e7\u00e3o avan\u00e7ada de metrologia visual submarina oferece melhor qualidade de dados para medi\u00e7\u00e3o de perda de parede externa<\/h3>\n\t\t\t\t\t\t\t\t\t\t\t\t\t\t\t\t\t\t\t\t\t<p>Vis\u00e3o geral Em novembro de 2023, a Oceaneering foi contratada por uma grande operadora de petr\u00f3leo e g\u00e1s para concluir um trabalho...<\/p>\n\t\t\t\t\t\t\t\t\t\t\tSaiba mais\n\t\t\t\t\t\t\t<\/a>\n\t\t\t\t\t\t\t<a href=\"https:\/\/www.oceaneering.com\/pt\/case-studies\/advanced-subsea-visual-metrology-solution-provides-images-and-3d-modelling-of-exceptional-quality\/\">\n\t\t\t\t\t\t\t\t\t\t<img decoding=\"async\" src=\"https:\/\/www.oceaneering.com\/wp-content\/uploads\/2024\/02\/ROV-and-chain.jpg\" alt=\"\"\/>\n\t\t\t\t\t\t\t\t\t\t<h3>Solu\u00e7\u00e3o avan\u00e7ada de metrologia visual submarina fornece imagens e modelagem 3D de qualidade excepcional<\/h3>\n\t\t\t\t\t\t\t\t\t\t<h3>Solu\u00e7\u00e3o avan\u00e7ada de metrologia visual submarina fornece imagens e modelagem 3D de qualidade excepcional<\/h3>\n\t\t\t\t\t\t\t\t\t\t\t\t\t\t\t\t\t\t\t\t\t<p>Vis\u00e3o geral Em agosto de 2023, a Oceaneering implantou seu conjunto de Metrologia Visual Submarina Avan\u00e7ada (ASVM) para coletar dados relacionados a...<\/p>\n\t\t\t\t\t\t\t\t\t\t\tSaiba mais\n\t\t\t\t\t\t\t<\/a>\n<h1>\n\t\tEntre em contato conosco\n\t<\/h1>\n<h2>\n\t\tNossa equipe de especialistas est\u00e1 pronta para ajud\u00e1-lo a come\u00e7ar.\n\t<\/h2>\n\t<p>A Oceaneering oferece os melhores produtos e solu\u00e7\u00f5es da categoria, respaldados por qualidade, confiabilidade e suporte global inigual\u00e1veis. Preencha o formul\u00e1rio de consulta para iniciar uma conversa hoje mesmo.<\/p>","protected":false},"excerpt":{"rendered":"<p>Discuta um projeto Levantamento e posicionamento Melhoramos a efici\u00eancia em todo o processo de constru\u00e7\u00e3o mar\u00edtima, fornecendo servi\u00e7os de posicionamento precisos e exatos para plataformas de perfura\u00e7\u00e3o, barca\u00e7as de assentamento de dutos e de torres de perfura\u00e7\u00e3o e embarca\u00e7\u00f5es de constru\u00e7\u00e3o multiuso posicionadas dinamicamente (DP). Constru\u00e7\u00e3o mar\u00edtima Nossas solu\u00e7\u00f5es integradas de posicionamento de superf\u00edcie combinam os receptores do sistema global de navega\u00e7\u00e3o por sat\u00e9lite (DGNSS) diferencial C-Nav3050\u00ae da Oceaneering\u00ae, b\u00fassolas girosc\u00f3picas e ... <a title=\"Levantamento e posicionamento\" class=\"read-more\" href=\"https:\/\/www.oceaneering.com\/pt\/survey-and-mapping\/survey-and-positioning\/\" aria-label=\"Leia mais sobre Pesquisa e posicionamento\">Leia mais<\/a><\/p>","protected":false},"author":19,"featured_media":0,"parent":59986,"menu_order":2,"comment_status":"closed","ping_status":"closed","template":"","meta":{"_acf_changed":false,"footnotes":"","_links_to":"","_links_to_target":""},"product_category":[1213],"search_tags":[1846],"class_list":["post-60058","page","type-page","status-publish","product_category-survey-and-mapping","search_tags-survey-and-positioning"],"acf":[],"aioseo_notices":[],"_links":{"self":[{"href":"https:\/\/www.oceaneering.com\/pt\/wp-json\/wp\/v2\/pages\/60058","targetHints":{"allow":["GET"]}}],"collection":[{"href":"https:\/\/www.oceaneering.com\/pt\/wp-json\/wp\/v2\/pages"}],"about":[{"href":"https:\/\/www.oceaneering.com\/pt\/wp-json\/wp\/v2\/types\/page"}],"author":[{"embeddable":true,"href":"https:\/\/www.oceaneering.com\/pt\/wp-json\/wp\/v2\/users\/19"}],"replies":[{"embeddable":true,"href":"https:\/\/www.oceaneering.com\/pt\/wp-json\/wp\/v2\/comments?post=60058"}],"version-history":[{"count":0,"href":"https:\/\/www.oceaneering.com\/pt\/wp-json\/wp\/v2\/pages\/60058\/revisions"}],"up":[{"embeddable":true,"href":"https:\/\/www.oceaneering.com\/pt\/wp-json\/wp\/v2\/pages\/59986"}],"wp:attachment":[{"href":"https:\/\/www.oceaneering.com\/pt\/wp-json\/wp\/v2\/media?parent=60058"}],"wp:term":[{"taxonomy":"product_category","embeddable":true,"href":"https:\/\/www.oceaneering.com\/pt\/wp-json\/wp\/v2\/product_category?post=60058"},{"taxonomy":"search_tags","embeddable":true,"href":"https:\/\/www.oceaneering.com\/pt\/wp-json\/wp\/v2\/search_tags?post=60058"}],"curies":[{"name":"wp","href":"https:\/\/api.w.org\/{rel}","templated":true}]}}