{"id":60043,"date":"2023-10-26T15:09:18","date_gmt":"2023-10-26T19:09:18","guid":{"rendered":"https:\/\/oceaneering.com\/?page_id=60043"},"modified":"2024-09-11T04:18:39","modified_gmt":"2024-09-11T09:18:39","slug":"subsea-pumping-technology","status":"publish","type":"page","link":"https:\/\/www.oceaneering.com\/pt\/subsea-distribution-solutions\/subsea-pumping-technology\/","title":{"rendered":"Tecnologia de bombeamento submarino"},"content":{"rendered":"<a href=\"https:\/\/www.oceaneering.com\/pt\/subsea-distribution-solutions\/#contact\" target=\"_self\" rel=\"noopener\">\n\t\t\t\t\t\t\tDiscutir um projeto\n\t\t\t\t\t<\/a>\n<h1>\n\t\tTecnologia de bombeamento submarino (SPT)\n\t<\/h1>\n\n\t\tReduza ou elimine a \u00e1rea ocupada pelo topside movendo os sistemas de armazenamento e inje\u00e7\u00e3o de produtos qu\u00edmicos para o submarino, reduzindo o custo e a complexidade dos umbilicais convencionais.\n\t\n\t<p>Com o SPT, as operadoras podem reduzir ou eliminar completamente a \u00e1rea ocupada pelo topside, transferindo os recursos de armazenamento e inje\u00e7\u00e3o de produtos qu\u00edmicos para o submarino, oferecendo contribui\u00e7\u00f5es alternativas de valor agregado para arquiteturas de tieback submarino e outras aplica\u00e7\u00f5es operacionais em que produtos qu\u00edmicos ou hidr\u00e1ulicos s\u00e3o necess\u00e1rios para o gerenciamento da integridade operacional ou para fins de garantia de fluxo em sistemas de produ\u00e7\u00e3o submarinos.<\/p>\n\t\t\t<img decoding=\"async\" src=\"https:\/\/oceaneering.com\/wp-content\/uploads\/2023\/10\/website-thumbnail-201971-scaled.jpg\" title=\"website-thumbnail-201971\" alt=\"\" \/>\t\t\t\t\t\t\t\n\t\t\t\t\tReproduzir v\u00eddeo\n\t\t\t\t<img decoding=\"async\" src=\"https:\/\/oceaneering.com\/wp-content\/uploads\/2023\/10\/Spotlight_BW_SM.jpg\" alt=\"Spotlight_BW_SM\" itemprop=\"image\" title=\"Destaque_BW_SM\" onerror=\"this.style.display='none'\"  \/>\n\n\t\tPr\u00eamio OTC Spotlight on New Technology\u00ae.\n\t\n\n\t\tNossa tecnologia de bombeamento submarino (SPT) foi selecionada com base em sua tecnologia inovadora, amplo apelo ao setor e impacto significativo com benef\u00edcios que v\u00e3o al\u00e9m das tecnologias existentes.\n\t\n\t\t\t<a href=\"https:\/\/www.oceaneering.com\/pt\/oceaneerings-subsea-pumping-technology-wins-otc-spotlight-on-new-technology-award\/\" target=\"_self\" rel=\"noopener\">\n\t\t\t\t\t\t\tLeia o comunicado \u00e0 imprensa\n\t\t\t<\/a>\n<h3>\n\t\t Tornando as f\u00e1bricas submarinas uma realidade\n\t<\/h3>\n\n\t\tNossa tecnologia de bombeamento submarino (SPT) oferece contribui\u00e7\u00f5es de valor agregado para arquiteturas de tieback e aplica\u00e7\u00f5es em que produtos qu\u00edmicos s\u00e3o necess\u00e1rios para o gerenciamento da integridade operacional ou para fins de garantia de fluxo.\n\t\n\n\t\tO sistema SPT reduz ou elimina os sistemas de armazenamento, bombeamento e entrega que normalmente ocupam um valioso espa\u00e7o no topside e os recursos de interface associados ao armazenamento, abastecimento e manuseio de produtos qu\u00edmicos no topside. \u00c9 poss\u00edvel obter v\u00e1rias efici\u00eancias movendo o equipamento para o fundo do mar e posicionando-o localmente nos pontos de demanda. Os tanques de produtos qu\u00edmicos s\u00e3o reabastecidos por meio da troca de tanques ou do enchimento de linhas descendentes de embarca\u00e7\u00f5es de apoio.  Al\u00e9m disso, o conceito de armazenamento e inje\u00e7\u00e3o local \u00e9 um forte facilitador para tiebacks submarinos mais longos, em que o fornecimento e a distribui\u00e7\u00e3o de produtos qu\u00edmicos para os campos por meio de se\u00e7\u00f5es umbilicais longas ou m\u00faltiplas \u00e9 desafiador e caro.\n\t\n\t\t\t<a href=\"https:\/\/oceaneering.canto.com\/download\/document\/jtke2gicrh6pj62eeb3a8rmr7m\/original.pdf\" target=\"_blank\" rel=\"noopener\">\n\t\t\t\t\t\t\tTecnologia de bombeamento submarino (SPT)\n\t\t\t<\/a>\n\t\t\t\t<img decoding=\"async\" src=\"https:\/\/oceaneering.com\/wp-content\/uploads\/2023\/10\/200110_SPT_render_001.png\" alt=\"200110_SPT_render_001\" itemprop=\"image\" title=\"200110_SPT_render_001\" onerror=\"this.style.display='none'\"  \/>\n\t\tWebinar\n<h2>\n\t\tTornando as f\u00e1bricas submarinas uma realidade com a tecnologia de bombeamento submarino (SPT)\n\t<\/h2>\n\n\t\t25 de maio de 2021\n\t\n\t\t\t<a href=\"https:\/\/www.oceaneering.com\/pt\/webinars\/making-subsea-factories-a-reality-with-subsea-pumping-technology-spt\/\" target=\"_self\" rel=\"noopener\">\n\t\t\t\t\t\t\tAssistir sob demanda\n\t\t\t<\/a>\n\t\t\t\t<img decoding=\"async\" src=\"https:\/\/oceaneering.com\/wp-content\/uploads\/2023\/10\/19RW197-800-700x700-panorama.jpg\" alt=\"19RW197-800-700x700-panorama\" itemprop=\"image\" title=\"19RW197-800-700x700-panorama\" onerror=\"this.style.display='none'\"  \/>\n<h1>\n\t\tEntre em contato conosco\n\t<\/h1>\n<h2>\n\t\tNossa equipe de especialistas est\u00e1 pronta para ajud\u00e1-lo a come\u00e7ar.\n\t<\/h2>\n\t<p>A Oceaneering oferece os melhores produtos e solu\u00e7\u00f5es da categoria, respaldados por qualidade, confiabilidade e suporte global inigual\u00e1veis. Preencha o formul\u00e1rio de consulta para iniciar uma conversa hoje mesmo.<\/p>","protected":false},"excerpt":{"rendered":"<p>Discuta um projeto Tecnologia de bombeamento submarino (SPT) Reduza ou elimine sua \u00e1rea de cobertura movendo os sistemas de armazenamento e inje\u00e7\u00e3o de produtos qu\u00edmicos para o mar, reduzindo o custo e a complexidade dos umbilicais convencionais. Com a SPT, os operadores podem reduzir ou eliminar completamente a \u00e1rea ocupada pelo topside, movendo as capacidades de armazenamento e inje\u00e7\u00e3o de produtos qu\u00edmicos para o submarino, oferecendo contribui\u00e7\u00f5es alternativas de valor agregado para o tieback submarino ... <a title=\"Tecnologia de bombeamento submarino\" class=\"read-more\" href=\"https:\/\/www.oceaneering.com\/pt\/subsea-distribution-solutions\/subsea-pumping-technology\/\" aria-label=\"Leia mais sobre a tecnologia de bombeamento submarino\">Leia mais<\/a><\/p>","protected":false},"author":19,"featured_media":0,"parent":61172,"menu_order":2,"comment_status":"closed","ping_status":"closed","template":"","meta":{"_acf_changed":false,"footnotes":"","_links_to":"","_links_to_target":""},"product_category":[1783],"search_tags":[1782,1386],"class_list":["post-60043","page","type-page","status-publish","product_category-subsea-distribution-solutions","search_tags-subsea-distribution-solutions","search_tags-subsea-pumping-technology"],"acf":[],"aioseo_notices":[],"_links":{"self":[{"href":"https:\/\/www.oceaneering.com\/pt\/wp-json\/wp\/v2\/pages\/60043","targetHints":{"allow":["GET"]}}],"collection":[{"href":"https:\/\/www.oceaneering.com\/pt\/wp-json\/wp\/v2\/pages"}],"about":[{"href":"https:\/\/www.oceaneering.com\/pt\/wp-json\/wp\/v2\/types\/page"}],"author":[{"embeddable":true,"href":"https:\/\/www.oceaneering.com\/pt\/wp-json\/wp\/v2\/users\/19"}],"replies":[{"embeddable":true,"href":"https:\/\/www.oceaneering.com\/pt\/wp-json\/wp\/v2\/comments?post=60043"}],"version-history":[{"count":0,"href":"https:\/\/www.oceaneering.com\/pt\/wp-json\/wp\/v2\/pages\/60043\/revisions"}],"up":[{"embeddable":true,"href":"https:\/\/www.oceaneering.com\/pt\/wp-json\/wp\/v2\/pages\/61172"}],"wp:attachment":[{"href":"https:\/\/www.oceaneering.com\/pt\/wp-json\/wp\/v2\/media?parent=60043"}],"wp:term":[{"taxonomy":"product_category","embeddable":true,"href":"https:\/\/www.oceaneering.com\/pt\/wp-json\/wp\/v2\/product_category?post=60043"},{"taxonomy":"search_tags","embeddable":true,"href":"https:\/\/www.oceaneering.com\/pt\/wp-json\/wp\/v2\/search_tags?post=60043"}],"curies":[{"name":"wp","href":"https:\/\/api.w.org\/{rel}","templated":true}]}}