{"id":59946,"date":"2023-10-24T18:04:46","date_gmt":"2023-10-24T22:04:46","guid":{"rendered":"https:\/\/oceaneering.com\/?page_id=59946"},"modified":"2025-08-18T02:58:36","modified_gmt":"2025-08-18T07:58:36","slug":"ocean-evolution","status":"publish","type":"page","link":"https:\/\/www.oceaneering.com\/pt\/subsea-projects\/vessel-fleet\/ocean-evolution\/","title":{"rendered":"Evolu\u00e7\u00e3o dos oceanos"},"content":{"rendered":"<a href=\"https:\/\/www.oceaneering.com\/pt\/subsea-tiebacks\/#contact\" target=\"_self\">\n\t\t\t\t\t\t\tDiscutir um projeto\n\t\t\t\t\t<\/a>\n<h1>\n\t\tEvolu\u00e7\u00e3o dos oceanos\n\t<\/h1>\n\n\t\tNosso navio de constru\u00e7\u00e3o submarina l\u00edder do setor e com bandeira americana, o MSV Ocean Evolution, oferece uma solu\u00e7\u00e3o pronta para uso com o apoio de um portf\u00f3lio de tecnologias avan\u00e7adas prontas para resolver seus desafios mais complexos.\n\t\n\t\t\t<a href=\"https:\/\/oceaneering.canto.com\/direct\/video\/g17t3o987l2h5cq9a0f54g142i\/uO8b8bntI5NTyNsxJFhwLA9wRvQ\/original?content-type=video%2Fmp4&#038;name=Ocean+Evolution.mp4\" target=\"_blank\" rel=\"noopener\">\n\t\t\t\t\t\t\tAssista ao v\u00eddeo\n\t\t\t<\/a>\n<h2>\n\t\tOferece suporte a opera\u00e7\u00f5es avan\u00e7adas de vida \u00fatil do campo\n\t<\/h2>\n\n\t\tA Ocean Evolution oferece suporte \u00e0 resposta r\u00e1pida com o navio de constru\u00e7\u00e3o submarina em conformidade com a Jones Act mais ecologicamente correto e capaz do setor, dispon\u00edvel no Golfo do M\u00e9xico em profundidades de at\u00e9 4.000 m (13.323 p\u00e9s). \n\t\n\t\t\t\t<img decoding=\"async\" src=\"https:\/\/oceaneering.com\/wp-content\/uploads\/2023\/10\/page.jpg\" alt=\"page\" itemprop=\"image\" title=\"p\u00e1gina\" onerror=\"this.style.display='none'\"  \/>\n\t<p>Reduz a complexidade do gerenciamento de v\u00e1rios fornecedores e da programa\u00e7\u00e3o<\/p>\n\t\t\t\t<img decoding=\"async\" src=\"https:\/\/oceaneering.com\/wp-content\/uploads\/2023\/10\/box.jpg\" alt=\"box\" itemprop=\"image\" title=\"caixa\" onerror=\"this.style.display='none'\"  \/>\n\t<p>Certificado para o transporte de cargas perigosas<\/p>\n\t\t\t\t<img decoding=\"async\" src=\"https:\/\/oceaneering.com\/wp-content\/uploads\/2023\/10\/bill-1.jpg\" alt=\"bill\" itemprop=\"image\" title=\"conta\" onerror=\"this.style.display='none'\"  \/>\n\t<p>Os sistemas redundantes reduzem a necessidade de retornar \u00e0 porta se houver um problema, aumentando o tempo de atividade e reduzindo os custos.<\/p>\n<h2>\n\t\tCapacidades de servi\u00e7o\n\t<\/h2>\n\t<ul>\n\t\t\t\t\t<li>\n\t\t\t\tOpera\u00e7\u00f5es de ROV e mergulho\n\t\t\t<\/li>\n\t\t\t\t\t<li>\n\t\t\t\tInstala\u00e7\u00e3o de linhas de fluxo, umbilicais e pr\u00e9 e p\u00f3s-mat\n\t\t\t<\/li>\n\t\t\t\t\t<li>\n\t\t\t\t Remedia\u00e7\u00e3o de hidratos\n\t\t\t<\/li>\n\t\t\t\t\t<li>\n\t\t\t\t Bombeamento submarino \n\t\t\t<\/li>\n\t\t\t\t\t<li>\n\t\t\t\t Estimula\u00e7\u00e3o e interven\u00e7\u00e3o de po\u00e7os\n\t\t\t<\/li>\n\t\t\t\t\t<li>\n\t\t\t\t Atividades de inspe\u00e7\u00e3o, manuten\u00e7\u00e3o e reparo (IMR)\n\t\t\t<\/li>\n\t\t\t\t\t<li>\n\t\t\t\tInstala\u00e7\u00e3o e remo\u00e7\u00e3o de \u00e1rvores\n\t\t\t<\/li>\n\t\t\t\t\t<li>\n\t\t\t\t Abandono de po\u00e7os e servi\u00e7os de telefonia fixa\n\t\t\t<\/li>\n\t\t\t<\/ul>\n\t\t\t\t<img decoding=\"async\" src=\"https:\/\/oceaneering.com\/wp-content\/uploads\/2023\/10\/190507_OE_Bow_2-1-1.jpg\" alt=\"190507_OE_Bow_2-1-1\" itemprop=\"image\" title=\"190507_OE_Bow_2-1-1\" onerror=\"this.style.display='none'\"  \/>\n<h2>\n\t\t O design\n\t<\/h2>\n\t<p>Projetado para acomodar 110 pessoas, o Ocean Evolution \u00e9 baseado no projeto de casco noruegu\u00eas MT 6022 e foi constru\u00eddo para uma <a href=\"https:\/\/ww2.eagle.org\/content\/dam\/eagle\/rules-and-guides\/current\/other\/102_crewhabitabilityonships\/HAB_Ship_Guide_e.pdf\" target=\"_blank\" rel=\"noopener\">Nota\u00e7\u00e3o ABS Habitation Plus (Hab+)<\/a>.<\/p>\n<p>O Ocean Evolution \u00e9 equipado com dois ve\u00edculos operados remotamente (ROVs) de classe de trabalho, que podem ser implantados a partir de hangares, com sistemas de lan\u00e7amento e recupera\u00e7\u00e3o (LARS) com compensa\u00e7\u00e3o ativa de eleva\u00e7\u00e3o (AHC) em ambos os lados do navio.<\/p>\n<h2>\n\t\tRecursos especiais\n\t<\/h2>\n\t\t<h3>Emiss\u00f5es de baixo carbono<\/h3>\n\t\t\t\t<p>Ocean Evolution is an ecologically-friendly vessel holding a Green Passport. It was built for reliability with five low-emission EPA Tier 4 diesel engines with a combined generating capacity of 16 MW on a three-bus system. Ocean Evolution&#8217;s fifth engine and third bus provide redundancy, allowing the vessel to stay on location should a failure occur.<\/p>\n\t\t<h3>Manuten\u00e7\u00e3o aprimorada de esta\u00e7\u00f5es<\/h3>\n\t\t\t\t<p>Ocean Evolution can maintain position even during extreme weather conditions. The vessel&#8217;s position is held using two tunnel thrusters and a drop down thruster in the bow along with two e Azipull thrusters in the stern. Props on the propulsion systems can be turned 360\u2070 and were designed to optimize dynamic positioning of the vessel.<\/p>\n\t\t<h3>Poder de eleva\u00e7\u00e3o<\/h3>\n\t\t\t\t<p>Medindo 107,6 m (353 p\u00e9s) de comprimento e pesando 6.000 T, o Ocean Evolution \u00e9 equipado com um guindaste AHC de 250 mT com capacidade de trabalho de 4.000 m (13.000 p\u00e9s). O guindaste tamb\u00e9m tem um modo de eleva\u00e7\u00e3o especial que oferece 118 p\u00e9s (36 m) de altura de gancho acima do conv\u00e9s principal, permitindo que as equipes elevem cabe\u00e7as de po\u00e7o altas, pilhas de pinos grandes e outros equipamentos de grandes dimens\u00f5es para fora do conv\u00e9s.<\/p>\n\t\t<h3>Deck forte<\/h3>\n\t\t\t\t<p>The vessel&#8217;s 12,595 ft2 (1170 m2) steel-constructed deck is designed to carry heavy loads and to accommodate multiple applications. The deck can support 2,048 lbf\/ft2 (10 MT\/m2 ) or a total of 2,200 MT(4.85 million lbf). The steel deck enables easier and faster welding to secure equipment.<\/p>\n\t\t<h3>Capacidade de armazenamento<\/h3>\n\t\t\t\t<p>O Ocean Evolution pode acomodar os fluidos necess\u00e1rios para a estimula\u00e7\u00e3o de po\u00e7os e o tratamento de hidratos com tanques para produtos especiais com capacidade total de 412,6 m3 (109.000 gal\u00f5es).<\/p>\n\t\t<h3>Ponte \u00fanica<\/h3>\n\t\t\t\t<p>O Ocean Evolution apresenta uma ponte exclusiva, configurada com esta\u00e7\u00f5es de controle redundantes a estibordo e a bombordo para proporcionar uma vis\u00e3o completa das opera\u00e7\u00f5es do guindaste e da implanta\u00e7\u00e3o do ROV em cada lado da embarca\u00e7\u00e3o.<\/p>\n\t\t\t\t<img decoding=\"async\" src=\"https:\/\/oceaneering.com\/wp-content\/uploads\/2023\/10\/MSV-Ocean-Evolution-Brochure.jpg\" alt=\"MSV-Ocean-Evolution-Brochure\" itemprop=\"image\" title=\"MSV-Ocean-Evolution-Brochure\" onerror=\"this.style.display='none'\"  \/>\n<h2>\n\t\tFolheto do MSV Ocean Evolution\n\t<\/h2>\n\t\t\t<a href=\"https:\/\/oceaneering.canto.com\/download\/document\/4e3948u9n52iladj1mu8dg287v\/original.pdf\" target=\"_blank\" rel=\"noopener\">\n\t\t\t\t\t\t\tBaixar carta\n\t\t\t<\/a>\n<h2>\n\t\tArtigos relevantes\n\t<\/h2>\n\t\t\t<a href='https:\/\/www.offshore-mag.com\/special-reports\/port-fourchon\/article\/14174789\/increased-port-facility-enables-greater-range-of-service-offerings#new_tab' title='Aumento das instala\u00e7\u00f5es portu\u00e1rias permite maior variedade de ofertas de servi\u00e7os'><img width=\"682\" height=\"1024\" src=\"https:\/\/www.oceaneering.com\/wp-content\/uploads\/2023\/11\/19CR011-682x1024.jpg\" alt=\"\" itemprop=\"image\" decoding=\"async\" loading=\"lazy\" srcset=\"https:\/\/www.oceaneering.com\/wp-content\/uploads\/2023\/11\/19CR011-682x1024.jpg 682w, https:\/\/www.oceaneering.com\/wp-content\/uploads\/2023\/11\/19CR011-200x300.jpg 200w, https:\/\/www.oceaneering.com\/wp-content\/uploads\/2023\/11\/19CR011-768x1152.jpg 768w, https:\/\/www.oceaneering.com\/wp-content\/uploads\/2023\/11\/19CR011-1024x1536.jpg 1024w, https:\/\/www.oceaneering.com\/wp-content\/uploads\/2023\/11\/19CR011-1365x2048.jpg 1365w, https:\/\/www.oceaneering.com\/wp-content\/uploads\/2023\/11\/19CR011-8x12.jpg 8w, https:\/\/www.oceaneering.com\/wp-content\/uploads\/2023\/11\/19CR011-scaled.jpg 1706w\" sizes=\"auto, (max-width: 682px) 100vw, 682px\" title=\"Ocean Evolution em trilhas mar\u00edtimas em 2018 | Oceaneering\" \/><\/a>\n\t\t4\/1\/2020\n\t<h3><a href='https:\/\/www.offshore-mag.com\/special-reports\/port-fourchon\/article\/14174789\/increased-port-facility-enables-greater-range-of-service-offerings#new_tab' title='Aumento das instala\u00e7\u00f5es portu\u00e1rias permite maior variedade de ofertas de servi\u00e7os'>Aumento das instala\u00e7\u00f5es portu\u00e1rias permite maior variedade de ofertas de servi\u00e7os<\/a><\/h3>\n    \t<p>A Oceaneering tem trabalhado em Port Fourchon para atender aos operadores do GoM por 25 anos. Em suas instala\u00e7\u00f5es de 22 acres, a...<\/p>\n\t\t<a href=\"https:\/\/www.offshore-mag.com\/special-reports\/port-fourchon\/article\/14174789\/increased-port-facility-enables-greater-range-of-service-offerings#new_tab\">Leia mais <\/a>\n\t\t\t<a href='http:\/\/digital.oceannews.com\/publication\/?i=595131&#038;ver=html5&#038;p=18#new_tab' title='Ocean Evolution eleva o padr\u00e3o para embarca\u00e7\u00f5es de apoio \u00e0 constru\u00e7\u00e3o submarina'><img width=\"779\" height=\"992\" src=\"https:\/\/www.oceaneering.com\/wp-content\/uploads\/2023\/11\/ont-june-cover2019.jpg\" alt=\"\" itemprop=\"image\" decoding=\"async\" loading=\"lazy\" srcset=\"https:\/\/www.oceaneering.com\/wp-content\/uploads\/2023\/11\/ont-june-cover2019.jpg 779w, https:\/\/www.oceaneering.com\/wp-content\/uploads\/2023\/11\/ont-june-cover2019-236x300.jpg 236w, https:\/\/www.oceaneering.com\/wp-content\/uploads\/2023\/11\/ont-june-cover2019-768x978.jpg 768w, https:\/\/www.oceaneering.com\/wp-content\/uploads\/2023\/11\/ont-june-cover2019-9x12.jpg 9w\" sizes=\"auto, (max-width: 779px) 100vw, 779px\" title=\"ontjunecover2019 | Oceaneering\" \/><\/a>\n\t\t6\/21\/2019\n\t<h3><a href='http:\/\/digital.oceannews.com\/publication\/?i=595131&#038;ver=html5&#038;p=18#new_tab' title='Ocean Evolution eleva o padr\u00e3o para embarca\u00e7\u00f5es de apoio \u00e0 constru\u00e7\u00e3o submarina'>Ocean Evolution eleva o padr\u00e3o para embarca\u00e7\u00f5es de apoio \u00e0 constru\u00e7\u00e3o submarina<\/a><\/h3>\n    \t<p>A Oceaneering International realizou uma cerim\u00f4nia de batismo no Pier 21 em Galveston, Texas, para seu avan\u00e7ado navio de apoio \u00e0 constru\u00e7\u00e3o submarina, o Ocean...<\/p>\n\t\t<a href=\"http:\/\/digital.oceannews.com\/publication\/?i=595131&#038;ver=html5&#038;p=18#new_tab\">Leia mais <\/a>\n\t\t\t<a href='https:\/\/www.oceaneering.com\/pt\/oceaneering-takes-delivery-of-the-ocean-evolution\/' title='A Oceaneering recebe o Ocean Evolution'><img width=\"682\" height=\"1024\" src=\"https:\/\/www.oceaneering.com\/wp-content\/uploads\/2023\/11\/19CR011-682x1024.jpg\" alt=\"\" itemprop=\"image\" decoding=\"async\" loading=\"lazy\" srcset=\"https:\/\/www.oceaneering.com\/wp-content\/uploads\/2023\/11\/19CR011-682x1024.jpg 682w, https:\/\/www.oceaneering.com\/wp-content\/uploads\/2023\/11\/19CR011-200x300.jpg 200w, https:\/\/www.oceaneering.com\/wp-content\/uploads\/2023\/11\/19CR011-768x1152.jpg 768w, https:\/\/www.oceaneering.com\/wp-content\/uploads\/2023\/11\/19CR011-1024x1536.jpg 1024w, https:\/\/www.oceaneering.com\/wp-content\/uploads\/2023\/11\/19CR011-1365x2048.jpg 1365w, https:\/\/www.oceaneering.com\/wp-content\/uploads\/2023\/11\/19CR011-8x12.jpg 8w, https:\/\/www.oceaneering.com\/wp-content\/uploads\/2023\/11\/19CR011-scaled.jpg 1706w\" sizes=\"auto, (max-width: 682px) 100vw, 682px\" title=\"Ocean Evolution em trilhas mar\u00edtimas em 2018 | Oceaneering\" \/><\/a>\n\t\t4\/22\/2019\n\t<h3><a href='https:\/\/www.oceaneering.com\/pt\/oceaneering-takes-delivery-of-the-ocean-evolution\/' title='A Oceaneering recebe o Ocean Evolution'>A Oceaneering recebe o Ocean Evolution<\/a><\/h3>\n    \t<p>HOUSTON, April 22, 2019 &#8211; Oceaneering International, Inc. (&#8220;Oceaneering&#8221;) is pleased to announce that the company has taken delivery of&#8230;<\/p>\n\t\t<a href=\"https:\/\/www.oceaneering.com\/pt\/oceaneering-takes-delivery-of-the-ocean-evolution\/\">Leia mais <\/a>\n\t\t<!-- .pp-content-posts -->\n<h1>\n\t\tEntre em contato conosco\n\t<\/h1>\n<h2>\n\t\tNossa equipe de especialistas est\u00e1 pronta para ajud\u00e1-lo a come\u00e7ar.\n\t<\/h2>\n\t<p>A Oceaneering oferece os melhores produtos e solu\u00e7\u00f5es da categoria, respaldados por qualidade, confiabilidade e suporte global inigual\u00e1veis. Preencha o formul\u00e1rio de consulta para iniciar uma conversa hoje mesmo.<\/p>","protected":false},"excerpt":{"rendered":"<p>Discuss a Project Ocean Evolution Our US-flagged, industry-leading subsea construction vessel, MSV Ocean Evolution, offers a turnkey solution backed by a portfolio of advanced technologies ready to solve your most complex challenges. Watch the video Supports advanced life-of-field operations Ocean Evolution supports rapid response with the industry&#8217;s most ecologically friendly and capable Jones Act-compliant subsea &#8230; <a title=\"Evolu\u00e7\u00e3o dos oceanos\" class=\"read-more\" href=\"https:\/\/www.oceaneering.com\/pt\/subsea-projects\/vessel-fleet\/ocean-evolution\/\" aria-label=\"Leia mais sobre a evolu\u00e7\u00e3o dos oceanos\">Leia mais<\/a><\/p>","protected":false},"author":19,"featured_media":0,"parent":59849,"menu_order":2,"comment_status":"closed","ping_status":"closed","template":"","meta":{"_acf_changed":false,"footnotes":"","_links_to":"","_links_to_target":""},"product_category":[1326],"search_tags":[1857,1327],"class_list":["post-59946","page","type-page","status-publish","product_category-vessels","search_tags-ocean-evolution","search_tags-vessels"],"acf":[],"aioseo_notices":[],"_links":{"self":[{"href":"https:\/\/www.oceaneering.com\/pt\/wp-json\/wp\/v2\/pages\/59946","targetHints":{"allow":["GET"]}}],"collection":[{"href":"https:\/\/www.oceaneering.com\/pt\/wp-json\/wp\/v2\/pages"}],"about":[{"href":"https:\/\/www.oceaneering.com\/pt\/wp-json\/wp\/v2\/types\/page"}],"author":[{"embeddable":true,"href":"https:\/\/www.oceaneering.com\/pt\/wp-json\/wp\/v2\/users\/19"}],"replies":[{"embeddable":true,"href":"https:\/\/www.oceaneering.com\/pt\/wp-json\/wp\/v2\/comments?post=59946"}],"version-history":[{"count":2,"href":"https:\/\/www.oceaneering.com\/pt\/wp-json\/wp\/v2\/pages\/59946\/revisions"}],"predecessor-version":[{"id":78008,"href":"https:\/\/www.oceaneering.com\/pt\/wp-json\/wp\/v2\/pages\/59946\/revisions\/78008"}],"up":[{"embeddable":true,"href":"https:\/\/www.oceaneering.com\/pt\/wp-json\/wp\/v2\/pages\/59849"}],"wp:attachment":[{"href":"https:\/\/www.oceaneering.com\/pt\/wp-json\/wp\/v2\/media?parent=59946"}],"wp:term":[{"taxonomy":"product_category","embeddable":true,"href":"https:\/\/www.oceaneering.com\/pt\/wp-json\/wp\/v2\/product_category?post=59946"},{"taxonomy":"search_tags","embeddable":true,"href":"https:\/\/www.oceaneering.com\/pt\/wp-json\/wp\/v2\/search_tags?post=59946"}],"curies":[{"name":"wp","href":"https:\/\/api.w.org\/{rel}","templated":true}]}}