{"id":59820,"date":"2023-10-20T11:47:31","date_gmt":"2023-10-20T15:47:31","guid":{"rendered":"https:\/\/oceaneering.com\/?page_id=59820"},"modified":"2025-07-16T00:45:55","modified_gmt":"2025-07-16T05:45:55","slug":"inspection","status":"publish","type":"page","link":"https:\/\/www.oceaneering.com\/pt\/asset-integrity-management\/inspection\/","title":{"rendered":"Inspe\u00e7\u00e3o"},"content":{"rendered":"<a href=\"\/pt\/asset-integrity\/#contact\" target=\"_self\">\n\t\t\t\t\t\t\tDiscutir um projeto\n\t\t\t\t\t<\/a>\n<h1>\n\t\tInspe\u00e7\u00e3o\n\t<\/h1>\n\t<p>Com mais de 50 anos de experi\u00eancia no fornecimento de inspe\u00e7\u00e3o em infraestruturas cr\u00edticas, oferecemos solu\u00e7\u00f5es otimizadas e adequadas ao projeto que atendem aos crit\u00e9rios de inspe\u00e7\u00e3o e garantem que seus ativos estejam aptos para o servi\u00e7o.<\/p>\n<h2>\n\t\tNDT convencional\n\t<\/h2>\n\t<p>Preven\u00e7\u00e3o de falhas por meio da identifica\u00e7\u00e3o e avalia\u00e7\u00e3o de falhas<\/p>\n<p>H\u00e1 muito tempo, os testes n\u00e3o destrutivos convencionais (NDT) servem como ponto de partida para estabelecer ou avaliar a adequa\u00e7\u00e3o de um ativo ao servi\u00e7o. Desde a constru\u00e7\u00e3o at\u00e9 o descomissionamento, o NDT pode ser usado para detectar anomalias e defeitos, alguns dos quais podem exigir inspe\u00e7\u00e3o especializada ou corre\u00e7\u00e3o adicional.<\/p>\n<p>Fornecemos um portf\u00f3lio de solu\u00e7\u00f5es convencionais de END adaptadas para atender a diversas necessidades.<\/p>\n\t\t\t<a href=\"https:\/\/www.oceaneering.com\/pt\/asset-integrity-management\/inspection\/conventional-ndt\/\" target=\"_self\">\n\t\t\t\t\t\t\tSaiba mais\n\t\t\t<\/a>\n<h2>\n\t\tAdvanced NDT: Servi\u00e7os de inspe\u00e7\u00e3o especializada\n\t<\/h2>\n\t<p>Preocupa\u00e7\u00f5es complexas exigem solu\u00e7\u00f5es especializadas<\/p>\n<p>Nas \u00faltimas duas d\u00e9cadas, o foco do NDT avan\u00e7ou para atender \u00e0s preocupa\u00e7\u00f5es emergentes. O mesmo aconteceu com os nossos servi\u00e7os. Fornecemos uma ampla gama de solu\u00e7\u00f5es de inspe\u00e7\u00e3o especializadas para aplica\u00e7\u00f5es que v\u00e3o desde a detec\u00e7\u00e3o de defeitos complexos que surgem durante a fabrica\u00e7\u00e3o e a constru\u00e7\u00e3o at\u00e9 problemas de integridade induzidos por processos em ativos upstream, midstream e downstream.<\/p>\n\t\t\t<a href=\"https:\/\/www.oceaneering.com\/pt\/asset-integrity-management\/inspection\/advanced-ndt\/\" target=\"_self\">\n\t\t\t\t\t\t\tSaiba mais\n\t\t\t<\/a>\n<h2>\n\t\tInspe\u00e7\u00e3o submarina\n\t<\/h2>\n\t<p>Solu\u00e7\u00f5es integradas para seus equipamentos submarinos<\/p>\n<p>Oferecemos uma abordagem integrada e recorremos ao nosso vasto portf\u00f3lio de produtos e servi\u00e7os para atender \u00e0s suas necessidades de inspe\u00e7\u00e3o submarina.<\/p>\n<p>De ve\u00edculos operados remotamente (ROVs) e embarca\u00e7\u00f5es a mergulhadores e ferramentas de inspe\u00e7\u00e3o submarina, temos o portf\u00f3lio e a experi\u00eancia necess\u00e1rios para oferecer solu\u00e7\u00f5es econ\u00f4micas e otimizadas de inspe\u00e7\u00e3o submarina e gerenciamento de integridade.<\/p>\n\t\t\t<a href=\"https:\/\/www.oceaneering.com\/pt\/asset-integrity-management\/inspection\/subsea-inspection\/\" target=\"_self\">\n\t\t\t\t\t\t\tSaiba mais\n\t\t\t<\/a>\n<h2>\n\t\tNDT para constru\u00e7\u00e3o de dutos\n\t<\/h2>\n\t<p>Suporte \u00e0s suas atividades de constru\u00e7\u00e3o e coloca\u00e7\u00e3o de tubos<\/p>\n<p>Nosso hist\u00f3rico nos coloca na vanguarda da tecnologia NDT para dutos, pois atendemos aos seus requisitos de inspe\u00e7\u00e3o dentro de ciclos de constru\u00e7\u00e3o exigentes. Utilizamos uma variedade de ferramentas radiogr\u00e1ficas e ultrass\u00f4nicas para capturar os dados necess\u00e1rios para confirmar a conformidade com os padr\u00f5es de constru\u00e7\u00e3o de dutos.<\/p>\n<p>Fornecemos detec\u00e7\u00e3o e caracteriza\u00e7\u00e3o eficientes e confi\u00e1veis de falhas durante a constru\u00e7\u00e3o. Nossos sistemas s\u00e3o qualificados de forma independente pela DNV-GL e verificados por programas de valida\u00e7\u00e3o do cliente.<\/p>\n<h4>\n\t\tRadiografia\n\t<\/h4>\n\t<p>Nossa linha de esteiras de tra\u00e7\u00e3o de duas e quatro rodas usa radia\u00e7\u00e3o de raios X ou gama e \u00e9 capaz de operar em tubula\u00e7\u00f5es com di\u00e2metros de 3 a 72 polegadas.<\/p>\n<h4>\n\t\tTeste ultrass\u00f4nico automatizado (AUT)\n\t<\/h4>\n\t<p>Por mais de uma d\u00e9cada, nossas tecnologias AUT foram implementadas globalmente para inspecionar tubula\u00e7\u00f5es com di\u00e2metros de 4 a 48 polegadas.<\/p>\n<h2>\n\t\tServi\u00e7os de inspe\u00e7\u00e3o de fornecedores\n\t<\/h2>\n\t<p>Garantir a qualidade e a entrega no prazo<\/p>\n<p>Nossos servi\u00e7os de inspe\u00e7\u00e3o de fornecedores nos posicionam como a principal interface para verificar se os requisitos que voc\u00ea definiu e os padr\u00f5es de qualidade que voc\u00ea espera s\u00e3o totalmente atendidos antes do envio de um produto. Nossas equipes altamente qualificadas oferecem servi\u00e7os abrangentes para atender \u00e0s suas diversas necessidades, desde auditorias de fornecedores at\u00e9 inspe\u00e7\u00f5es de remessa.  <\/p>\n\t\t\t<a href=\"https:\/\/www.oceaneering.com\/pt\/asset-integrity-management\/inspection\/vendor-inspection\/\" target=\"_self\">\n\t\t\t\t\t\t\tSaiba mais\n\t\t\t<\/a>\n<h2>\n\t\tTeste e qualifica\u00e7\u00e3o de guindastes e equipamentos de eleva\u00e7\u00e3o\n\t<\/h2>\n\tServi\u00e7os abrangentes para equipamentos cr\u00edticos\n\n<p>Oferecemos servi\u00e7os abrangentes de inspe\u00e7\u00e3o, verifica\u00e7\u00e3o por terceiros e certifica\u00e7\u00e3o de guindastes e equipamentos de eleva\u00e7\u00e3o. Nossas ofertas incluem consultoria, projeto e fabrica\u00e7\u00e3o de guindastes e equipamentos de eleva\u00e7\u00e3o especialmente projetados e desenvolvidos para esse fim. Tamb\u00e9m realizamos avalia\u00e7\u00f5es de conformidade, an\u00e1lise de risco e an\u00e1lise de modo de falha, efeitos e criticidade (FMECA).<\/p>\n\t\t\t<a href=\"https:\/\/www.oceaneering.com\/pt\/asset-integrity-management\/inspection\/crane-lifting\/\" target=\"_self\">\n\t\t\t\t\t\t\tSaiba mais\n\t\t\t<\/a>\n<h1>\n\t\tEntre em contato conosco\n\t<\/h1>\n<h2>\n\t\tNossa equipe de especialistas est\u00e1 pronta para ajud\u00e1-lo a come\u00e7ar.\n\t<\/h2>\n\t<p>A Oceaneering oferece os melhores produtos e solu\u00e7\u00f5es da categoria, respaldados por qualidade, confiabilidade e suporte global inigual\u00e1veis. Preencha o formul\u00e1rio de consulta para iniciar uma conversa hoje mesmo.<\/p>","protected":false},"excerpt":{"rendered":"<p>Otimize a inspe\u00e7\u00e3o de rotina e ad-hoc de sua infraestrutura cr\u00edtica com solu\u00e7\u00f5es adequadas ao projeto que garantem que seus ativos estejam aptos para o servi\u00e7o. <\/p>","protected":false},"author":19,"featured_media":67357,"parent":59710,"menu_order":2,"comment_status":"closed","ping_status":"closed","template":"","meta":{"_acf_changed":false,"footnotes":"","_links_to":"","_links_to_target":""},"product_category":[1205,1206],"search_tags":[1800,1367],"class_list":["post-59820","page","type-page","status-publish","has-post-thumbnail","product_category-asset-integrity-management","product_category-in-service-inspection","search_tags-asset-integrity","search_tags-inspection"],"acf":[],"aioseo_notices":[],"_links":{"self":[{"href":"https:\/\/www.oceaneering.com\/pt\/wp-json\/wp\/v2\/pages\/59820","targetHints":{"allow":["GET"]}}],"collection":[{"href":"https:\/\/www.oceaneering.com\/pt\/wp-json\/wp\/v2\/pages"}],"about":[{"href":"https:\/\/www.oceaneering.com\/pt\/wp-json\/wp\/v2\/types\/page"}],"author":[{"embeddable":true,"href":"https:\/\/www.oceaneering.com\/pt\/wp-json\/wp\/v2\/users\/19"}],"replies":[{"embeddable":true,"href":"https:\/\/www.oceaneering.com\/pt\/wp-json\/wp\/v2\/comments?post=59820"}],"version-history":[{"count":1,"href":"https:\/\/www.oceaneering.com\/pt\/wp-json\/wp\/v2\/pages\/59820\/revisions"}],"predecessor-version":[{"id":81578,"href":"https:\/\/www.oceaneering.com\/pt\/wp-json\/wp\/v2\/pages\/59820\/revisions\/81578"}],"up":[{"embeddable":true,"href":"https:\/\/www.oceaneering.com\/pt\/wp-json\/wp\/v2\/pages\/59710"}],"wp:featuredmedia":[{"embeddable":true,"href":"https:\/\/www.oceaneering.com\/pt\/wp-json\/wp\/v2\/media\/67357"}],"wp:attachment":[{"href":"https:\/\/www.oceaneering.com\/pt\/wp-json\/wp\/v2\/media?parent=59820"}],"wp:term":[{"taxonomy":"product_category","embeddable":true,"href":"https:\/\/www.oceaneering.com\/pt\/wp-json\/wp\/v2\/product_category?post=59820"},{"taxonomy":"search_tags","embeddable":true,"href":"https:\/\/www.oceaneering.com\/pt\/wp-json\/wp\/v2\/search_tags?post=59820"}],"curies":[{"name":"wp","href":"https:\/\/api.w.org\/{rel}","templated":true}]}}