{"id":59807,"date":"2023-10-19T22:38:10","date_gmt":"2023-10-20T02:38:10","guid":{"rendered":"https:\/\/oceaneering.com\/?page_id=59807"},"modified":"2025-06-24T01:23:09","modified_gmt":"2025-06-24T06:23:09","slug":"offshore-structural-inspection","status":"publish","type":"page","link":"https:\/\/www.oceaneering.com\/pt\/asset-integrity-management\/inspection\/offshore-structural-inspection\/","title":{"rendered":"Inspe\u00e7\u00e3o estrutural offshore"},"content":{"rendered":"<p><a href=\"\/pt\/asset-integrity\/#contact\" target=\"_self\" rel=\"noopener\"> Discutir um projeto <\/a><\/p>\r\n<h1>Inspe\u00e7\u00e3o estrutural offshore<\/h1>\r\n<p>Inspe\u00e7\u00f5es estruturais em conformidade com as normas para plataformas offshore.<\/p>\r\n<p>Como seu parceiro confi\u00e1vel de gerenciamento de integridade, a Oceaneering aproveita mais de 50 anos de experi\u00eancia no setor para garantir que suas inspe\u00e7\u00f5es estruturais estejam em conformidade com as regulamenta\u00e7\u00f5es governamentais, incluindo o Bureau of Safety and Environmental Enforcement (BSEE) e a Guarda Costeira dos EUA.<\/p>\r\n<p><img decoding=\"async\" title=\"Pouso de helic\u00f3ptero\" src=\"https:\/\/oceaneering.com\/wp-content\/uploads\/2023\/12\/Helicopter-landing.jpg\" alt=\"Helicopter-landing\" \/><\/p>\r\n<h2>Manter a conformidade<\/h2>\r\n<p>Oferecemos programas de inspe\u00e7\u00e3o e conformidade normativa hol\u00edsticos e econ\u00f4micos para garantir que os seus ativos offshore continuem a funcionar em n\u00edveis seguros e ideais, de acordo com os seus objetivos comerciais e operacionais.<\/p>\r\n<p>Em todas as \u00e1reas do Golfo do M\u00e9xico, fornecemos inspe\u00e7\u00f5es API RP 2A n\u00edvel 1 e relat\u00f3rios do Office of Structural and Technical Support (OSTS) para ajud\u00e1-lo a continuar operando sob todas as condi\u00e7\u00f5es legislativas. Oferecemos testes n\u00e3o destrutivos (NDT), acesso por corda, gerenciamento de espa\u00e7os confinados para dar suporte a inspe\u00e7\u00f5es de topside, casco e zona de respingo.<\/p>\r\n<h3>A Oceaneering tamb\u00e9m fornece uma oferta abrangente de inspe\u00e7\u00e3o subaqu\u00e1tica, incluindo captura de dados e relat\u00f3rios.<\/h3>\r\n<ul>\r\n<li>Inspe\u00e7\u00f5es API RP 2A n\u00edveis 1,2,3,4<\/li>\r\n<li>Relat\u00f3rios de conformidade do BSEE OSTS<\/li>\r\n<li>Programa de inspe\u00e7\u00e3o em servi\u00e7o (ISIP) de plataformas flutuantes e fixas<\/li>\r\n<li>Gerenciamento da integridade estrutural<\/li>\r\n<li>Entrada, atendimento e resgate em espa\u00e7os confinados<\/li>\r\n<li>Servi\u00e7os de acesso por corda<\/li>\r\n<li>Inspe\u00e7\u00e3o subaqu\u00e1tica em vez de doca seca (UWILD)<\/li>\r\n<li>NDT convencional e avan\u00e7ado<\/li>\r\n<\/ul>\r\n<h3>Servi\u00e7os adicionais<\/h3>\r\n<ul>\r\n<li>Medi\u00e7\u00e3o de casco ISIP e inspe\u00e7\u00e3o cr\u00edtica de solda<\/li>\r\n<li>Inspe\u00e7\u00e3o e certifica\u00e7\u00e3o de guindastes e equipamentos de eleva\u00e7\u00e3o<\/li>\r\n<li>Inspe\u00e7\u00f5es de medi\u00e7\u00e3o de campo de corrente alternada (ACFM)<\/li>\r\n<li>Pesquisas de prote\u00e7\u00e3o cat\u00f3dica<\/li>\r\n<li>Inspe\u00e7\u00e3o de ve\u00edculos a\u00e9reos n\u00e3o tripulados (UAV) para pesquisas sob o conv\u00e9s ou na torre de sinaliza\u00e7\u00e3o<\/li>\r\n<li>Revestimentos, prote\u00e7\u00e3o passiva contra inc\u00eandio (PFP) e pesquisas de isolamento<\/li>\r\n<\/ul>\r\n<h1>Entre em contato conosco<\/h1>\r\n<h2>Nossa equipe de especialistas est\u00e1 pronta para ajud\u00e1-lo a come\u00e7ar.<\/h2>\r\n<p>A Oceaneering oferece os melhores produtos e solu\u00e7\u00f5es da categoria, respaldados por qualidade, confiabilidade e suporte global inigual\u00e1veis. Preencha o formul\u00e1rio de consulta para iniciar uma conversa hoje mesmo.<\/p>","protected":false},"excerpt":{"rendered":"<p>Discuss a Project Offshore Structural Inspection Regulatory-compliant structural inspections for offshore platforms. As your trusted integrity management partner, Oceaneering leverages over 50 years of industry experience to ensure your structural inspections comply with governmental regulations, including Bureau of Safety and Environmental Enforcement (BSEE) and U.S. Coast Guard. Maintain Compliance We deliver holistic and cost effective &#8230; <a title=\"Inspe\u00e7\u00e3o estrutural offshore\" class=\"read-more\" href=\"https:\/\/www.oceaneering.com\/pt\/asset-integrity-management\/inspection\/offshore-structural-inspection\/\" aria-label=\"Leia mais sobre Inspe\u00e7\u00e3o estrutural offshore\">Leia mais<\/a><\/p>","protected":false},"author":19,"featured_media":0,"parent":59820,"menu_order":2,"comment_status":"closed","ping_status":"closed","template":"","meta":{"_acf_changed":false,"footnotes":"","_links_to":"","_links_to_target":""},"product_category":[1205,1372],"search_tags":[1800,1367],"class_list":["post-59807","page","type-page","status-publish","product_category-asset-integrity-management","product_category-inspection-management","search_tags-asset-integrity","search_tags-inspection"],"acf":[],"aioseo_notices":[],"_links":{"self":[{"href":"https:\/\/www.oceaneering.com\/pt\/wp-json\/wp\/v2\/pages\/59807","targetHints":{"allow":["GET"]}}],"collection":[{"href":"https:\/\/www.oceaneering.com\/pt\/wp-json\/wp\/v2\/pages"}],"about":[{"href":"https:\/\/www.oceaneering.com\/pt\/wp-json\/wp\/v2\/types\/page"}],"author":[{"embeddable":true,"href":"https:\/\/www.oceaneering.com\/pt\/wp-json\/wp\/v2\/users\/19"}],"replies":[{"embeddable":true,"href":"https:\/\/www.oceaneering.com\/pt\/wp-json\/wp\/v2\/comments?post=59807"}],"version-history":[{"count":0,"href":"https:\/\/www.oceaneering.com\/pt\/wp-json\/wp\/v2\/pages\/59807\/revisions"}],"up":[{"embeddable":true,"href":"https:\/\/www.oceaneering.com\/pt\/wp-json\/wp\/v2\/pages\/59820"}],"wp:attachment":[{"href":"https:\/\/www.oceaneering.com\/pt\/wp-json\/wp\/v2\/media?parent=59807"}],"wp:term":[{"taxonomy":"product_category","embeddable":true,"href":"https:\/\/www.oceaneering.com\/pt\/wp-json\/wp\/v2\/product_category?post=59807"},{"taxonomy":"search_tags","embeddable":true,"href":"https:\/\/www.oceaneering.com\/pt\/wp-json\/wp\/v2\/search_tags?post=59807"}],"curies":[{"name":"wp","href":"https:\/\/api.w.org\/{rel}","templated":true}]}}