{"id":59772,"date":"2023-10-18T20:11:18","date_gmt":"2023-10-19T00:11:18","guid":{"rendered":"https:\/\/oceaneering.com\/?page_id=59772"},"modified":"2026-03-02T08:07:59","modified_gmt":"2026-03-02T14:07:59","slug":"maintenance-and-reliability","status":"publish","type":"page","link":"https:\/\/www.oceaneering.com\/pt\/maintenance-and-reliability\/","title":{"rendered":"Manuten\u00e7\u00e3o e confiabilidade"},"content":{"rendered":"<p><a href=\"https:\/\/www.oceaneering.com\/pt\/maintenance-and-reliability\/#contact\" target=\"_self\"> Entre em contato conosco <\/a> Gerenciamento de ativos<\/p>\r\n<h1>Solu\u00e7\u00f5es de manuten\u00e7\u00e3o e confiabilidade<\/h1>\r\n<p>Aumente o tempo de atividade operacional e o desempenho dos ativos em toda a sua infraestrutura f\u00edsica, mantendo a seguran\u00e7a e a conformidade.<\/p>\r\n<h2>Equil\u00edbrio entre custo, risco e desempenho<\/h2>\r\n<p>Nossas solu\u00e7\u00f5es aproveitam a experi\u00eancia em engenharia, dados e ferramentas de software para otimizar o gerenciamento de ativos. Garantimos que voc\u00ea obtenha o m\u00e1ximo de seus or\u00e7amentos de CAPEX e OPEX sem comprometer a seguran\u00e7a, a conformidade normativa ou a produtividade. Ao incorporar nossos engenheiros em suas opera\u00e7\u00f5es di\u00e1rias ou ao usar a experi\u00eancia deles para fornecer projetos independentes, ajudamos voc\u00ea a melhorar o desempenho dos ativos.<\/p>\r\n<!-- Comment to fix spacing issue\r\n\t-->\r\n<p>0+<\/p>\r\n<!-- Comment to fix spacing issue\r\n\t-->\r\n<p>Anos de experi\u00eancia<\/p>\r\n<!-- Comment to fix spacing issue\r\n\t-->\r\n<p>0+<\/p>\r\n<!-- Comment to fix spacing issue\r\n\t-->\r\n<p>Projetos bem-sucedidos em todo o mundo<\/p>\r\n<!-- Comment to fix spacing issue\r\n\t-->\r\n<p>0+<\/p>\r\n<!-- Comment to fix spacing issue\r\n\t-->\r\n<p>Pa\u00edses em opera\u00e7\u00e3o<\/p>\r\n<!-- Comment to fix spacing issue\r\n\t-->\r\n<p>0+<\/p>\r\n<!-- Comment to fix spacing issue\r\n\t-->\r\n<p>Bases operacionais<\/p>\r\n<p><a href=\"https:\/\/oceaneering.canto.com\/download\/document\/ef7n9qookh2kjeqgh1kkak8l7f\/original.pdf\" target=\"_blank\" rel=\"noopener\"> Solu\u00e7\u00f5es de manuten\u00e7\u00e3o e confiabilidade <\/a><\/p>\r\n<h2>Perceba o valor de seus ativos<\/h2>\r\n<p>Fornecemos solu\u00e7\u00f5es abrangentes de gerenciamento de ativos por meio de nossas equipes de Engenharia de Manuten\u00e7\u00e3o e Confiabilidade Operacional, atendendo a uma gama crescente de setores, incluindo petr\u00f3leo e g\u00e1s, mar\u00edtimo, manufatura e energias renov\u00e1veis.<\/p>\r\n<p><img loading=\"lazy\" decoding=\"async\" title=\"Plataforma\" src=\"https:\/\/www.oceaneering.com\/wp-content\/uploads\/2024\/05\/Platform.jpg\" alt=\"Offshore rig, platform\" width=\"1920\" height=\"1280\" \/> Excel\u00eancia em manuten\u00e7\u00e3o de edif\u00edcios<\/p>\r\n<h3>Engenharia de manuten\u00e7\u00e3o<\/h3>\r\n<p>Desenvolvemos, analisamos e validamos seu programa de gerenciamento de ativos para alcan\u00e7ar a excel\u00eancia em manuten\u00e7\u00e3o, garantindo a seguran\u00e7a e a conformidade e maximizando o tempo de atividade.<\/p>\r\n<p><a href=\"https:\/\/www.oceaneering.com\/pt\/maintenance-and-reliability\/maintenance-engineering\/\" target=\"_self\"> Saiba mais <\/a> <img loading=\"lazy\" decoding=\"async\" title=\"An\u00e1lise de dados\" src=\"https:\/\/www.oceaneering.com\/wp-content\/uploads\/2024\/05\/Analyzing-data.jpg\" alt=\"Man analyzing data and analytics with charts, metrics and KPIs.\" width=\"1920\" height=\"1280\" \/> Alcan\u00e7ar o verdadeiro potencial dos ativos<\/p>\r\n<h3>Confiabilidade operacional<\/h3>\r\n<p>Aumente o desempenho e a confiabilidade de seus ativos usando uma combina\u00e7\u00e3o de t\u00e9cnicas proativas e reativas para identificar e resolver problemas de equipamentos.<\/p>\r\n<p><a href=\"https:\/\/www.oceaneering.com\/pt\/maintenance-and-reliability-solutions-delete\/operational-reliability\/\" target=\"_self\"> Saiba mais <\/a> <img loading=\"lazy\" decoding=\"async\" title=\"Monitoramento de condi\u00e7\u00f5es\" src=\"https:\/\/www.oceaneering.com\/wp-content\/uploads\/2025\/03\/Condition-Monitoring.jpg\" alt=\"Technician or engineer recording data vibration measurement of motor or equipment in power plant.\" width=\"1920\" height=\"1280\" \/> Detectar problemas com anteced\u00eancia<\/p>\r\n<h3>Monitoramento de condi\u00e7\u00f5es<\/h3>\r\n<p>Combine an\u00e1lise de vibra\u00e7\u00e3o, programas de monitoramento otimizados, tecnologia de diagn\u00f3stico avan\u00e7ada, termografia e presta\u00e7\u00e3o de servi\u00e7os integrados para identificar problemas.<\/p>\r\n<p><a href=\"https:\/\/www.oceaneering.com\/pt\/condition-monitoring\/\" target=\"_self\"> Saiba mais <\/a><\/p>\r\n<h3>Comprovado em campo. L\u00edder do setor.<\/h3>\r\n<p>Descubra como nossas solu\u00e7\u00f5es de manuten\u00e7\u00e3o e confiabilidade transformaram as opera\u00e7\u00f5es.<\/p>\r\n<p><a href=\"https:\/\/www.oceaneering.com\/pt\/resources\/?_content_types=case-study&amp;_resource_categories=maintenance-and-reliability\" target=\"_self\"> Leia estudos de caso relevantes <\/a> <button> Anterior <\/button> <button> Pr\u00f3ximo <\/button> <a href=\"https:\/\/www.oceaneering.com\/pt\/case-studies\/enhancing-pump-system-reliability\/\"> <img decoding=\"async\" src=\"https:\/\/www.oceaneering.com\/wp-content\/uploads\/2024\/06\/Enhancing-Pump-System-Reliability-thumbnail.jpg\" alt=\"\" \/><\/a><\/p>\r\n<h3>Aumento da confiabilidade do sistema de bombas<\/h3>\r\n<h3>Aumento da confiabilidade do sistema de bombas<\/h3>\r\n<p>In 2023, engineers from Oceaneering&#8217;s Maintenance and Reliability Solutions team were tasked with establishing why the variable&#8230;<\/p>\r\n<p><a href=\"https:\/\/www.oceaneering.com\/pt\/case-studies\/enhancing-pump-system-reliability\/\">Saiba mais <\/a> <a href=\"https:\/\/www.oceaneering.com\/pt\/case-studies\/optimizing-facility-management-in-norway\/\"> <img decoding=\"async\" src=\"https:\/\/www.oceaneering.com\/wp-content\/uploads\/2024\/12\/Refinery.jpg\" alt=\"\" \/><\/a><\/p>\r\n<h3>Otimiza\u00e7\u00e3o do gerenciamento de manuten\u00e7\u00e3o de instala\u00e7\u00f5es na Noruega<\/h3>\r\n<h3>Otimiza\u00e7\u00e3o do gerenciamento de manuten\u00e7\u00e3o de instala\u00e7\u00f5es na Noruega<\/h3>\r\n<p>In February 2021, Oceaneering&#8217;s Maintenance and Reliability Solutions team embarked on a pilot project to develop and&#8230;<\/p>\r\n<p><a href=\"https:\/\/www.oceaneering.com\/pt\/case-studies\/optimizing-facility-management-in-norway\/\">Saiba mais <\/a> <a href=\"https:\/\/www.oceaneering.com\/pt\/case-studies\/maintenance-program-updates-for-refinery-turnaround\/\"> <img decoding=\"async\" src=\"https:\/\/www.oceaneering.com\/wp-content\/uploads\/2024\/12\/Oil-refinery.jpg\" alt=\"\" \/><\/a><\/p>\r\n<h3>Atualiza\u00e7\u00f5es do programa de manuten\u00e7\u00e3o para a parada da refinaria<\/h3>\r\n<h3>Atualiza\u00e7\u00f5es do programa de manuten\u00e7\u00e3o para a parada da refinaria<\/h3>\r\n<p>In late 2022, Oceaneering&#8217;s Maintenance and Reliability Solutions team was contracted to support a major operator with&#8230;<\/p>\r\n<p><a href=\"https:\/\/www.oceaneering.com\/pt\/case-studies\/maintenance-program-updates-for-refinery-turnaround\/\">Saiba mais <\/a> <a href=\"https:\/\/www.oceaneering.com\/pt\/case-studies\/reliability-study-uncovers-root-causes-of-mechanical-seal-failures\/\"> <img decoding=\"async\" src=\"https:\/\/www.oceaneering.com\/wp-content\/uploads\/2024\/11\/shutterstock_92625340-edited.jpg\" alt=\"\" \/><\/a><\/p>\r\n<h3>Estudo de confiabilidade revela as causas principais de falhas em selos mec\u00e2nicos<\/h3>\r\n<h3>Estudo de confiabilidade revela as causas principais de falhas em selos mec\u00e2nicos<\/h3>\r\n<p>In 2023, a major North Sea upstream oil and gas operator with a facility three years into&#8230;<\/p>\r\n<p><a href=\"https:\/\/www.oceaneering.com\/pt\/case-studies\/reliability-study-uncovers-root-causes-of-mechanical-seal-failures\/\">Saiba mais <\/a> <a href=\"https:\/\/www.oceaneering.com\/pt\/case-studies\/delivering-maintenance-program-for-newbuild-fpso\/\"> <img decoding=\"async\" src=\"https:\/\/www.oceaneering.com\/wp-content\/uploads\/2024\/11\/FPSO-outside-Angola.jpg\" alt=\"\" \/><\/a><\/p>\r\n<h3>Fornecimento de programa de manuten\u00e7\u00e3o para FPSO de nova constru\u00e7\u00e3o<\/h3>\r\n<h3>Fornecimento de programa de manuten\u00e7\u00e3o para FPSO de nova constru\u00e7\u00e3o<\/h3>\r\n<p>In late 2022, Oceaneering&#8217;s Maintenance and Reliability Solutions team completed the handover of a draft maintenance program&#8230;<\/p>\r\n<p><a href=\"https:\/\/www.oceaneering.com\/pt\/case-studies\/delivering-maintenance-program-for-newbuild-fpso\/\">Saiba mais <\/a> <a href=\"https:\/\/www.oceaneering.com\/pt\/case-studies\/updating-maintenance-plans-for-uk-regulatory-compliance\/\"> <img decoding=\"async\" src=\"https:\/\/www.oceaneering.com\/wp-content\/uploads\/2024\/06\/Updating-Maintenance-Plans-for-UK-Regulatory-Compliance.jpg\" alt=\"\" \/><\/a><\/p>\r\n<h3>Atualiza\u00e7\u00e3o dos planos de manuten\u00e7\u00e3o para conformidade com as normas do Reino Unido<\/h3>\r\n<h3>Atualiza\u00e7\u00e3o dos planos de manuten\u00e7\u00e3o para conformidade com as normas do Reino Unido<\/h3>\r\n<p>An oil and gas operator recently expanded its operations into the UK North Sea for the first&#8230;<\/p>\r\n<p><a href=\"https:\/\/www.oceaneering.com\/pt\/case-studies\/updating-maintenance-plans-for-uk-regulatory-compliance\/\">Saiba mais <\/a> <a href=\"https:\/\/www.oceaneering.com\/pt\/case-studies\/using-process-data-to-evaluate-pump-operating-performance\/\"> <img decoding=\"async\" src=\"https:\/\/www.oceaneering.com\/wp-content\/uploads\/2024\/09\/Using-Process-Data-to-Evaluate-Pump-Operating-Performance-banner-image.jpg\" alt=\"\" \/><\/a><\/p>\r\n<h3>Uso de dados do processo para avaliar o desempenho operacional da bomba<\/h3>\r\n<h3>Uso de dados do processo para avaliar o desempenho operacional da bomba<\/h3>\r\n<p>Pumps play a vital role in many industries worldwide. But inefficient pump operation can lead to costly&#8230;<\/p>\r\n<p><a href=\"https:\/\/www.oceaneering.com\/pt\/case-studies\/using-process-data-to-evaluate-pump-operating-performance\/\">Saiba mais <\/a> <a href=\"https:\/\/www.oceaneering.com\/pt\/case-studies\/supporting-client-with-long-term-fpso-maintenance-plan\/\"> <img decoding=\"async\" src=\"https:\/\/www.oceaneering.com\/wp-content\/uploads\/2023\/11\/551ebf15-1a6f-442b-8a64-3e3baceffc71.jpg\" alt=\"\" \/><\/a><\/p>\r\n<h3>Apoio ao cliente com um plano de manuten\u00e7\u00e3o de FPSO de longo prazo<\/h3>\r\n<h3>Apoio ao cliente com um plano de manuten\u00e7\u00e3o de FPSO de longo prazo<\/h3>\r\n<p>O desafio Um cliente precisava de um sistema completo de gerenciamento de manuten\u00e7\u00e3o para seu FPSO (floating production storage and offloading)...<\/p>\r\n<p><a href=\"https:\/\/www.oceaneering.com\/pt\/case-studies\/supporting-client-with-long-term-fpso-maintenance-plan\/\">Saiba mais <\/a> <a href=\"https:\/\/www.oceaneering.com\/pt\/case-studies\/embedded-engineers-improve-operational-reliability-for-global-operator\/\"> <img decoding=\"async\" src=\"https:\/\/www.oceaneering.com\/wp-content\/uploads\/2024\/06\/Embedded-Engineers-Improves-Operational-Efficiency-for-Major-Operator.jpg\" alt=\"\" \/><\/a><\/p>\r\n<h3>Engenheiros incorporados melhoram a confiabilidade operacional para uma operadora global<\/h3>\r\n<h3>Engenheiros incorporados melhoram a confiabilidade operacional para uma operadora global<\/h3>\r\n<p>A global operator sought to underpin the operational reliability, uptime, and maintenance efficiency of their new-build development&#8230;<\/p>\r\n<p><a href=\"https:\/\/www.oceaneering.com\/pt\/case-studies\/embedded-engineers-improve-operational-reliability-for-global-operator\/\">Saiba mais <\/a> <a href=\"https:\/\/www.oceaneering.com\/pt\/case-studies\/maintenance-build-for-fpso-and-offloading-terminal-maximizes-uptime-with-optimized-approach\/\"> <img decoding=\"async\" src=\"https:\/\/www.oceaneering.com\/wp-content\/uploads\/2024\/06\/Maintenance-Build-for-FPSO-and-Offloading-Terminal-Maximizes-Uptime-with-Optimized-Approach.jpg\" alt=\"\" \/><\/a><\/p>\r\n<h3>A constru\u00e7\u00e3o de manuten\u00e7\u00e3o para FPSO e terminal de descarga maximiza o tempo de atividade com uma abordagem otimizada<\/h3>\r\n<h3>A constru\u00e7\u00e3o de manuten\u00e7\u00e3o para FPSO e terminal de descarga maximiza o tempo de atividade com uma abordagem otimizada<\/h3>\r\n<p>In December 2023, Oceaneering&#8217;s Maintenance and Reliability Solutions team completed a three-year maintenance build scope for two&#8230;<\/p>\r\n<p><a href=\"https:\/\/www.oceaneering.com\/pt\/case-studies\/maintenance-build-for-fpso-and-offloading-terminal-maximizes-uptime-with-optimized-approach\/\">Saiba mais <\/a><\/p>\r\n<h1>Entre em contato conosco<\/h1>\r\n<h2>Nossa equipe de especialistas est\u00e1 pronta para ajud\u00e1-lo a come\u00e7ar.<\/h2>\r\n<p>A Oceaneering oferece os melhores produtos e solu\u00e7\u00f5es da categoria, respaldados por qualidade, confiabilidade e suporte global inigual\u00e1veis. Preencha o formul\u00e1rio de consulta para iniciar uma conversa hoje mesmo.<\/p>","protected":false},"excerpt":{"rendered":"<p>Aumente o tempo de atividade operacional e o desempenho dos ativos em toda a sua infraestrutura f\u00edsica, mantendo a seguran\u00e7a e a conformidade. <\/p>","protected":false},"author":19,"featured_media":72241,"parent":0,"menu_order":2,"comment_status":"closed","ping_status":"closed","template":"","meta":{"_acf_changed":false,"footnotes":"","_links_to":"","_links_to_target":""},"product_category":[1998],"search_tags":[1800],"class_list":["post-59772","page","type-page","status-publish","has-post-thumbnail","product_category-maintenance-and-reliability","search_tags-asset-integrity"],"acf":[],"aioseo_notices":[],"_links":{"self":[{"href":"https:\/\/www.oceaneering.com\/pt\/wp-json\/wp\/v2\/pages\/59772","targetHints":{"allow":["GET"]}}],"collection":[{"href":"https:\/\/www.oceaneering.com\/pt\/wp-json\/wp\/v2\/pages"}],"about":[{"href":"https:\/\/www.oceaneering.com\/pt\/wp-json\/wp\/v2\/types\/page"}],"author":[{"embeddable":true,"href":"https:\/\/www.oceaneering.com\/pt\/wp-json\/wp\/v2\/users\/19"}],"replies":[{"embeddable":true,"href":"https:\/\/www.oceaneering.com\/pt\/wp-json\/wp\/v2\/comments?post=59772"}],"version-history":[{"count":1,"href":"https:\/\/www.oceaneering.com\/pt\/wp-json\/wp\/v2\/pages\/59772\/revisions"}],"predecessor-version":[{"id":80884,"href":"https:\/\/www.oceaneering.com\/pt\/wp-json\/wp\/v2\/pages\/59772\/revisions\/80884"}],"wp:featuredmedia":[{"embeddable":true,"href":"https:\/\/www.oceaneering.com\/pt\/wp-json\/wp\/v2\/media\/72241"}],"wp:attachment":[{"href":"https:\/\/www.oceaneering.com\/pt\/wp-json\/wp\/v2\/media?parent=59772"}],"wp:term":[{"taxonomy":"product_category","embeddable":true,"href":"https:\/\/www.oceaneering.com\/pt\/wp-json\/wp\/v2\/product_category?post=59772"},{"taxonomy":"search_tags","embeddable":true,"href":"https:\/\/www.oceaneering.com\/pt\/wp-json\/wp\/v2\/search_tags?post=59772"}],"curies":[{"name":"wp","href":"https:\/\/api.w.org\/{rel}","templated":true}]}}