{"id":59710,"date":"2023-10-18T16:18:06","date_gmt":"2023-10-18T20:18:06","guid":{"rendered":"https:\/\/oceaneering.com\/?page_id=59710"},"modified":"2025-11-04T02:02:43","modified_gmt":"2025-11-04T08:02:43","slug":"asset-integrity-management","status":"publish","type":"page","link":"https:\/\/www.oceaneering.com\/pt\/asset-integrity-management\/","title":{"rendered":"Gerenciamento da integridade dos ativos"},"content":{"rendered":"<a href=\"\/pt\/asset-integrity\/#contact\" target=\"_self\">\n\t\t\t\t\t\t\tDiscutir um projeto\n\t\t\t\t\t<\/a>\n<h1>\n\t\tGerenciamento da integridade dos ativos\n\t<\/h1>\n\t<p>Minimize o tempo de inatividade e melhore sua efici\u00eancia operacional aproveitando nossa abordagem integrada, que combina engenharia especializada, plataformas de software e tecnologia de inspe\u00e7\u00e3o avan\u00e7ada.<\/p>\n<h2>\n\t\tAumentar a efici\u00eancia e a confiabilidade\n\t<\/h2>\n\t<p>Oferecemos valor inigual\u00e1vel e tranquilidade com servi\u00e7os e tecnologias confi\u00e1veis do setor que garantem a confiabilidade e a longevidade de seus ativos. Adote uma abordagem personalizada e integrada, combinando o poder de nossa experi\u00eancia e presen\u00e7a global para transformar suas opera\u00e7\u00f5es.<\/p>\n\t\t\t<a href='https:\/\/www.oceaneering.com\/pt\/asset-integrity-management\/combining-engineering-data-and-visualization\/' title='Combina\u00e7\u00e3o de dados de engenharia e visualiza\u00e7\u00e3o'><img width=\"1024\" height=\"459\" src=\"https:\/\/www.oceaneering.com\/wp-content\/uploads\/2025\/10\/shutterstock_2033428775-copy-1024x459.webp\" alt=\"Digital world with an engineer working with a digital technology screen\" itemprop=\"image\" decoding=\"async\" loading=\"lazy\" srcset=\"https:\/\/www.oceaneering.com\/wp-content\/uploads\/2025\/10\/shutterstock_2033428775-copy-1024x459.webp 1024w, https:\/\/www.oceaneering.com\/wp-content\/uploads\/2025\/10\/shutterstock_2033428775-copy-300x135.webp 300w, https:\/\/www.oceaneering.com\/wp-content\/uploads\/2025\/10\/shutterstock_2033428775-copy-768x344.webp 768w, https:\/\/www.oceaneering.com\/wp-content\/uploads\/2025\/10\/shutterstock_2033428775-copy-1536x689.webp 1536w, https:\/\/www.oceaneering.com\/wp-content\/uploads\/2025\/10\/shutterstock_2033428775-copy-18x8.webp 18w, https:\/\/www.oceaneering.com\/wp-content\/uploads\/2025\/10\/shutterstock_2033428775-copy.webp 1920w\" sizes=\"auto, (max-width: 1024px) 100vw, 1024px\" title=\"Engenharia Digital Dados | Oceaneering\" \/><\/a>\n\t<h3><a href='https:\/\/www.oceaneering.com\/pt\/asset-integrity-management\/combining-engineering-data-and-visualization\/' title='Combina\u00e7\u00e3o de dados de engenharia e visualiza\u00e7\u00e3o'>Combina\u00e7\u00e3o de dados de engenharia e visualiza\u00e7\u00e3o<\/a><\/h3>\n    \t<p>D\u00ea vida \u00e0 integridade em uma vis\u00e3o conectada de seus ativos, do topside ao submarino.<\/p>\n\t\t<a href=\"https:\/\/www.oceaneering.com\/pt\/asset-integrity-management\/combining-engineering-data-and-visualization\/\">Leia mais<\/a>\n\t\t\t<a href='https:\/\/www.oceaneering.com\/pt\/asset-integrity-management\/integrity-engineering\/' title='Engenharia de Integridade'><img width=\"1024\" height=\"576\" src=\"https:\/\/www.oceaneering.com\/wp-content\/uploads\/2023\/12\/Capability-Statement-RRM-1-1024x576.jpg\" alt=\"\" itemprop=\"image\" decoding=\"async\" loading=\"lazy\" srcset=\"https:\/\/www.oceaneering.com\/wp-content\/uploads\/2023\/12\/Capability-Statement-RRM-1-1024x576.jpg 1024w, https:\/\/www.oceaneering.com\/wp-content\/uploads\/2023\/12\/Capability-Statement-RRM-1-300x169.jpg 300w, https:\/\/www.oceaneering.com\/wp-content\/uploads\/2023\/12\/Capability-Statement-RRM-1-768x432.jpg 768w, https:\/\/www.oceaneering.com\/wp-content\/uploads\/2023\/12\/Capability-Statement-RRM-1-1536x864.jpg 1536w, https:\/\/www.oceaneering.com\/wp-content\/uploads\/2023\/12\/Capability-Statement-RRM-1-18x10.jpg 18w, https:\/\/www.oceaneering.com\/wp-content\/uploads\/2023\/12\/Capability-Statement-RRM-1-1280x720.jpg 1280w, https:\/\/www.oceaneering.com\/wp-content\/uploads\/2023\/12\/Capability-Statement-RRM-1-960x540.jpg 960w, https:\/\/www.oceaneering.com\/wp-content\/uploads\/2023\/12\/Capability-Statement-RRM-1-640x360.jpg 640w, https:\/\/www.oceaneering.com\/wp-content\/uploads\/2023\/12\/Capability-Statement-RRM-1-320x180.jpg 320w, https:\/\/www.oceaneering.com\/wp-content\/uploads\/2023\/12\/Capability-Statement-RRM-1.jpg 1920w\" sizes=\"auto, (max-width: 1024px) 100vw, 1024px\" title=\"EngenhariaRRM 1 | Oceaneering\" \/><\/a>\n\t<h3><a href='https:\/\/www.oceaneering.com\/pt\/asset-integrity-management\/integrity-engineering\/' title='Engenharia de Integridade'>Engenharia de Integridade<\/a><\/h3>\n    \t<p>Minimize o tempo de inatividade e mantenha opera\u00e7\u00f5es seguras com nossos servi\u00e7os de engenharia de integridade adaptados \u00e0s suas necessidades. <\/p>\n\t\t<a href=\"https:\/\/www.oceaneering.com\/pt\/asset-integrity-management\/integrity-engineering\/\">Leia mais<\/a>\n\t\t\t<a href='https:\/\/www.oceaneering.com\/pt\/asset-integrity-management\/inspection\/' title='Inspe\u00e7\u00e3o'><img width=\"1024\" height=\"281\" src=\"https:\/\/www.oceaneering.com\/wp-content\/uploads\/2023\/11\/Inspection-and-Condition-Monitoring-cropped-1024x281.jpg\" alt=\"\" itemprop=\"image\" decoding=\"async\" loading=\"lazy\" srcset=\"https:\/\/www.oceaneering.com\/wp-content\/uploads\/2023\/11\/Inspection-and-Condition-Monitoring-cropped-1024x281.jpg 1024w, https:\/\/www.oceaneering.com\/wp-content\/uploads\/2023\/11\/Inspection-and-Condition-Monitoring-cropped-300x82.jpg 300w, https:\/\/www.oceaneering.com\/wp-content\/uploads\/2023\/11\/Inspection-and-Condition-Monitoring-cropped-768x211.jpg 768w, https:\/\/www.oceaneering.com\/wp-content\/uploads\/2023\/11\/Inspection-and-Condition-Monitoring-cropped-1536x421.jpg 1536w, https:\/\/www.oceaneering.com\/wp-content\/uploads\/2023\/11\/Inspection-and-Condition-Monitoring-cropped-2048x562.jpg 2048w, https:\/\/www.oceaneering.com\/wp-content\/uploads\/2023\/11\/Inspection-and-Condition-Monitoring-cropped-18x5.jpg 18w\" sizes=\"auto, (max-width: 1024px) 100vw, 1024px\" title=\"Inspe\u00e7\u00e3o e Monitoramento de Condi\u00e7\u00f5es - Oceaneering\" \/><\/a>\n\t<h3><a href='https:\/\/www.oceaneering.com\/pt\/asset-integrity-management\/inspection\/' title='Inspe\u00e7\u00e3o'>Inspe\u00e7\u00e3o<\/a><\/h3>\n    \t<p>Otimize a inspe\u00e7\u00e3o de rotina e ad-hoc de sua infraestrutura cr\u00edtica com solu\u00e7\u00f5es adequadas ao projeto que garantem que seus ativos estejam aptos para o servi\u00e7o. <\/p>\n\t\t<a href=\"https:\/\/www.oceaneering.com\/pt\/asset-integrity-management\/inspection\/\">Leia mais<\/a>\n\t\t\t<a href='https:\/\/www.oceaneering.com\/pt\/maintenance-and-reliability\/' title='Manuten\u00e7\u00e3o e confiabilidade'><img width=\"1024\" height=\"605\" src=\"https:\/\/www.oceaneering.com\/wp-content\/uploads\/2024\/05\/Maintenance-and-reliability-solutions-1024x605.jpg\" alt=\"Engineer with industry background\" itemprop=\"image\" decoding=\"async\" loading=\"lazy\" srcset=\"https:\/\/www.oceaneering.com\/wp-content\/uploads\/2024\/05\/Maintenance-and-reliability-solutions-1024x605.jpg 1024w, https:\/\/www.oceaneering.com\/wp-content\/uploads\/2024\/05\/Maintenance-and-reliability-solutions-300x177.jpg 300w, https:\/\/www.oceaneering.com\/wp-content\/uploads\/2024\/05\/Maintenance-and-reliability-solutions-768x454.jpg 768w, https:\/\/www.oceaneering.com\/wp-content\/uploads\/2024\/05\/Maintenance-and-reliability-solutions-1536x908.jpg 1536w, https:\/\/www.oceaneering.com\/wp-content\/uploads\/2024\/05\/Maintenance-and-reliability-solutions-2048x1210.jpg 2048w, https:\/\/www.oceaneering.com\/wp-content\/uploads\/2024\/05\/Maintenance-and-reliability-solutions-18x12.jpg 18w\" sizes=\"auto, (max-width: 1024px) 100vw, 1024px\" title=\"Solu\u00e7\u00f5es de manuten\u00e7\u00e3o e confiabilidade | Oceaneering\" \/><\/a>\n\t<h3><a href='https:\/\/www.oceaneering.com\/pt\/maintenance-and-reliability\/' title='Manuten\u00e7\u00e3o e confiabilidade'>Manuten\u00e7\u00e3o e confiabilidade<\/a><\/h3>\n    \t<p>Aumente o tempo de atividade operacional e o desempenho dos ativos em toda a sua infraestrutura f\u00edsica, mantendo a seguran\u00e7a e a conformidade. <\/p>\n\t\t<a href=\"https:\/\/www.oceaneering.com\/pt\/maintenance-and-reliability\/\">Leia mais<\/a>\n\t\t<!-- .pp-content-posts -->\n<h2>\n\t\tCapacidades abrangentes. Experi\u00eancia global.\n\t<\/h2>\n\t<p>Aumente a confiabilidade e a seguran\u00e7a de seus ativos com a tomada de decis\u00f5es orientada por dados em todos os ativos, permitindo que voc\u00ea se concentre nas principais \u00e1reas de preocupa\u00e7\u00e3o em todos os tipos de ativos.<\/p>\n\t\t\t\t<img decoding=\"async\" src=\"https:\/\/www.oceaneering.com\/wp-content\/uploads\/2025\/06\/Pressure-Systems.png\" alt=\"Icon of a pressure valve showing services related to pressure systems.\" title=\"Sistemas de press\u00e3o\" itemprop=\"image\"\/>\n\t\t<h3>Sistemas de press\u00e3o<\/h3>\n\t\t\t\t<p>Reduza os riscos, aumente a vida \u00fatil dos ativos e garanta a confiabilidade de seus sistemas offshore e onshore.<\/p>\n<a href=\"https:\/\/www.oceaneering.com\/pt\/asset-integrity-management\/pressure-systems\/\" target=\"_self\">Saiba mais<\/a>\t\t\t\n\t\t\t\t<img decoding=\"async\" src=\"https:\/\/www.oceaneering.com\/wp-content\/uploads\/2025\/06\/Fixed-and-Floating-Structures-1.png\" alt=\"Icon of an oil platform showing services related to fixed and floating structures.\" title=\"Estruturas fixas e flutuantes 1\" itemprop=\"image\"\/>\n\t\t<h3>Estruturas fixas e flutuantes<\/h3>\n\t\t\t\t<p>Garantir a seguran\u00e7a estrutural, a funcionalidade e a conformidade com os padr\u00f5es regulamentares e do setor.<\/p>\n<a href=\"https:\/\/www.oceaneering.com\/pt\/asset-integrity-management\/fixed-and-floating-structures\/\" target=\"_self\">Saiba mais<\/a>\t\t\t\n\t\t\t\t<img decoding=\"async\" src=\"https:\/\/www.oceaneering.com\/wp-content\/uploads\/2025\/06\/Onshore-Pipelines.png\" alt=\"Icon of a pipeline showing services related to onshore pipelines.\" title=\"Dutos em terra\" itemprop=\"image\"\/>\n\t\t<h3>Dutos em terra<\/h3>\n\t\t\t\t<p>Utilize uma abordagem proativa e orientada por dados para evitar falhas, otimizar a manuten\u00e7\u00e3o e garantir opera\u00e7\u00f5es seguras e em conformidade.<\/p>\n<a href=\"https:\/\/www.oceaneering.com\/pt\/asset-integrity-management\/onshore-pipelines\/\" target=\"_self\">Saiba mais<\/a>\t\t\t\n\t\t\t\t<img decoding=\"async\" src=\"https:\/\/www.oceaneering.com\/wp-content\/uploads\/2025\/06\/Offshore-Pipeline-and-Subsea-Structure-1.png\" alt=\"Icon of a subsea structure showing services related to offshore pipeline and subsea structures.\" title=\"Tubula\u00e7\u00e3o offshore e estrutura submarina 1\" itemprop=\"image\"\/>\n\t\t<h3>Ativos submarinos<\/h3>\n\t\t\t\t<p>Abordar a corros\u00e3o, a eros\u00e3o, a degrada\u00e7\u00e3o do material, as falhas estruturais e as amea\u00e7as de terceiros.<\/p>\n<a href=\"https:\/\/www.oceaneering.com\/pt\/asset-integrity-management\/subsea-assets\/\" target=\"_self\">Saiba mais<\/a>\t\t\t\n\t\t\t\t<img decoding=\"async\" src=\"https:\/\/www.oceaneering.com\/wp-content\/uploads\/2025\/06\/Storage-Tanks-and-Associated-Pipework.png\" alt=\"Icon of two storage tanks showing services related to storage tanks and associated pipework.\" title=\"Tanques de armazenamento e tubula\u00e7\u00f5es associadas\" itemprop=\"image\"\/>\n\t\t<h3>Tanques de armazenamento e tubula\u00e7\u00f5es associadas<\/h3>\n\t\t\t\t<p>Combine inspe\u00e7\u00e3o e engenharia para otimizar o planejamento da manuten\u00e7\u00e3o e garantir a seguran\u00e7a e a longevidade de seus ativos.<\/p>\n<a href=\"https:\/\/www.oceaneering.com\/pt\/asset-integrity-management\/storage-tanks-and-associated-pipework\/\" target=\"_self\">Saiba mais<\/a>\t\t\t\n\t\t\t\t<img decoding=\"async\" src=\"https:\/\/www.oceaneering.com\/wp-content\/uploads\/2025\/06\/Cranes-and-Lifting-Equipment-1.png\" alt=\"Icon of an oil platform showing services related to fixed and floating structures.\" title=\"Guindastes e equipamentos de eleva\u00e7\u00e3o 1\" itemprop=\"image\"\/>\n\t\t<h3>Guindastes e equipamentos de eleva\u00e7\u00e3o<\/h3>\n\t\t\t\t<p>Simplificar a inspe\u00e7\u00e3o, a verifica\u00e7\u00e3o por terceiros e a certifica\u00e7\u00e3o de guindastes e equipamentos de eleva\u00e7\u00e3o, tanto em terra quanto no mar.<\/p>\n<a href=\"https:\/\/www.oceaneering.com\/pt\/asset-integrity-management\/inspection\/crane-lifting\/\" target=\"_self\">Saiba mais<\/a>\t\t\t\n\t\t\t\t<img loading=\"lazy\" decoding=\"async\" src=\"https:\/\/www.oceaneering.com\/wp-content\/uploads\/2023\/11\/Floating_Windmill_SM_image_02.jpg\" alt=\"Floating_Windmill_SM_image_02\" itemprop=\"image\" height=\"698\" width=\"1080\" title=\"Moinho de vento flutuante_SM_image_02\" onerror=\"this.style.display='none'\"  \/>\n<h2>\n\t\tAprimorando o insight em todos os setores\n\t<\/h2>\n\t<p>Com presen\u00e7a global, pessoal certificado, experi\u00eancia em engenharia em condi\u00e7\u00f5es adversas e capacidade de oferecer suporte abrangente e ininterrupto, estamos em uma posi\u00e7\u00e3o \u00fanica para dar suporte a uma ampla gama de setores com servi\u00e7os inigual\u00e1veis de gerenciamento de integridade de ativos.<\/p>\n<ul>\n<li><strong>Petr\u00f3leo e g\u00e1s<\/strong>\n<ul>\n<li>Upstream, Midstream, Downstream, Onshore, Offshore, Subsea e Topside<\/li>\n<\/ul>\n<\/li>\n<li><strong>Energia renov\u00e1vel e de baixo carbono<\/strong>\n<ul>\n<li>E\u00f3lica offshore, nuclear, hidrog\u00eanio e captura e armazenamento de carbono<\/li>\n<\/ul>\n<\/li>\n<li><strong>Constru\u00e7\u00e3o e fabrica\u00e7\u00e3o<\/strong>\n<ul>\n<li>Infraestrutura, pontes, est\u00e1dios e muito mais<\/li>\n<\/ul>\n<\/li>\n<\/ul>\n<h2>\n\t\tCapacite suas opera\u00e7\u00f5es com solu\u00e7\u00f5es integradas \n\t<\/h2>\n<h3>\n\t\tAdotar uma abordagem integrada\n\t<\/h3>\n\t<p>Aumente a efici\u00eancia e minimize o tempo de inatividade usando nossa abordagem hol\u00edstica, integrando o gerenciamento de integridade e a inspe\u00e7\u00e3o avan\u00e7ada.<\/p>\n<h3>\n\t\tAproveite a tecnologia de ponta \n\t<\/h3>\n\t<p>Aumente a confiabilidade, a precis\u00e3o dos dados e a seguran\u00e7a usando tecnologias avan\u00e7adas de inspe\u00e7\u00e3o e plataformas de software voltadas para a integridade.<\/p>\n<h3>\n\t\tUse dados para orientar a tomada de decis\u00f5es   \n\t<\/h3>\n\t<p>Confie em nossa experi\u00eancia em engenharia para ajud\u00e1-lo a otimizar os gastos e se concentrar nas principais \u00e1reas de interesse.<\/p>\n<h3>\n\t\tAumentar a integridade e a seguran\u00e7a \n\t<\/h3>\n\t<p>Atenda aos mais altos padr\u00f5es de seguran\u00e7a, conformidade e confiabilidade, garantindo a funcionalidade e a longevidade de seus ativos.<\/p>\n<h2>\n\t\tPerguntas frequentes\n\t<\/h2>\n\t<p>Como a Oceaneering pode transformar sua gest\u00e3o de integridade de ativos?<\/p>\n\t\t\t\t\t\t<h5>What makes Oceaneering&#8217;s approach to asset integrity different?<\/h5>\n\t\t\t<p>We don&#8217;t just offer services-we deliver engineer-driven integrated solutions. Our approach combines advanced inspection technologies, integrity management, engineering expertise, and software solutions to give you a complete picture of your assets and operations.<\/p>\n\t\t\t\t\t\t<h5>Como a Oceaneering usa a tecnologia para melhorar o desempenho?<\/h5>\n\t\t\t<p>We use cutting-edge tools and platforms to enhance data accuracy, streamline inspections, and support smarter decision-making. It&#8217;s all about using the right tech to drive real-world results.<\/p>\n\t\t\t\t\t\t<h5>A Oceaneering pode ajudar a reduzir o tempo de inatividade?<\/h5>\n\t\t\t<p>Com certeza. Nossa estrat\u00e9gia hol\u00edstica foi projetada para melhorar a efici\u00eancia e minimizar o tempo de inatividade. Nossos pontos fortes de engenharia de integridade, aliados aos nossos recursos de inspe\u00e7\u00e3o, s\u00e3o ideais para estar \u00e0 frente dos problemas antes que eles se tornem problemas. O uso de engenharia avan\u00e7ada, como a nossa abordagem para automatizar o RBI, tamb\u00e9m pode ajud\u00e1-lo a adiar as inspe\u00e7\u00f5es, economizando tempo e custos e mantendo suas opera\u00e7\u00f5es em funcionamento.<\/p>\n\t\t\t\t\t\t<h5>E quanto \u00e0 seguran\u00e7a e \u00e0 conformidade?<\/h5>\n\t\t\t<p>Safety is non-negotiable. We help you meet the highest standards for safety, compliance, and reliability-ensuring your assets are not only functional but built to last.<\/p>\n\t\t\t\t\t\t<h5>Como a Oceaneering apoia a otimiza\u00e7\u00e3o de custos?<\/h5>\n\t\t\t<p>Nossas equipes de engenharia trabalham junto com voc\u00ea para identificar as principais \u00e1reas de preocupa\u00e7\u00e3o e otimizar seus gastos. Usamos dados para concentrar seus recursos onde eles s\u00e3o mais importantes, sem comprometer a qualidade, a seguran\u00e7a ou a conformidade.<\/p>\n\t\t\t\t\t\t<h5>Por que a Oceaneering dedica tanto tempo e esfor\u00e7o para desenvolver solu\u00e7\u00f5es internamente?<\/h5>\n\t\t\t<p>We develop solutions in-house because we know that all tools are not one-size-fits-all. Our teams work in some of the world&#8217;s most complex and demanding environments, enabling them to understand key integrity concerns at their core. By building our own technology, we maintain full control over performance, safety, and adaptability. It allows us to move faster, respond smarter, and deliver tools that are precisely engineered for the challenges our clients face, ensuring reliability, driving efficiency, and staying ahead of what&#8217;s next.<\/p>\n\t\t\t\t\t\t<h5>Todas as suas plataformas de software e tecnologias de inspe\u00e7\u00e3o s\u00e3o desenvolvidas internamente?<\/h5>\n\t\t\t<p>N\u00e3o. Desenvolvemos solu\u00e7\u00f5es internas e integramos produtos de terceiros para oferecer as solu\u00e7\u00f5es mais robustas e de maior valor para nossos clientes. Alguns exemplos incluem o refor\u00e7o de nossos recursos de modelagem 3D com a aquisi\u00e7\u00e3o de <a href=\"https:\/\/investors.oceaneering.com\/news\/news-details\/2024\/Oceaneering-Acquires-Global-Design-Innovation-Ltd\/default.aspx\" target=\"_blank\" rel=\"noopener\">GDi<\/a> e a implementa\u00e7\u00e3o de inspe\u00e7\u00e3o interna de tanques usando sistemas de drones de terceiros.<\/p>\n\t\t\t\t\t\t<h5>Por que devo confiar a integridade de meus ativos \u00e0 Oceaneering?<\/h5>\n\t\t\t<p>Because we bring significant expertise, proven technology, and a commitment to excellence. From inspection to analytics, we&#8217;re here to help you protect your assets and power your performance.<\/p>\n\t\t\t<a href=\"#contact\" target=\"_self\">\n\t\t\t\t\t\t\tTem mais perguntas? Entre em contato conosco.\n\t\t\t<\/a>\n\n\t\tEntre em contato conosco\n\t\n<h2>\n\t\tNossa equipe de especialistas est\u00e1 pronta para ajud\u00e1-lo a come\u00e7ar.\n\t<\/h2>\n\t<p>A Oceaneering oferece os melhores produtos e solu\u00e7\u00f5es da categoria, respaldados por qualidade, confiabilidade e suporte global inigual\u00e1veis. Preencha o formul\u00e1rio de consulta para iniciar uma conversa hoje mesmo.<\/p>","protected":false},"excerpt":{"rendered":"<p>Discuss a Project Asset Integrity Management Minimize downtime and improve your operational efficiency by leveraging our integrated approach, combining expert engineering, software platforms, and advanced inspection technology. Enhance Efficiency and Reliability We deliver unparalleled value and peace of mind with industry-trusted services and technologies that ensure the reliability and longevity of your assets. Adopt a &#8230; <a title=\"Gerenciamento da integridade dos ativos\" class=\"read-more\" href=\"https:\/\/www.oceaneering.com\/pt\/asset-integrity-management\/\" aria-label=\"Read more about Asset Integrity Management\">Leia mais<\/a><\/p>","protected":false},"author":19,"featured_media":0,"parent":0,"menu_order":2,"comment_status":"closed","ping_status":"closed","template":"","meta":{"_acf_changed":false,"footnotes":"","_links_to":"","_links_to_target":""},"product_category":[1205],"search_tags":[1800],"class_list":["post-59710","page","type-page","status-publish","product_category-asset-integrity-management","search_tags-asset-integrity"],"acf":[],"aioseo_notices":[],"_links":{"self":[{"href":"https:\/\/www.oceaneering.com\/pt\/wp-json\/wp\/v2\/pages\/59710","targetHints":{"allow":["GET"]}}],"collection":[{"href":"https:\/\/www.oceaneering.com\/pt\/wp-json\/wp\/v2\/pages"}],"about":[{"href":"https:\/\/www.oceaneering.com\/pt\/wp-json\/wp\/v2\/types\/page"}],"author":[{"embeddable":true,"href":"https:\/\/www.oceaneering.com\/pt\/wp-json\/wp\/v2\/users\/19"}],"replies":[{"embeddable":true,"href":"https:\/\/www.oceaneering.com\/pt\/wp-json\/wp\/v2\/comments?post=59710"}],"version-history":[{"count":2,"href":"https:\/\/www.oceaneering.com\/pt\/wp-json\/wp\/v2\/pages\/59710\/revisions"}],"predecessor-version":[{"id":80072,"href":"https:\/\/www.oceaneering.com\/pt\/wp-json\/wp\/v2\/pages\/59710\/revisions\/80072"}],"wp:attachment":[{"href":"https:\/\/www.oceaneering.com\/pt\/wp-json\/wp\/v2\/media?parent=59710"}],"wp:term":[{"taxonomy":"product_category","embeddable":true,"href":"https:\/\/www.oceaneering.com\/pt\/wp-json\/wp\/v2\/product_category?post=59710"},{"taxonomy":"search_tags","embeddable":true,"href":"https:\/\/www.oceaneering.com\/pt\/wp-json\/wp\/v2\/search_tags?post=59710"}],"curies":[{"name":"wp","href":"https:\/\/api.w.org\/{rel}","templated":true}]}}