{"id":5,"date":"2017-05-24T17:12:39","date_gmt":"2017-05-24T17:12:39","guid":{"rendered":"http:\/\/ctframework.wpengine.com\/?page_id=5"},"modified":"2026-05-01T17:57:17","modified_gmt":"2026-05-01T22:57:17","slug":"home","status":"publish","type":"page","link":"https:\/\/www.oceaneering.com\/pt\/","title":{"rendered":"In\u00edcio"},"content":{"rendered":"Uma nova pot\u00eancia em rob\u00f3tica\t\n<h1>\n\t\t\tApresentando o ROV Momentum\u2122 Electric Work Class\t<\/h1>\n\n\t\t\tEsse sistema de propuls\u00e3o el\u00e9trica de \u00faltima gera\u00e7\u00e3o suporta campanhas submarinas prolongadas com at\u00e9 30 dias de manuten\u00e7\u00e3o sem contato em ambientes complexos.\t\n\t\t\t<a href=\"https:\/\/www.oceaneering.com\/pt\/rov-services\/rov-systems\/momentum-electric-rov\/\"  target=\"_self\">\n\t\t\t\t\t\t\tSaiba mais\n\t\t\t<\/a>\n<figure itemscope itemtype=\"https:\/\/schema.org\/ImageObject\">\n\t\t\t\t<img decoding=\"async\" src=\"https:\/\/oceaneering.com\/wp-content\/uploads\/2024\/01\/Group-2772.png\" alt=\"Group 2772\" title=\"Grupo 2772\" onerror=\"this.style.display='none'\" loading=\"lazy\" \/>\n\t<\/figure>\n<h2>\n\t\t\tComprometidos com a seguran\u00e7a, a prote\u00e7\u00e3o e a qualidade \t<\/h2>\n\n\t\t\tCom conhecimento avan\u00e7ado em engenharia e tecnologia de ponta, fornecemos solu\u00e7\u00f5es e servi\u00e7os integrados que atendem aos seus desafios exclusivos - de forma segura e protegida.\t\n\t\t\t<a href=\"https:\/\/www.oceaneering.com\/pt\/contact-us\/\"  target=\"_self\">\n\t\t\t\t\t\t\tDiscutir um projeto\n\t\t\t<\/a>\n<h2>\n\t\t\tFeiras de neg\u00f3cios, webinars e eventos\t<\/h2>\n\n\t\t\tInteraja com os especialistas no assunto da Oceaneering em nossos webinars, eventos para clientes, feiras comerciais e eventos do setor para descobrir como estamos resolvendo o insol\u00favel com nossas tecnologias avan\u00e7adas.\t\n\t\t\t<a href=\"https:\/\/www.oceaneering.com\/pt\/news-media\/events\/\"  target=\"_self\">\n\t\t\t\t\t\t\tVer tudo\n\t\t\t<\/a>\n<h2>\n\t\t\tExcedendo as expectativas\t<\/h2>\n\t<p>Entendemos os problemas complexos que voc\u00ea enfrenta e estamos aqui para simplificar e capacitar suas opera\u00e7\u00f5es e projetos - dos mais rotineiros aos mais extremos.<\/p>\n\t\t<!-- Comment to fix spacing issue\n\t-->\n\t\t0 Years\n\t<!-- Comment to fix spacing issue\n\t-->\t\n\n\t\t\tde fornecer solu\u00e7\u00f5es otimizadas\t\n\t\t<!-- Comment to fix spacing issue\n\t-->\n\t\t0+\n\t<!-- Comment to fix spacing issue\n\t-->\t\n\n\t\t\tfuncion\u00e1rios experientes que produzem resultados\t\n\t\t<!-- Comment to fix spacing issue\n\t-->\n\t\t0+\n\t<!-- Comment to fix spacing issue\n\t-->\t\n\n\t\t\tbases operacionais em 24 pa\u00edses, em seis continentes\t\n\t\t\t\t\t\t\t\t\t<h3>Solu\u00e7\u00f5es reais e impactantes.<\/h3>\n\t\t\t\t\t\t\t\t\t<p>Explore como nossas inova\u00e7\u00f5es criativas transformam desafios em oportunidades, proporcionando resultados tang\u00edveis com os quais voc\u00ea pode contar.<\/p>\n\t\t\t\t\t\t<a href=\"https:\/\/www.oceaneering.com\/pt\/resources\/?_content_types=case-study\" target=\"_self\">\n\t\t\t\t\t\t\t\tVer todos os estudos de caso\t\t\t\t\t\t\t\n\t\t\t\t\t\t\t\t\t\t\t\t\t<\/a>\n\t\t\t\t\t\t<button>\n\t\t\t\t\t\t\tAnterior\n\t\t\t\t\t\t<\/button>\n\t\t\t\t\t\t<button>\n\t\t\t\t\t\t\tPr\u00f3ximo\n\t\t\t\t\t\t<\/button>\n\t\t\t\t\t\t\t<a href=\"https:\/\/www.oceaneering.com\/pt\/case-studies\/transforming-maintenance-data-iso-14224-alignment-for-enhanced-reliability\/\">\n\t\t\t\t\t\t\t\t\t\t<img decoding=\"async\" src=\"\" alt=\"\"\/>\n\t\t\t\t\t\t\t\t\t\t<h3>Private: Transforming Maintenance Data: ISO 14224 Alignment for Enhanced Reliability<\/h3>\n\t\t\t\t\t\t\t\t\t\t<h3>Private: Transforming Maintenance Data: ISO 14224 Alignment for Enhanced Reliability<\/h3>\n\t\t\t\t\t\t\t\t\t\t\t\t\t\t\t\t\t\t\t\t\t<p>We led a comprehensive review and standardization of a client&#8217;s maintenance data and technical hierarchies. The client&#8217;s&#8230;<\/p>\n\t\t\t\t\t\t\t\t\t\t\tSaiba mais\n\t\t\t\t\t\t\t<\/a>\n\t\t\t\t\t\t\t<a href=\"https:\/\/www.oceaneering.com\/pt\/case-studies\/pipeline-out-of-straightness-survey-for-greenfield-development-west-africa\/\">\n\t\t\t\t\t\t\t\t\t\t<img decoding=\"async\" src=\"\" alt=\"\"\/>\n\t\t\t\t\t\t\t\t\t\t<h3>Private: Pipeline Out-of-Straightness Survey for Greenfield Development West Africa<\/h3>\n\t\t\t\t\t\t\t\t\t\t<h3>Private: Pipeline Out-of-Straightness Survey for Greenfield Development West Africa<\/h3>\n\t\t\t\t\t\t\t\t\t\t\t\t\t\t\t\t\t\t\t\t\t<p>In 2025, we were contracted by a major energy client to perform a comprehensive out-of-straightness survey at&#8230;<\/p>\n\t\t\t\t\t\t\t\t\t\t\tSaiba mais\n\t\t\t\t\t\t\t<\/a>\n\t\t\t\t\t\t\t<a href=\"https:\/\/www.oceaneering.com\/pt\/case-studies\/extending-the-safe-operational-life-of-ageing-flexible-risers\/\">\n\t\t\t\t\t\t\t\t\t\t<img decoding=\"async\" src=\"\" alt=\"\"\/>\n\t\t\t\t\t\t\t\t\t\t<h3>Private: Extending the Safe Operational Life of Ageing Flexible Risers<\/h3>\n\t\t\t\t\t\t\t\t\t\t<h3>Private: Extending the Safe Operational Life of Ageing Flexible Risers<\/h3>\n\t\t\t\t\t\t\t\t\t\t\t\t\t\t\t\t\t\t\t\t\t<p>As global oil and gas fields mature, many flexible risers, deployed from platforms or floating production, storage,&#8230;<\/p>\n\t\t\t\t\t\t\t\t\t\t\tSaiba mais\n\t\t\t\t\t\t\t<\/a>\n\t\t\t\t\t\t\t<a href=\"https:\/\/www.oceaneering.com\/pt\/case-studies\/inform-risk-based-inspection-rbi-software-enables-operator-to-safely-extend-inspection-intervals\/\">\n\t\t\t\t\t\t\t\t\t\t<img decoding=\"async\" src=\"\" alt=\"\"\/>\n\t\t\t\t\t\t\t\t\t\t<h3>Private: INFORM\u2122 Risk-Based Inspection (RBI) Software Enables Operator to Safely Extend Inspection Intervals<\/h3>\n\t\t\t\t\t\t\t\t\t\t<h3>Private: INFORM\u2122 Risk-Based Inspection (RBI) Software Enables Operator to Safely Extend Inspection Intervals<\/h3>\n\t\t\t\t\t\t\t\t\t\t\t\t\t\t\t\t\t\t\t\t\t<p>A major operator is using our INFORMTM Risk-based Inspection (RBI) software to optimize the inspection and integrity&#8230;<\/p>\n\t\t\t\t\t\t\t\t\t\t\tSaiba mais\n\t\t\t\t\t\t\t<\/a>\n\t\t\t\t\t\t\t<a href=\"https:\/\/www.oceaneering.com\/pt\/case-studies\/proving-a-new-operating-model-for-offshore-simops\/\">\n\t\t\t\t\t\t\t\t\t\t<img decoding=\"async\" src=\"\" alt=\"\"\/>\n\t\t\t\t\t\t\t\t\t\t<h3>Private: Proving a New Operating Model for Offshore SIMOPS<\/h3>\n\t\t\t\t\t\t\t\t\t\t<h3>Private: Proving a New Operating Model for Offshore SIMOPS<\/h3>\n\t\t\t\t\t\t\t\t\t\t\t\t\t\t\t\t\t\t\t\t\t<p>In early March 2026, our teams conducted an offshore demonstration to validate simultaneous operations using our Ocean&#8230;<\/p>\n\t\t\t\t\t\t\t\t\t\t\tSaiba mais\n\t\t\t\t\t\t\t<\/a>\n\t\t\t\t\t\t\t<a href=\"https:\/\/www.oceaneering.com\/pt\/case-studies\/umbilical-repair-restores-production-for-totalenergies-in-angola\/\">\n\t\t\t\t\t\t\t\t\t\t<img decoding=\"async\" src=\"https:\/\/www.oceaneering.com\/wp-content\/uploads\/2026\/04\/MFX217-copy.webp\" alt=\"Subsea umbilical used to transmit power, control signals, and fluids between surface and subsea equipment.\"\/>\n\t\t\t\t\t\t\t\t\t\t<h3>Private: Umbilical Repair Restores Production for TotalEnergies in Angola<\/h3>\n\t\t\t\t\t\t\t\t\t\t<h3>Private: Umbilical Repair Restores Production for TotalEnergies in Angola<\/h3>\n\t\t\t\t\t\t\t\t\t\t\t\t\t\t\t\t\t\t\t\t\t<p>In September 2022, TotalEnergies (TE) contacted Oceaneering requiring a solution for a failed control and power umbilical&#8230;<\/p>\n\t\t\t\t\t\t\t\t\t\t\tSaiba mais\n\t\t\t\t\t\t\t<\/a>\n\t\t\t\t\t\t\t<a href=\"https:\/\/www.oceaneering.com\/pt\/case-studies\/automating-material-flow-in-demanding-automotive-manufacturing-environments\/\">\n\t\t\t\t\t\t\t\t\t\t<img decoding=\"async\" src=\"https:\/\/www.oceaneering.com\/wp-content\/uploads\/2025\/04\/OMR_MaxMover_counterbalance_charging_for-web.jpg\" alt=\"MaxMover\u2122 Counterbalance Forklift charging\"\/>\n\t\t\t\t\t\t\t\t\t\t<h3>Automating Material Flow in Demanding Automotive Manufacturing Environments<\/h3>\n\t\t\t\t\t\t\t\t\t\t<h3>Automating Material Flow in Demanding Automotive Manufacturing Environments<\/h3>\n\t\t\t\t\t\t\t\t\t\t\t\t\t\t\t\t\t\t\t\t\t<p>A global automotive manufacturer set out to automate internal material movement across multiple production facilities in North&#8230;<\/p>\n\t\t\t\t\t\t\t\t\t\t\tSaiba mais\n\t\t\t\t\t\t\t<\/a>\n\t\t\t\t\t\t\t<a href=\"https:\/\/www.oceaneering.com\/pt\/case-studies\/fracture-mechanics-assessment-of-non-impact-tested-carbon-steel-pipework-at-risk-of-cold-temperature-exposure\/\">\n\t\t\t\t\t\t\t\t\t\t<img decoding=\"async\" src=\"https:\/\/www.oceaneering.com\/wp-content\/uploads\/2026\/03\/Pipework.webp\" alt=\"Industrial Worker inspection at steel long pipes and pipe elbow in thermal power plant, refinery valve of visual check record.\"\/>\n\t\t\t\t\t\t\t\t\t\t<h3>Fracture Mechanics Assessment of Non-Impact-Tested Carbon Steel Pipework at Risk of Cold Temperature Exposure<\/h3>\n\t\t\t\t\t\t\t\t\t\t<h3>Fracture Mechanics Assessment of Non-Impact-Tested Carbon Steel Pipework at Risk of Cold Temperature Exposure<\/h3>\n\t\t\t\t\t\t\t\t\t\t\t\t\t\t\t\t\t\t\t\t\t<p>Project Overview During shutdown preparation at a 20-year-old natural gas processing facility in the Asia-Pacific region, our client&#8230;<\/p>\n\t\t\t\t\t\t\t\t\t\t\tSaiba mais\n\t\t\t\t\t\t\t<\/a>\n\t\t\t\t\t\t\t<a href=\"https:\/\/www.oceaneering.com\/pt\/case-studies\/template-case-study\/\">\n\t\t\t\t\t\t\t\t\t\t<img decoding=\"async\" src=\"https:\/\/www.oceaneering.com\/wp-content\/uploads\/2026\/03\/Pipework.webp\" alt=\"Industrial Worker inspection at steel long pipes and pipe elbow in thermal power plant, refinery valve of visual check record.\"\/>\n\t\t\t\t\t\t\t\t\t\t<h3>Private: Template Case Study<\/h3>\n\t\t\t\t\t\t\t\t\t\t<h3>Private: Template Case Study<\/h3>\n\t\t\t\t\t\t\t\t\t\t\t\t\t\t\t\t\t\t\t\t\t<p>Lorem ipsum dolor sit amet, consectetur adipiscing elit. Nunc luctus sapien nec egestas rutrum. Sed sagittis ex&#8230;<\/p>\n\t\t\t\t\t\t\t\t\t\t\tSaiba mais\n\t\t\t\t\t\t\t<\/a>\n\t\t\t\t\t\t\t<a href=\"https:\/\/www.oceaneering.com\/pt\/case-studies\/high-precision-subsea-survey-and-torpedo-anchor-support-for-fpso-mooring-line-hook-up\/\">\n\t\t\t\t\t\t\t\t\t\t<img decoding=\"async\" src=\"https:\/\/www.oceaneering.com\/wp-content\/uploads\/2026\/03\/Torpedo-Survey-1-copy.webp\" alt=\"\"\/>\n\t\t\t\t\t\t\t\t\t\t<h3>Private: High-Precision Subsea Survey and Torpedo Anchor Support for FPSO Mooring Line Hook Up<\/h3>\n\t\t\t\t\t\t\t\t\t\t<h3>Private: High-Precision Subsea Survey and Torpedo Anchor Support for FPSO Mooring Line Hook Up<\/h3>\n\t\t\t\t\t\t\t\t\t\t\t\t\t\t\t\t\t\t\t\t\t<p>In 2025, our team completed a multi-year project focused on survey and installation scopes for a floating&#8230;<\/p>\n\t\t\t\t\t\t\t\t\t\t\tSaiba mais\n\t\t\t\t\t\t\t<\/a>\n\t\t\tCarreiras\t\n<h2>\n\t\t\tPronto para tra\u00e7ar um novo caminho?\t<\/h2>\n\n\t\t\tEstamos redefinindo o trabalho como uma porta de entrada para solu\u00e7\u00f5es transformadoras que remodelam os setores. Sua oportunidade de ser pioneiro no futuro come\u00e7a aqui, onde nosso compromisso com a inova\u00e7\u00e3o, a seguran\u00e7a e a sustentabilidade impulsiona cada empreendimento.\t\n\t\t\t<a href=\"https:\/\/www.oceaneering.com\/pt\/careers\/\"  target=\"_self\">\n\t\t\t\t\t\t\tCrie sua pr\u00f3xima aventura\n\t\t\t\t\t<\/a>\n<figure itemscope itemtype=\"https:\/\/schema.org\/ImageObject\">\n\t\t\t\t<img decoding=\"async\" src=\"https:\/\/oceaneering.com\/wp-content\/uploads\/2024\/01\/Group-2768.png\" alt=\"Group 2768\" title=\"Grupo 2768\" onerror=\"this.style.display='none'\" loading=\"lazy\" \/>\n\t<\/figure>\n<h2>\n\t\t\t\u00daltimas not\u00edcias\t<\/h2>\n\t\t\t<a href=\"https:\/\/www.oceaneering.com\/pt\/blog\/\"  target=\"_self\">\n\t\t\t\t\t\t\tVer todas as not\u00edcias\n\t\t\t\t\t<\/a>","protected":false},"excerpt":{"rendered":"<p>A New Robotics Powerhouse Introducing the Momentum\u2122 Electric Work Class ROV This next-generation electric-propulsion system supports extended subsea campaigns with up to 30 days no\u2011touch maintenance in complex environments. Learn More Committed to Safety, Security, and Quality With advanced engineering expertise and leading technology, we provide integrated solutions and services that address your unique challenges-safely &#8230; <a title=\"In\u00edcio\" class=\"read-more\" href=\"https:\/\/www.oceaneering.com\/pt\/\" aria-label=\"Leia mais sobre Home\">Leia mais<\/a><\/p>","protected":false},"author":7,"featured_media":0,"parent":0,"menu_order":0,"comment_status":"closed","ping_status":"closed","template":"","meta":{"_acf_changed":false,"footnotes":"","_links_to":"","_links_to_target":""},"product_category":[],"search_tags":[1865,1867],"class_list":["post-5","page","type-page","status-publish","search_tags-about","search_tags-homepage"],"acf":[],"aioseo_notices":[],"_links":{"self":[{"href":"https:\/\/www.oceaneering.com\/pt\/wp-json\/wp\/v2\/pages\/5","targetHints":{"allow":["GET"]}}],"collection":[{"href":"https:\/\/www.oceaneering.com\/pt\/wp-json\/wp\/v2\/pages"}],"about":[{"href":"https:\/\/www.oceaneering.com\/pt\/wp-json\/wp\/v2\/types\/page"}],"author":[{"embeddable":true,"href":"https:\/\/www.oceaneering.com\/pt\/wp-json\/wp\/v2\/users\/7"}],"replies":[{"embeddable":true,"href":"https:\/\/www.oceaneering.com\/pt\/wp-json\/wp\/v2\/comments?post=5"}],"version-history":[{"count":19,"href":"https:\/\/www.oceaneering.com\/pt\/wp-json\/wp\/v2\/pages\/5\/revisions"}],"predecessor-version":[{"id":83310,"href":"https:\/\/www.oceaneering.com\/pt\/wp-json\/wp\/v2\/pages\/5\/revisions\/83310"}],"wp:attachment":[{"href":"https:\/\/www.oceaneering.com\/pt\/wp-json\/wp\/v2\/media?parent=5"}],"wp:term":[{"taxonomy":"product_category","embeddable":true,"href":"https:\/\/www.oceaneering.com\/pt\/wp-json\/wp\/v2\/product_category?post=5"},{"taxonomy":"search_tags","embeddable":true,"href":"https:\/\/www.oceaneering.com\/pt\/wp-json\/wp\/v2\/search_tags?post=5"}],"curies":[{"name":"wp","href":"https:\/\/api.w.org\/{rel}","templated":true}]}}