{"id":2633,"date":"2023-10-17T10:09:38","date_gmt":"2023-10-17T14:09:38","guid":{"rendered":"https:\/\/oceaneering.com\/?page_id=2633"},"modified":"2024-09-11T04:03:09","modified_gmt":"2024-09-11T09:03:09","slug":"pipeline-repair-systems","status":"publish","type":"page","link":"https:\/\/www.oceaneering.com\/pt\/pipeline-repair-systems\/","title":{"rendered":"Conex\u00f5es de reparo de dutos (PCRS)"},"content":{"rendered":"<a href=\"\/pt\/pipeline-repair\/#contact\" target=\"_self\" rel=\"noopener\">\n\t\t\t\t\t\t\tDiscutir um projeto\n\t\t\t\t\t<\/a>\n<h1>\n\t\tConex\u00f5es de reparo de dutos (PCRS)\n\t<\/h1>\n\n\t\tNosso portf\u00f3lio de conex\u00f5es para reparo de tubula\u00e7\u00f5es atende \u00e0s suas necessidades de interven\u00e7\u00e3o planejada e n\u00e3o planejada em tubula\u00e7\u00f5es.\n\t\n<h2>\n\t\tSolu\u00e7\u00f5es completas para tubula\u00e7\u00f5es comprometidas\n\t<\/h2>\n\t<p>Fornecemos a engenharia e o hardware necess\u00e1rios para resolver problemas, desde pequenos defeitos at\u00e9 falhas catastr\u00f3ficas que resultam em efeitos adversos, tanto ambientais quanto econ\u00f4micos.<\/p>\n\n\t\tNossas solu\u00e7\u00f5es integradas e prontas para uso para remo\u00e7\u00e3o de revestimentos, prepara\u00e7\u00e3o de tubula\u00e7\u00f5es, inspe\u00e7\u00e3o e reparo proporcionam \u00f3timos resultados.\n\t\n\t<ul>\n\t\t\t\t\t<li>\n\t\t\t\tProporcionar efici\u00eancia de custos\n\t\t\t<\/li>\n\t\t\t\t\t<li>\n\t\t\t\tSimplificar as atividades\n\t\t\t<\/li>\n\t\t\t\t\t<li>\n\t\t\t\tMaximizar o tempo de atividade\n\t\t\t<\/li>\n\t\t\t\t\t<li>\n\t\t\t\tAssegurar a garantia de um fluxo seguro e oportuno\n\t\t\t<\/li>\n\t\t\t<\/ul>\n<h2>\n\t\tConectores Smart Flange Plus\n\t<\/h2>\n\t<p>Nossos conectores comprovados em campo s\u00e3o fixados e vedados contra a tubula\u00e7\u00e3o ou o riser para permitir a conclus\u00e3o segura de reparos submarinos permanentes, proporcionando um ponto de conex\u00e3o robusto e estrutural submarino. Esses conectores s\u00e3o capazes de suportar cargas axiais, de flex\u00e3o e de tor\u00e7\u00e3o em toda a tubula\u00e7\u00e3o, mantendo a integridade da press\u00e3o total da linha.<\/p>\n\t<ul>\n\t\t\t\t\t<li>\n\t\t\t\tUsado para realizar milhares de reparos em aplica\u00e7\u00f5es de \u00e1guas rasas a ultraprofundas\n\t\t\t<\/li>\n\t\t\t\t\t<li>\n\t\t\t\tElimina a necessidade de soldagem hiperb\u00e1rica\n\t\t\t<\/li>\n\t\t\t\t\t<li>\n\t\t\t\tOs conectores de flange inteligente hidr\u00e1ulico (HSF) operados por ROV suportam aplica\u00e7\u00f5es sem mergulhadores\n\t\t\t<\/li>\n\t\t\t<\/ul>\n\t\t\t<a href=\"https:\/\/oceaneering.canto.com\/download\/document\/vbo1iu2f0l51l9iftrpq9irm47\/original.pdf\" target=\"_blank\" rel=\"noopener\">\n\t\t\t\t\t\t\tConector Smart Flange Plus (instalado pelo mergulhador)\n\t\t\t<\/a>\n\t\t\t<a href=\"https:\/\/oceaneering.canto.com\/download\/document\/324u6q3qrt7n7dnkboou8sgi6s\/original.pdf\" target=\"_blank\" rel=\"noopener\">\n\t\t\t\t\t\t\tFlange hidr\u00e1ulico inteligente (Diverless) \n\t\t\t<\/a>\n<h2>\n\t\tConector hidr\u00e1ulico de veda\u00e7\u00e3o e aperto duplo\n\t<\/h2>\n\t<p>O conector hidr\u00e1ulico de dupla ader\u00eancia e veda\u00e7\u00e3o se baseia no sucesso de nossas tecnologias comprovadas em campo e oferece uma solu\u00e7\u00e3o para conex\u00f5es em \u00e1guas profundas entre tubula\u00e7\u00f5es submarinas existentes. O projeto desse conector inclui os componentes internos de dois conjuntos de nossos conectores hidr\u00e1ulicos de flange inteligente.<\/p>\n\t<ul>\n\t\t\t\t\t<li>\n\t\t\t\tAdequado para aplica\u00e7\u00f5es em \u00e1guas profundas\n\t\t\t<\/li>\n\t\t\t\t\t<li>\n\t\t\t\tFornece uma conex\u00e3o robusta e estrutural\n\t\t\t<\/li>\n\t\t\t<\/ul>\n\t\t\t<a href=\"https:\/\/oceaneering.canto.com\/download\/document\/7hirf70vvp7at7cfactdc7mf2r\/original.pdf\" target=\"_blank\" rel=\"noopener\">\n\t\t\t\t\t\t\tConector hidr\u00e1ulico de veda\u00e7\u00e3o e aperto duplo\n\t\t\t<\/a>\n\t\t\t\t<img decoding=\"async\" src=\"https:\/\/oceaneering.com\/wp-content\/uploads\/2023\/11\/DoubleGrip-1.png\" alt=\"DoubleGrip (1)\" itemprop=\"image\" title=\"DoubleGrip (1)\" onerror=\"this.style.display='none'\"  \/>\n<h2>\n\t\tGrampo inteligente\n\t<\/h2>\n\t<p>Nossa abra\u00e7adeira inteligente ajuda a evitar paralisa\u00e7\u00f5es dispendiosas e soldagem hiperb\u00e1rica cara ao reparar tubula\u00e7\u00f5es danificadas ou com vazamento com nossa abra\u00e7adeira de reparo permanente instal\u00e1vel e sem mergulhadores. O projeto da abra\u00e7adeira inteligente, dispon\u00edvel nas vers\u00f5es estrutural e n\u00e3o estrutural, proporciona veda\u00e7\u00e3o, refor\u00e7o e conten\u00e7\u00e3o de press\u00e3o permanentes e de alta qualidade dentro da \u00e1rea encapsulada durante toda a vida \u00fatil do projeto da tubula\u00e7\u00e3o.<\/p>\n\t\t\t<a href=\"https:\/\/oceaneering.canto.com\/download\/document\/7via1227mt2lf7uqef7gcib31f\/original.pdf\" target=\"_blank\" rel=\"noopener\">\n\t\t\t\t\t\t\tBra\u00e7adeira inteligente (instalada pelo mergulhador)\n\t\t\t<\/a>\n\t\t\t<a href=\"https:\/\/oceaneering.canto.com\/download\/document\/7ocrfr3jdt4d71adr261n8793q\/original.pdf\" target=\"_blank\" rel=\"noopener\">\n\t\t\t\t\t\t\tBra\u00e7adeira inteligente (Diverless)\n\t\t\t<\/a>\n<h2>\n\t\tServi\u00e7os inteligentes de instala\u00e7\u00e3o de torneiras e de hot tapping\n\t<\/h2>\n\t<p>Nosso encaixe de torneira inteligente permite opera\u00e7\u00f5es eficientes com um ramal flangeado para a conex\u00e3o a quente de uma tubula\u00e7\u00e3o existente e a conex\u00e3o de uma nova tubula\u00e7\u00e3o lateral.<\/p>\n\t<ul>\n\t\t\t\t\t<li>\n\t\t\t\tPermite a conex\u00e3o com uma tubula\u00e7\u00e3o existente sem desligamento da tubula\u00e7\u00e3o ou soldagem hiperb\u00e1rica\n\t\t\t<\/li>\n\t\t\t\t\t<li>\n\t\t\t\tVeda\u00e7\u00e3o permanente e de alta qualidade, adequada para a vida \u00fatil do projeto da tubula\u00e7\u00e3o\n\t\t\t<\/li>\n\t\t\t<\/ul>\n\t\t\t<a href=\"https:\/\/oceaneering.canto.com\/download\/document\/2flhlaqpbh6pdc4hi9mtgk2s63\/original.pdf\" target=\"_blank\" rel=\"noopener\">\n\t\t\t\t\t\t\tSmart Tap\n\t\t\t<\/a>\n\t\t\t<img decoding=\"async\" src=\"https:\/\/oceaneering.com\/wp-content\/uploads\/2023\/11\/website-thumbnail-201991-1.jpeg\" title=\"Polegar de reparo de tubula\u00e7\u00e3o\" alt=\"\" \/>\t\t\t\t\t\t\t\n\t\t\t\t\tReproduzir v\u00eddeo\n<h2>\n\t\tConector de esfera de desalinhamento B-CON\n\t<\/h2>\n\t<p>O conector esf\u00e9rico de desalinhamento B-CON foi projetado para aumentar a efici\u00eancia da instala\u00e7\u00e3o ao trabalhar com sistemas de tubula\u00e7\u00e3o e dutos em que o desalinhamento das extremidades do tubo de conex\u00e3o \u00e9 um desafio. O conector B-CON tem caracter\u00edsticas de desempenho e versatilidade que excedem as do tubo soldado ou dos flanges convencionais. Embora seja destinado principalmente a opera\u00e7\u00f5es de tubula\u00e7\u00e3o submarina, o conector B-CON \u00e9 um equipamento valioso em qualquer aplica\u00e7\u00e3o - no topo ou submarina - em que o desalinhamento seja uma preocupa\u00e7\u00e3o.<\/p>\n\t<ul>\n\t\t\t\t\t<li>\n\t\t\t\tReduz significativamente o tempo de instala\u00e7\u00e3o da conex\u00e3o de dutos submarinos\n\t\t\t<\/li>\n\t\t\t\t\t<li>\n\t\t\t\tFornece uma veda\u00e7\u00e3o met\u00e1lica \u00e0 prova de vazamentos\n\t\t\t<\/li>\n\t\t\t\t\t<li>\n\t\t\t\tAdequado para instala\u00e7\u00e3o em topside e submarina\n\t\t\t<\/li>\n\t\t\t<\/ul>\n\t\t\t<a href=\"https:\/\/oceaneering.canto.com\/download\/document\/8q687f988d4sb8rmk4ifs64v5n\/original.pdf\" target=\"_blank\" rel=\"noopener\">\n\t\t\t\t\t\t\tB-CON\n\t\t\t<\/a>\n<h2>\n\t\tSolu\u00e7\u00f5es adicionais de reparo de dutos\n\t<\/h2>\n\t\t\t\t<a href=\"https:\/\/oceaneering.canto.com\/download\/document\/cdqdpeb9vp1jn1kd5i0d6njk5b\/original.pdf\" target=\"_blank\" rel=\"noopener\" itemprop=\"url\">\n\t\t\t\t<img decoding=\"async\" src=\"https:\/\/oceaneering.com\/wp-content\/uploads\/2023\/10\/Untitled-design-2023-10-17T104551.587.png\" alt=\"Untitled design - 2023-10-17T104551.587\" itemprop=\"image\" title=\"Projeto sem t\u00edtulo - 2023-10-17T104551.587\" onerror=\"this.style.display='none'\"  \/>\n\t\t\t\t<\/a>\n<h3>\n\t\t<a href=\"https:\/\/oceaneering.canto.com\/download\/document\/cdqdpeb9vp1jn1kd5i0d6njk5b\/original.pdf\" title=\"Piggable Wye\" target=\"_blank\" rel=\"noopener\">\n\t\tPiggable Wye\n\t\t<\/a>\n\t<\/h3>\n\t<p>Fornece solu\u00e7\u00f5es para pigmenta\u00e7\u00e3o de tubula\u00e7\u00f5es<\/p>\n<ul>\n<li>Dispon\u00edvel em modelos sim\u00e9tricos e assim\u00e9tricos forjados ou fundidos<\/li>\n<li>Os su\u00ednos podem ser implantados de qualquer ramo de entrada em dire\u00e7\u00e3o a uma \u00fanica sa\u00edda<\/li>\n<li>A interse\u00e7\u00e3o aceita pelo setor suporta os pigs de tubula\u00e7\u00e3o mais comuns<\/li>\n<\/ul>\n\t\t\t<a href=\"https:\/\/oceaneering.canto.com\/download\/document\/cdqdpeb9vp1jn1kd5i0d6njk5b\/original.pdf\" target=\"_blank\" rel=\"noopener\">\n\t\t\t\t\t\t\tConex\u00e3o Piggable Wye\n\t\t\t\t\t<\/a>\n\t\t\t\t<a href=\"https:\/\/oceaneering.canto.com\/download\/document\/ujflmdjem14k575btqj387ff7l\/original.pdf\" target=\"_blank\" rel=\"noopener\" itemprop=\"url\">\n\t\t\t\t<img decoding=\"async\" src=\"https:\/\/oceaneering.com\/wp-content\/uploads\/2023\/10\/Untitled-design-2023-10-17T104627.580.png\" alt=\"Untitled design - 2023-10-17T104627.580\" itemprop=\"image\" title=\"Projeto sem t\u00edtulo - 2023-10-17T104627.580\" onerror=\"this.style.display='none'\"  \/>\n\t\t\t\t<\/a>\n<h3>\n\t\t<a href=\"https:\/\/oceaneering.canto.com\/download\/document\/ujflmdjem14k575btqj387ff7l\/original.pdf\" title=\"Junta de ruptura com press\u00e3o balanceada\" target=\"_blank\" rel=\"noopener\">\n\t\tJunta de ruptura com press\u00e3o balanceada\n\t\t<\/a>\n\t<\/h3>\n\t<p>Possibilitando a separa\u00e7\u00e3o mec\u00e2nica planejada e segura<\/p>\n<ul>\n<li>A separa\u00e7\u00e3o intencional protege as tubula\u00e7\u00f5es contra sobrecarga<\/li>\n<li>Evita danos a estruturas como plataformas, risers, navios-tanque offshore e conex\u00f5es de tubula\u00e7\u00f5es<\/li>\n<li>Proporciona uma libera\u00e7\u00e3o controlada em situa\u00e7\u00f5es n\u00e3o planejadas<\/li>\n<\/ul>\n\t\t\t<a href=\"https:\/\/oceaneering.canto.com\/download\/document\/ujflmdjem14k575btqj387ff7l\/original.pdf\" target=\"_blank\" rel=\"noopener\">\n\t\t\t\t\t\t\tJunta de ruptura com press\u00e3o balanceada\n\t\t\t\t\t<\/a>\n\t\t\t\t<a href=\"https:\/\/oceaneering.canto.com\/download\/document\/1r6182pak55cr7n75pcro3653b\/original.pdf\" target=\"_blank\" rel=\"noopener\" itemprop=\"url\">\n\t\t\t\t<img decoding=\"async\" src=\"https:\/\/oceaneering.com\/wp-content\/uploads\/2023\/10\/Untitled-design-2023-10-17T104658.563.png\" alt=\"Untitled design - 2023-10-17T104658.563\" itemprop=\"image\" title=\"Projeto sem t\u00edtulo - 2023-10-17T104658.563\" onerror=\"this.style.display='none'\"  \/>\n\t\t\t\t<\/a>\n<h3>\n\t\t<a href=\"https:\/\/oceaneering.canto.com\/download\/document\/1r6182pak55cr7n75pcro3653b\/original.pdf\" title=\"Sistema de seguran\u00e7a Smart Vent\" target=\"_blank\" rel=\"noopener\">\n\t\tSistema de seguran\u00e7a Smart Vent\n\t\t<\/a>\n\t<\/h3>\n\t<p>Fornecimento de uma solu\u00e7\u00e3o econ\u00f4mica para maximizar a seguran\u00e7a e a efici\u00eancia dos reparos de risers<\/p>\n<ul>\n<li>Solu\u00e7\u00e3o comprovada em campo<\/li>\n<li>Ventila os vapores perigosos para longe da esta\u00e7\u00e3o de trabalho<\/li>\n<li>N\u00e3o requer inunda\u00e7\u00e3o ou purga do riser<\/li>\n<\/ul>\n\t\t\t<a href=\"https:\/\/oceaneering.canto.com\/download\/document\/1r6182pak55cr7n75pcro3653b\/original.pdf\" target=\"_blank\" rel=\"noopener\">\n\t\t\t\t\t\t\tSistema de seguran\u00e7a Smart Vent\n\t\t\t\t\t<\/a>\n\t\t\t\t<a href=\"https:\/\/oceaneering.canto.com\/download\/document\/mm2ktpj5ht7llb69ii8cebom5c\/original.pdf\" target=\"_blank\" rel=\"noopener\" itemprop=\"url\">\n\t\t\t\t<img decoding=\"async\" src=\"https:\/\/oceaneering.com\/wp-content\/uploads\/2023\/10\/Untitled-design-2023-10-17T104831.575.png\" alt=\"Untitled design - 2023-10-17T104831.575\" itemprop=\"image\" title=\"Projeto sem t\u00edtulo - 2023-10-17T104831.575\" onerror=\"this.style.display='none'\"  \/>\n\t\t\t\t<\/a>\n<h3>\n\t\t<a href=\"https:\/\/oceaneering.canto.com\/download\/document\/mm2ktpj5ht7llb69ii8cebom5c\/original.pdf\" title=\"Flange de anel girat\u00f3rio\" target=\"_blank\" rel=\"noopener\">\n\t\tFlange de anel girat\u00f3rio\n\t\t<\/a>\n\t<\/h3>\n\t<p>Projetado para permitir o f\u00e1cil alinhamento dos furos dos parafusos durante a montagem do flange<\/p>\n<ul>\n<li>Suporta rota\u00e7\u00e3o livre em torno do cubo interno do pesco\u00e7o de solda para permitir o posicionamento preciso dos furos dos parafusos<\/li>\n<li>Adequado para uso com flanges comuns, incluindo os definidos pela ASME B16.5, MSS SP-44 e API 6A<\/li>\n<\/ul>\n\t\t\t<a href=\"https:\/\/oceaneering.canto.com\/download\/document\/mm2ktpj5ht7llb69ii8cebom5c\/original.pdf\" target=\"_blank\" rel=\"noopener\">\n\t\t\t\t\t\t\tFlange de anel girat\u00f3rio\n\t\t\t\t\t<\/a>\n<h1>\n\t\tEntre em contato conosco\n\t<\/h1>\n<h2>\n\t\tNossa equipe de especialistas est\u00e1 pronta para ajud\u00e1-lo a come\u00e7ar.\n\t<\/h2>\n\t<p>A Oceaneering oferece os melhores produtos e solu\u00e7\u00f5es da categoria, respaldados por qualidade, confiabilidade e suporte global inigual\u00e1veis. Preencha o formul\u00e1rio de consulta para iniciar uma conversa hoje mesmo.<\/p>","protected":false},"excerpt":{"rendered":"<p>Discuta um projeto Conex\u00f5es para reparo de dutos (PCRS) Nosso portf\u00f3lio de conex\u00f5es para reparo de dutos atende \u00e0s suas necessidades de interven\u00e7\u00e3o planejada e n\u00e3o planejada em dutos. Solu\u00e7\u00f5es completas para dutos comprometidos Fornecemos a engenharia e o hardware necess\u00e1rios para resolver problemas, desde pequenos defeitos at\u00e9 falhas catastr\u00f3ficas que resultam em efeitos adversos, tanto ambientais quanto econ\u00f4micos. Nossa solu\u00e7\u00e3o integrada e pronta para uso ... <a title=\"Conex\u00f5es de reparo de dutos (PCRS)\" class=\"read-more\" href=\"https:\/\/www.oceaneering.com\/pt\/pipeline-repair-systems\/\" aria-label=\"Leia mais sobre o Pipeline Repair Connections (PCRS)\">Leia mais<\/a><\/p>","protected":false},"author":13,"featured_media":0,"parent":0,"menu_order":2,"comment_status":"closed","ping_status":"closed","template":"","meta":{"_acf_changed":false,"footnotes":"","_links_to":"","_links_to_target":""},"product_category":[1209],"search_tags":[1594,1786],"class_list":["post-2633","page","type-page","status-publish","product_category-pipeline-repair","search_tags-pcrs","search_tags-pipeline"],"acf":[],"aioseo_notices":[],"_links":{"self":[{"href":"https:\/\/www.oceaneering.com\/pt\/wp-json\/wp\/v2\/pages\/2633","targetHints":{"allow":["GET"]}}],"collection":[{"href":"https:\/\/www.oceaneering.com\/pt\/wp-json\/wp\/v2\/pages"}],"about":[{"href":"https:\/\/www.oceaneering.com\/pt\/wp-json\/wp\/v2\/types\/page"}],"author":[{"embeddable":true,"href":"https:\/\/www.oceaneering.com\/pt\/wp-json\/wp\/v2\/users\/13"}],"replies":[{"embeddable":true,"href":"https:\/\/www.oceaneering.com\/pt\/wp-json\/wp\/v2\/comments?post=2633"}],"version-history":[{"count":0,"href":"https:\/\/www.oceaneering.com\/pt\/wp-json\/wp\/v2\/pages\/2633\/revisions"}],"wp:attachment":[{"href":"https:\/\/www.oceaneering.com\/pt\/wp-json\/wp\/v2\/media?parent=2633"}],"wp:term":[{"taxonomy":"product_category","embeddable":true,"href":"https:\/\/www.oceaneering.com\/pt\/wp-json\/wp\/v2\/product_category?post=2633"},{"taxonomy":"search_tags","embeddable":true,"href":"https:\/\/www.oceaneering.com\/pt\/wp-json\/wp\/v2\/search_tags?post=2633"}],"curies":[{"name":"wp","href":"https:\/\/api.w.org\/{rel}","templated":true}]}}