{"id":2517,"date":"2023-10-16T22:42:36","date_gmt":"2023-10-17T02:42:36","guid":{"rendered":"https:\/\/oceaneering.com\/?page_id=2517"},"modified":"2024-01-29T11:31:50","modified_gmt":"2024-01-29T16:31:50","slug":"dredging","status":"publish","type":"page","link":"https:\/\/www.oceaneering.com\/pt\/decommissioning\/dredging\/","title":{"rendered":"Dragagem"},"content":{"rendered":"<a href=\"https:\/\/www.oceaneering.com\/pt\/decommissioning\/#contact\" target=\"_self\" rel=\"noopener\">\n\t\t\t\t\t\t\tDiscutir um projeto\n\t\t\t\t\t<\/a>\n<h1>\n\t\tDragagem\n\t<\/h1>\n\t<p>Nossas dragas implantadas por mergulhadores ou ROVs escavam tubula\u00e7\u00f5es para trabalhos de abandono, inspe\u00e7\u00e3o e manuten\u00e7\u00e3o, removendo argila, dep\u00f3sitos de rocha e outros sedimentos.<\/p>\n<h2>\n\t\tDragagem de estacas\n\t<\/h2>\n\t<p>Use nossas dragas de estacas para abandono e desenvolvimento de novos campos, tanto em \u00e1guas profundas quanto rasas. Nossas dragas de estacas hidr\u00e1ulicas s\u00e3o mais adequadas para uso em \u00e1guas rasas.<\/p>\n<p>Nossa draga de estacas para \u00e1guas profundas, vencedora do pr\u00eamio Spotlight on New Technology\u2120 da Offshore Technology Conference (OTC) de 2015, \u00e9 acionada eletricamente com bombas que fornecem jato de \u00e1gua e suc\u00e7\u00e3o para escavar estacas a 10.000 p\u00e9s de profundidade (3.000 msw).<\/p>\n<p>O jato fornece um padr\u00e3o de 360\u00b0 para fluidizar o solo dentro da pilha e, em seguida, as bombas de suc\u00e7\u00e3o removem o solo da pilha.<\/p>\n\t\t\t<a href=\"https:\/\/oceaneering.canto.com\/download\/document\/44mv74p8ol79n2k2maahnidv3s\/original.pdf\" target=\"_blank\" rel=\"noopener\">\n\t\t\t\t\t\t\tDraga de pilha para \u00e1guas profundas\n\t\t\t<\/a>\n<h2>\n\t\tDragagem convencional\n\t<\/h2>\n\t<p>Para remover com efic\u00e1cia os sedimentos e o solo submarinos, oferecemos uma ampla variedade de tamanhos de dragas e op\u00e7\u00f5es de implanta\u00e7\u00e3o. Nossa draga de 6 pol. (150 mm) pode ser implantada como um sistema aut\u00f4nomo manipulado por um mergulhador no fundo do mar ou como parte de um pacote integrado de ROV. Quando usada com um ROV, a draga pode ser montada em uma gaiola ou na barriga.<\/p>\n<p>Para escava\u00e7\u00e3o de tubula\u00e7\u00f5es, remedia\u00e7\u00e3o de detritos, salvamento e outras tarefas offshore, oferecemos tamanhos de dragas expandidas de 254 mm (10 pol.) a 406 mm (16 pol.). Nossas dragas maiores podem ser implantadas como sistemas aut\u00f4nomos para remover maiores volumes de detritos do fundo do mar.<\/p>\n<h2>\n\t\tRemedia\u00e7\u00e3o de aterros e cortes\n\t<\/h2>\n\t<p>Nossas dragas t\u00eam um hist\u00f3rico comprovado de sucesso no preenchimento de locais previamente escavados.<\/p>\n<p>Para po\u00e7os mais profundos e estruturas de cabe\u00e7a de po\u00e7o maiores que cont\u00eam dep\u00f3sitos maiores de detritos de perfura\u00e7\u00e3o, nossos equipamentos de dragagem coletam e transportam detritos para \u00e1reas de descarte designadas. As dragas submarinas com ca\u00e7ambas de coleta acopladas mant\u00eam os locais de perfura\u00e7\u00e3o livres de detritos. Usamos um ROV para fazer conex\u00f5es submarinas, e nossa ferramenta de coleta de detritos de perfura\u00e7\u00e3o pode ser implantada sem uma plataforma.<\/p>\n<h1>\n\t\tEntre em contato conosco\n\t<\/h1>\n<h2>\n\t\tNossa equipe de especialistas est\u00e1 pronta para ajud\u00e1-lo a come\u00e7ar.\n\t<\/h2>\n\t<p>A Oceaneering oferece os melhores produtos e solu\u00e7\u00f5es da categoria, respaldados por qualidade, confiabilidade e suporte global inigual\u00e1veis. Preencha o formul\u00e1rio de consulta para iniciar uma conversa hoje mesmo.<\/p>","protected":false},"excerpt":{"rendered":"<p>Discutir um projeto Dragagem Nossas dragas implantadas por mergulhadores ou ROVs escavam tubula\u00e7\u00f5es para trabalhos de abandono, inspe\u00e7\u00e3o e manuten\u00e7\u00e3o, removendo argila, dep\u00f3sitos de rocha e outros sedimentos. Dragagem de pilha Use nossas dragas de pilha para abandono e desenvolvimento de novos campos, tanto em \u00e1guas profundas quanto rasas. Nossas dragas de estacas hidr\u00e1ulicas s\u00e3o mais adequadas para uso em \u00e1guas rasas. Nossas ... <a title=\"Dragagem\" class=\"read-more\" href=\"https:\/\/www.oceaneering.com\/pt\/decommissioning\/dredging\/\" aria-label=\"Leia mais sobre Dragagem\">Leia mais<\/a><\/p>","protected":false},"author":19,"featured_media":0,"parent":2447,"menu_order":2,"comment_status":"closed","ping_status":"closed","template":"","meta":{"_acf_changed":false,"footnotes":"","_links_to":"","_links_to_target":""},"product_category":[1312,1313],"search_tags":[1377,1704],"class_list":["post-2517","page","type-page","status-publish","product_category-decommissioning","product_category-plug-and-abandonment","search_tags-decommissioning","search_tags-dredge"],"acf":[],"aioseo_notices":[],"_links":{"self":[{"href":"https:\/\/www.oceaneering.com\/pt\/wp-json\/wp\/v2\/pages\/2517","targetHints":{"allow":["GET"]}}],"collection":[{"href":"https:\/\/www.oceaneering.com\/pt\/wp-json\/wp\/v2\/pages"}],"about":[{"href":"https:\/\/www.oceaneering.com\/pt\/wp-json\/wp\/v2\/types\/page"}],"author":[{"embeddable":true,"href":"https:\/\/www.oceaneering.com\/pt\/wp-json\/wp\/v2\/users\/19"}],"replies":[{"embeddable":true,"href":"https:\/\/www.oceaneering.com\/pt\/wp-json\/wp\/v2\/comments?post=2517"}],"version-history":[{"count":0,"href":"https:\/\/www.oceaneering.com\/pt\/wp-json\/wp\/v2\/pages\/2517\/revisions"}],"up":[{"embeddable":true,"href":"https:\/\/www.oceaneering.com\/pt\/wp-json\/wp\/v2\/pages\/2447"}],"wp:attachment":[{"href":"https:\/\/www.oceaneering.com\/pt\/wp-json\/wp\/v2\/media?parent=2517"}],"wp:term":[{"taxonomy":"product_category","embeddable":true,"href":"https:\/\/www.oceaneering.com\/pt\/wp-json\/wp\/v2\/product_category?post=2517"},{"taxonomy":"search_tags","embeddable":true,"href":"https:\/\/www.oceaneering.com\/pt\/wp-json\/wp\/v2\/search_tags?post=2517"}],"curies":[{"name":"wp","href":"https:\/\/api.w.org\/{rel}","templated":true}]}}