{"id":2488,"date":"2023-10-16T21:30:44","date_gmt":"2023-10-17T01:30:44","guid":{"rendered":"https:\/\/oceaneering.com\/?page_id=2488"},"modified":"2024-01-29T11:32:19","modified_gmt":"2024-01-29T16:32:19","slug":"vessel-based-wellhead-removal","status":"publish","type":"page","link":"https:\/\/www.oceaneering.com\/pt\/decommissioning\/vessel-based-wellhead-removal\/","title":{"rendered":"Remo\u00e7\u00e3o de cabe\u00e7a de po\u00e7o com base em embarca\u00e7\u00f5es"},"content":{"rendered":"<a href=\"https:\/\/www.oceaneering.com\/pt\/decommissioning\/#contact\" target=\"_self\" rel=\"noopener\">\n\t\t\t\t\t\t\tDiscutir um projeto\n\t\t\t\t\t<\/a>\n<h1>\n\t\tRemo\u00e7\u00e3o de cabe\u00e7a de po\u00e7o com base em embarca\u00e7\u00f5es\n\t<\/h1>\n\t<p>Beneficie-se de nosso eficiente sistema de remo\u00e7\u00e3o de cabe\u00e7a de po\u00e7o baseado em embarca\u00e7\u00f5es, que corta e recupera revestimentos com solu\u00e7\u00f5es seguras, confi\u00e1veis e flex\u00edveis.<\/p>\n<h2>\n\t\tNossas solu\u00e7\u00f5es comprovadas em campo t\u00eam sido usadas com\n\t<\/h2>\n\t\t\t\t<img loading=\"lazy\" decoding=\"async\" src=\"https:\/\/oceaneering.com\/wp-content\/uploads\/2023\/10\/RigChase-01.png\" alt=\"RigChase-01\" itemprop=\"image\" height=\"914\" width=\"1333\" title=\"RigChase-01\" onerror=\"this.style.display='none'\"  \/>\n\t\t\t\t<img loading=\"lazy\" decoding=\"async\" src=\"https:\/\/oceaneering.com\/wp-content\/uploads\/2023\/10\/RigChase-02.png\" alt=\"RigChase-02\" itemprop=\"image\" height=\"914\" width=\"1333\" title=\"RigChase-02\" onerror=\"this.style.display='none'\"  \/>\n\t\t\t\t<img loading=\"lazy\" decoding=\"async\" src=\"https:\/\/oceaneering.com\/wp-content\/uploads\/2023\/10\/RigChase-03.png\" alt=\"RigChase-03\" itemprop=\"image\" height=\"914\" width=\"1333\" title=\"RigChase-03\" onerror=\"this.style.display='none'\"  \/>\n<h2>\n\t\tSolu\u00e7\u00e3o pronta para uso. Benef\u00edcios maximizados.\n\t<\/h2>\n\n\t\tA participa\u00e7\u00e3o em nosso programa de remo\u00e7\u00e3o de cabe\u00e7as de po\u00e7o baseado em embarca\u00e7\u00f5es Rig Chase oferece in\u00fameras vantagens.\n\t\n\t<ul>\n\t\t\t\t\t<li>\n\t\t\t\tAvalia\u00e7\u00e3o individual do local do po\u00e7o antes da fase de execu\u00e7\u00e3o\n\t\t\t<\/li>\n\t\t\t\t\t<li>\n\t\t\t\tConclus\u00e3o das pesquisas de limpeza do leito marinho\n\t\t\t<\/li>\n\t\t\t\t\t<li>\n\t\t\t\tTrabalho adicional no local, se necess\u00e1rio (dragagem, remo\u00e7\u00e3o de crescimento marinho, amostragem de solo, levantamento)\n\t\t\t<\/li>\n\t\t\t\t\t<li>\n\t\t\t\tContrato baseado em valor fixo para previsibilidade de despesas\n\t\t\t<\/li>\n\t\t\t\t\t<li>\n\t\t\t\tRedu\u00e7\u00e3o de riscos e custos com a transfer\u00eancia de atividades que n\u00e3o agregam valor da plataforma\n\t\t\t<\/li>\n\t\t\t\t\t<li>\n\t\t\t\tEconomia significativa de custos com o planejamento e a execu\u00e7\u00e3o de campanhas para v\u00e1rios e um \u00fanico cliente\n\t\t\t<\/li>\n\t\t\t\t\t<li>\n\t\t\t\tRedu\u00e7\u00e3o do tempo de espera em fun\u00e7\u00e3o do clima\n\t\t\t<\/li>\n\t\t\t<\/ul>\n\t\t\t<a href=\"https:\/\/oceaneering.canto.com\/download\/document\/50d925f4t97bhda14oh4jqvd6u\/original.pdf\" target=\"_blank\" rel=\"noopener\">\n\t\t\t\t\t\t\tPersegui\u00e7\u00e3o \u00e0 plataforma \n\t\t\t<\/a>\n\t\t\t<img decoding=\"async\" src=\"https:\/\/oceaneering.com\/wp-content\/uploads\/2023\/10\/rig-case-cover.jpg\" title=\"tampa da caixa do equipamento\" alt=\"\" \/>\t\t\t\t\t\t\t\n\t\t\t\t\tReproduzir v\u00eddeo\n<h2>\n\t\tAumente a efici\u00eancia com campanhas para v\u00e1rios clientes\n\t<\/h2>\n\t<p>Ao participar de nossa campanha anual para v\u00e1rios clientes, voc\u00ea se beneficia de maior efici\u00eancia e economia de custos em v\u00e1rias \u00e1reas.<\/p>\n\t<ul>\n\t\t\t\t\t<li>\n\t\t\t\tMobiliza\u00e7\u00e3o\n\t\t\t<\/li>\n\t\t\t\t\t<li>\n\t\t\t\tCustos de tr\u00e2nsito e combust\u00edvel\n\t\t\t<\/li>\n\t\t\t\t\t<li>\n\t\t\t\tTaxas de spread de equipamentos\n\t\t\t<\/li>\n\t\t\t\t\t<li>\n\t\t\t\tPessoal\n\t\t\t<\/li>\n\t\t\t<\/ul>\n<h2>\n\t\tEstudos de caso\n\t<\/h2>\n\t\t\t\t<img loading=\"lazy\" decoding=\"async\" src=\"https:\/\/oceaneering.com\/wp-content\/uploads\/2023\/10\/2015-Q3-Well-Abandonment-Campaign-Case-Study-Final-1.jpg\" alt=\"2015-Q3-Well-Abandonment-Campaign-Case-Study-Final-(1)\" itemprop=\"image\" height=\"791\" width=\"604\" title=\"2015-Q3-Well-Abandonment-Campaign-Case-Study-Final-(1)\" onerror=\"this.style.display='none'\"  \/>\n\t\t\t<a href=\"https:\/\/oceaneering.canto.com\/direct\/document\/9va3nq5qht3t5brvgavi24520h\/x8OOnG3Hdaa1yDqh5ygZeqB7m_Q\/original?content-type=application%2Fpdf&#038;name=Case-Study-2015-Q3-Well-Abandonment-Campaign.pdf\" target=\"_blank\" rel=\"noopener\">\n\t\t\t\t\t\t\tCampanha de remo\u00e7\u00e3o de cabe\u00e7as de po\u00e7o do terceiro trimestre de 2015\n\t\t\t<\/a>\n\t\t\t\t<img loading=\"lazy\" decoding=\"async\" src=\"https:\/\/oceaneering.com\/wp-content\/uploads\/2023\/10\/Case-Study-2016-Q3-Wellhead-Removal-Campaign.jpg\" alt=\"Case-Study-2016-Q3-Wellhead-Removal-Campaign\" itemprop=\"image\" height=\"791\" width=\"604\" title=\"Estudo de caso-2016-Q3-Wellhead-Removal-Campaign\" onerror=\"this.style.display='none'\"  \/>\n\t\t\t<a href=\"https:\/\/oceaneering.canto.com\/direct\/document\/dd0dasiej178b0uefma54tct70\/8Xo8LPV-A7VbrU7ju0nHZZ3CjfY\/original?content-type=application%2Fpdf&#038;name=Case-Study-2016-Q3-Wellhead-Removal-Campaign.pdf\" target=\"_blank\" rel=\"noopener\">\n\t\t\t\t\t\t\tCampanha de remo\u00e7\u00e3o de cabe\u00e7as de po\u00e7o do terceiro trimestre de 2016\n\t\t\t<\/a>\n\t\t\t\t<img loading=\"lazy\" decoding=\"async\" src=\"https:\/\/oceaneering.com\/wp-content\/uploads\/2023\/10\/Case-Study-Well-Severance-Rig-Chase.png\" alt=\"Case-Study-Well-Severance-(Rig-Chase)\" itemprop=\"image\" height=\"340\" width=\"260\" title=\"Estudo de caso-Well-Severance-(Rig-Chase)\" onerror=\"this.style.display='none'\"  \/>\n\t\t\t<a href=\"https:\/\/oceaneering.canto.com\/direct\/document\/e5tlbne85d6rdbp0d25td1j53u\/1leZTs57bsOxFHIsJ4s3uZJLoQY\/original?content-type=application%2Fpdf&#038;name=Case-Study-Well-Severance-%28Rig-Chase%29.pdf\" target=\"_blank\" rel=\"noopener\">\n\t\t\t\t\t\t\tDesmantelamento de po\u00e7o (Rig Chase)\n\t\t\t<\/a>\n\t\t\t\t<img loading=\"lazy\" decoding=\"async\" src=\"https:\/\/oceaneering.com\/wp-content\/uploads\/2023\/10\/Case-Study-Wellhead-Clean-Up-and-Inspection-Campaign.jpg\" alt=\"Case-Study-Wellhead-Clean-Up-and-Inspection-Campaign\" itemprop=\"image\" height=\"791\" width=\"604\" title=\"Estudo de caso - Campanha de limpeza e inspe\u00e7\u00e3o de Wellhead\" onerror=\"this.style.display='none'\"  \/>\n\t\t\t<a href=\"https:\/\/oceaneering.canto.com\/direct\/document\/1t9c9nl8vt2qfd0t6nq6pbih1v\/yj1mh4W5I4n7OU90TrXKc-N6eZc\/original?content-type=application%2Fpdf&#038;name=Case-Study-Wellhead-Clean-Up-and-Inspection-Campaign.pdf\" target=\"_blank\" rel=\"noopener\">\n\t\t\t\t\t\t\tCampanha de limpeza e inspe\u00e7\u00e3o de po\u00e7os\n\t\t\t<\/a>\n<h1>\n\t\tEntre em contato conosco\n\t<\/h1>\n<h2>\n\t\tNossa equipe de especialistas est\u00e1 pronta para ajud\u00e1-lo a come\u00e7ar.\n\t<\/h2>\n\t<p>A Oceaneering oferece os melhores produtos e solu\u00e7\u00f5es da categoria, respaldados por qualidade, confiabilidade e suporte global inigual\u00e1veis. Preencha o formul\u00e1rio de consulta para iniciar uma conversa hoje mesmo.<\/p>","protected":false},"excerpt":{"rendered":"<p>Discuta um projeto Remo\u00e7\u00e3o de cabe\u00e7a de po\u00e7o com base em embarca\u00e7\u00e3o Beneficie-se de nosso eficiente sistema de remo\u00e7\u00e3o de cabe\u00e7a de po\u00e7o com base em embarca\u00e7\u00e3o, que corta e recupera revestimentos com solu\u00e7\u00f5es seguras, confi\u00e1veis e flex\u00edveis. Nossas solu\u00e7\u00f5es comprovadas em campo foram usadas com uma solu\u00e7\u00e3o turnkey. Benef\u00edcios maximizados. A participa\u00e7\u00e3o em nosso programa de remo\u00e7\u00e3o de cabe\u00e7a de po\u00e7o baseado em embarca\u00e7\u00f5es Rig Chase oferece in\u00fameras vantagens. Avalia\u00e7\u00e3o individual do local do po\u00e7o antes da ... <a title=\"Remo\u00e7\u00e3o de cabe\u00e7a de po\u00e7o com base em embarca\u00e7\u00f5es\" class=\"read-more\" href=\"https:\/\/www.oceaneering.com\/pt\/decommissioning\/vessel-based-wellhead-removal\/\" aria-label=\"Leia mais sobre Remo\u00e7\u00e3o de cabe\u00e7a de po\u00e7o com base em embarca\u00e7\u00f5es\">Leia mais<\/a><\/p>","protected":false},"author":19,"featured_media":0,"parent":2447,"menu_order":2,"comment_status":"closed","ping_status":"closed","template":"","meta":{"_acf_changed":false,"footnotes":"","_links_to":"","_links_to_target":""},"product_category":[1312,1313],"search_tags":[1377,1379],"class_list":["post-2488","page","type-page","status-publish","product_category-decommissioning","product_category-plug-and-abandonment","search_tags-decommissioning","search_tags-subsea-well"],"acf":[],"aioseo_notices":[],"_links":{"self":[{"href":"https:\/\/www.oceaneering.com\/pt\/wp-json\/wp\/v2\/pages\/2488","targetHints":{"allow":["GET"]}}],"collection":[{"href":"https:\/\/www.oceaneering.com\/pt\/wp-json\/wp\/v2\/pages"}],"about":[{"href":"https:\/\/www.oceaneering.com\/pt\/wp-json\/wp\/v2\/types\/page"}],"author":[{"embeddable":true,"href":"https:\/\/www.oceaneering.com\/pt\/wp-json\/wp\/v2\/users\/19"}],"replies":[{"embeddable":true,"href":"https:\/\/www.oceaneering.com\/pt\/wp-json\/wp\/v2\/comments?post=2488"}],"version-history":[{"count":0,"href":"https:\/\/www.oceaneering.com\/pt\/wp-json\/wp\/v2\/pages\/2488\/revisions"}],"up":[{"embeddable":true,"href":"https:\/\/www.oceaneering.com\/pt\/wp-json\/wp\/v2\/pages\/2447"}],"wp:attachment":[{"href":"https:\/\/www.oceaneering.com\/pt\/wp-json\/wp\/v2\/media?parent=2488"}],"wp:term":[{"taxonomy":"product_category","embeddable":true,"href":"https:\/\/www.oceaneering.com\/pt\/wp-json\/wp\/v2\/product_category?post=2488"},{"taxonomy":"search_tags","embeddable":true,"href":"https:\/\/www.oceaneering.com\/pt\/wp-json\/wp\/v2\/search_tags?post=2488"}],"curies":[{"name":"wp","href":"https:\/\/api.w.org\/{rel}","templated":true}]}}