{"id":2461,"date":"2023-10-16T20:42:59","date_gmt":"2023-10-17T00:42:59","guid":{"rendered":"https:\/\/oceaneering.com\/?page_id=2461"},"modified":"2024-01-29T11:31:11","modified_gmt":"2024-01-29T16:31:11","slug":"cutting-solutions","status":"publish","type":"page","link":"https:\/\/www.oceaneering.com\/pt\/decommissioning\/cutting-solutions\/","title":{"rendered":"Corte"},"content":{"rendered":"<a href=\"https:\/\/www.oceaneering.com\/pt\/decommissioning\/#contact\" target=\"_self\" rel=\"noopener\">\n\t\t\t\t\t\t\tDiscutir um projeto\n\t\t\t\t\t<\/a>\n<h1>\n\t\tSolu\u00e7\u00f5es de corte\n\t<\/h1>\n<h2>\n\t\tNossas solu\u00e7\u00f5es de corte implantadas por ROVs ou mergulhadores garantem o corte confi\u00e1vel e eficiente de ativos submarinos.\n\t<\/h2>\n\n\t\tUsamos o m\u00e9todo de corte por jato de \u00e1gua abrasivo (AWJC) durante as opera\u00e7\u00f5es de abandono de po\u00e7os e descomissionamento de plataformas. Com o AWJC, um jato de alta energia de part\u00edculas abrasivas \u00e0 base de \u00e1gua \u00e9 usado para cortar ligas de a\u00e7o duro com rapidez e seguran\u00e7a. Essa tecnologia elimina o uso de explosivos e reduz o risco de igni\u00e7\u00e3o.\n\t\n\n\t\tAs ferramentas externas de corte com jato de \u00e1gua abrasivo s\u00e3o usadas para aplica\u00e7\u00f5es de corte a frio. As solu\u00e7\u00f5es implantadas por mergulhadores est\u00e3o dispon\u00edveis para aplica\u00e7\u00f5es em \u00e1guas rasas, enquanto nossas solu\u00e7\u00f5es implantadas por ROVs atendem \u00e0s demandas das atividades de corte e descomissionamento em \u00e1guas profundas.\n\t\n<h2>\n\t\tSolu\u00e7\u00f5es internas da AWJC\n\t<\/h2>\n\n\t\tO corte interno permite a separa\u00e7\u00e3o completa e a confirma\u00e7\u00e3o dos cortes submarinos.\n\t\n<h2>\n\t\tSolu\u00e7\u00f5es externas da AWJC\n\t<\/h2>\n\n\t\tO corte externo resolve os desafios de corte a frio em \u00e1guas profundas e rasas.\n\t\n<h4>\n\t\tCorte por jato de \u00e1gua abrasivo em \u00e1guas profundas\n\t<\/h4>\n\t<p>Nossa ferramenta de corte externo (ECT) operada por ROV permite o corte externo de pernas de jaqueta, tubula\u00e7\u00f5es e contraventamentos, bem como o corte de janelas submarinas de tubulares. A ferramenta usa uma mangueira de lama de alta press\u00e3o da superf\u00edcie para alimentar o material abrasivo. A ECT corta tubos de 16\" a 72\" de di\u00e2metro externo e pode cortar espessuras de parede de mais de 10\" (ou v\u00e1rias camadas) a velocidades de at\u00e9 20 pol\/min.<\/p>\n<h4>\n\t\tCorte com jato de \u00e1gua abrasivo de superf\u00edcie e em \u00e1guas rasas\n\t<\/h4>\n\t<p>Tamb\u00e9m oferecemos ferramentas AWJC instaladas em \u00e1guas rasas e na superf\u00edcie para opera\u00e7\u00f5es de corte a frio. V\u00e1rias configura\u00e7\u00f5es permitem uma variedade de aplica\u00e7\u00f5es, incluindo o corte linear de janelas em um submarino afundado, a divis\u00e3o de um vaso de press\u00e3o de 6 m (20 p\u00e9s) ao meio e o corte de furos abrasivos.<\/p>\n<h2>\n\t\tCorte mec\u00e2nico\n\t<\/h2>\n\n\t\tNossas solu\u00e7\u00f5es de corte mec\u00e2nico proporcionam cortes seguros e completos em menos tempo.\n\t\n<h2>\n\t\tLimpeza de alta press\u00e3o e remo\u00e7\u00e3o de revestimento\n\t<\/h2>\n\t<p>Combinamos a tecnologia de jato de \u00e1gua abrasivo e sistemas de bombeamento de alta press\u00e3o para fornecer limpeza de alta press\u00e3o do crescimento marinho de cascos, risers, strakes e carenagens.<\/p>\n<p>Temos servi\u00e7os de remo\u00e7\u00e3o de revestimento para ep\u00f3xi de liga\u00e7\u00e3o por fus\u00e3o (FBE), revestimento de peso de concreto (CWC), materiais de isolamento t\u00e9rmico e outros revestimentos de prote\u00e7\u00e3o.<\/p>\n\t\t\t<a href=\"https:\/\/oceaneering.canto.com\/download\/document\/hka39719mh677dfvoonqdr7l0t\/original.pdf\" target=\"_blank\" rel=\"noopener\">\n\t\t\t\t\t\t\tFerramenta de remo\u00e7\u00e3o de revestimento\n\t\t\t<\/a>\n\t\t\t<a href=\"https:\/\/oceaneering.canto.com\/download\/document\/hhgt3e8h1922fcs7t0epkgbc4n\/original.pdf\" target=\"_blank\" rel=\"noopener\">\n\t\t\t\t\t\t\tFerramenta de remo\u00e7\u00e3o de revestimento e costura de solda\n\t\t\t<\/a>\n<h1>\n\t\tEntre em contato conosco\n\t<\/h1>\n<h2>\n\t\tNossa equipe de especialistas est\u00e1 pronta para ajud\u00e1-lo a come\u00e7ar.\n\t<\/h2>\n\t<p>A Oceaneering oferece os melhores produtos e solu\u00e7\u00f5es da categoria, respaldados por qualidade, confiabilidade e suporte global inigual\u00e1veis. Preencha o formul\u00e1rio de consulta para iniciar uma conversa hoje mesmo.<\/p>","protected":false},"excerpt":{"rendered":"<p>Discuta um projeto Solu\u00e7\u00f5es de corte Nossas solu\u00e7\u00f5es de corte implantadas por ROVs ou mergulhadores garantem o corte confi\u00e1vel e eficiente de ativos submarinos. Usamos o m\u00e9todo de corte por jato de \u00e1gua abrasivo (AWJC) durante as opera\u00e7\u00f5es de abandono de po\u00e7os e descomissionamento de plataformas. Com o AWJC, um jato de alta energia de part\u00edculas abrasivas \u00e0 base de \u00e1gua \u00e9 usado para cortar ligas de a\u00e7o duro com rapidez e seguran\u00e7a. Essa tecnologia ... <a title=\"Corte\" class=\"read-more\" href=\"https:\/\/www.oceaneering.com\/pt\/decommissioning\/cutting-solutions\/\" aria-label=\"Leia mais sobre Corte\">Leia mais<\/a><\/p>","protected":false},"author":19,"featured_media":0,"parent":2447,"menu_order":2,"comment_status":"closed","ping_status":"closed","template":"","meta":{"_acf_changed":false,"footnotes":"","_links_to":"","_links_to_target":""},"product_category":[1312],"search_tags":[1633,1713,1377],"class_list":["post-2461","page","type-page","status-publish","product_category-decommissioning","search_tags-cutting","search_tags-cutting-transport","search_tags-decommissioning"],"acf":[],"aioseo_notices":[],"_links":{"self":[{"href":"https:\/\/www.oceaneering.com\/pt\/wp-json\/wp\/v2\/pages\/2461","targetHints":{"allow":["GET"]}}],"collection":[{"href":"https:\/\/www.oceaneering.com\/pt\/wp-json\/wp\/v2\/pages"}],"about":[{"href":"https:\/\/www.oceaneering.com\/pt\/wp-json\/wp\/v2\/types\/page"}],"author":[{"embeddable":true,"href":"https:\/\/www.oceaneering.com\/pt\/wp-json\/wp\/v2\/users\/19"}],"replies":[{"embeddable":true,"href":"https:\/\/www.oceaneering.com\/pt\/wp-json\/wp\/v2\/comments?post=2461"}],"version-history":[{"count":0,"href":"https:\/\/www.oceaneering.com\/pt\/wp-json\/wp\/v2\/pages\/2461\/revisions"}],"up":[{"embeddable":true,"href":"https:\/\/www.oceaneering.com\/pt\/wp-json\/wp\/v2\/pages\/2447"}],"wp:attachment":[{"href":"https:\/\/www.oceaneering.com\/pt\/wp-json\/wp\/v2\/media?parent=2461"}],"wp:term":[{"taxonomy":"product_category","embeddable":true,"href":"https:\/\/www.oceaneering.com\/pt\/wp-json\/wp\/v2\/product_category?post=2461"},{"taxonomy":"search_tags","embeddable":true,"href":"https:\/\/www.oceaneering.com\/pt\/wp-json\/wp\/v2\/search_tags?post=2461"}],"curies":[{"name":"wp","href":"https:\/\/api.w.org\/{rel}","templated":true}]}}