{"id":2447,"date":"2023-10-16T19:38:13","date_gmt":"2023-10-16T23:38:13","guid":{"rendered":"https:\/\/oceaneering.com\/?page_id=2447"},"modified":"2026-01-23T04:24:27","modified_gmt":"2026-01-23T10:24:27","slug":"decommissioning","status":"publish","type":"page","link":"https:\/\/www.oceaneering.com\/pt\/decommissioning\/","title":{"rendered":"Solu\u00e7\u00f5es de descomissionamento"},"content":{"rendered":"<p><a href=\"https:\/\/www.oceaneering.com\/pt\/decommissioning\/#contact\" target=\"_self\" rel=\"noopener\"> Discutir um projeto <\/a><\/p>\r\n<h1>Solu\u00e7\u00f5es de descomissionamento<\/h1>\r\n<p>Por mais de 25 anos, a Oceaneering tem atendido com sucesso \u00e0s necessidades globais de seus clientes em termos de solu\u00e7\u00f5es econ\u00f4micas de descomissionamento que garantem a remo\u00e7\u00e3o segura e eficiente da infraestrutura offshore, como plataformas, condutores, equipamentos submarinos e po\u00e7os.<\/p>\r\n<p>Embora o nosso hist\u00f3rico de descomissionamento tenha sido constru\u00eddo com base em servi\u00e7os de corte confi\u00e1veis e aluguel de ferramentas complementares, podemos executar projetos com escopos de trabalho maiores combinando a nossa variedade de servi\u00e7os e produtos discretos complementares em uma \u00fanica oferta integrada. Nosso programa de gerenciamento de seguran\u00e7a, experi\u00eancia em descomissionamento, recursos de gerenciamento de projetos, agrupamento de servi\u00e7os e solu\u00e7\u00e3o de custo competitivo nos diferenciam de outros fornecedores de descomissionamento.<\/p>\r\n<h2>Hist\u00f3rico<\/h2>\r\n<p>(Atualizado em 2018) <img decoding=\"async\" title=\"Descomissionamento-artwork-2-1\" src=\"https:\/\/oceaneering.com\/wp-content\/uploads\/2023\/10\/Decommissioning-artwork-2-1.png\" alt=\"Decommissioning-artwork-2-1\" \/><\/p>\r\n<h2>Outros servi\u00e7os<\/h2>\r\n<p>Nosso amplo portf\u00f3lio de ferramentas e oferta de servi\u00e7os permite solu\u00e7\u00f5es econ\u00f4micas em todo o descomissionamento para proporcionar maior valor a um custo total de propriedade mais baixo para nossos clientes.<\/p>\r\n<h4>Exemplos de outros servi\u00e7os incluem:<\/h4>\r\n<ul>\r\n<li><a href=\"https:\/\/www.oceaneering.com\/pt\/rov-services\/rov-technology\/#rpact\">Pilotagem e monitoramento remotos a partir dos Centros de Controle em Terra da Oceaneering<\/a><\/li>\r\n<li>Estudos FEED, an\u00e1lise de engenharia e avalia\u00e7\u00e3o t\u00e9cnica<\/li>\r\n<li>Remedia\u00e7\u00e3o do local (despejo de rochas, abertura de valas, levantamento topogr\u00e1fico)<\/li>\r\n<li>Limpeza e inspe\u00e7\u00e3o da infraestrutura submarina<\/li>\r\n<li>Amostragem e levantamento marinho<\/li>\r\n<li>Gerenciamento de projetos<\/li>\r\n<li>Inspe\u00e7\u00e3o de po\u00e7os<\/li>\r\n<li>Recupera\u00e7\u00e3o de detritos<\/li>\r\n<li>Monitoramento de longo prazo<\/li>\r\n<\/ul>\r\n<p><img decoding=\"async\" title=\"1559943920000\" src=\"https:\/\/oceaneering.com\/wp-content\/uploads\/2023\/10\/1559943920000.jpg\" alt=\"1559943920000\" \/><\/p>\r\n<h2>Folheto de descomissionamento<\/h2>\r\n<p><a href=\"https:\/\/oceaneering.canto.com\/download\/document\/8dbek0l8h911t3833o1l0ik20p\/original.pdf\" target=\"_blank\" rel=\"noopener\"> Solu\u00e7\u00f5es de descomissionamento <\/a><\/p>\r\n<h1>Entre em contato conosco<\/h1>\r\n<h2>Nossa equipe de especialistas est\u00e1 pronta para ajud\u00e1-lo a come\u00e7ar.<\/h2>\r\n<p>A Oceaneering oferece os melhores produtos e solu\u00e7\u00f5es da categoria, respaldados por qualidade, confiabilidade e suporte global inigual\u00e1veis. Preencha o formul\u00e1rio de consulta para iniciar uma conversa hoje mesmo.<\/p>","protected":false},"excerpt":{"rendered":"<p>Discuta um projeto Solu\u00e7\u00f5es de descomissionamento Por mais de 25 anos, a Oceaneering tem atendido com sucesso \u00e0s necessidades globais de seus clientes em termos de solu\u00e7\u00f5es econ\u00f4micas de descomissionamento que garantem a remo\u00e7\u00e3o segura e eficiente da infraestrutura offshore, como plataformas, condutores, equipamentos submarinos e po\u00e7os. Embora nosso hist\u00f3rico de descomissionamento tenha sido constru\u00eddo com base em servi\u00e7os de corte confi\u00e1veis e aluguel complementar de ferramentas, ... <a title=\"Solu\u00e7\u00f5es de descomissionamento\" class=\"read-more\" href=\"https:\/\/www.oceaneering.com\/pt\/decommissioning\/\" aria-label=\"Leia mais sobre Solu\u00e7\u00f5es de Descomissionamento\">Leia mais<\/a><\/p>","protected":false},"author":19,"featured_media":0,"parent":0,"menu_order":2,"comment_status":"closed","ping_status":"closed","template":"","meta":{"_acf_changed":false,"footnotes":"","_links_to":"","_links_to_target":""},"product_category":[1312],"search_tags":[1377],"class_list":["post-2447","page","type-page","status-publish","product_category-decommissioning","search_tags-decommissioning"],"acf":[],"aioseo_notices":[],"_links":{"self":[{"href":"https:\/\/www.oceaneering.com\/pt\/wp-json\/wp\/v2\/pages\/2447","targetHints":{"allow":["GET"]}}],"collection":[{"href":"https:\/\/www.oceaneering.com\/pt\/wp-json\/wp\/v2\/pages"}],"about":[{"href":"https:\/\/www.oceaneering.com\/pt\/wp-json\/wp\/v2\/types\/page"}],"author":[{"embeddable":true,"href":"https:\/\/www.oceaneering.com\/pt\/wp-json\/wp\/v2\/users\/19"}],"replies":[{"embeddable":true,"href":"https:\/\/www.oceaneering.com\/pt\/wp-json\/wp\/v2\/comments?post=2447"}],"version-history":[{"count":1,"href":"https:\/\/www.oceaneering.com\/pt\/wp-json\/wp\/v2\/pages\/2447\/revisions"}],"predecessor-version":[{"id":80789,"href":"https:\/\/www.oceaneering.com\/pt\/wp-json\/wp\/v2\/pages\/2447\/revisions\/80789"}],"wp:attachment":[{"href":"https:\/\/www.oceaneering.com\/pt\/wp-json\/wp\/v2\/media?parent=2447"}],"wp:term":[{"taxonomy":"product_category","embeddable":true,"href":"https:\/\/www.oceaneering.com\/pt\/wp-json\/wp\/v2\/product_category?post=2447"},{"taxonomy":"search_tags","embeddable":true,"href":"https:\/\/www.oceaneering.com\/pt\/wp-json\/wp\/v2\/search_tags?post=2447"}],"curies":[{"name":"wp","href":"https:\/\/api.w.org\/{rel}","templated":true}]}}