{"id":2434,"date":"2023-10-16T18:55:40","date_gmt":"2023-10-16T22:55:40","guid":{"rendered":"https:\/\/oceaneering.com\/?page_id=2434"},"modified":"2025-12-04T04:07:20","modified_gmt":"2025-12-04T10:07:20","slug":"oil-and-gas","status":"publish","type":"page","link":"https:\/\/www.oceaneering.com\/pt\/oil-and-gas\/","title":{"rendered":"Petr\u00f3leo e g\u00e1s"},"content":{"rendered":"<h1>Petr\u00f3leo e g\u00e1s<\/h1>\r\n<p>Oferecemos solu\u00e7\u00f5es integradas durante toda a vida \u00fatil do campo para proporcionar maior valor e um custo total de propriedade mais baixo. Usando ferramentas e servi\u00e7os integrados, tecnologia inovadora e pessoal experiente, aumentamos a qualidade e a confiabilidade dos projetos de petr\u00f3leo e g\u00e1s, minimizando os riscos em escala global.<\/p>\r\n<h2>Planejamento e pr\u00e9-perfura\u00e7\u00e3o<\/h2>\r\n<p>Durante os primeiros est\u00e1gios do desenvolvimento do campo, fornecemos projeto de engenharia de front-end (FEED), estudos conceituais e de fase inicial, bem como servi\u00e7os de engenharia, levantamento, integridade do ciclo de vida e planejamento do custo total de propriedade.<\/p>\r\n<ul>\r\n<li><a href=\"\/pt\/survey-and-mapping\/\">Levantamento e mapeamento<\/a><\/li>\r\n<li><a href=\"\/pt\/asset-integrity\/\">Integridade dos ativos<\/a><\/li>\r\n<\/ul>\r\n<h2>Perfura\u00e7\u00e3o e completa\u00e7\u00e3o<\/h2>\r\n<p>Fornecemos uma ampla gama de servi\u00e7os de suporte a perfura\u00e7\u00f5es e conclus\u00f5es a bordo de embarca\u00e7\u00f5es e bases operacionais em todo o mundo. Nosso portf\u00f3lio, experi\u00eancia e presen\u00e7a nos permitem fornecer servi\u00e7os personalizados de forma r\u00e1pida e econ\u00f4mica. Atendemos \u00e0s necessidades operacionais com servi\u00e7os que incluem: ve\u00edculos operados remotamente (ROVs) e ferramentas, dragagem, sistemas de controle e interven\u00e7\u00e3o BOP, solu\u00e7\u00f5es de comunica\u00e7\u00e3o, v\u00e1lvulas submarinas e usinagem e corte no local.<\/p>\r\n<ul>\r\n<li><a href=\"\/pt\/rov-services\/\">Servi\u00e7os de ROV<\/a><\/li>\r\n<li><a href=\"\/pt\/decommissioning\/\">Descomissionamento<\/a><\/li>\r\n<\/ul>\r\n<ul>\r\n<li><a href=\"\/pt\/subsea-valves\/\">V\u00e1lvulas submarinas<\/a><\/li>\r\n<li><a href=\"\/pt\/data-management\/\">Gerenciamento de dados<\/a><\/li>\r\n<\/ul>\r\n<h2>Instala\u00e7\u00e3o e constru\u00e7\u00e3o<\/h2>\r\n<p>Oferecemos a maior frota do mundo de sistemas de instala\u00e7\u00e3o, workover e controle (IWOCS), al\u00e9m de fornecer solu\u00e7\u00f5es de engenharia e gerenciamento de projetos totalmente integradas. Nossas solu\u00e7\u00f5es abrangem suas opera\u00e7\u00f5es durante todo o ciclo de vida do projeto, com experi\u00eancia em garantia de fluxo, servi\u00e7os de embarca\u00e7\u00f5es, conex\u00f5es submarinas, solu\u00e7\u00f5es de comunica\u00e7\u00e3o, umbilicais, mergulho, reparo de dutos e servi\u00e7os e ferramentas de ROV.<\/p>\r\n<ul>\r\n<li><a href=\"\/pt\/rov-services\/\">Servi\u00e7os de ROV<\/a><\/li>\r\n<li><a href=\"\/pt\/flow-assurance\/\">Garantia de fluxo<\/a><\/li>\r\n<li><a href=\"https:\/\/www.oceaneering.com\/pt\/subsea-distribution-solutions\/products\/\">Hardware de distribui\u00e7\u00e3o submarina<\/a><\/li>\r\n<li><a href=\"\/pt\/pipeline-repair-systems\/\">Reparo de tubula\u00e7\u00e3o<\/a><\/li>\r\n<\/ul>\r\n<ul>\r\n<li><a href=\"\/pt\/subsea-connection-systems\/\">Sistemas de conex\u00e3o<\/a><\/li>\r\n<li><a href=\"\/pt\/data-management\/\">Gerenciamento de dados<\/a><\/li>\r\n<li><a href=\"\/pt\/subsea-projects\/\">Projetos submarinos<\/a><\/li>\r\n<\/ul>\r\n<h2>Produ\u00e7\u00e3o e manuten\u00e7\u00e3o<\/h2>\r\n<p>Para permitir que voc\u00ea obtenha o maior retorno sobre seus investimentos, fornecemos uma gama de servi\u00e7os voltados para o aumento da produ\u00e7\u00e3o e a manuten\u00e7\u00e3o de ativos essenciais. At\u00e9 o momento, ajudamos a aumentar a produ\u00e7\u00e3o dos clientes em 15 milh\u00f5es de barris. Para isso, fornecemos servi\u00e7os relacionados a ROVs e ferramentas, engenharia, garantia de fluxo, IWOCS, reparo de tubula\u00e7\u00f5es, integridade de ativos, mergulho, solu\u00e7\u00f5es de comunica\u00e7\u00e3o, rastreamento de ativos, dragagem, umbilicais, corte e inspe\u00e7\u00e3o, manuten\u00e7\u00e3o e reparo.<\/p>\r\n<ul>\r\n<li><a href=\"\/pt\/rov-services\/\">Servi\u00e7os de ROV<\/a><\/li>\r\n<li><a href=\"\/pt\/flow-assurance\/\">Garantia de fluxo<\/a><\/li>\r\n<li><a href=\"\/pt\/pipeline-repair-systems\/\">Reparo de tubula\u00e7\u00e3o<\/a><\/li>\r\n<li><a href=\"\/pt\/asset-integrity\/\">Integridade dos ativos<\/a><\/li>\r\n<li><a href=\"\/pt\/data-management\/\">Gerenciamento de dados<\/a><\/li>\r\n<\/ul>\r\n<ul>\r\n<li><a href=\"\/pt\/subsea-projects\/\">Projetos submarinos<\/a><\/li>\r\n<li><a href=\"\/pt\/subsea-distribution-solutions\/products\/\">Hardware de distribui\u00e7\u00e3o submarina<\/a><\/li>\r\n<li><a href=\"\/pt\/decommissioning\/\">Descomissionamento<\/a><\/li>\r\n<li><a href=\"https:\/\/www.oceaneering.com\/pt\/inspection-maintenance-and-repair-imr-solutions\/\">Inspe\u00e7\u00e3o, manuten\u00e7\u00e3o e reparo<\/a><\/li>\r\n<\/ul>\r\n<h2>Descomissionamento<\/h2>\r\n<p>Planejamos e executamos solu\u00e7\u00f5es econ\u00f4micas que permitem a remo\u00e7\u00e3o segura e eficiente da infraestrutura, como plataformas, condutores, equipamentos submarinos e po\u00e7os. Do primeiro corte \u00e0 remo\u00e7\u00e3o, ajudamos a otimizar todo o seu processo de descomissionamento. Para diminuir o risco no descomissionamento de ativos de petr\u00f3leo e g\u00e1s, implantamos servi\u00e7os e ferramentas de ROV, embarca\u00e7\u00f5es, ferramentas de corte e dragagem, servi\u00e7os de mergulho e solu\u00e7\u00f5es de comunica\u00e7\u00e3o.<\/p>\r\n<ul>\r\n<li><a href=\"\/pt\/rov-services\/\">Servi\u00e7os de ROV<\/a><\/li>\r\n<li><a href=\"\/pt\/decommissioning\/\">Descomissionamento<\/a><\/li>\r\n<\/ul>\r\n<ul>\r\n<li><a href=\"\/pt\/data-management\/\">Gerenciamento de dados<\/a><\/li>\r\n<li><a href=\"\/pt\/diving\/\">Mergulho<\/a><\/li>\r\n<\/ul>\r\n<h2>Em terra<\/h2>\r\n<p>Nossa abordagem de avalia\u00e7\u00e3o e inspe\u00e7\u00e3o baseada em riscos evoluiu para atender \u00e0s demandas em constante mudan\u00e7a do mercado de petr\u00f3leo e g\u00e1s. Oferecemos servi\u00e7os de inspe\u00e7\u00e3o e solu\u00e7\u00f5es de gerenciamento de integridade personalizadas para atender \u00e0s suas necessidades. Nossos servi\u00e7os de integridade de ciclo de vida, testes n\u00e3o destrutivos, guindaste e i\u00e7amento, usinagem e corte no local e reparo de compostos permitem que voc\u00ea atinja seus objetivos em terra com mais rapidez e confiabilidade.<\/p>\r\n<ul>\r\n<li><a href=\"\/pt\/asset-integrity\/\">Integridade dos ativos<\/a><\/li>\r\n<\/ul>\r\n<h2>Reconhecimento e pr\u00eamios do setor<\/h2>\r\n<p>Como l\u00edder em produtos e servi\u00e7os para campos petrol\u00edferos, temos sido reconhecidos ao longo dos anos por nossa inova\u00e7\u00e3o tecnol\u00f3gica e compromisso com a excel\u00eancia.<\/p>\r\n<p>Na Pesquisa Anual de Satisfa\u00e7\u00e3o do Cliente de Produtos e Servi\u00e7os para Campos Petrol\u00edferos da EnergyPoint Research, ficamos consistentemente em primeiro lugar no mercado de Produtos para Campos Petrol\u00edferos. Nosso desempenho na pesquisa de 2016 do grupo \u00e9 o seguinte.<\/p>\r\n<ul>\r\n<li>Primeiro em \"ROVs\" em nove pesquisas (desde 2006)<\/li>\r\n<li>Primeiro lugar em \"desempenho e confiabilidade\" e \"equipamento submarino\" em sete pesquisas<\/li>\r\n<li>Primeiro em \"aplica\u00e7\u00f5es em \u00e1guas profundas\" para seis pesquisas<\/li>\r\n<li>Primeiro lugar em \"aplica\u00e7\u00f5es offshore\" em duas pesquisas<\/li>\r\n<li>Primeiro em \"po\u00e7os de ambiente agressivo\", \"aplica\u00e7\u00f5es em \u00e1guas ultraprofundas\" e \"suporte p\u00f3s-venda\" em uma pesquisa<\/li>\r\n<\/ul>\r\n<p>Tamb\u00e9m fomos reconhecidos pela introdu\u00e7\u00e3o de tecnologias que mudaram o setor na \u00e1rea de petr\u00f3leo e g\u00e1s offshore pela <a href=\"http:\/\/2017.otcnet.org\/\" target=\"_blank\" rel=\"noopener\">Confer\u00eancia de Tecnologia Offshore (OTC)<\/a>. Abaixo est\u00e3o os pr\u00eamios OTC Spotlight on New Technology\u2120 Award recebidos no passado.<\/p>\r\n<ul>\r\n<li>Tecnologia de controle e pilotagem remota (RPACT), 2016<\/li>\r\n<li>Draga de pilha em \u00e1guas profundas, 2015<\/li>\r\n<li>Sistema de inspe\u00e7\u00e3o submarina MagnaScan\u2122, 2015<\/li>\r\n<\/ul>\r\n<p>Nosso desempenho em seguran\u00e7a em ambientes offshore tamb\u00e9m foi elogiado. Recebemos o pr\u00eamio <a href=\"http:\/\/www.noia.org\/\" target=\"_blank\" rel=\"noopener\">Associa\u00e7\u00e3o Nacional do Setor Oce\u00e2nico (NOIA)<\/a> Pr\u00eamio \"Safety in Seas\" de pr\u00e1ticas de seguran\u00e7a em 2016.<\/p>\r\n<h1>Entre em contato conosco<\/h1>\r\n<h2>Nossa equipe de especialistas est\u00e1 pronta para ajud\u00e1-lo a come\u00e7ar.<\/h2>\r\n<p>A Oceaneering oferece os melhores produtos e solu\u00e7\u00f5es da categoria, respaldados por qualidade, confiabilidade e suporte global inigual\u00e1veis. Preencha o formul\u00e1rio de consulta para iniciar uma conversa hoje mesmo.<\/p>","protected":false},"excerpt":{"rendered":"<p>Petr\u00f3leo e g\u00e1s Oferecemos solu\u00e7\u00f5es integradas em toda a vida \u00fatil do campo para proporcionar maior valor e um custo total de propriedade mais baixo. Usando ferramentas e servi\u00e7os integrados, tecnologia inovadora e pessoal experiente, aumentamos a qualidade e a confiabilidade dos projetos de petr\u00f3leo e g\u00e1s, minimizando os riscos em escala global. Planejamento e pr\u00e9-perfura\u00e7\u00e3o Durante os primeiros est\u00e1gios ... <a title=\"Petr\u00f3leo e g\u00e1s\" class=\"read-more\" href=\"https:\/\/www.oceaneering.com\/pt\/oil-and-gas\/\" aria-label=\"Leia mais sobre Petr\u00f3leo e g\u00e1s\">Leia mais<\/a><\/p>","protected":false},"author":13,"featured_media":0,"parent":0,"menu_order":2,"comment_status":"closed","ping_status":"closed","template":"","meta":{"_acf_changed":false,"footnotes":"","_links_to":"","_links_to_target":""},"product_category":[],"search_tags":[1860],"class_list":["post-2434","page","type-page","status-publish","search_tags-oil-and-gas"],"acf":[],"aioseo_notices":[],"_links":{"self":[{"href":"https:\/\/www.oceaneering.com\/pt\/wp-json\/wp\/v2\/pages\/2434","targetHints":{"allow":["GET"]}}],"collection":[{"href":"https:\/\/www.oceaneering.com\/pt\/wp-json\/wp\/v2\/pages"}],"about":[{"href":"https:\/\/www.oceaneering.com\/pt\/wp-json\/wp\/v2\/types\/page"}],"author":[{"embeddable":true,"href":"https:\/\/www.oceaneering.com\/pt\/wp-json\/wp\/v2\/users\/13"}],"replies":[{"embeddable":true,"href":"https:\/\/www.oceaneering.com\/pt\/wp-json\/wp\/v2\/comments?post=2434"}],"version-history":[{"count":1,"href":"https:\/\/www.oceaneering.com\/pt\/wp-json\/wp\/v2\/pages\/2434\/revisions"}],"predecessor-version":[{"id":80137,"href":"https:\/\/www.oceaneering.com\/pt\/wp-json\/wp\/v2\/pages\/2434\/revisions\/80137"}],"wp:attachment":[{"href":"https:\/\/www.oceaneering.com\/pt\/wp-json\/wp\/v2\/media?parent=2434"}],"wp:term":[{"taxonomy":"product_category","embeddable":true,"href":"https:\/\/www.oceaneering.com\/pt\/wp-json\/wp\/v2\/product_category?post=2434"},{"taxonomy":"search_tags","embeddable":true,"href":"https:\/\/www.oceaneering.com\/pt\/wp-json\/wp\/v2\/search_tags?post=2434"}],"curies":[{"name":"wp","href":"https:\/\/api.w.org\/{rel}","templated":true}]}}