{"id":2421,"date":"2025-06-22T18:16:13","date_gmt":"2025-06-22T23:16:13","guid":{"rendered":"https:\/\/oceaneering.com\/?page_id=2421"},"modified":"2025-06-26T07:06:00","modified_gmt":"2025-06-26T12:06:00","slug":"submarine-rescue-solutions","status":"publish","type":"page","link":"https:\/\/www.oceaneering.com\/pt\/oceaneering-technologies\/submarine-rescue-solutions\/","title":{"rendered":"Solu\u00e7\u00f5es de resgate submarino"},"content":{"rendered":"<p><a href=\"https:\/\/www.oceaneering.com\/pt\/oceaneering-technologies\/#contact\" target=\"_self\"> Discutir um projeto <\/a> Oceaneering Technologies (OTECH)<\/p>\r\n<h1>Solu\u00e7\u00f5es de resgate submarino<\/h1>\r\n<p>Combinando experi\u00eancia comprovada, recursos globais e tecnologia testada em campo para garantir a prontid\u00e3o do resgate de submarinos.<\/p>\r\n<h2>Capacidade de resgate de submarinos segura, robusta e pronta<\/h2>\r\n<p>Nossas solu\u00e7\u00f5es de resgate submarino s\u00e3o constru\u00eddas com base em d\u00e9cadas de experi\u00eancia, combinando engenharia inovadora com padr\u00f5es de seguran\u00e7a inflex\u00edveis. Projetadas para atuar nos ambientes subaqu\u00e1ticos mais desafiadores, nossas plataformas oferecem prontid\u00e3o operacional, durabilidade e versatilidade.<\/p>\r\n<h2>Garantia de contrato com a Marinha dos EUA<\/h2>\r\n<p>In 2020, Oceaneering was awarded the U.S. Navy&#8217;s Submarine Rescue Operations and Maintenance Contract (SROMC), supporting the operation and sustainment of the Navy&#8217;s Submarine Rescue System (SRS) and associated equipment. <a href=\"https:\/\/investors.oceaneering.com\/news\/news-details\/2020\/Oceaneering-Secures-Contract-with-U.S.-Navy-for-Submarine-Rescue-Systems-09-29-2020\/default.aspx\" target=\"_blank\" rel=\"noopener\"> Leia o comunicado \u00e0 imprensa <\/a><\/p>\r\n<h2>Rapid-Response Rescue-Ready When It Matters Most<\/h2>\r\n<p>From concept and design through fabrication, certification, and deployment, we deliver mission-ready submarine rescue solutions. Our teams bring deep offshore and subsea experience to ensure fast, efficient system mobilization-anywhere, anytime.<\/p>\r\n<p><img loading=\"lazy\" decoding=\"async\" title=\"IMG_0071-editado\" src=\"https:\/\/www.oceaneering.com\/wp-content\/uploads\/2025\/05\/IMG_0071-edited.jpg\" alt=\"Interior view of an empty hyperbaric chamber highlighting seating capacity and layout for diver treatment.\" width=\"1920\" height=\"1434\" \/> <img loading=\"lazy\" decoding=\"async\" title=\"SDC1 Preenchido\" src=\"https:\/\/www.oceaneering.com\/wp-content\/uploads\/2025\/05\/SDC1-Filled.jpg\" alt=\"Naval divers inside a hyperbaric decompression chamber during testing.\" width=\"1536\" height=\"2048\" \/><\/p>\r\n<h2>Desempenho comprovado e alcance global<\/h2>\r\n<p>Com mais de tr\u00eas d\u00e9cadas de suporte ao Programa de Resgate de Submarinos da Marinha dos EUA, oferecemos experi\u00eancia t\u00e9cnica inigual\u00e1vel e um portf\u00f3lio robusto de recursos:<\/p>\r\n<ul>\r\n<li><a href=\"https:\/\/www.oceaneering.com\/pt\/hyperbaric-systems\/\">C\u00e2maras hiperb\u00e1ricas<\/a><\/li>\r\n<li><a href=\"https:\/\/www.oceaneering.com\/pt\/rov-services\/\">Ve\u00edculos operados remotamente (ROVs)<\/a><\/li>\r\n<li>Submers\u00edveis tripulados<\/li>\r\n<li>Sistemas de lan\u00e7amento e recupera\u00e7\u00e3o<\/li>\r\n<li><a href=\"https:\/\/www.oceaneering.com\/pt\/diving\/\">Servi\u00e7os de mergulho comercial<\/a><\/li>\r\n<li>Opera\u00e7\u00f5es, an\u00e1lise e sele\u00e7\u00e3o de navios de oportunidade<\/li>\r\n<li>Sistemas de amarra\u00e7\u00e3o e posicionamento din\u00e2mico<\/li>\r\n<li>Mobiliza\u00e7\u00e3o do sistema, integra\u00e7\u00e3o e testes de verifica\u00e7\u00e3o<\/li>\r\n<li>Gerenciamento de suporte log\u00edstico integrado (ILS)<\/li>\r\n<li>Sistemas avan\u00e7ados de interven\u00e7\u00e3o, incluindo ROVs e sistemas de mergulho atmosf\u00e9rico (ADS)<\/li>\r\n<li>Sistemas de navega\u00e7\u00e3o, rastreamento e posicionamento<\/li>\r\n<li>Participa\u00e7\u00e3o ativa em exerc\u00edcios internacionais de resgate<\/li>\r\n<\/ul>\r\n<p><a href=\"https:\/\/oceaneering.canto.com\/download\/document\/ft8m6fmbg90n7dbur9vs2t6u1c\/original.pdf\" target=\"_blank\" rel=\"noopener\"> Sistema de resgate submarino <\/a><\/p>\r\n<h2>Experi\u00eancia em que voc\u00ea pode confiar<\/h2>\r\n<h3>SROMC<\/h3>\r\n<p>Empreiteiro de opera\u00e7\u00f5es e manuten\u00e7\u00e3o de resgate de submarinos da Marinha dos EUA (SROMC)<\/p>\r\n<h3>TUP<\/h3>\r\n<p>U.S. Navy Submarine Rescue System &#8211; Transfer Under Pressure (TUP) System Engineer and Integrator<\/p>\r\n<h3>NAVSEA<\/h3>\r\n<p>Nota da NAVSEA 5000 Atividade autorizada<\/p>\r\n<h3>CONFORMIDADE<\/h3>\r\n<p>Experience working with certification authorities, including ABS, DNV-GL, and Lloyd&#8217;s Register<\/p>\r\n<h3>ROV<\/h3>\r\n<p>Owner\/operator of world&#8217;s largest work class remotely operated vehicle (ROV) fleet<\/p>\r\n<h3>SMERWG<\/h3>\r\n<p>Grupo de trabalho de fuga e resgate de submarinos da OTAN (SMERWG)<\/p>\r\n<h1>Entre em contato conosco<\/h1>\r\n<h2>Nossa equipe de especialistas est\u00e1 pronta para ajud\u00e1-lo a come\u00e7ar.<\/h2>\r\n<p>A Oceaneering oferece os melhores produtos e solu\u00e7\u00f5es da categoria, respaldados por qualidade, confiabilidade e suporte global inigual\u00e1veis. Preencha o formul\u00e1rio de consulta para iniciar uma conversa hoje mesmo.<\/p>","protected":false},"excerpt":{"rendered":"<p>Por mais de 30 anos, apoiamos miss\u00f5es cr\u00edticas de resgate de submarinos, desenvolvendo e modificando sistemas especializados para atender aos requisitos da Marinha dos EUA para opera\u00e7\u00f5es de salvamento de vidas em condi\u00e7\u00f5es extremas. <\/p>","protected":false},"author":13,"featured_media":75982,"parent":2402,"menu_order":2,"comment_status":"closed","ping_status":"closed","template":"","meta":{"_acf_changed":false,"footnotes":"","_links_to":"","_links_to_target":""},"product_category":[1461],"search_tags":[1489,1855],"class_list":["post-2421","page","type-page","status-publish","has-post-thumbnail","product_category-oceaneering-technologies-otech","search_tags-otech","search_tags-submarine-rescue"],"acf":[],"aioseo_notices":[],"_links":{"self":[{"href":"https:\/\/www.oceaneering.com\/pt\/wp-json\/wp\/v2\/pages\/2421","targetHints":{"allow":["GET"]}}],"collection":[{"href":"https:\/\/www.oceaneering.com\/pt\/wp-json\/wp\/v2\/pages"}],"about":[{"href":"https:\/\/www.oceaneering.com\/pt\/wp-json\/wp\/v2\/types\/page"}],"author":[{"embeddable":true,"href":"https:\/\/www.oceaneering.com\/pt\/wp-json\/wp\/v2\/users\/13"}],"replies":[{"embeddable":true,"href":"https:\/\/www.oceaneering.com\/pt\/wp-json\/wp\/v2\/comments?post=2421"}],"version-history":[{"count":0,"href":"https:\/\/www.oceaneering.com\/pt\/wp-json\/wp\/v2\/pages\/2421\/revisions"}],"up":[{"embeddable":true,"href":"https:\/\/www.oceaneering.com\/pt\/wp-json\/wp\/v2\/pages\/2402"}],"wp:featuredmedia":[{"embeddable":true,"href":"https:\/\/www.oceaneering.com\/pt\/wp-json\/wp\/v2\/media\/75982"}],"wp:attachment":[{"href":"https:\/\/www.oceaneering.com\/pt\/wp-json\/wp\/v2\/media?parent=2421"}],"wp:term":[{"taxonomy":"product_category","embeddable":true,"href":"https:\/\/www.oceaneering.com\/pt\/wp-json\/wp\/v2\/product_category?post=2421"},{"taxonomy":"search_tags","embeddable":true,"href":"https:\/\/www.oceaneering.com\/pt\/wp-json\/wp\/v2\/search_tags?post=2421"}],"curies":[{"name":"wp","href":"https:\/\/api.w.org\/{rel}","templated":true}]}}