{"id":2402,"date":"2023-10-16T17:39:46","date_gmt":"2023-10-16T21:39:46","guid":{"rendered":"https:\/\/oceaneering.com\/?page_id=2402"},"modified":"2025-07-23T06:47:46","modified_gmt":"2025-07-23T11:47:46","slug":"oceaneering-technologies","status":"publish","type":"page","link":"https:\/\/www.oceaneering.com\/pt\/oceaneering-technologies\/","title":{"rendered":"Oceaneering Technologies (OTECH)"},"content":{"rendered":"<p><a href=\"https:\/\/www.oceaneering.com\/pt\/oceaneering-technologies\/#contact\" target=\"_self\"> Discutir um projeto <\/a> sistemas mar\u00edtimos prontos para miss\u00f5es<\/p>\r\n<h1>Oceaneering Technologies (OTECH)<\/h1>\r\n<p>Fornecendo solu\u00e7\u00f5es integradas e prontas para a miss\u00e3o, adaptadas para atender \u00e0s demandas exclusivas de cada ambiente operacional.<\/p>\r\n<h2>Desempenho comprovado em ambientes submarinos exigentes<\/h2>\r\n<p>Somos especializados em projeto, desenvolvimento, opera\u00e7\u00e3o e manuten\u00e7\u00e3o de sistemas mar\u00edtimos avan\u00e7ados e especializados para aplica\u00e7\u00f5es comerciais e de defesa. Nossos sistemas s\u00e3o projetados para suportar as condi\u00e7\u00f5es submarinas mais exigentes, incluindo press\u00e3o extrema, opera\u00e7\u00f5es de longo alcance, bioincrusta\u00e7\u00e3o, corros\u00e3o e exposi\u00e7\u00e3o prolongada a ambientes hostis. De ve\u00edculos submarinos aut\u00f4nomos a infraestruturas de opera\u00e7\u00f5es remotas, nossas solu\u00e7\u00f5es s\u00e3o desenvolvidas para oferecer resist\u00eancia, adaptabilidade e sucesso na miss\u00e3o.<\/p>\r\n<p><a title=\"Sistemas submarinos n\u00e3o tripulados\" href=\"https:\/\/www.oceaneering.com\/pt\/oceaneering-technologies\/unmanned-undersea-systems\/\"><img loading=\"lazy\" decoding=\"async\" title=\"freedomunderwithlogonotexto em destaque | Oceaneering\" src=\"https:\/\/www.oceaneering.com\/wp-content\/uploads\/2025\/05\/freedom-under-with-logo-notext-featured-1024x576.jpg\" sizes=\"auto, (max-width: 1024px) 100vw, 1024px\" srcset=\"https:\/\/www.oceaneering.com\/wp-content\/uploads\/2025\/05\/freedom-under-with-logo-notext-featured-1024x576.jpg 1024w, https:\/\/www.oceaneering.com\/wp-content\/uploads\/2025\/05\/freedom-under-with-logo-notext-featured-300x169.jpg 300w, https:\/\/www.oceaneering.com\/wp-content\/uploads\/2025\/05\/freedom-under-with-logo-notext-featured-768x432.jpg 768w, https:\/\/www.oceaneering.com\/wp-content\/uploads\/2025\/05\/freedom-under-with-logo-notext-featured-1536x864.jpg 1536w, https:\/\/www.oceaneering.com\/wp-content\/uploads\/2025\/05\/freedom-under-with-logo-notext-featured-2048x1152.jpg 2048w, https:\/\/www.oceaneering.com\/wp-content\/uploads\/2025\/05\/freedom-under-with-logo-notext-featured-18x10.jpg 18w, https:\/\/www.oceaneering.com\/wp-content\/uploads\/2025\/05\/freedom-under-with-logo-notext-featured-1280x720.jpg 1280w, https:\/\/www.oceaneering.com\/wp-content\/uploads\/2025\/05\/freedom-under-with-logo-notext-featured-960x540.jpg 960w, https:\/\/www.oceaneering.com\/wp-content\/uploads\/2025\/05\/freedom-under-with-logo-notext-featured-640x360.jpg 640w, https:\/\/www.oceaneering.com\/wp-content\/uploads\/2025\/05\/freedom-under-with-logo-notext-featured-320x180.jpg 320w\" alt=\"Autonomous underwater vehicle AUV travelling under water surface to survey offshore pipeline\" width=\"1024\" height=\"576\" \/><\/a><\/p>\r\n<h3><a title=\"Sistemas submarinos n\u00e3o tripulados\" href=\"https:\/\/www.oceaneering.com\/pt\/oceaneering-technologies\/unmanned-undersea-systems\/\">Sistemas submarinos n\u00e3o tripulados<\/a><\/h3>\r\n<p>Nossos ve\u00edculos submarinos totalmente personaliz\u00e1veis permitem a coleta de dados em tempo real e a avalia\u00e7\u00e3o de amea\u00e7as em ambientes que geralmente s\u00e3o inacess\u00edveis ou perigosos demais para operadores humanos.<\/p>\r\n<p><a href=\"https:\/\/www.oceaneering.com\/pt\/oceaneering-technologies\/unmanned-undersea-systems\/\">Leia mais<\/a> <a title=\"Sistemas hiperb\u00e1ricos\" href=\"https:\/\/www.oceaneering.com\/pt\/oceaneering-technologies\/hyperbaric-systems\/\"><img loading=\"lazy\" decoding=\"async\" title=\"Sistemas hiperb\u00e1ricos | Oceaneering\" src=\"https:\/\/www.oceaneering.com\/wp-content\/uploads\/2025\/05\/Hyperbaric-Systems-1024x576.jpg\" sizes=\"auto, (max-width: 1024px) 100vw, 1024px\" srcset=\"https:\/\/www.oceaneering.com\/wp-content\/uploads\/2025\/05\/Hyperbaric-Systems-1024x576.jpg 1024w, https:\/\/www.oceaneering.com\/wp-content\/uploads\/2025\/05\/Hyperbaric-Systems-300x169.jpg 300w, https:\/\/www.oceaneering.com\/wp-content\/uploads\/2025\/05\/Hyperbaric-Systems-768x432.jpg 768w, https:\/\/www.oceaneering.com\/wp-content\/uploads\/2025\/05\/Hyperbaric-Systems-1536x864.jpg 1536w, https:\/\/www.oceaneering.com\/wp-content\/uploads\/2025\/05\/Hyperbaric-Systems-2048x1152.jpg 2048w, https:\/\/www.oceaneering.com\/wp-content\/uploads\/2025\/05\/Hyperbaric-Systems-18x10.jpg 18w, https:\/\/www.oceaneering.com\/wp-content\/uploads\/2025\/05\/Hyperbaric-Systems-1280x720.jpg 1280w, https:\/\/www.oceaneering.com\/wp-content\/uploads\/2025\/05\/Hyperbaric-Systems-960x540.jpg 960w, https:\/\/www.oceaneering.com\/wp-content\/uploads\/2025\/05\/Hyperbaric-Systems-640x360.jpg 640w, https:\/\/www.oceaneering.com\/wp-content\/uploads\/2025\/05\/Hyperbaric-Systems-320x180.jpg 320w\" alt=\"Transfer Under Pressure TUP chambers used in submarine rescue operations\" width=\"1024\" height=\"576\" \/><\/a><\/p>\r\n<h3><a title=\"Sistemas hiperb\u00e1ricos\" href=\"https:\/\/www.oceaneering.com\/pt\/oceaneering-technologies\/hyperbaric-systems\/\">Sistemas hiperb\u00e1ricos<\/a><\/h3>\r\n<p>Com mais de seis d\u00e9cadas de experi\u00eancia, nossa equipe multidisciplinar de engenheiros, operadores e mergulhadores projeta, constr\u00f3i e opera sistemas hiperb\u00e1ricos confi\u00e1veis para opera\u00e7\u00f5es submarinas tripuladas.<\/p>\r\n<p><a href=\"https:\/\/www.oceaneering.com\/pt\/oceaneering-technologies\/hyperbaric-systems\/\">Leia mais<\/a> <a title=\"Solu\u00e7\u00f5es de resgate submarino\" href=\"https:\/\/www.oceaneering.com\/pt\/oceaneering-technologies\/submarine-rescue-solutions\/\"><img loading=\"lazy\" decoding=\"async\" title=\"SubmarineRescueSolutions | Oceaneering\" src=\"https:\/\/www.oceaneering.com\/wp-content\/uploads\/2025\/05\/Submarine-Rescue-Solutions-1024x576.jpg\" sizes=\"auto, (max-width: 1024px) 100vw, 1024px\" srcset=\"https:\/\/www.oceaneering.com\/wp-content\/uploads\/2025\/05\/Submarine-Rescue-Solutions-1024x576.jpg 1024w, https:\/\/www.oceaneering.com\/wp-content\/uploads\/2025\/05\/Submarine-Rescue-Solutions-300x169.jpg 300w, https:\/\/www.oceaneering.com\/wp-content\/uploads\/2025\/05\/Submarine-Rescue-Solutions-768x432.jpg 768w, https:\/\/www.oceaneering.com\/wp-content\/uploads\/2025\/05\/Submarine-Rescue-Solutions-1536x864.jpg 1536w, https:\/\/www.oceaneering.com\/wp-content\/uploads\/2025\/05\/Submarine-Rescue-Solutions-18x10.jpg 18w, https:\/\/www.oceaneering.com\/wp-content\/uploads\/2025\/05\/Submarine-Rescue-Solutions-1280x720.jpg 1280w, https:\/\/www.oceaneering.com\/wp-content\/uploads\/2025\/05\/Submarine-Rescue-Solutions-960x540.jpg 960w, https:\/\/www.oceaneering.com\/wp-content\/uploads\/2025\/05\/Submarine-Rescue-Solutions-640x360.jpg 640w, https:\/\/www.oceaneering.com\/wp-content\/uploads\/2025\/05\/Submarine-Rescue-Solutions-320x180.jpg 320w, https:\/\/www.oceaneering.com\/wp-content\/uploads\/2025\/05\/Submarine-Rescue-Solutions.jpg 1920w\" alt=\"Support vessel preparing to deploy Pressurized Rescue Module PRM into water during system testing\" width=\"1024\" height=\"576\" \/><\/a><\/p>\r\n<h3><a title=\"Solu\u00e7\u00f5es de resgate submarino\" href=\"https:\/\/www.oceaneering.com\/pt\/oceaneering-technologies\/submarine-rescue-solutions\/\">Solu\u00e7\u00f5es de resgate submarino<\/a><\/h3>\r\n<p>Por mais de 30 anos, apoiamos miss\u00f5es cr\u00edticas de resgate de submarinos, desenvolvendo e modificando sistemas especializados para atender aos requisitos da Marinha dos EUA para opera\u00e7\u00f5es de salvamento de vidas em condi\u00e7\u00f5es extremas.<\/p>\r\n<p><a href=\"https:\/\/www.oceaneering.com\/pt\/oceaneering-technologies\/submarine-rescue-solutions\/\">Leia mais<\/a> <a title=\"Fabrica\u00e7\u00e3o\" href=\"https:\/\/www.oceaneering.com\/pt\/oceaneering-technologies\/manufacturing\/\"><img loading=\"lazy\" decoding=\"async\" title=\"Fabrica\u00e7\u00e3o | Oceaneering\" src=\"https:\/\/www.oceaneering.com\/wp-content\/uploads\/2025\/05\/Manufacturing-1024x576.jpg\" sizes=\"auto, (max-width: 1024px) 100vw, 1024px\" srcset=\"https:\/\/www.oceaneering.com\/wp-content\/uploads\/2025\/05\/Manufacturing-1024x576.jpg 1024w, https:\/\/www.oceaneering.com\/wp-content\/uploads\/2025\/05\/Manufacturing-300x169.jpg 300w, https:\/\/www.oceaneering.com\/wp-content\/uploads\/2025\/05\/Manufacturing-768x432.jpg 768w, https:\/\/www.oceaneering.com\/wp-content\/uploads\/2025\/05\/Manufacturing-1536x864.jpg 1536w, https:\/\/www.oceaneering.com\/wp-content\/uploads\/2025\/05\/Manufacturing-18x10.jpg 18w, https:\/\/www.oceaneering.com\/wp-content\/uploads\/2025\/05\/Manufacturing-1280x720.jpg 1280w, https:\/\/www.oceaneering.com\/wp-content\/uploads\/2025\/05\/Manufacturing-960x540.jpg 960w, https:\/\/www.oceaneering.com\/wp-content\/uploads\/2025\/05\/Manufacturing-640x360.jpg 640w, https:\/\/www.oceaneering.com\/wp-content\/uploads\/2025\/05\/Manufacturing-320x180.jpg 320w, https:\/\/www.oceaneering.com\/wp-content\/uploads\/2025\/05\/Manufacturing.jpg 1920w\" alt=\"Certified in house manufacturing technician works with metal grinder\" width=\"1024\" height=\"576\" \/><\/a><\/p>\r\n<h3><a title=\"Fabrica\u00e7\u00e3o\" href=\"https:\/\/www.oceaneering.com\/pt\/oceaneering-technologies\/manufacturing\/\">Fabrica\u00e7\u00e3o<\/a><\/h3>\r\n<p>Fornecemos solu\u00e7\u00f5es de fabrica\u00e7\u00e3o precisas e confi\u00e1veis para projetos de qualquer tamanho ou complexidade. Nossos recursos internos incluem usinagem de precis\u00e3o, fabrica\u00e7\u00e3o, montagem e soldagens em larga escala.<\/p>\r\n<p><a href=\"https:\/\/www.oceaneering.com\/pt\/oceaneering-technologies\/manufacturing\/\">Leia mais<\/a> <a title=\"Transfer\u00eancia de carga no mar\" href=\"https:\/\/www.oceaneering.com\/pt\/oceaneering-technologies\/cargo-transfer-at-sea\/\"><img loading=\"lazy\" decoding=\"async\" title=\"Transfer\u00eancia de carga no mar | Oceaneering\" src=\"https:\/\/www.oceaneering.com\/wp-content\/uploads\/2025\/05\/Cargo-Transfer-at-Sea-1024x576.jpg\" sizes=\"auto, (max-width: 1024px) 100vw, 1024px\" srcset=\"https:\/\/www.oceaneering.com\/wp-content\/uploads\/2025\/05\/Cargo-Transfer-at-Sea-1024x576.jpg 1024w, https:\/\/www.oceaneering.com\/wp-content\/uploads\/2025\/05\/Cargo-Transfer-at-Sea-300x169.jpg 300w, https:\/\/www.oceaneering.com\/wp-content\/uploads\/2025\/05\/Cargo-Transfer-at-Sea-768x432.jpg 768w, https:\/\/www.oceaneering.com\/wp-content\/uploads\/2025\/05\/Cargo-Transfer-at-Sea-1536x864.jpg 1536w, https:\/\/www.oceaneering.com\/wp-content\/uploads\/2025\/05\/Cargo-Transfer-at-Sea-18x10.jpg 18w, https:\/\/www.oceaneering.com\/wp-content\/uploads\/2025\/05\/Cargo-Transfer-at-Sea-1280x720.jpg 1280w, https:\/\/www.oceaneering.com\/wp-content\/uploads\/2025\/05\/Cargo-Transfer-at-Sea-960x540.jpg 960w, https:\/\/www.oceaneering.com\/wp-content\/uploads\/2025\/05\/Cargo-Transfer-at-Sea-640x360.jpg 640w, https:\/\/www.oceaneering.com\/wp-content\/uploads\/2025\/05\/Cargo-Transfer-at-Sea-320x180.jpg 320w, https:\/\/www.oceaneering.com\/wp-content\/uploads\/2025\/05\/Cargo-Transfer-at-Sea.jpg 1920w\" alt=\"Oceaneering engineer observes motion compensated robotic crane transfer of cargo container on dock\" width=\"1024\" height=\"576\" \/><\/a><\/p>\r\n<h3><a title=\"Transfer\u00eancia de carga no mar\" href=\"https:\/\/www.oceaneering.com\/pt\/oceaneering-technologies\/cargo-transfer-at-sea\/\">Transfer\u00eancia de carga no mar<\/a><\/h3>\r\n<p>Desenvolvemos tecnologias de \u00faltima gera\u00e7\u00e3o que aprimoram a log\u00edstica no mar em estados mar\u00edtimos elevados para guerra expedicion\u00e1ria, miss\u00f5es humanit\u00e1rias e outras opera\u00e7\u00f5es mar\u00edtimas cr\u00edticas.<\/p>\r\n<p><a href=\"https:\/\/www.oceaneering.com\/pt\/oceaneering-technologies\/cargo-transfer-at-sea\/\">Leia mais<\/a><\/p>\r\n<!-- .pp-content-posts -->\r\n<p><img loading=\"lazy\" decoding=\"async\" title=\"OROC_Stavanger_Norway\" src=\"https:\/\/www.oceaneering.com\/wp-content\/uploads\/2025\/06\/OROC_Stavanger_Norway.jpg\" alt=\"Two engineers monitoring subsea assets from our Onshore Remote Operations Center (OROC).\" width=\"1920\" height=\"1080\" \/><\/p>\r\n<h2>Solu\u00e7\u00f5es Integradas de Tecnologia Mar\u00edtima<\/h2>\r\n<p>Desenvolvemos plataformas de monitoramento de superf\u00edcie e submarinas e sistemas de vigil\u00e2ncia de ativos totalmente integrados em uma arquitetura digital segura e remota de comando e controle. Essa estrutura avan\u00e7ada permite a r\u00e1pida implementa\u00e7\u00e3o de novos recursos e oferece aos operadores uma consci\u00eancia situacional em tempo real, permitindo respostas r\u00e1pidas e eficazes aos requisitos de miss\u00e3o em evolu\u00e7\u00e3o.<\/p>\r\n<h2>Garantia de contrato com a Marinha dos EUA<\/h2>\r\n<p>Oceaneering was awarded a contract by the U.S. Department of Defense&#8217;s Defense Innovation Unit (DIU) to deliver a Freedom\u2122 Autonomous Underwater Vehicle (AUV) and to establish an Onshore Remote Operations Center (OROC) to support the U.S. Navy&#8217;s autonomous undersea operations <a href=\"https:\/\/www.oceaneering.com\/pt\/oceaneering-wins-contract-to-build-freedom-auv-and-remote-operations-center-for-us-navy\/\" target=\"_self\"> Leia o an\u00fancio de not\u00edcias <\/a><\/p>\r\n<h2>Comprometidos com o fortalecimento da seguran\u00e7a e da defesa globais<\/h2>\r\n<p>Desempenhamos um papel fundamental no avan\u00e7o das capacidades de defesa global, apoiando a <a href=\"https:\/\/www.nato.int\/\" target=\"_blank\" rel=\"noopener\">Organiza\u00e7\u00e3o do Tratado do Atl\u00e2ntico Norte (OTAN)<\/a> e contribuindo para o segundo pilar do <a href=\"https:\/\/commonslibrary.parliament.uk\/research-briefings\/cbp-9842\/\" target=\"_blank\" rel=\"noopener\">Parceria AUKUS<\/a>-a trilateral agreement between Australia, the United Kingdom, and the United States focused on advanced defense technologies.<\/p>\r\n<p><img loading=\"lazy\" decoding=\"async\" title=\"Global-security-and-defence\" src=\"https:\/\/www.oceaneering.com\/wp-content\/uploads\/2025\/06\/Global-security-and-defence.jpg\" alt=\"3D rendering of subsea and surface assets including AUVs, resident technology system, submarine rescue with pressurized rescue module and submarine dry deck shelter.\" width=\"1920\" height=\"1080\" \/><\/p>\r\n<h1>Entre em contato conosco<\/h1>\r\n<h2>Nossa equipe de especialistas est\u00e1 pronta para ajud\u00e1-lo a come\u00e7ar.<\/h2>\r\n<p>A Oceaneering oferece os melhores produtos e solu\u00e7\u00f5es da categoria, respaldados por qualidade, confiabilidade e suporte global inigual\u00e1veis. Preencha o formul\u00e1rio de consulta para iniciar uma conversa hoje mesmo.<\/p>","protected":false},"excerpt":{"rendered":"<p>Discuss a Project mission-ready maritime systems Oceaneering Technologies (OTECH) Delivering integrated, mission-ready solutions tailored to meet the unique demands of each operational environment. Proven Performance in Demanding Subsea Environments We specialize in the design, development, operation, and sustainment of advanced maritime and specialized systems for defense and commercial applications. Our systems are engineered to endure &#8230; <a title=\"Oceaneering Technologies (OTECH)\" class=\"read-more\" href=\"https:\/\/www.oceaneering.com\/pt\/oceaneering-technologies\/\" aria-label=\"Leia mais sobre a Oceaneering Technologies (OTECH)\">Leia mais<\/a><\/p>","protected":false},"author":13,"featured_media":0,"parent":0,"menu_order":2,"comment_status":"closed","ping_status":"closed","template":"","meta":{"_acf_changed":false,"footnotes":"","_links_to":"","_links_to_target":""},"product_category":[1461],"search_tags":[1489],"class_list":["post-2402","page","type-page","status-publish","product_category-oceaneering-technologies-otech","search_tags-otech"],"acf":[],"aioseo_notices":[],"_links":{"self":[{"href":"https:\/\/www.oceaneering.com\/pt\/wp-json\/wp\/v2\/pages\/2402","targetHints":{"allow":["GET"]}}],"collection":[{"href":"https:\/\/www.oceaneering.com\/pt\/wp-json\/wp\/v2\/pages"}],"about":[{"href":"https:\/\/www.oceaneering.com\/pt\/wp-json\/wp\/v2\/types\/page"}],"author":[{"embeddable":true,"href":"https:\/\/www.oceaneering.com\/pt\/wp-json\/wp\/v2\/users\/13"}],"replies":[{"embeddable":true,"href":"https:\/\/www.oceaneering.com\/pt\/wp-json\/wp\/v2\/comments?post=2402"}],"version-history":[{"count":0,"href":"https:\/\/www.oceaneering.com\/pt\/wp-json\/wp\/v2\/pages\/2402\/revisions"}],"wp:attachment":[{"href":"https:\/\/www.oceaneering.com\/pt\/wp-json\/wp\/v2\/media?parent=2402"}],"wp:term":[{"taxonomy":"product_category","embeddable":true,"href":"https:\/\/www.oceaneering.com\/pt\/wp-json\/wp\/v2\/product_category?post=2402"},{"taxonomy":"search_tags","embeddable":true,"href":"https:\/\/www.oceaneering.com\/pt\/wp-json\/wp\/v2\/search_tags?post=2402"}],"curies":[{"name":"wp","href":"https:\/\/api.w.org\/{rel}","templated":true}]}}