{"id":2382,"date":"2023-10-16T16:12:56","date_gmt":"2023-10-16T20:12:56","guid":{"rendered":"https:\/\/oceaneering.com\/?page_id=2382"},"modified":"2026-01-23T04:14:49","modified_gmt":"2026-01-23T10:14:49","slug":"data-management","status":"publish","type":"page","link":"https:\/\/www.oceaneering.com\/pt\/data-management\/","title":{"rendered":"Gerenciamento de dados"},"content":{"rendered":"<p><a href=\"https:\/\/www.oceaneering.com\/pt\/data-management\/#contact\" target=\"_self\"> Discutir um projeto <\/a><\/p>\r\n<h1>Solu\u00e7\u00f5es de gerenciamento de dados e comunica\u00e7\u00e3o<\/h1>\r\n<p>Nossas solu\u00e7\u00f5es de dados e TI permitem que voc\u00ea fa\u00e7a neg\u00f3cios melhor. Do campo petrol\u00edfero \u00e0 sala de reuni\u00f5es, do submarino ao sat\u00e9lite e do upstream ao downstream, temos os dados, a tecnologia e os especialistas no assunto para ajud\u00e1-lo a cumprir suas miss\u00f5es.<\/p>\r\n<h2>Saiba como podemos ajud\u00e1-lo a aumentar a efici\u00eancia, melhorar suas opera\u00e7\u00f5es, aumentar a seguran\u00e7a e a prote\u00e7\u00e3o e reduzir a m\u00e3o de obra.<\/h2>\r\n<h2>Servi\u00e7os de comunica\u00e7\u00f5es e TI<\/h2>\r\n<p>Fornecemos solu\u00e7\u00f5es prontas para uso para redes, v\u00eddeo e voz. Com 50 anos de experi\u00eancia mar\u00edtima e offshore, fornecemos a tecnologia e o pessoal para atingir as metas mais complexas nos ambientes mais adversos. Nossas solu\u00e7\u00f5es de comunica\u00e7\u00e3o em tempo real conectam plataformas e embarca\u00e7\u00f5es a centros de opera\u00e7\u00f5es globais. Fornecemos tecnologias de sat\u00e9lite, celular e malha para garantir que os dados cheguem \u00e0s pessoas e \u00e0s m\u00e1quinas o mais r\u00e1pido poss\u00edvel. Ajudamos voc\u00ea a atender a diversas necessidades, desde a Internet de banda larga offshore at\u00e9 o backhauling de dados de v\u00eddeo e sensores de embarca\u00e7\u00f5es, ve\u00edculos remotos (terrestres, mar\u00edtimos e a\u00e9reos), plataformas, refinarias e outros ambientes adversos.<\/p>\r\n<h3>Nossos servi\u00e7os de comunica\u00e7\u00e3o e TI atendem a uma ampla gama de necessidades.<\/h3>\r\n<p><a href=\"https:\/\/oceaneering.canto.com\/download\/document\/i73oe58nrd6cl92c3c2isrvr39\/original.pdf\" target=\"_blank\" rel=\"noopener\"> Servi\u00e7os de comunica\u00e7\u00f5es e TI <\/a><\/p>\r\n<ul>\r\n<li>T\u00e9cnicos de TI offshore certificados<\/li>\r\n<li>Internet de banda larga<\/li>\r\n<li>Pesquisa de campo de radiofrequ\u00eancia (RF)<\/li>\r\n<li>Solu\u00e7\u00f5es de voz, v\u00eddeo e dados de embarca\u00e7\u00e3o para embarca\u00e7\u00e3o (ponto a ponto e malha)<\/li>\r\n<li>V\u00eddeo de transmiss\u00e3o ao vivo e arquivamento de m\u00eddia<\/li>\r\n<li>Redes gerenciadas<\/li>\r\n<li>Solu\u00e7\u00f5es de comunica\u00e7\u00e3o, como sat\u00e9lite, celular e m\u00e1quina a m\u00e1quina (M2M)<\/li>\r\n<\/ul>\r\n<h2>Servi\u00e7os GIS e Esri<\/h2>\r\n<p>Somos l\u00edderes no desenvolvimento de solu\u00e7\u00f5es de sistema de informa\u00e7\u00f5es geogr\u00e1ficas (GIS) para ambientes offshore e em \u00e1guas profundas. Como parceiro global da Esri, implantamos a tecnologia da Esri, dados propriet\u00e1rios, como dados meteorol\u00f3gicos e do nosso sistema de identifica\u00e7\u00e3o autom\u00e1tica (AIS) em tempo real de embarca\u00e7\u00f5es, e camadas de mapeamento central para apresentar um quadro operacional comum (COP).<\/p>\r\n<h3>Nossos servi\u00e7os GIS e Esri suportam os recursos de que voc\u00ea precisa.<\/h3>\r\n<p><a href=\"https:\/\/oceaneering.canto.com\/download\/document\/p0r36n4h5h11n6di6jphnris6f\/original.pdf\" target=\"_blank\" rel=\"noopener\"> Servi\u00e7os GIS e Esri <\/a><\/p>\r\n<ul>\r\n<li>Exerc\u00edcios personalizados de resposta a incidentes com tecnologia audiovisual e camadas de dados<\/li>\r\n<li>Suporte operacional durante a explora\u00e7\u00e3o e produ\u00e7\u00e3o offshore<\/li>\r\n<li>Integra\u00e7\u00e3o de dados com sistemas comerciais, como OSIsoft PI e Maximo<\/li>\r\n<li>Integra\u00e7\u00e3o de v\u00eddeo ao GIS<\/li>\r\n<li>Rastreamento de ativos por meio de solu\u00e7\u00f5es AIS e M2M via sat\u00e9lite<\/li>\r\n<li>Dados GIS para an\u00e1lise de mercado, conformidade de treinamento e suporte a lit\u00edgios<\/li>\r\n<li>Dados meteorol\u00f3gicos hist\u00f3ricos e em tempo real em parceria com a Weather Decision Technologies (WDT)<\/li>\r\n<\/ul>\r\n<h2>Servi\u00e7os de v\u00eddeo<\/h2>\r\n<p>Fornecemos as mais avan\u00e7adas solu\u00e7\u00f5es de arquivamento e v\u00eddeo de transmiss\u00e3o ao vivo dispon\u00edveis. Se voc\u00ea precisa visualizar opera\u00e7\u00f5es remotas em tempo real ou armazenar petabytes de dados em um arquivo de m\u00eddia pesquis\u00e1vel e indexado, n\u00f3s podemos ajudar.<\/p>\r\n<p>O gerenciamento de v\u00eddeo \u00e9 fornecido por meio do <a href=\"\/pt\/asset-intelligence-and-management\/media-and-integrity-management\/\">Cofre de m\u00eddia da Oceaneering (OMV)<\/a>que oferece um portal integrado baseado na Web para visualiza\u00e7\u00e3o e gerenciamento de streaming em tempo real e arquivamento e an\u00e1lise de hist\u00f3rico. \u00c9 poss\u00edvel marcar \u00e1reas de interesse para an\u00e1lise posterior, visualizar v\u00e1rios fluxos em uma exibi\u00e7\u00e3o unificada e at\u00e9 mesmo implantar seus fluxos de v\u00eddeo individuais em seu GIS COP baseado em Esri.<\/p>\r\n<p>Al\u00e9m disso, oferecemos o recurso de streaming de alta defini\u00e7\u00e3o com coordenadas de GPS incorporadas.<\/p>\r\n<h3>Nossos servi\u00e7os de v\u00eddeo possibilitam melhores decis\u00f5es.<\/h3>\r\n<p><a href=\"https:\/\/oceaneering.canto.com\/download\/document\/kcsetoq8257ob890p7lfo7mc0h\/original.pdf\" target=\"_blank\" rel=\"noopener\"> Servi\u00e7os de v\u00eddeo <\/a> <a href=\"https:\/\/oceaneering.canto.com\/download\/document\/obi7vkr4r931pefv15g160q90u\/original.pdf\" target=\"_blank\" rel=\"noopener\"> Cofre de m\u00eddia da Oceaneering (OMV) <\/a><\/p>\r\n<ul>\r\n<li>Remoto <a href=\"\/pt\/asset-integrity\/floating-systems-inspection-and-integrity-services\/special-periodic-surveys-and-uwild\/\">inspe\u00e7\u00e3o subaqu\u00e1tica em vez de docagem a seco (UWILD)<\/a> servi\u00e7os<\/li>\r\n<li><a href=\"\/pt\/rov-services\/\">Ve\u00edculo operado remotamente (ROV)<\/a>, <a href=\"\/pt\/subsea-projects\/vessel-fleet\/\">navio<\/a>e opera\u00e7\u00f5es no cais<\/li>\r\n<li>Exerc\u00edcios e respostas a incidentes<\/li>\r\n<li>Arquivamento de v\u00eddeo corporativo<\/li>\r\n<li>Codifica\u00e7\u00e3o e gerenciamento de m\u00eddia de v\u00eddeo<\/li>\r\n<\/ul>\r\n<h3>Veja abaixo exemplos de projetos bem-sucedidos de desenvolvimento de software conclu\u00eddos para clientes dos setores mar\u00edtimo e de energia.<\/h3>\r\n<p><strong>Sistemas personalizados de gerenciamento de frota<\/strong> Aproveitamento de comunica\u00e7\u00f5es via sat\u00e9lite, dados terrestres (celulares) e AIS para atender a requisitos comerciais espec\u00edficos; nossas solu\u00e7\u00f5es incorporaram todos os aspectos do gerenciamento de frotas, incluindo programa\u00e7\u00e3o, log\u00edstica, faturamento, RH e relat\u00f3rios de conformidade<\/p>\r\n<p><strong>Relat\u00f3rios personalizados<\/strong> a partir de nossos grandes conjuntos de dados para uma ampla variedade de requisitos governamentais, incluindo relat\u00f3rios de emiss\u00f5es do Maritime Domain Awareness (MDA), programa\u00e7\u00e3o de ber\u00e7os, relat\u00f3rios de velocidade de embarca\u00e7\u00f5es e outros aplicativos para autoridades portu\u00e1rias e ag\u00eancias governamentais federais e locais<\/p>\r\n<p>Desenvolvimento de <strong>aplicativos m\u00f3veis<\/strong><\/p>\r\n<h1>Entre em contato conosco<\/h1>\r\n<h2>Nossa equipe de especialistas est\u00e1 pronta para ajud\u00e1-lo a come\u00e7ar.<\/h2>\r\n<p>A Oceaneering oferece os melhores produtos e solu\u00e7\u00f5es da categoria, respaldados por qualidade, confiabilidade e suporte global inigual\u00e1veis. Preencha o formul\u00e1rio de consulta para iniciar uma conversa hoje mesmo.<\/p>","protected":false},"excerpt":{"rendered":"<p>Discuss a Project Data Management and Communication Solutions Our data and IT solutions enable you to do business better. From the oil field to the boardroom, subsea to satellite, and upstream to downstream, we have the data, technology, and subject matter experts to help you accomplish your missions. Learn how we can help you increase &#8230; <a title=\"Gerenciamento de dados\" class=\"read-more\" href=\"https:\/\/www.oceaneering.com\/pt\/data-management\/\" aria-label=\"Leia mais sobre Gerenciamento de dados\">Leia mais<\/a><\/p>","protected":false},"author":19,"featured_media":0,"parent":0,"menu_order":2,"comment_status":"closed","ping_status":"closed","template":"","meta":{"_acf_changed":false,"footnotes":"","_links_to":"","_links_to_target":""},"product_category":[1403,1334],"search_tags":[1530],"class_list":["post-2382","page","type-page","status-publish","product_category-c-nav-positioning-solutions","product_category-data-management","search_tags-c-nav-positioning"],"acf":[],"aioseo_notices":[],"_links":{"self":[{"href":"https:\/\/www.oceaneering.com\/pt\/wp-json\/wp\/v2\/pages\/2382","targetHints":{"allow":["GET"]}}],"collection":[{"href":"https:\/\/www.oceaneering.com\/pt\/wp-json\/wp\/v2\/pages"}],"about":[{"href":"https:\/\/www.oceaneering.com\/pt\/wp-json\/wp\/v2\/types\/page"}],"author":[{"embeddable":true,"href":"https:\/\/www.oceaneering.com\/pt\/wp-json\/wp\/v2\/users\/19"}],"replies":[{"embeddable":true,"href":"https:\/\/www.oceaneering.com\/pt\/wp-json\/wp\/v2\/comments?post=2382"}],"version-history":[{"count":1,"href":"https:\/\/www.oceaneering.com\/pt\/wp-json\/wp\/v2\/pages\/2382\/revisions"}],"predecessor-version":[{"id":80788,"href":"https:\/\/www.oceaneering.com\/pt\/wp-json\/wp\/v2\/pages\/2382\/revisions\/80788"}],"wp:attachment":[{"href":"https:\/\/www.oceaneering.com\/pt\/wp-json\/wp\/v2\/media?parent=2382"}],"wp:term":[{"taxonomy":"product_category","embeddable":true,"href":"https:\/\/www.oceaneering.com\/pt\/wp-json\/wp\/v2\/product_category?post=2382"},{"taxonomy":"search_tags","embeddable":true,"href":"https:\/\/www.oceaneering.com\/pt\/wp-json\/wp\/v2\/search_tags?post=2382"}],"curies":[{"name":"wp","href":"https:\/\/api.w.org\/{rel}","templated":true}]}}