{"id":2218,"date":"2023-10-13T10:51:34","date_gmt":"2023-10-13T14:51:34","guid":{"rendered":"https:\/\/oceaneering.com\/?page_id=2218"},"modified":"2025-01-14T07:20:45","modified_gmt":"2025-01-14T13:20:45","slug":"remote-asset-monitoring","status":"publish","type":"page","link":"https:\/\/www.oceaneering.com\/pt\/data-management\/remote-asset-monitoring\/","title":{"rendered":"Monitoramento remoto de ativos"},"content":{"rendered":"<a href=\"https:\/\/www.oceaneering.com\/pt\/data-management\/#contact\" target=\"_self\">\n\t\t\t\t\t\t\tDiscutir um projeto\n\t\t\t\t\t<\/a>\n<h1>\n\t\tMonitoramento remoto de ativos\n\t<\/h1>\n<h2>\n\t\tSua equipe de opera\u00e7\u00f5es offshore est\u00e1 ocupada.\n\t<\/h2>\n\n\t\tEles s\u00e3o respons\u00e1veis por garantir que o tempo de inatividade seja mantido em um n\u00edvel m\u00ednimo, que as opera\u00e7\u00f5es de perfura\u00e7\u00e3o sejam realizadas de forma segura e que a produ\u00e7\u00e3o continue funcionando na taxa desejada. O monitoramento de embarca\u00e7\u00f5es que passam nas proximidades n\u00e3o estar\u00e1 no topo da lista de coisas que exigem aten\u00e7\u00e3o 24 horas por dia, 7 dias por semana.\n\t\n<h2>\n\t\tCentro de Intelig\u00eancia de Monitoramento de Ativos (AMIC)\n\t<\/h2>\n\n\t\tNo Asset Monitoring Intelligence Center (AMIC), oferecemos aos clientes servi\u00e7os abrangentes e centralizados de monitoramento e prote\u00e7\u00e3o de ativos offshore. Com visibilidade total do status atual dos ativos, mesmo em grandes frotas, aprimoramos o processo de tomada de decis\u00f5es e otimizamos a efici\u00eancia das opera\u00e7\u00f5es de rotina e de emerg\u00eancia. <br \/> <br \/>Nossa equipe de especialistas oferece processamento remoto inigual\u00e1vel de alertas de colis\u00e3o e invas\u00e3o. Usamos informa\u00e7\u00f5es em tempo real para filtrar alarmes falso-negativos e notificar a equipe de bordo somente quando necess\u00e1rio. \n\t\n<h1>\n\t\tEntre em contato conosco\n\t<\/h1>\n<h2>\n\t\tNossa equipe de especialistas est\u00e1 pronta para ajud\u00e1-lo a come\u00e7ar.\n\t<\/h2>\n\t<p>A Oceaneering oferece os melhores produtos e solu\u00e7\u00f5es da categoria, respaldados por qualidade, confiabilidade e suporte global inigual\u00e1veis. Preencha o formul\u00e1rio de consulta para iniciar uma conversa hoje mesmo.<\/p>","protected":false},"excerpt":{"rendered":"<p>Discuss a Project Remote Asset Monitoring Your offshore operations team is busy. They are responsible for ensuring that downtime is kept to a minimum, that drilling operations are performed in a safe manner, and that production keeps running at the targeted rate. Monitoring vessels passing nearby is not going to be high on the list &#8230; <a title=\"Monitoramento remoto de ativos\" class=\"read-more\" href=\"https:\/\/www.oceaneering.com\/pt\/data-management\/remote-asset-monitoring\/\" aria-label=\"Leia mais sobre o monitoramento remoto de ativos\">Leia mais<\/a><\/p>","protected":false},"author":13,"featured_media":0,"parent":2382,"menu_order":2,"comment_status":"closed","ping_status":"closed","template":"","meta":{"_acf_changed":false,"footnotes":"","_links_to":"","_links_to_target":""},"product_category":[],"search_tags":[1802],"class_list":["post-2218","page","type-page","status-publish","search_tags-remote-services"],"acf":[],"aioseo_notices":[],"_links":{"self":[{"href":"https:\/\/www.oceaneering.com\/pt\/wp-json\/wp\/v2\/pages\/2218","targetHints":{"allow":["GET"]}}],"collection":[{"href":"https:\/\/www.oceaneering.com\/pt\/wp-json\/wp\/v2\/pages"}],"about":[{"href":"https:\/\/www.oceaneering.com\/pt\/wp-json\/wp\/v2\/types\/page"}],"author":[{"embeddable":true,"href":"https:\/\/www.oceaneering.com\/pt\/wp-json\/wp\/v2\/users\/13"}],"replies":[{"embeddable":true,"href":"https:\/\/www.oceaneering.com\/pt\/wp-json\/wp\/v2\/comments?post=2218"}],"version-history":[{"count":0,"href":"https:\/\/www.oceaneering.com\/pt\/wp-json\/wp\/v2\/pages\/2218\/revisions"}],"up":[{"embeddable":true,"href":"https:\/\/www.oceaneering.com\/pt\/wp-json\/wp\/v2\/pages\/2382"}],"wp:attachment":[{"href":"https:\/\/www.oceaneering.com\/pt\/wp-json\/wp\/v2\/media?parent=2218"}],"wp:term":[{"taxonomy":"product_category","embeddable":true,"href":"https:\/\/www.oceaneering.com\/pt\/wp-json\/wp\/v2\/product_category?post=2218"},{"taxonomy":"search_tags","embeddable":true,"href":"https:\/\/www.oceaneering.com\/pt\/wp-json\/wp\/v2\/search_tags?post=2218"}],"curies":[{"name":"wp","href":"https:\/\/api.w.org\/{rel}","templated":true}]}}