{"id":2211,"date":"2023-10-13T10:36:41","date_gmt":"2023-10-13T14:36:41","guid":{"rendered":"https:\/\/oceaneering.com\/?page_id=2211"},"modified":"2025-01-14T07:14:48","modified_gmt":"2025-01-14T13:14:48","slug":"media-and-integrity-management","status":"publish","type":"page","link":"https:\/\/www.oceaneering.com\/pt\/data-management\/media-and-integrity-management\/","title":{"rendered":"Gerenciamento de m\u00eddia e integridade"},"content":{"rendered":"<a href=\"https:\/\/www.oceaneering.com\/pt\/data-management\/#contact\" target=\"_self\">\n\t\t\t\t\t\t\tDiscutir um projeto\n\t\t\t\t\t<\/a>\n<h1>\n\t\tGerenciamento de m\u00eddia e integridade\n\t<\/h1>\n\t<p>O Oceaneering Media Vault (OMV) permite que voc\u00ea carregue e acesse arquivos ricos em dados por meio de uma conex\u00e3o segura com a Web, independentemente do local ou da velocidade da Internet.<\/p>\n\t<p>Somos especializados em fornecer streaming de v\u00eddeo 4K dos locais mais remotos em algumas das maiores profundidades do mundo, portanto, \u00e9 natural que forne\u00e7amos uma solu\u00e7\u00e3o intuitiva para armazenar esses arquivos ricos em conte\u00fado. Nossos clientes perceberam um valor significativo na consolida\u00e7\u00e3o de espa\u00e7o em disco antiquado e lagos de dados obscuros em um conjunto baseado na Web seguro e acess\u00edvel globalmente.<\/p>\n<p>Os recursos de reconhecimento \u00f3ptico de caracteres, convers\u00e3o de fala em texto e vis\u00e3o de m\u00e1quina do Microsoft Azure aceleraram muito o caminho para a automa\u00e7\u00e3o e a efici\u00eancia dos usu\u00e1rios de OMV. A cogni\u00e7\u00e3o humana n\u00e3o \u00e9 mais necess\u00e1ria para pesquisar em terabytes de v\u00eddeo, permitindo que voc\u00ea se concentre em seu neg\u00f3cio principal.<\/p>\n<h3>\n\t\tFolhetos\n\t<\/h3>\n\t\t\t<a href=\"https:\/\/oceaneering.canto.com\/download\/document\/obi7vkr4r931pefv15g160q90u\/original.pdf\" target=\"_blank\" rel=\"noopener\">\n\t\t\t\t\t\t\tCofre de m\u00eddia da Oceaneering\n\t\t\t\t\t<\/a>\n\t\t\t<a href=\"https:\/\/oceaneering.canto.com\/download\/document\/kcsetoq8257ob890p7lfo7mc0h\/original.pdf\" target=\"_blank\" rel=\"noopener\">\n\t\t\t\t\t\t\tServi\u00e7os de v\u00eddeo\n\t\t\t\t\t<\/a>\n<h3>\n\t\t Os usu\u00e1rios do OMV desfrutam dos seguintes benef\u00edcios da solu\u00e7\u00e3o:\n\t<\/h3>\n\t<ul>\n\t\t\t\t\t<li>\n\t\t\t\tAcessibilidade\n\t\t\t<\/li>\n\t\t\t\t\t<li>\n\t\t\t\tSeguran\u00e7a\n\t\t\t<\/li>\n\t\t\t\t\t<li>\n\t\t\t\tEscalabilidade\n\t\t\t<\/li>\n\t\t\t\t\t<li>\n\t\t\t\tInteroperabilidade\n\t\t\t<\/li>\n\t\t\t<\/ul>\n<h2>\n\t\tCasos de uso comuns\n\t<\/h2>\n\t<p>Transi\u00e7\u00e3o de d\u00e9cadas de filmes anal\u00f3gicos para uma plataforma digital protegida por direitos<\/p>\n\t<p>Experimente a reprodu\u00e7\u00e3o perfeita de conte\u00fado de m\u00eddia arquivado e em tempo real<\/p>\n\t<p>Compartilhe globalmente suas melhores pr\u00e1ticas, seguran\u00e7a e estrat\u00e9gia de m\u00eddia<\/p>\n\t<p>Integrar o v\u00eddeo de vigil\u00e2ncia com sistemas de crach\u00e1, alarmes de inc\u00eandio e detec\u00e7\u00e3o de per\u00edmetro de fibra<\/p>\n\n\t\tAproveitamos nosso conhecimento de interfaces e aplicativos propriet\u00e1rios para realmente nos alinharmos \u00e0 sua vis\u00e3o.\n\t\n\t\t\t<img decoding=\"async\" src=\"https:\/\/oceaneering.com\/wp-content\/uploads\/2023\/11\/website-thumbnail-201992-scaled-1.jpeg\" title=\"website-thumbnail-201992-scaled\" alt=\"\" \/>\t\t\t\t\t\t\t\n\t\t\t\t\tReproduzir v\u00eddeo\n<h1>\n\t\tEntre em contato conosco\n\t<\/h1>\n<h2>\n\t\tNossa equipe de especialistas est\u00e1 pronta para ajud\u00e1-lo a come\u00e7ar.\n\t<\/h2>\n\t<p>A Oceaneering oferece os melhores produtos e solu\u00e7\u00f5es da categoria, respaldados por qualidade, confiabilidade e suporte global inigual\u00e1veis. Preencha o formul\u00e1rio de consulta para iniciar uma conversa hoje mesmo.<\/p>","protected":false},"excerpt":{"rendered":"<p>Discuss a Project Media and Integrity Management The Oceaneering Media Vault (OMV) enables you to upload and access data-rich files via a secure web connection regardless of location or internet speed. We specialize in delivering 4K streaming video from the most remote locations at some of the deepest depths in the world, so it is &#8230; <a title=\"Gerenciamento de m\u00eddia e integridade\" class=\"read-more\" href=\"https:\/\/www.oceaneering.com\/pt\/data-management\/media-and-integrity-management\/\" aria-label=\"Leia mais sobre M\u00eddia e gerenciamento de integridade\">Leia mais<\/a><\/p>","protected":false},"author":13,"featured_media":0,"parent":2382,"menu_order":2,"comment_status":"closed","ping_status":"closed","template":"","meta":{"_acf_changed":false,"footnotes":"","_links_to":"","_links_to_target":""},"product_category":[],"search_tags":[],"class_list":["post-2211","page","type-page","status-publish"],"acf":[],"aioseo_notices":[],"_links":{"self":[{"href":"https:\/\/www.oceaneering.com\/pt\/wp-json\/wp\/v2\/pages\/2211","targetHints":{"allow":["GET"]}}],"collection":[{"href":"https:\/\/www.oceaneering.com\/pt\/wp-json\/wp\/v2\/pages"}],"about":[{"href":"https:\/\/www.oceaneering.com\/pt\/wp-json\/wp\/v2\/types\/page"}],"author":[{"embeddable":true,"href":"https:\/\/www.oceaneering.com\/pt\/wp-json\/wp\/v2\/users\/13"}],"replies":[{"embeddable":true,"href":"https:\/\/www.oceaneering.com\/pt\/wp-json\/wp\/v2\/comments?post=2211"}],"version-history":[{"count":0,"href":"https:\/\/www.oceaneering.com\/pt\/wp-json\/wp\/v2\/pages\/2211\/revisions"}],"up":[{"embeddable":true,"href":"https:\/\/www.oceaneering.com\/pt\/wp-json\/wp\/v2\/pages\/2382"}],"wp:attachment":[{"href":"https:\/\/www.oceaneering.com\/pt\/wp-json\/wp\/v2\/media?parent=2211"}],"wp:term":[{"taxonomy":"product_category","embeddable":true,"href":"https:\/\/www.oceaneering.com\/pt\/wp-json\/wp\/v2\/product_category?post=2211"},{"taxonomy":"search_tags","embeddable":true,"href":"https:\/\/www.oceaneering.com\/pt\/wp-json\/wp\/v2\/search_tags?post=2211"}],"curies":[{"name":"wp","href":"https:\/\/api.w.org\/{rel}","templated":true}]}}