{"id":2190,"date":"2023-10-12T19:52:08","date_gmt":"2023-10-12T23:52:08","guid":{"rendered":"https:\/\/oceaneering.com\/?page_id=2190"},"modified":"2024-12-10T10:01:11","modified_gmt":"2024-12-10T16:01:11","slug":"events","status":"publish","type":"page","link":"https:\/\/www.oceaneering.com\/pt\/news-media\/events\/","title":{"rendered":"Feiras de neg\u00f3cios, webinars e eventos"},"content":{"rendered":"Oceaneering\n<h1>\n\t\tFeiras de neg\u00f3cios e webinars\n\t<\/h1>\n\t\t\t\t\t<a href=\"https:\/\/www.oceaneering.com\/pt\/tradeshows\/promat-2025\/\"><img decoding=\"async\" src=\"https:\/\/www.oceaneering.com\/wp-content\/uploads\/2024\/11\/ProMAT-2025-Booth-promo.jpg\" alt=\"\"\/><\/a>\n\t\t\t\t\t\t\tFeira de neg\u00f3cios\t\t\t\t\t\t\n\t\t\t\t\t\t\t\t\t\t<h3><a href=\"https:\/\/www.oceaneering.com\/pt\/tradeshows\/promat-2025\/\">ProMAT 2025<\/a><\/h3>\n\t\t\t\t\t\t\t\tMarch 17 &#8211; 20, 2025\t\t\t\t\t\t\t\n\t\t\t\t\t\t\t\t\t\t<hr \/>\n\t\t\t\t\t\t\t<p>Visit our booth S3879 at ProMat 2025 to see our autonomous mobile robots and speak with our experts how to elevate your operations. We will be showcasing the MaxMover counterbalance forklift and UniMover underride. <\/p>\n\t\t\t\t\t\t<a href=\"https:\/\/www.oceaneering.com\/pt\/tradeshows\/promat-2025\/\">Saiba mais<\/a>\n\t\t\t\t\t<a href=\"https:\/\/www.oceaneering.com\/pt\/tradeshows\/logimat-2025\/\"><img decoding=\"async\" src=\"https:\/\/www.oceaneering.com\/wp-content\/uploads\/2024\/01\/Logimat-event-page-image-1200x628-1.png\" alt=\"\"\/><\/a>\n\t\t\t\t\t\t\tFeira de neg\u00f3cios\t\t\t\t\t\t\n\t\t\t\t\t\t\t\t\t\t<h3><a href=\"https:\/\/www.oceaneering.com\/pt\/tradeshows\/logimat-2025\/\">LogiMAT 2025<\/a><\/h3>\n\t\t\t\t\t\t\t\tMarch 11 &#8211; 13, 2025\t\t\t\t\t\t\t\n\t\t\t\t\t\t\t\t\t\t<hr \/>\n\t\t\t\t\t\t\t<p>Visit us at LogiMAT 2025, in Germany, Hall 8, booth 8B21, the international tradeshow for intralogistics. We will be showcasing our mobile robot MaxMover counterbalance forklift.<\/p>\n\t\t\t\t\t\t<a href=\"https:\/\/www.oceaneering.com\/pt\/tradeshows\/logimat-2025\/\">Saiba mais<\/a>\n\t\t\t\t\t<a href=\"https:\/\/www.oceaneering.com\/pt\/webinars\/accelerate-your-digital-transition-with-the-rotator-topside-chemical-throttle-valve\/\"><img decoding=\"async\" src=\"https:\/\/www.oceaneering.com\/wp-content\/uploads\/2023\/12\/T-CTV-thumb-1.jpg\" alt=\"\"\/><\/a>\n\t\t\t\t\t\t\tWebinar\t\t\t\t\t\t\n\t\t\t\t\t\t\t\t\t\t<h3><a href=\"https:\/\/www.oceaneering.com\/pt\/webinars\/accelerate-your-digital-transition-with-the-rotator-topside-chemical-throttle-valve\/\">Acelere sua transi\u00e7\u00e3o digital com a v\u00e1lvula de acelera\u00e7\u00e3o qu\u00edmica Rotator\u00ae Topside<\/a><\/h3>\n\t\t\t\t\t\t\tSob demanda\n\t\t\t\t\t\t\t\t\t\t<hr \/>\n\t\t\t\t\t\t\t<p>A Oceaneering<sup>\u00ae<\/sup> Rotador<sup>\u00ae<\/sup> A v\u00e1lvula de estrangulamento de produtos qu\u00edmicos Topside (T-CTV) \u00e9 um pacote de dosagem de produtos qu\u00edmicos totalmente automatizado que combina a medi\u00e7\u00e3o de fluxo cont\u00ednua e precisa com a regulagem autom\u00e1tica de fluxo em um sistema modular, plug-an<\/p>\n\t\t\t\t\t\t<a href=\"https:\/\/www.oceaneering.com\/pt\/webinars\/accelerate-your-digital-transition-with-the-rotator-topside-chemical-throttle-valve\/\">Saiba mais<\/a>\n\t\t\t\t\t<a href=\"https:\/\/www.oceaneering.com\/pt\/webinars\/boost-efficiency-and-reliability-with-field-proven-subsea-connection-solutions\/\"><img decoding=\"async\" src=\"https:\/\/www.oceaneering.com\/wp-content\/uploads\/2023\/12\/170531_M5_Connector_V2-1.jpg\" alt=\"\"\/><\/a>\n\t\t\t\t\t\t\tWebinar\t\t\t\t\t\t\n\t\t\t\t\t\t\t\t\t\t<h3><a href=\"https:\/\/www.oceaneering.com\/pt\/webinars\/boost-efficiency-and-reliability-with-field-proven-subsea-connection-solutions\/\">Aumente a efici\u00eancia e a confiabilidade com solu\u00e7\u00f5es de conex\u00e3o submarina comprovadas em campo<\/a><\/h3>\n\t\t\t\t\t\t\tSob demanda\n\t\t\t\t\t\t\t\t\t\t<hr \/>\n\t\t\t\t\t\t\t<p>O Sistema de Conex\u00e3o M5 altamente confi\u00e1vel da Oceaneering oferece uma solu\u00e7\u00e3o f\u00e1cil de instalar, permitindo a inje\u00e7\u00e3o de g\u00e1s ou produtos qu\u00edmicos na infraestrutura submarina e serve como um ponto de acesso para futuras interven\u00e7\u00f5es durante a vida \u00fatil do campo.<\/p>\n\t\t\t\t\t\t<a href=\"https:\/\/www.oceaneering.com\/pt\/webinars\/boost-efficiency-and-reliability-with-field-proven-subsea-connection-solutions\/\">Saiba mais<\/a>\n\t\t\t\t\t<a href=\"https:\/\/www.oceaneering.com\/pt\/webinars\/creating-a-custom-solution-for-problematic-xmas-trees-and-manifolds\/\"><img decoding=\"async\" src=\"https:\/\/www.oceaneering.com\/wp-content\/uploads\/2023\/12\/xmastree-700x700-1.jpg\" alt=\"\"\/><\/a>\n\t\t\t\t\t\t\tWebinar\t\t\t\t\t\t\n\t\t\t\t\t\t\t\t\t\t<h3><a href=\"https:\/\/www.oceaneering.com\/pt\/webinars\/creating-a-custom-solution-for-problematic-xmas-trees-and-manifolds\/\">Cria\u00e7\u00e3o de uma solu\u00e7\u00e3o personalizada para \u00e1rvores de Natal e manifolds problem\u00e1ticos<\/a><\/h3>\n\t\t\t\t\t\t\tSob demanda\n\t\t\t\t\t\t\t\t\t\t<hr \/>\n\t\t\t\t\t\t\t<p>Como um fornecedor confi\u00e1vel de servi\u00e7os submarinos, a Oceaneering frequentemente enfrenta desafios submarinos dif\u00edceis para que nossos clientes voltem a operar rapidamente. Nosso grupo de Solu\u00e7\u00f5es de Engenharia trabalha para desenvolver e qualificar tecnologias novas, existentes e personalizadas.<\/p>\n\t\t\t\t\t\t<a href=\"https:\/\/www.oceaneering.com\/pt\/webinars\/creating-a-custom-solution-for-problematic-xmas-trees-and-manifolds\/\">Saiba mais<\/a>\n\t\t\t\t\t<a href=\"https:\/\/www.oceaneering.com\/pt\/webinars\/creating-bespoke-solutions-for-subsea-valve-repair\/\"><img decoding=\"async\" src=\"https:\/\/www.oceaneering.com\/wp-content\/uploads\/2023\/12\/Subsea-valve-repair.jpg\" alt=\"\"\/><\/a>\n\t\t\t\t\t\t\tWebinar\t\t\t\t\t\t\n\t\t\t\t\t\t\t\t\t\t<h3><a href=\"https:\/\/www.oceaneering.com\/pt\/webinars\/creating-bespoke-solutions-for-subsea-valve-repair\/\">Cria\u00e7\u00e3o de solu\u00e7\u00f5es sob medida para reparo de v\u00e1lvulas submarinas<\/a><\/h3>\n\t\t\t\t\t\t\tSob demanda\n\t\t\t\t\t\t\t\t\t\t<hr \/>\n\t\t\t\t\t\t\t<p>Desafios complexos exigem solu\u00e7\u00f5es criativas. Um cliente procurou a Oceaneering para consertar v\u00e1lvulas com defeito em um manifold submarino. Neste webinar, demonstraremos como a Oceaneering colaborou globalmente, desde o projeto at\u00e9 as opera\u00e7\u00f5es, para criar solu\u00e7\u00f5es criativas.<\/p>\n\t\t\t\t\t\t<a href=\"https:\/\/www.oceaneering.com\/pt\/webinars\/creating-bespoke-solutions-for-subsea-valve-repair\/\">Saiba mais<\/a>\n\t\t\t\t\t<a href=\"https:\/\/www.oceaneering.com\/pt\/webinars\/enabling-remote-surveys-through-secure-data-communications\/\"><img decoding=\"async\" src=\"https:\/\/www.oceaneering.com\/wp-content\/uploads\/2023\/12\/200624_Slide_02-600-700x700-1.jpg\" alt=\"\"\/><\/a>\n\t\t\t\t\t\t\tWebinar\t\t\t\t\t\t\n\t\t\t\t\t\t\t\t\t\t<h3><a href=\"https:\/\/www.oceaneering.com\/pt\/webinars\/enabling-remote-surveys-through-secure-data-communications\/\">Possibilitando pesquisas remotas por meio de comunica\u00e7\u00f5es de dados seguras<\/a><\/h3>\n\t\t\t\t\t\t\tSob demanda\n\t\t\t\t\t\t\t\t\t\t<hr \/>\n\t\t\t\t\t\t\t<p>As opera\u00e7\u00f5es remotas s\u00e3o o futuro do trabalho offshore. A Oceaneering oferece v\u00e1rias solu\u00e7\u00f5es, incluindo pesquisas operadas remotamente e solu\u00e7\u00f5es integradas de plataformas para aumentar a seguran\u00e7a dos trabalhadores, simplificar a log\u00edstica e reduzir as pegadas de carbono. <\/p>\n\t\t\t\t\t\t<a href=\"https:\/\/www.oceaneering.com\/pt\/webinars\/enabling-remote-surveys-through-secure-data-communications\/\">Saiba mais<\/a>\n\t\t\t\t\t<a href=\"https:\/\/www.oceaneering.com\/pt\/webinars\/freedom-autonomous-robotics-software-platform\/\"><img decoding=\"async\" src=\"https:\/\/www.oceaneering.com\/wp-content\/uploads\/2023\/12\/220822_Freedom_featured-1-700x366-1.jpg\" alt=\"\"\/><\/a>\n\t\t\t\t\t\t\tWebinar\t\t\t\t\t\t\n\t\t\t\t\t\t\t\t\t\t<h3><a href=\"https:\/\/www.oceaneering.com\/pt\/webinars\/freedom-autonomous-robotics-software-platform\/\">Plataforma de software de rob\u00f3tica aut\u00f4noma Freedom\u2122<\/a><\/h3>\n\t\t\t\t\t\t\tSob demanda\n\t\t\t\t\t\t\t\t\t\t<hr \/>\n\t\t\t\t\t\t\t<p>O ve\u00edculo aut\u00f4nomo Freedom\u2122 combinado com seu software de controle oferece total autonomia, bem como implanta\u00e7\u00f5es de longa dura\u00e7\u00e3o e sem manuten\u00e7\u00e3o. Discutiremos a linha do tempo da autonomia do Freedom, bem como os futuros recursos do ve\u00edculo.<\/p>\n\t\t\t\t\t\t<a href=\"https:\/\/www.oceaneering.com\/pt\/webinars\/freedom-autonomous-robotics-software-platform\/\">Saiba mais<\/a>\n\t\t\t\t\t<a href=\"https:\/\/www.oceaneering.com\/pt\/webinars\/freedom-autonomous-vehicle-development-overview\/\"><img decoding=\"async\" src=\"https:\/\/www.oceaneering.com\/wp-content\/uploads\/2023\/12\/220819_Freedom_page3_04_01-thumbnail-1-700x366-1.jpg\" alt=\"\"\/><\/a>\n\t\t\t\t\t\t\tWebinar\t\t\t\t\t\t\n\t\t\t\t\t\t\t\t\t\t<h3><a href=\"https:\/\/www.oceaneering.com\/pt\/webinars\/freedom-autonomous-vehicle-development-overview\/\">Vis\u00e3o geral do desenvolvimento do ve\u00edculo aut\u00f4nomo Freedom\u2122<\/a><\/h3>\n\t\t\t\t\t\t\tSob demanda\n\t\t\t\t\t\t\t\t\t\t<hr \/>\n\t\t\t\t\t\t\t<p>O ve\u00edculo aut\u00f4nomo Freedom\u2122 de \u00faltima gera\u00e7\u00e3o proporciona maior autonomia e resist\u00eancia durante a execu\u00e7\u00e3o de tarefas comuns de ROV e AUV, incluindo levantamento, inspe\u00e7\u00e3o, opera\u00e7\u00f5es de v\u00e1lvulas e ferramentas de torque, atividades relacionadas a manipuladores e submarinos.<\/p>\n\t\t\t\t\t\t<a href=\"https:\/\/www.oceaneering.com\/pt\/webinars\/freedom-autonomous-vehicle-development-overview\/\">Saiba mais<\/a>\n\t\t\t\t\t<a href=\"https:\/\/www.oceaneering.com\/pt\/webinars\/autonomous-testing-and-qualification\/\"><img decoding=\"async\" src=\"https:\/\/www.oceaneering.com\/wp-content\/uploads\/2023\/12\/Tau-featured-1-700x366-1.jpg\" alt=\"\"\/><\/a>\n\t\t\t\t\t\t\tWebinar\t\t\t\t\t\t\n\t\t\t\t\t\t\t\t\t\t<h3><a href=\"https:\/\/www.oceaneering.com\/pt\/webinars\/autonomous-testing-and-qualification\/\">Teste e qualifica\u00e7\u00e3o de ve\u00edculos aut\u00f4nomos Freedom\u2122<\/a><\/h3>\n\t\t\t\t\t\t\tSob demanda\n\t\t\t\t\t\t\t\t\t\t<hr \/>\n\t\t\t\t\t\t\t<p>Assista a uma demonstra\u00e7\u00e3o ao vivo do ve\u00edculo aut\u00f4nomo Freedom\u2122 enquanto ele conclui uma miss\u00e3o de mergulho em nosso Living Lab em Tau, Noruega. Se voc\u00ea est\u00e1 curioso sobre nossas instala\u00e7\u00f5es e nosso rigoroso cronograma de testes, n\u00e3o perca esta oportunidade de conhecer nosso Fre<\/p>\n\t\t\t\t\t\t<a href=\"https:\/\/www.oceaneering.com\/pt\/webinars\/autonomous-testing-and-qualification\/\">Saiba mais<\/a>\n\t\t\t\t\t<a href=\"https:\/\/www.oceaneering.com\/pt\/webinars\/generating-real-co2-savings-offshore-with-oceaneerings-liberty-e-rov\/\"><img decoding=\"async\" src=\"https:\/\/www.oceaneering.com\/wp-content\/uploads\/2023\/12\/19RW180-600_Liberty-600.jpg\" alt=\"\"\/><\/a>\n\t\t\t\t\t\t\tWebinar\t\t\t\t\t\t\n\t\t\t\t\t\t\t\t\t\t<h3><a href=\"https:\/\/www.oceaneering.com\/pt\/webinars\/generating-real-co2-savings-offshore-with-oceaneerings-liberty-e-rov\/\">Gera\u00e7\u00e3o de economia real de CO2 em alto-mar com o Sistema Residente Liberty\u2122 da Oceaneering<\/a><\/h3>\n\t\t\t\t\t\t\tSob demanda\n\t\t\t\t\t\t\t\t\t\t<hr \/>\n\t\t\t\t\t\t\t<p>Oceaneering&#8217;s self-contained, battery-powered Liberty\u2122\ufe0f\ufe0f Resident System delivers CO<sub>2<\/sub> em rela\u00e7\u00e3o aos ROVs convencionais. Saiba como o Liberty System e as opera\u00e7\u00f5es remotas podem melhorar o desempenho ambiental de seu projeto.<\/p>\n\t\t\t\t\t\t<a href=\"https:\/\/www.oceaneering.com\/pt\/webinars\/generating-real-co2-savings-offshore-with-oceaneerings-liberty-e-rov\/\">Saiba mais<\/a>\n\t\t\t\t\t<a href=\"https:\/\/www.oceaneering.com\/pt\/webinars\/liberty-e-rov-resident-subsea-vehicle\/\"><img decoding=\"async\" src=\"https:\/\/www.oceaneering.com\/wp-content\/uploads\/2023\/12\/Liberty-EROV-Featured.jpg\" alt=\"\"\/><\/a>\n\t\t\t\t\t\t\tWebinar\t\t\t\t\t\t\n\t\t\t\t\t\t\t\t\t\t<h3><a href=\"https:\/\/www.oceaneering.com\/pt\/webinars\/liberty-e-rov-resident-subsea-vehicle\/\">Liberty\u2122 E-ROV - Ve\u00edculo Submarino Residente<\/a><\/h3>\n\t\t\t\t\t\t\tSob demanda\n\t\t\t\t\t\t\t\t\t\t<hr \/>\n\t\t\t\t\t\t\t<p>O ve\u00edculo residente Liberty\u2122 E-ROV alcan\u00e7ou v\u00e1rios marcos desde seu lan\u00e7amento. Saiba mais sobre os avan\u00e7os tecnol\u00f3gicos do Liberty e o futuro dos ve\u00edculos submarinos residentes. <\/p>\n\t\t\t\t\t\t<a href=\"https:\/\/www.oceaneering.com\/pt\/webinars\/liberty-e-rov-resident-subsea-vehicle\/\">Saiba mais<\/a>\n\t\t\t\t\t<a href=\"https:\/\/www.oceaneering.com\/pt\/webinars\/making-subsea-factories-a-reality-with-subsea-pumping-technology-spt\/\"><img decoding=\"async\" src=\"https:\/\/www.oceaneering.com\/wp-content\/uploads\/2023\/12\/19RW197-800-700x700-1.jpg\" alt=\"\"\/><\/a>\n\t\t\t\t\t\t\tWebinar\t\t\t\t\t\t\n\t\t\t\t\t\t\t\t\t\t<h3><a href=\"https:\/\/www.oceaneering.com\/pt\/webinars\/making-subsea-factories-a-reality-with-subsea-pumping-technology-spt\/\">Tornando as f\u00e1bricas submarinas uma realidade com a tecnologia de bombeamento submarino (SPT)<\/a><\/h3>\n\t\t\t\t\t\t\tSob demanda\n\t\t\t\t\t\t\t\t\t\t<hr \/>\n\t\t\t\t\t\t\t<p>O sistema de Tecnologia de Bombeamento Submarino (SPT) da Oceaneering facilita a eletrifica\u00e7\u00e3o dos desenvolvimentos de campo e ajuda a reduzir ou eliminar seu custo total de propriedade. Assista ao nosso webinar para saber como o SPT pode ajudar a reduzir a \u00e1rea ocupada pelo topside e o custo total de propriedade.<\/p>\n\t\t\t\t\t\t<a href=\"https:\/\/www.oceaneering.com\/pt\/webinars\/making-subsea-factories-a-reality-with-subsea-pumping-technology-spt\/\">Saiba mais<\/a>\n\t\t\t\t\t<a href=\"https:\/\/www.oceaneering.com\/pt\/webinars\/mitigate-wellhead-fatigue-and-reduce-hse-risks-with-wellhead-load-relief-wlr-solution\/\"><img decoding=\"async\" src=\"https:\/\/www.oceaneering.com\/wp-content\/uploads\/2023\/12\/2020-09-25-700x700-1.jpg\" alt=\"\"\/><\/a>\n\t\t\t\t\t\t\tWebinar\t\t\t\t\t\t\n\t\t\t\t\t\t\t\t\t\t<h3><a href=\"https:\/\/www.oceaneering.com\/pt\/webinars\/mitigate-wellhead-fatigue-and-reduce-hse-risks-with-wellhead-load-relief-wlr-solution\/\">Mitigar a fadiga da cabe\u00e7a do po\u00e7o e reduzir os riscos de HSE com a solu\u00e7\u00e3o de al\u00edvio de carga da cabe\u00e7a do po\u00e7o (WLR)<\/a><\/h3>\n\t\t\t\t\t\t\tSob demanda\n\t\t\t\t\t\t\t\t\t\t<hr \/>\n\t\t\t\t\t\t\t<p>O sistema Wellhead Load Relief (WLR) da Oceaneering \u00e9 um sistema de amarra\u00e7\u00e3o de BOP compacto e de alta capacidade, adequado para ancoragem no modelo e no fundo do mar. Esse sistema atenua a fadiga da cabe\u00e7a do po\u00e7o, reduz a dispers\u00e3o do conv\u00e9s, aumenta a efici\u00eancia e reduz os custos<\/p>\n\t\t\t\t\t\t<a href=\"https:\/\/www.oceaneering.com\/pt\/webinars\/mitigate-wellhead-fatigue-and-reduce-hse-risks-with-wellhead-load-relief-wlr-solution\/\">Saiba mais<\/a>\n\t\t\t\t\t<a href=\"https:\/\/www.oceaneering.com\/pt\/webinars\/real-time-decision-making-streaming-video-to-remote-piloting\/\"><img decoding=\"async\" src=\"https:\/\/www.oceaneering.com\/wp-content\/uploads\/2023\/12\/OROC-Featured.jpg\" alt=\"\"\/><\/a>\n\t\t\t\t\t\t\tWebinar\t\t\t\t\t\t\n\t\t\t\t\t\t\t\t\t\t<h3><a href=\"https:\/\/www.oceaneering.com\/pt\/webinars\/real-time-decision-making-streaming-video-to-remote-piloting\/\">Tomada de decis\u00f5es em tempo real - streaming de v\u00eddeo para pilotagem remota<\/a><\/h3>\n\t\t\t\t\t\t\tSob demanda\n\t\t\t\t\t\t\t\t\t\t<hr \/>\n\t\t\t\t\t\t\t<p>Repense a maneira como voc\u00ea conclui as opera\u00e7\u00f5es usando uma base operacional onshore para simplificar a log\u00edstica, reduzir a pegada de carbono e diminuir o risco para os funcion\u00e1rios.<\/p>\n\t\t\t\t\t\t<a href=\"https:\/\/www.oceaneering.com\/pt\/webinars\/real-time-decision-making-streaming-video-to-remote-piloting\/\">Saiba mais<\/a>","protected":false},"excerpt":{"rendered":"<p>Oceaneering Trade Shows and Webinars Trade Show ProMAT 2025 March 17 &#8211; 20, 2025 Visit our booth S3879 at ProMat 2025 to see our autonomous mobile robots and speak with our experts how to elevate your operations. We will be showcasing the MaxMover counterbalance forklift and UniMover underride. Learn More Trade Show LogiMAT 2025 March &#8230; <a title=\"Feiras de neg\u00f3cios, webinars e eventos\" class=\"read-more\" href=\"https:\/\/www.oceaneering.com\/pt\/news-media\/events\/\" aria-label=\"Leia mais sobre Feiras de neg\u00f3cios, webinars e eventos\">Leia mais<\/a><\/p>","protected":false},"author":7,"featured_media":0,"parent":1978,"menu_order":0,"comment_status":"closed","ping_status":"closed","template":"","meta":{"_acf_changed":false,"footnotes":"","_links_to":"","_links_to_target":""},"product_category":[],"search_tags":[1819,1813,1817,1818],"class_list":["post-2190","page","type-page","status-publish","search_tags-events","search_tags-news-and-media","search_tags-trade-shows","search_tags-webinars"],"acf":[],"aioseo_notices":[],"_links":{"self":[{"href":"https:\/\/www.oceaneering.com\/pt\/wp-json\/wp\/v2\/pages\/2190","targetHints":{"allow":["GET"]}}],"collection":[{"href":"https:\/\/www.oceaneering.com\/pt\/wp-json\/wp\/v2\/pages"}],"about":[{"href":"https:\/\/www.oceaneering.com\/pt\/wp-json\/wp\/v2\/types\/page"}],"author":[{"embeddable":true,"href":"https:\/\/www.oceaneering.com\/pt\/wp-json\/wp\/v2\/users\/7"}],"replies":[{"embeddable":true,"href":"https:\/\/www.oceaneering.com\/pt\/wp-json\/wp\/v2\/comments?post=2190"}],"version-history":[{"count":0,"href":"https:\/\/www.oceaneering.com\/pt\/wp-json\/wp\/v2\/pages\/2190\/revisions"}],"up":[{"embeddable":true,"href":"https:\/\/www.oceaneering.com\/pt\/wp-json\/wp\/v2\/pages\/1978"}],"wp:attachment":[{"href":"https:\/\/www.oceaneering.com\/pt\/wp-json\/wp\/v2\/media?parent=2190"}],"wp:term":[{"taxonomy":"product_category","embeddable":true,"href":"https:\/\/www.oceaneering.com\/pt\/wp-json\/wp\/v2\/product_category?post=2190"},{"taxonomy":"search_tags","embeddable":true,"href":"https:\/\/www.oceaneering.com\/pt\/wp-json\/wp\/v2\/search_tags?post=2190"}],"curies":[{"name":"wp","href":"https:\/\/api.w.org\/{rel}","templated":true}]}}