{"id":2143,"date":"2023-10-12T15:13:26","date_gmt":"2023-10-12T19:13:26","guid":{"rendered":"https:\/\/oceaneering.com\/?page_id=2143"},"modified":"2025-10-06T04:42:44","modified_gmt":"2025-10-06T09:42:44","slug":"autonomous-transit-systems","status":"publish","type":"page","link":"https:\/\/www.oceaneering.com\/pt\/autonomous-transit-systems\/","title":{"rendered":"Sistemas de tr\u00e2nsito aut\u00f4nomos"},"content":{"rendered":"<h1>\n\t\tSistemas de tr\u00e2nsito aut\u00f4nomos\n\t<\/h1>\n\t<p>Uma revolu\u00e7\u00e3o na tecnologia de tr\u00e2nsito em grupo.<\/p>\n\n\t\tA Oceaneering fornece ve\u00edculos de tr\u00e2nsito autoguiados e sem motorista, cada um com capacidade para transportar at\u00e9 22 passageiros, em um direito de passagem dedicado. Usando rotas pr\u00e9-programadas, nosso sistema \u00e9 capaz de conectar v\u00e1rias origens a v\u00e1rios destinos, proporcionando o m\u00e1ximo de flexibilidade no servi\u00e7o. Controlado por um sistema mestre de supervis\u00e3o, cada ve\u00edculo da frota \u00e9 totalmente integrado ao ambiente e est\u00e1 sob controle cont\u00ednuo das opera\u00e7\u00f5es.\n\t\n<h2>\n\t\tPrincipais diferenciais\n\t<\/h2>\n\t\t\t<h3>Automa\u00e7\u00e3o<\/h3>\t\t\t\n\t\t\t\t<p>Carregamento de oportunidade automatizado 100% - permite opera\u00e7\u00f5es sem o uso das m\u00e3os, 24 horas por dia, 7 dias por semana.<\/p>\n\t\t\t<h3>Alta capacidade e velocidade<\/h3>\t\t\t\n\t\t\t\t<p>Capacidade de at\u00e9 22 passageiros e velocidades de at\u00e9 25 mph - o \u00f4nibus mais r\u00e1pido e de maior capacidade do mercado.<\/p>\n\t\t\t<h3>Seguran\u00e7a e efici\u00eancia<\/h3>\t\t\t\n\t\t\t\t<p>Gerenciamento de tr\u00e1fego seguro e eficiente - sistema de supervis\u00e3o TOMS integrado.<\/p>\n\t\t\t<h3>Armazenamento e conforto a bordo<\/h3>\t\t\t\n\t\t\t\t<p>Amplo armazenamento a bordo e HVAC - o interior mais espa\u00e7oso e confort\u00e1vel dispon\u00edvel.<\/p>\n\t\t\t<h3>Design comprovado<\/h3>\t\t\t\n\t\t\t\t<p>Mais de 20 anos e milh\u00f5es de quil\u00f4metros de experi\u00eancia comprovada em L4.<\/p>\n\t\t\t<a href=\"https:\/\/oceaneering.canto.com\/download\/document\/7b8iop04up0e97ssjmm37o273h\/original.pdf\" target=\"_blank\" rel=\"noopener\">\n\t\t\t\t\t\t\tSistemas de tr\u00e2nsito aut\u00f4nomos\n\t\t\t\t\t<\/a>\n\t\t\t\t<img decoding=\"async\" src=\"https:\/\/oceaneering.com\/wp-content\/uploads\/2023\/11\/Oceaneering-Revo-1.png\" alt=\"Oceaneering-Revo-1\" itemprop=\"image\" title=\"Oceaneering-Revo-1\" onerror=\"this.style.display='none'\"  \/>\n<h2>\n\t\tO sistema de tr\u00e2nsito aut\u00f4nomo alimentado por bateria \u00e9 baseado na tecnologia de ve\u00edculo guiado automaticamente (AGV) sem motorista\n\t<\/h2>\n\t<p>O sistema oferece um meio de transporte seguro, flex\u00edvel, de baixo custo, confort\u00e1vel e ecologicamente correto, 24 horas por dia, 7 dias por semana, em praticamente qualquer condi\u00e7\u00e3o clim\u00e1tica, com zero emiss\u00f5es. Seu interior \u00e9 climatizado e pode manter um ambiente confort\u00e1vel para seus passageiros, mesmo em condi\u00e7\u00f5es ambientais extremas. As rotas e os destinos podem ser pr\u00e9-programados ou selecionados pelo passageiro.<\/p>\n\t\t\t<img decoding=\"async\" src=\"https:\/\/oceaneering.com\/wp-content\/uploads\/2023\/11\/e51985701d414affa89cb502af0961b3800-2.jpeg\" title=\"e51985701d414affa89cb502af0961b3800-2\" alt=\"\" \/>\t\t\t\t\t\t\t\n\t\t\t\t\tReproduzir v\u00eddeo\n<h1>\n\t\tEntre em contato conosco\n\t<\/h1>\n<h2>\n\t\tNossa equipe de especialistas est\u00e1 pronta para ajud\u00e1-lo a come\u00e7ar.\n\t<\/h2>\n\t<p>A Oceaneering oferece os melhores produtos e solu\u00e7\u00f5es da categoria, respaldados por qualidade, confiabilidade e suporte global inigual\u00e1veis. Preencha o formul\u00e1rio de consulta para iniciar uma conversa hoje mesmo.<\/p>","protected":false},"excerpt":{"rendered":"<p>Sistemas de tr\u00e2nsito aut\u00f4nomos Uma revolu\u00e7\u00e3o na tecnologia de tr\u00e2nsito em grupo. A Oceaneering fornece ve\u00edculos de tr\u00e2nsito autoguiados e sem motorista, cada um com capacidade para transportar at\u00e9 22 passageiros, em uma via exclusiva. Usando rotas pr\u00e9-programadas, nosso sistema \u00e9 capaz de conectar v\u00e1rias origens com v\u00e1rios destinos, oferecendo o m\u00e1ximo de flexibilidade no servi\u00e7o. Controlado por um sistema mestre de supervis\u00e3o, cada ve\u00edculo ... <a title=\"Sistemas de tr\u00e2nsito aut\u00f4nomos\" class=\"read-more\" href=\"https:\/\/www.oceaneering.com\/pt\/autonomous-transit-systems\/\" aria-label=\"Leia mais sobre Sistemas de tr\u00e2nsito aut\u00f4nomos\">Leia mais<\/a><\/p>","protected":false},"author":13,"featured_media":0,"parent":0,"menu_order":2,"comment_status":"closed","ping_status":"closed","template":"","meta":{"_acf_changed":false,"footnotes":"","_links_to":"","_links_to_target":""},"product_category":[2141,1237],"search_tags":[1238,1239],"class_list":["post-2143","page","type-page","status-publish","product_category-manufactured-products","product_category-mobile-robotics","search_tags-agv","search_tags-group-transportation"],"acf":[],"aioseo_notices":[],"_links":{"self":[{"href":"https:\/\/www.oceaneering.com\/pt\/wp-json\/wp\/v2\/pages\/2143","targetHints":{"allow":["GET"]}}],"collection":[{"href":"https:\/\/www.oceaneering.com\/pt\/wp-json\/wp\/v2\/pages"}],"about":[{"href":"https:\/\/www.oceaneering.com\/pt\/wp-json\/wp\/v2\/types\/page"}],"author":[{"embeddable":true,"href":"https:\/\/www.oceaneering.com\/pt\/wp-json\/wp\/v2\/users\/13"}],"replies":[{"embeddable":true,"href":"https:\/\/www.oceaneering.com\/pt\/wp-json\/wp\/v2\/comments?post=2143"}],"version-history":[{"count":1,"href":"https:\/\/www.oceaneering.com\/pt\/wp-json\/wp\/v2\/pages\/2143\/revisions"}],"predecessor-version":[{"id":78925,"href":"https:\/\/www.oceaneering.com\/pt\/wp-json\/wp\/v2\/pages\/2143\/revisions\/78925"}],"wp:attachment":[{"href":"https:\/\/www.oceaneering.com\/pt\/wp-json\/wp\/v2\/media?parent=2143"}],"wp:term":[{"taxonomy":"product_category","embeddable":true,"href":"https:\/\/www.oceaneering.com\/pt\/wp-json\/wp\/v2\/product_category?post=2143"},{"taxonomy":"search_tags","embeddable":true,"href":"https:\/\/www.oceaneering.com\/pt\/wp-json\/wp\/v2\/search_tags?post=2143"}],"curies":[{"name":"wp","href":"https:\/\/api.w.org\/{rel}","templated":true}]}}