{"id":1978,"date":"2023-10-11T08:47:10","date_gmt":"2023-10-11T12:47:10","guid":{"rendered":"https:\/\/oceaneering.com\/?page_id=1978"},"modified":"2024-10-15T08:26:18","modified_gmt":"2024-10-15T13:26:18","slug":"news-media","status":"publish","type":"page","link":"https:\/\/www.oceaneering.com\/pt\/news-media\/","title":{"rendered":"Not\u00edcias e m\u00eddia"},"content":{"rendered":"OCEANEAMENTO\n\n\t\t\t\t\t\t\t<button aria-expanded=\"true\" aria-controls=\"section1\">Tipos de postagem<\/button>\n\t\t\t\t\t\t\t<button aria-expanded=\"false\" aria-controls=\"section3\">Categorias<\/button>\n\t\t\t\t\t\t<a href=\"https:\/\/www.oceaneering.com\/pt\/oceaneering-wins-contract-to-build-freedom-auv-and-remote-operations-center-for-us-navy\/\">\n\t\t\t\t\t\t\t\t<img decoding=\"async\" src=\"https:\/\/www.oceaneering.com\/wp-content\/uploads\/2024\/04\/freedom-under-with-logo-notext.png\" alt=\"\"\/>\n\t\t\t\t\t\t\t\t\t\t\tComunicados \u00e0 imprensa\t\t\t\t\t\t\t\t\t\t\n\t\t\t\t\t\t\t\t\t\t\t\t\t\t\t\t\t\t<h3>Oceaneering ganha contrato para construir o Freedom\u2122 AUV e o Centro de Opera\u00e7\u00f5es Remotas para a Marinha dos EUA<\/h3>\n\t\t\t\t\t\t<\/a>\n\t\t\t\t\t\t<a href=\"https:\/\/www.oceaneering.com\/pt\/mack-bennett-a-day-in-the-life-of-an-automation-engineer\/\">\n\t\t\t\t\t\t\t\t<img decoding=\"async\" src=\"https:\/\/www.oceaneering.com\/wp-content\/uploads\/2024\/09\/MackBennett2.jpg\" alt=\"\"\/>\n\t\t\t\t\t\t\t\t\t\t\tPerfil do funcion\u00e1rio\t\t\t\t\t\t\t\t\t\t\n\t\t\t\t\t\t\t\t\t\t\t\t\t\t\t\t\t\t<h3>Mack Bennett &#8211; A Day in the Life of an Automation Engineer<\/h3>\n\t\t\t\t\t\t<\/a>\n\t\t\t\t\t\t<a href=\"https:\/\/www.oceaneering.com\/pt\/oceaneering-awarded-multiple-north-sea-vessel-contracts\/\">\n\t\t\t\t\t\t\t\t<img decoding=\"async\" src=\"https:\/\/www.oceaneering.com\/wp-content\/uploads\/2024\/08\/Island-Frontier.png\" alt=\"\"\/>\n\t\t\t\t\t\t\t\t\t\t\tComunicados \u00e0 imprensa\t\t\t\t\t\t\t\t\t\t\n\t\t\t\t\t\t\t\t\t\t\t\t\t\t\t\t\t\t<h3>Oceaneering recebe v\u00e1rios contratos de embarca\u00e7\u00f5es para o Mar do Norte<\/h3>\n\t\t\t\t\t\t<\/a>\n\t\t\t\t\t\t<a href=\"https:\/\/www.oceaneering.com\/pt\/patrick-mcgarry-a-day-in-the-life-of-a-commissioning-technician\/\">\n\t\t\t\t\t\t\t\t<img decoding=\"async\" src=\"https:\/\/www.oceaneering.com\/wp-content\/uploads\/2024\/08\/1000000501.jpg\" alt=\"\"\/>\n\t\t\t\t\t\t\t\t\t\t\tPerfil do funcion\u00e1rio\t\t\t\t\t\t\t\t\t\t\n\t\t\t\t\t\t\t\t\t\t\t\t\t\t\t\t\t\t<h3>Patrick McGarry &#8211; A Day in the Life of a Commissioning Technician<\/h3>\n\t\t\t\t\t\t<\/a>\n\t\t\t\t\t\t<a href=\"https:\/\/www.oceaneering.com\/pt\/oceaneering-awarded-imr-support-services-contract-from-aker-bp\/\">\n\t\t\t\t\t\t\t\t<img decoding=\"async\" src=\"https:\/\/www.oceaneering.com\/wp-content\/uploads\/2024\/08\/ER19-047-2.jpg\" alt=\"\"\/>\n\t\t\t\t\t\t\t\t\t\t\tComunicados \u00e0 imprensa\t\t\t\t\t\t\t\t\t\t\n\t\t\t\t\t\t\t\t\t\t\t\t\t\t\t\t\t\t<h3>Oceaneering recebe contrato de servi\u00e7os de suporte IMR da Aker BP<\/h3>\n\t\t\t\t\t\t<\/a>\n\t\t\t\t\t\t<a href=\"https:\/\/www.oceaneering.com\/pt\/oceaneering-secures-fpso-maintenance-strategy-contract-offshore-brazil\/\">\n\t\t\t\t\t\t\t\t<img decoding=\"async\" src=\"https:\/\/www.oceaneering.com\/wp-content\/uploads\/2024\/08\/niteroi-umbilicals-facility-scaled.jpg\" alt=\"\"\/>\n\t\t\t\t\t\t\t\t\t\t\tComunicados \u00e0 imprensa\t\t\t\t\t\t\t\t\t\t\n\t\t\t\t\t\t\t\t\t\t\t\t\t\t\t\t\t\t<h3>Oceaneering assegura contrato de estrat\u00e9gia de manuten\u00e7\u00e3o de FPSOs na costa do Brasil<\/h3>\n\t\t\t\t\t\t<\/a>\n\t\t\t\t\t\t<a href=\"https:\/\/www.oceaneering.com\/pt\/steven-goodson-a-day-in-the-life-of-an-rov-tech\/\">\n\t\t\t\t\t\t\t\t<img decoding=\"async\" src=\"https:\/\/www.oceaneering.com\/wp-content\/uploads\/2024\/07\/Steven-Goodson.jpg\" alt=\"\"\/>\n\t\t\t\t\t\t\t\t\t\t\tPerfil do funcion\u00e1rio\t\t\t\t\t\t\t\t\t\t\n\t\t\t\t\t\t\t\t\t\t\t\t\t\t\t\t\t\t<h3>Steven Goodson &#8211; A Day in the Life of an ROV Tech<\/h3>\n\t\t\t\t\t\t<\/a>\n\t\t\t\t\t\t<a href=\"https:\/\/www.oceaneering.com\/pt\/adriana-davila-garay-a-day-in-the-life-of-an-electrical-engineer\/\">\n\t\t\t\t\t\t\t\t<img decoding=\"async\" src=\"https:\/\/www.oceaneering.com\/wp-content\/uploads\/2024\/07\/Adriana-featured.jpg\" alt=\"\"\/>\n\t\t\t\t\t\t\t\t\t\t\tPerfil do funcion\u00e1rio\t\t\t\t\t\t\t\t\t\t\n\t\t\t\t\t\t\t\t\t\t\t\t\t\t\t\t\t\t<h3>Adriana Davila Garay &#8211; A Day in the Life of an Electrical Engineer<\/h3>\n\t\t\t\t\t\t<\/a>\n\t\t\t\t\t\t<a href=\"https:\/\/www.oceaneering.com\/pt\/remembering-oceaneering-co-founder-johnny-johnson\/\">\n\t\t\t\t\t\t\t\t<img decoding=\"async\" src=\"https:\/\/www.oceaneering.com\/wp-content\/uploads\/2024\/07\/johnny-johnson-collage-24-3.png\" alt=\"\"\/>\n\t\t\t\t\t\t\t\t\t\t\tComunicados \u00e0 imprensa\t\t\t\t\t\t\t\t\t\t\n\t\t\t\t\t\t\t\t\t\t\t\t\t\t\t\t\t\t<h3>Lembrando o cofundador da Oceaneering, Johnny Johnson<\/h3>\n\t\t\t\t\t\t<\/a>\n\t\t\t\t\t\t<a href=\"https:\/\/www.oceaneering.com\/pt\/blanca-montoya-a-day-in-the-life-of-a-product-manager\/\">\n\t\t\t\t\t\t\t\t<img decoding=\"async\" src=\"https:\/\/www.oceaneering.com\/wp-content\/uploads\/2024\/06\/Blanca-featured.jpg\" alt=\"\"\/>\n\t\t\t\t\t\t\t\t\t\t\tPerfil do funcion\u00e1rio\t\t\t\t\t\t\t\t\t\t\n\t\t\t\t\t\t\t\t\t\t\t\t\t\t\t\t\t\t<h3>Blanca Montoya - Um dia na vida de um gerente de produto<\/h3>\n\t\t\t\t\t\t<\/a>\n\t\t\t\t\t\t<a href=\"https:\/\/www.oceaneering.com\/pt\/oceaneering-celebrates-25th-anniversary-at-the-port-of-rosyth\/\">\n\t\t\t\t\t\t\t\t<img decoding=\"async\" src=\"https:\/\/www.oceaneering.com\/wp-content\/uploads\/2024\/06\/Oceaneering-Celebrates-25-in-Rosyth-scaled.jpg\" alt=\"\"\/>\n\t\t\t\t\t\t\t\t\t\t\tComunicados \u00e0 imprensa\t\t\t\t\t\t\t\t\t\t\n\t\t\t\t\t\t\t\t\t\t\t\t\t\t\t\t\t\t<h3>A Oceaneering comemora 25 anos no Porto de Rosyth<\/h3>\n\t\t\t\t\t\t<\/a>\n\t\t\t\t\t\t<a href=\"https:\/\/www.oceaneering.com\/pt\/oceaneering-conducts-freedom-auv-pipeline-inspection-pilot-for-totalenergies\/\">\n\t\t\t\t\t\t\t\t<img decoding=\"async\" src=\"https:\/\/www.oceaneering.com\/wp-content\/uploads\/2024\/04\/Freedom-with-cage.jpg\" alt=\"\"\/>\n\t\t\t\t\t\t\t\t\t\t\tComunicados \u00e0 imprensa\t\t\t\t\t\t\t\t\t\t\n\t\t\t\t\t\t\t\t\t\t\t\t\t\t\t\t\t\t<h3>Oceaneering realiza o piloto de inspe\u00e7\u00e3o de dutos Freedom\u2122 AUV para a TotalEnergies<\/h3>\n\t\t\t\t\t\t<\/a>\n\t\t\t\t\t\t<a href=\"https:\/\/www.oceaneering.com\/pt\/dakota-mccloy-a-day-in-the-life-of-a-project-manager\/\">\n\t\t\t\t\t\t\t\t<img decoding=\"async\" src=\"https:\/\/www.oceaneering.com\/wp-content\/uploads\/2024\/04\/Dakota-McCloy-featured.jpg\" alt=\"\"\/>\n\t\t\t\t\t\t\t\t\t\t\tPerfil do funcion\u00e1rio\t\t\t\t\t\t\t\t\t\t\n\t\t\t\t\t\t\t\t\t\t\t\t\t\t\t\t\t\t<h3>Dakota McCloy &#8211; A Day in the Life of a Project Manager<\/h3>\n\t\t\t\t\t\t<\/a>\n\t\t\t\t\t\t<a href=\"https:\/\/www.oceaneering.com\/pt\/asha\/\">\n\t\t\t\t\t\t\t\t<img decoding=\"async\" src=\"https:\/\/www.oceaneering.com\/wp-content\/uploads\/2024\/04\/IMG-20230517-WA0077.jpg\" alt=\"\"\/>\n\t\t\t\t\t\t\t\t\t\t\tComunidade\t\t\t\t\t\t\t\t\t\t\n\t\t\t\t\t\t\t\t\t\t\t\t\t\t\t\t\t\t<h3>ASHA<\/h3>\n\t\t\t\t\t\t<\/a>\n\t\t\t\t\t\t<a href=\"https:\/\/www.oceaneering.com\/pt\/oceaneering-freedom-auv-successfully-completes-demonstration-for-u-s-navy-and-defense-innovation-unit\/\">\n\t\t\t\t\t\t\t\t<img decoding=\"async\" src=\"https:\/\/www.oceaneering.com\/wp-content\/uploads\/2024\/04\/freedom-under-with-logo-notext.png\" alt=\"\"\/>\n\t\t\t\t\t\t\t\t\t\t\tComunicados \u00e0 imprensa\t\t\t\t\t\t\t\t\t\t\n\t\t\t\t\t\t\t\t\t\t\t\t\t\t\t\t\t\t<h3>Oceaneering Freedom\u2122 AUV conclui com sucesso a demonstra\u00e7\u00e3o para a Marinha dos EUA e a Unidade de Inova\u00e7\u00e3o de Defesa<\/h3>\n\t\t\t\t\t\t<\/a>\n\t\t\t\t\t\t<a href=\"https:\/\/www.oceaneering.com\/pt\/oceaneering-achieves-fit-4-offshore-renewables-f4or-granted-status-at-rosyth-scotland-cable-facility\/\">\n\t\t\t\t\t\t\t\t<img decoding=\"async\" src=\"https:\/\/www.oceaneering.com\/wp-content\/uploads\/2024\/03\/DJI_0373-scaled.jpg\" alt=\"\"\/>\n\t\t\t\t\t\t\t\t\t\t\tComunicados \u00e0 imprensa\t\t\t\t\t\t\t\t\t\t\n\t\t\t\t\t\t\t\t\t\t\t\t\t\t\t\t\t\t<h3>A Oceaneering obt\u00e9m o status de \"Fit 4 Offshore Renewables\" na instala\u00e7\u00e3o de cabos em Rosyth, Esc\u00f3cia<\/h3>\n\t\t\t\t\t\t<\/a>\n\t\t\t\t\t\t<a href=\"https:\/\/www.oceaneering.com\/pt\/oceaneering-and-gdi-to-collaborate-on-digital-asset-management-solutions\/\">\n\t\t\t\t\t\t\t\t<img decoding=\"async\" src=\"https:\/\/www.oceaneering.com\/wp-content\/uploads\/2024\/03\/shutterstock_2262601815-scaled.jpg\" alt=\"\"\/>\n\t\t\t\t\t\t\t\t\t\t\tComunicados \u00e0 imprensa\t\t\t\t\t\t\t\t\t\t\n\t\t\t\t\t\t\t\t\t\t\t\t\t\t\t\t\t\t<h3>Oceaneering e GDi colaboram em solu\u00e7\u00f5es de gerenciamento de ativos digitais<\/h3>\n\t\t\t\t\t\t<\/a>\n\t\t\t\t\t\t<a href=\"https:\/\/www.oceaneering.com\/pt\/oceaneering-carries-out-first-integrated-onshore-remote-operations-scope-in-brazil\/\">\n\t\t\t\t\t\t\t\t<img decoding=\"async\" src=\"https:\/\/www.oceaneering.com\/wp-content\/uploads\/2023\/11\/ER19-6427-scaled.jpeg\" alt=\"\"\/>\n\t\t\t\t\t\t\t\t\t\t\tComunicados \u00e0 imprensa\t\t\t\t\t\t\t\t\t\t\n\t\t\t\t\t\t\t\t\t\t\t\t\t\t\t\t\t\t<h3>A Oceaneering realiza o primeiro escopo integrado de opera\u00e7\u00f5es remotas em terra no Brasil<\/h3>\n\t\t\t\t\t\t<\/a>\n<h4>\n\t\tPublica\u00e7\u00f5es mais recentes\n\t<\/h4>\n\t<h3><a href=\"https:\/\/issuu.com\/rovplanet\/docs\/oceanroboticsplanet_magazine_issue37_web_#new_tab\">A liberdade de evoluir<\/a><\/h3>\n\t<h3><a href=\"https:\/\/www.hydro-international.com\/content\/article\/pushing-subsea-boundaries-with-hybrid-auv-rov#new_tab\">Ultrapassando os limites submarinos com AUV\/ROV h\u00edbrido<\/a><\/h3>\n\t<h3><a href=\"https:\/\/inspectioneering.com\/journal\/2023-10-26\/10801\/improving-pipeline-integrity-with-artificial-intelligence#new_tab\">Melhorando a integridade dos dutos com intelig\u00eancia artificial<\/a><\/h3>\n\t<h3><a href=\"https:\/\/www.hartenergy.com\/ep\/exclusives\/subsea-pipeline-decommissioning-laptop-beach-206226#new_tab\">Descomissionamento de dutos submarinos com um \"laptop na praia<\/a><\/h3>\n\t<h3><a href=\"https:\/\/www.calameo.com\/techtex-verlag\/read\/005979606575cbf11eba4#new_tab\">MaxMover\u2122 na rota para a Europa<\/a><\/h3>\n\t\t<!-- .pp-content-posts -->\n\t\t\t<a href=\"https:\/\/www.oceaneering.com\/pt\/news-media\/latest-news\/?_categories=publications\" target=\"_self\" rel=\"noopener\">\n\t\t\t\t\t\t\tVer mais publica\u00e7\u00f5es\n\t\t\t<\/a>\n<h3>\n\t\tM\u00eddia e recursos\n\t<\/h3>\n<h4>\n\t\tRecursos\n\t<\/h4>\n\t<p>Veja nossa mais recente lideran\u00e7a de pensamento, estudos de caso e v\u00eddeos.<\/p>\n\t\t\t<a href=\"https:\/\/www.oceaneering.com\/pt\/resources\/\" target=\"_self\" rel=\"noopener\">\n\t\t\t\t\t\t\tExibir todos os recursos\n\t\t\t<\/a>\n<h4>\n\t\tRela\u00e7\u00f5es com investidores\n\t<\/h4>\n\t<p>Veja nossos \u00faltimos registros financeiros, teleconfer\u00eancias e apresenta\u00e7\u00f5es para investidores.<\/p>\n\t\t\t<a href=\"http:\/\/investors.oceaneering.com\/investor-relations\/default.aspx\" target=\"_blank\" rel=\"noopener\">\n\t\t\t\t\t\t\tExibir o Centro de Investidores\n\t\t\t<\/a>\n<h4>\n\t\tFeiras e eventos\n\t<\/h4>\n\t<p>Converse com nossos especialistas no assunto nos pr\u00f3ximos eventos.<\/p>\n\t\t\t<a href=\"https:\/\/www.oceaneering.com\/pt\/news-media\/events\/\" target=\"_self\" rel=\"noopener\">\n\t\t\t\t\t\t\tVer todos os eventos\n\t\t\t<\/a>\n<h1>\n\t\tEntre em contato conosco\n\t<\/h1>\n<h2>\n\t\tNossa equipe de especialistas est\u00e1 pronta para ajud\u00e1-lo a come\u00e7ar.\n\t<\/h2>\n\t<p>A Oceaneering oferece os melhores produtos e solu\u00e7\u00f5es da categoria, respaldados por qualidade, confiabilidade e suporte global inigual\u00e1veis. Preencha o formul\u00e1rio de consulta para iniciar uma conversa hoje mesmo.<\/p>","protected":false},"excerpt":{"rendered":"<p>OCEANEERING Post Types Categories News Releases Oceaneering Wins Contract to Build Freedom\u2122 AUV and Remote Operations Center for U.S. Navy Employee Profile Mack Bennett &#8211; A Day in the Life of an Automation Engineer News Releases Oceaneering Awarded Multiple North Sea Vessel Contracts Employee Profile Patrick McGarry &#8211; A Day in the Life of a &#8230; <a title=\"Not\u00edcias e m\u00eddia\" class=\"read-more\" href=\"https:\/\/www.oceaneering.com\/pt\/news-media\/\" aria-label=\"Leia mais sobre Not\u00edcias e m\u00eddia\">Leia mais<\/a><\/p>","protected":false},"author":19,"featured_media":0,"parent":0,"menu_order":0,"comment_status":"closed","ping_status":"closed","template":"","meta":{"_acf_changed":false,"footnotes":"","_links_to":"","_links_to_target":""},"product_category":[],"search_tags":[1820,1821,1823,1819,1816,1813,1835,1873,1838,1837,1817,1866,1818],"class_list":["post-1978","page","type-page","status-publish","search_tags-articles","search_tags-brochures","search_tags-case-studies","search_tags-events","search_tags-latest-news","search_tags-news-and-media","search_tags-news-releases","search_tags-publications","search_tags-quality-moments","search_tags-safety-moments","search_tags-trade-shows","search_tags-videos","search_tags-webinars"],"acf":[],"aioseo_notices":[],"_links":{"self":[{"href":"https:\/\/www.oceaneering.com\/pt\/wp-json\/wp\/v2\/pages\/1978","targetHints":{"allow":["GET"]}}],"collection":[{"href":"https:\/\/www.oceaneering.com\/pt\/wp-json\/wp\/v2\/pages"}],"about":[{"href":"https:\/\/www.oceaneering.com\/pt\/wp-json\/wp\/v2\/types\/page"}],"author":[{"embeddable":true,"href":"https:\/\/www.oceaneering.com\/pt\/wp-json\/wp\/v2\/users\/19"}],"replies":[{"embeddable":true,"href":"https:\/\/www.oceaneering.com\/pt\/wp-json\/wp\/v2\/comments?post=1978"}],"version-history":[{"count":0,"href":"https:\/\/www.oceaneering.com\/pt\/wp-json\/wp\/v2\/pages\/1978\/revisions"}],"wp:attachment":[{"href":"https:\/\/www.oceaneering.com\/pt\/wp-json\/wp\/v2\/media?parent=1978"}],"wp:term":[{"taxonomy":"product_category","embeddable":true,"href":"https:\/\/www.oceaneering.com\/pt\/wp-json\/wp\/v2\/product_category?post=1978"},{"taxonomy":"search_tags","embeddable":true,"href":"https:\/\/www.oceaneering.com\/pt\/wp-json\/wp\/v2\/search_tags?post=1978"}],"curies":[{"name":"wp","href":"https:\/\/api.w.org\/{rel}","templated":true}]}}