{"id":1953,"date":"2023-10-10T21:38:40","date_gmt":"2023-10-11T01:38:40","guid":{"rendered":"https:\/\/oceaneering.com\/?page_id=1953"},"modified":"2026-04-10T09:22:16","modified_gmt":"2026-04-10T14:22:16","slug":"unimover-o-600","status":"publish","type":"page","link":"https:\/\/www.oceaneering.com\/pt\/oceaneering-mobile-robotics-omr\/unimover-o-600\/","title":{"rendered":"Subterr\u00e2neo: UniMover\u2122 O 600"},"content":{"rendered":"<a href=\"https:\/\/www.oceaneering.com\/pt\/oceaneering-mobile-robotics-omr\/#contact\" target=\"_self\">\n\t\t\t\t\t\t\tDiscutir um projeto\n\t\t\t\t\t<\/a>\n\t\tUnderride\n<h1>\n\t\tUniMover\u2122 O 600\n\t<\/h1>\n\t<p>Projetado para trabalhar onde o espa\u00e7o \u00e9 limitado, o UniMover\u2122 O 600 atende aos requisitos de transporte de itens a granel em todos os setores.<\/p>\n\t\t\t\t<img loading=\"lazy\" decoding=\"async\" src=\"https:\/\/www.oceaneering.com\/wp-content\/uploads\/2023\/10\/UniMover-O-600-220317_Unimover_apollo_03-1.png\" alt=\"UniMover Underride Robot\" itemprop=\"image\" height=\"1080\" width=\"1920\" title=\"UniMoverTM O 600 Underride\" onerror=\"this.style.display='none'\"  \/>\n<h3>\n\t\tUniMover\u2122 O 600\n\t<\/h3>\n\t<p>O UniMover\u2122 O 600 \u00e9 um membro da fam\u00edlia de rob\u00f4s m\u00f3veis de deslocamento inferior da Oceaneering. Desenvolvido para aplica\u00e7\u00f5es industriais leves e de sa\u00fade onde o espa\u00e7o \u00e9 extremamente limitado, o UniMover\u2122 O 600 oferece a melhor capacidade de manobra da categoria. Sua plataforma envolvente de a\u00e7o inoxid\u00e1vel \u00e9 f\u00e1cil de desinfetar, sem fendas para a entrada de sujeira. Como acontece com todos os nossos rob\u00f4s m\u00f3veis, o UniMover\u2122 O 600 pode ser operado em frotas mistas.<\/p>\n<h5>\n\t\tAdequado para o transporte de itens a granel:\n\t<\/h5>\n\t<ul>\n\t\t\t\t\t<li>\n\t\t\t\tPe\u00e7as projetadas\n\t\t\t<\/li>\n\t\t\t\t\t<li>\n\t\t\t\tAlimentos\n\t\t\t<\/li>\n\t\t\t\t\t<li>\n\t\t\t\tLavanderia\n\t\t\t<\/li>\n\t\t\t\t\t<li>\n\t\t\t\tEquipamentos m\u00e9dicos\n\t\t\t<\/li>\n\t\t\t\t\t<li>\n\t\t\t\tEmbalagem\n\t\t\t<\/li>\n\t\t\t\t\t<li>\n\t\t\t\tProdutos farmac\u00eauticos\n\t\t\t<\/li>\n\t\t\t<\/ul>\n<h5>\n\t\tFolhetos\n\t<\/h5>\n\t\t\t<a href=\"https:\/\/oceaneering.canto.com\/download\/document\/bfokbsjp3t17912uf5j97cm45s\/original.pdf\" target=\"_blank\" rel=\"noopener\">\n\t\t\t\t\t\t\tUniMover\u2122 O 600 Carta | Ingl\u00eas\n\t\t\t<\/a>\n\t\t\t<a href=\"https:\/\/oceaneering.canto.com\/download\/document\/d47458lumh06r151je7ga9h41c\/original.pdf\" target=\"_blank\" rel=\"noopener\">\n\t\t\t\t\t\t\tUniMover\u2122 O 600 | Ingl\u00eas A4\n\t\t\t<\/a>\n\t\t\t\t<img decoding=\"async\" src=\"https:\/\/oceaneering.com\/wp-content\/uploads\/2023\/10\/AGV-Vehicle-Features-Icons_Set-01_Drive-small.png\" alt=\"AGV-Vehicle-Features-Icons_Set-01_Drive-small\" itemprop=\"image\" title=\"AGV-Ve\u00edculo-Recursos-Icones_Set-01_Drive-small\" onerror=\"this.style.display='none'\"  \/>\n<h3>\n\t\tDirigir\n\t<\/h3>\n\t<p>Omnidirecional<\/p>\n\t\t\t\t<img decoding=\"async\" src=\"https:\/\/oceaneering.com\/wp-content\/uploads\/2023\/10\/AGV-Vehicle-Features-Icons_Set-01_Drive-speed-small.png\" alt=\"AGV-Vehicle-Features-Icons_Set-01_Drive-speed-small\" itemprop=\"image\" title=\"AGV-Vehicle-Features-Icons_Set-01_Drive-speed-small\" onerror=\"this.style.display='none'\"  \/>\n<h3>\n\t\tVelocidade de acionamento\n\t<\/h3>\n\t<p>At\u00e9 5,9 p\u00e9s\/s | 1,8 m\/s<\/p>\n\t\t\t\t<img decoding=\"async\" src=\"https:\/\/oceaneering.com\/wp-content\/uploads\/2023\/10\/AGV-Vehicle-Features-Icons_Set-01_Navigation-small.png\" alt=\"AGV-Vehicle-Features-Icons_Set-01_Navigation-small\" itemprop=\"image\" title=\"AGV-Vehicle-Features-Icons_Set-01_Navigation-small\" onerror=\"this.style.display='none'\"  \/>\n<h3>\n\t\tNavega\u00e7\u00e3o\n\t<\/h3>\n\t<p>Recurso natural<\/p>\n\t\t\t\t<img decoding=\"async\" src=\"https:\/\/oceaneering.com\/wp-content\/uploads\/2023\/10\/AGV-Vehicle-Features-Icons_Set-01_Handling-height-small.png\" alt=\"AGV-Vehicle-Features-Icons_Set-01_Handling-height-small\" itemprop=\"image\" title=\"AGV-Vehicle-Features-Icons_Set-01_Handling-height-small\" onerror=\"this.style.display='none'\"  \/>\n<h3>\n\t\tAltura de manuseio\n\t<\/h3>\n\t<p>16,1 pol. \/ 410 mm<\/p>\n\t\t\t\t<img decoding=\"async\" src=\"https:\/\/oceaneering.com\/wp-content\/uploads\/2023\/10\/AGV-Vehicle-Features-Icons_Set-01_Max-payload-small.png\" alt=\"AGV-Vehicle-Features-Icons_Set-01_Max-payload-small\" itemprop=\"image\" title=\"AGV-Vehicle-Features-Icons_Set-01_Max-payload-small\" onerror=\"this.style.display='none'\"  \/>\n<h3>\n\t\tCarga \u00fatil m\u00e1xima\n\t<\/h3>\n\t<p>1.322 lb \/ 600 kg<\/p>\n\t\t\t\t\t\t\t<a href=\"https:\/\/www.oceaneering.com\/wp-content\/uploads\/2023\/10\/UniMover-O-600-220317_Unimover_apollo_03-1.png\" data-fancybox=\"photo-carousel-\">\n\t\t\t\t\t\t\t\t\t\t\t\t\t\t\t\t\t<img decoding=\"async\" src=\"https:\/\/www.oceaneering.com\/wp-content\/uploads\/2023\/10\/UniMover-O-600-220317_Unimover_apollo_03-1.png\" alt=\"\"\/>\n\t\t\t\t\t\t\t\t\t\t\t\t\t\t\t<\/a>\n\t\t\t\t\t\t\t<a href=\"https:\/\/oceaneering.com\/wp-content\/uploads\/2023\/10\/UniMover-O-600-220317_Unimover_apollo_02-1.png\" data-fancybox=\"photo-carousel-\">\n\t\t\t\t\t\t\t\t\t\t\t\t\t\t\t\t\t<img decoding=\"async\" src=\"https:\/\/oceaneering.com\/wp-content\/uploads\/2023\/10\/UniMover-O-600-220317_Unimover_apollo_02-1.png\" alt=\"\"\/>\n\t\t\t\t\t\t\t\t\t\t\t\t\t\t\t<\/a>\n\t\t\t\t\t\t\t<a href=\"https:\/\/oceaneering.com\/wp-content\/uploads\/2023\/10\/UniMover-O-600-220317_Unimover_apollo_01-1.png\" data-fancybox=\"photo-carousel-\">\n\t\t\t\t\t\t\t\t\t\t\t\t\t\t\t\t\t<img decoding=\"async\" src=\"https:\/\/oceaneering.com\/wp-content\/uploads\/2023\/10\/UniMover-O-600-220317_Unimover_apollo_01-1.png\" alt=\"\"\/>\n\t\t\t\t\t\t\t\t\t\t\t\t\t\t\t<\/a>\n\t\t\t<button>\n\t\t\t\tAnterior\n\t\t\t<\/button>\n\t\t\t<button>\n\t\t\t\tPr\u00f3ximo\n\t\t\t<\/button>\n<h2>\n\t\tRob\u00f4 de prote\u00e7\u00e3o inferior Unimover\u2122 O 600\n\t<\/h2>\n\t\t\t<img decoding=\"async\" src=\"https:\/\/www.oceaneering.com\/wp-content\/uploads\/2023\/10\/Unmover-thumbnail-1.jpg\" title=\"Unmover-thumbnail-1\" alt=\"UniMover video thumbnail\" \/>\t\t\t\t\t\t\t\n\t\t\t\t\tReproduzir v\u00eddeo\n\t\tEntre em contato conosco\n<h3>\n\t\tEntre em contato com nossos especialistas \n\t<\/h3>\n\t<p>Voc\u00ea tem alguma d\u00favida ou precisa de mais informa\u00e7\u00f5es sobre nossos rob\u00f4s m\u00f3veis? Insira seus dados de contato e descreva sua consulta, e entraremos em contato com voc\u00ea o mais r\u00e1pido poss\u00edvel. Obrigado!<\/p>","protected":false},"excerpt":{"rendered":"<p>Discuta um projeto Underride UniMover\u2122 O 600 Projetado para trabalhar onde o espa\u00e7o \u00e9 limitado, o UniMover\u2122 O 600 atende aos requisitos de transporte de itens a granel em todos os setores. UniMover\u2122 O 600 O UniMover\u2122 O 600 \u00e9 um membro da fam\u00edlia de rob\u00f4s m\u00f3veis underride da Oceaneering. Desenvolvido para aplica\u00e7\u00f5es industriais leves e de sa\u00fade onde o espa\u00e7o \u00e9 extremamente limitado, o ... <a title=\"Subterr\u00e2neo: UniMover\u2122 O 600\" class=\"read-more\" href=\"https:\/\/www.oceaneering.com\/pt\/oceaneering-mobile-robotics-omr\/unimover-o-600\/\" aria-label=\"Leia mais sobre Underride: UniMover\u2122 O 600\">Leia mais<\/a><\/p>","protected":false},"author":19,"featured_media":0,"parent":1718,"menu_order":2,"comment_status":"closed","ping_status":"closed","template":"","meta":{"_acf_changed":false,"footnotes":"","_links_to":"","_links_to_target":""},"product_category":[1237],"search_tags":[1138,1725],"class_list":["post-1953","page","type-page","status-publish","product_category-mobile-robotics","search_tags-mobile-robotics","search_tags-underrides"],"acf":[],"aioseo_notices":[],"_links":{"self":[{"href":"https:\/\/www.oceaneering.com\/pt\/wp-json\/wp\/v2\/pages\/1953","targetHints":{"allow":["GET"]}}],"collection":[{"href":"https:\/\/www.oceaneering.com\/pt\/wp-json\/wp\/v2\/pages"}],"about":[{"href":"https:\/\/www.oceaneering.com\/pt\/wp-json\/wp\/v2\/types\/page"}],"author":[{"embeddable":true,"href":"https:\/\/www.oceaneering.com\/pt\/wp-json\/wp\/v2\/users\/19"}],"replies":[{"embeddable":true,"href":"https:\/\/www.oceaneering.com\/pt\/wp-json\/wp\/v2\/comments?post=1953"}],"version-history":[{"count":3,"href":"https:\/\/www.oceaneering.com\/pt\/wp-json\/wp\/v2\/pages\/1953\/revisions"}],"predecessor-version":[{"id":82031,"href":"https:\/\/www.oceaneering.com\/pt\/wp-json\/wp\/v2\/pages\/1953\/revisions\/82031"}],"up":[{"embeddable":true,"href":"https:\/\/www.oceaneering.com\/pt\/wp-json\/wp\/v2\/pages\/1718"}],"wp:attachment":[{"href":"https:\/\/www.oceaneering.com\/pt\/wp-json\/wp\/v2\/media?parent=1953"}],"wp:term":[{"taxonomy":"product_category","embeddable":true,"href":"https:\/\/www.oceaneering.com\/pt\/wp-json\/wp\/v2\/product_category?post=1953"},{"taxonomy":"search_tags","embeddable":true,"href":"https:\/\/www.oceaneering.com\/pt\/wp-json\/wp\/v2\/search_tags?post=1953"}],"curies":[{"name":"wp","href":"https:\/\/api.w.org\/{rel}","templated":true}]}}