{"id":1824,"date":"2023-10-04T17:14:20","date_gmt":"2023-10-04T21:14:20","guid":{"rendered":"https:\/\/oceaneering.com\/?page_id=1824"},"modified":"2025-11-18T04:04:27","modified_gmt":"2025-11-18T10:04:27","slug":"compactmover-1200-forklift","status":"publish","type":"page","link":"https:\/\/www.oceaneering.com\/pt\/oceaneering-mobile-robotics-omr\/compactmover-1200-forklift\/","title":{"rendered":"Empilhadeira CompactMover\u2122 1200"},"content":{"rendered":"<a href=\"https:\/\/www.oceaneering.com\/pt\/oceaneering-mobile-robotics-omr\/#contact\" target=\"_self\">\n\t\t\t\t\t\t\tDiscutir um projeto\n\t\t\t\t\t<\/a>\n\t\tGarfo sobre a perna\n<h1>\n\t\tCompactMover\u2122 FOL U 1200\n\t<\/h1>\n\t<p>O potente CompactMover\u2122 FOL U 1200 integra recursos avan\u00e7ados de seguran\u00e7a para garantir o manuseio adequado de v\u00e1rios tipos de carga.<\/p>\n\t\t\t\t<img loading=\"lazy\" decoding=\"async\" src=\"https:\/\/www.oceaneering.com\/wp-content\/uploads\/2024\/03\/CompactMover-FOL-U-1200-m.png\" alt=\"CompactMover\u2122 FOL U 1200\" itemprop=\"image\" height=\"888\" width=\"888\" title=\"CompactMover-FOL-U-1200-m\" onerror=\"this.style.display='none'\"  \/>\n<h3>\n\t\tCompactMover\u2122 FOL U 1200\n\t<\/h3>\n\t<p>O CompactMover\u2122 FOL U 1200 \u00e9 um membro da fam\u00edlia de rob\u00f4s m\u00f3veis para empilhadeiras da Oceaneering. Projetado para substituir as empilhadeiras de paletes el\u00e9tricas convencionais, ele oferece uma solu\u00e7\u00e3o totalmente el\u00e9trica sem sistema hidr\u00e1ulico para facilitar a manuten\u00e7\u00e3o. Com pernas de apoio abaixo dos garfos, oferece um sofisticado sistema de seguran\u00e7a que evita o tombamento do rob\u00f4, empurr\u00f5es acidentais e arrastamento de cargas. Ele tamb\u00e9m conta com rastreamento autom\u00e1tico de paletes para localizar e alinhar cargas mal posicionadas. Como acontece com todos os nossos rob\u00f4s m\u00f3veis, o CompactMover\u2122 FOL U 1200 pode ser operado em frotas mistas.<\/p>\n<h5>\n\t\tAcomoda uma grande variedade de tipos de carga:\n\t<\/h5>\n\t<ul>\n\t\t\t\t\t<li>\n\t\t\t\tEuropaletes\n\t\t\t<\/li>\n\t\t\t\t\t<li>\n\t\t\t\tRacks\n\t\t\t<\/li>\n\t\t\t\t\t<li>\n\t\t\t\tCarrinhos\n\t\t\t<\/li>\n\t\t\t\t\t<li>\n\t\t\t\tCaixas\n\t\t\t<\/li>\n\t\t\t<\/ul>\n<h5>\n\t\tFolhetos\n\t<\/h5>\n\t\t\t<a href=\"https:\/\/oceaneering.canto.com\/download\/document\/2gouvs8ggd06f4idgjhr66es22\/original.pdf\" target=\"_blank\" rel=\"noopener\">\n\t\t\t\t\t\t\tCompactMover\u2122 FOL U 1200 Carta | Ingl\u00eas\n\t\t\t<\/a>\n\t\t\t<a href=\"https:\/\/oceaneering.canto.com\/download\/document\/pggd10hdkl2r52amafo141pe0e\/original.pdf\" target=\"_blank\" rel=\"noopener\">\n\t\t\t\t\t\t\tCompactMover\u2122 FOL U 1200 | Ingl\u00eas A4\n\t\t\t<\/a>\n\t\t\t\t<img decoding=\"async\" src=\"https:\/\/oceaneering.com\/wp-content\/uploads\/2023\/10\/AGV-Vehicle-Features-Icons_Set-01_Drive-small.png\" alt=\"AGV-Vehicle-Features-Icons_Set-01_Drive-small\" itemprop=\"image\" title=\"AGV-Ve\u00edculo-Recursos-Icones_Set-01_Drive-small\" onerror=\"this.style.display='none'\"  \/>\n<h3>\n\t\tDirigir\n\t<\/h3>\n\t<p>Unidirecional<\/p>\n\t\t\t\t<img decoding=\"async\" src=\"https:\/\/oceaneering.com\/wp-content\/uploads\/2023\/10\/AGV-Vehicle-Features-Icons_Set-01_Drive-speed-small.png\" alt=\"AGV-Vehicle-Features-Icons_Set-01_Drive-speed-small\" itemprop=\"image\" title=\"AGV-Vehicle-Features-Icons_Set-01_Drive-speed-small\" onerror=\"this.style.display='none'\"  \/>\n<h3>\n\t\tVelocidade de acionamento\n\t<\/h3>\n\t<p>At\u00e9 6,6 p\u00e9s\/s | 1,9 m\/s<\/p>\n\t\t\t\t<img decoding=\"async\" src=\"https:\/\/oceaneering.com\/wp-content\/uploads\/2023\/10\/AGV-Vehicle-Features-Icons_Set-01_Navigation-small.png\" alt=\"AGV-Vehicle-Features-Icons_Set-01_Navigation-small\" itemprop=\"image\" title=\"AGV-Vehicle-Features-Icons_Set-01_Navigation-small\" onerror=\"this.style.display='none'\"  \/>\n<h3>\n\t\tNavega\u00e7\u00e3o\n\t<\/h3>\n\t<p>Recurso natural<\/p>\n\t\t\t\t<img decoding=\"async\" src=\"https:\/\/oceaneering.com\/wp-content\/uploads\/2023\/10\/AGV-Vehicle-Features-Icons_Set-01_Handling-height-small.png\" alt=\"AGV-Vehicle-Features-Icons_Set-01_Handling-height-small\" itemprop=\"image\" title=\"AGV-Vehicle-Features-Icons_Set-01_Handling-height-small\" onerror=\"this.style.display='none'\"  \/>\n<h3>\n\t\tAltura de manuseio\n\t<\/h3>\n\t<p>At\u00e9 43,3 pol. \/ 1100 mm<\/p>\n\t\t\t\t<img decoding=\"async\" src=\"https:\/\/oceaneering.com\/wp-content\/uploads\/2023\/10\/AGV-Vehicle-Features-Icons_Set-01_Max-payload-small.png\" alt=\"AGV-Vehicle-Features-Icons_Set-01_Max-payload-small\" itemprop=\"image\" title=\"AGV-Vehicle-Features-Icons_Set-01_Max-payload-small\" onerror=\"this.style.display='none'\"  \/>\n<h3>\n\t\tCarga \u00fatil m\u00e1xima\n\t<\/h3>\n\t2.640 lb \/ 1.200 kg<br \/>\n(centro de carga de 20 pol.\/500 mm)\n\t\t\t\t\t\t\t<a href=\"https:\/\/oceaneering.com\/wp-content\/uploads\/2023\/10\/CompactMover-FOL-U-1200-220321_CM_FOL_01-edited-position2-1.png\" data-fancybox=\"photo-carousel-\">\n\t\t\t\t\t\t\t\t\t\t\t\t\t\t\t\t\t<img decoding=\"async\" src=\"https:\/\/oceaneering.com\/wp-content\/uploads\/2023\/10\/CompactMover-FOL-U-1200-220321_CM_FOL_01-edited-position2-1.png\" alt=\"\"\/>\n\t\t\t\t\t\t\t\t\t\t\t\t\t\t\t<\/a>\n\t\t\t\t\t\t\t<a href=\"https:\/\/oceaneering.com\/wp-content\/uploads\/2023\/10\/CompactMover-FOL-U-1200-220317_CM_FOL_02-1.png\" data-fancybox=\"photo-carousel-\">\n\t\t\t\t\t\t\t\t\t\t\t\t\t\t\t\t\t<img decoding=\"async\" src=\"https:\/\/oceaneering.com\/wp-content\/uploads\/2023\/10\/CompactMover-FOL-U-1200-220317_CM_FOL_02-1.png\" alt=\"\"\/>\n\t\t\t\t\t\t\t\t\t\t\t\t\t\t\t<\/a>\n\t\t\t\t\t\t\t<a href=\"https:\/\/oceaneering.com\/wp-content\/uploads\/2023\/10\/CompactMover-FOL-U-1200-220317_CM_FOL_03-1.png\" data-fancybox=\"photo-carousel-\">\n\t\t\t\t\t\t\t\t\t\t\t\t\t\t\t\t\t<img decoding=\"async\" src=\"https:\/\/oceaneering.com\/wp-content\/uploads\/2023\/10\/CompactMover-FOL-U-1200-220317_CM_FOL_03-1.png\" alt=\"\"\/>\n\t\t\t\t\t\t\t\t\t\t\t\t\t\t\t<\/a>\n\t\t\t<button>\n\t\t\t\tAnterior\n\t\t\t<\/button>\n\t\t\t<button>\n\t\t\t\tPr\u00f3ximo\n\t\t\t<\/button>\n\t\tEntre em contato conosco\n<h3>\n\t\tEntre em contato com nossos especialistas \n\t<\/h3>\n\t<p>Voc\u00ea tem alguma d\u00favida ou precisa de mais informa\u00e7\u00f5es sobre nossos rob\u00f4s m\u00f3veis? Insira seus dados de contato e descreva sua consulta, e entraremos em contato com voc\u00ea o mais r\u00e1pido poss\u00edvel. Obrigado!<\/p>","protected":false},"excerpt":{"rendered":"<p>Discuta um projeto Garfo sobre perna CompactMover\u2122 FOL U 1200 O potente CompactMover\u2122 FOL U 1200 integra recursos avan\u00e7ados de seguran\u00e7a para garantir o manuseio adequado de v\u00e1rios tipos de carga. CompactMover\u2122 FOL U 1200 O CompactMover\u2122 FOL U 1200 \u00e9 um membro da fam\u00edlia de rob\u00f4s m\u00f3veis para empilhadeiras da Oceaneering. Projetado para substituir os empilhadores de paletes el\u00e9tricos convencionais, ele ... <a title=\"Empilhadeira CompactMover\u2122 1200\" class=\"read-more\" href=\"https:\/\/www.oceaneering.com\/pt\/oceaneering-mobile-robotics-omr\/compactmover-1200-forklift\/\" aria-label=\"Read more about CompactMover\u2122 1200 Forklift\">Leia mais<\/a><\/p>","protected":false},"author":19,"featured_media":68554,"parent":1718,"menu_order":2,"comment_status":"closed","ping_status":"closed","template":"","meta":{"_acf_changed":false,"footnotes":"","_links_to":"","_links_to_target":""},"product_category":[1237],"search_tags":[1726,1138],"class_list":["post-1824","page","type-page","status-publish","has-post-thumbnail","product_category-mobile-robotics","search_tags-forklifts","search_tags-mobile-robotics"],"acf":[],"aioseo_notices":[],"_links":{"self":[{"href":"https:\/\/www.oceaneering.com\/pt\/wp-json\/wp\/v2\/pages\/1824","targetHints":{"allow":["GET"]}}],"collection":[{"href":"https:\/\/www.oceaneering.com\/pt\/wp-json\/wp\/v2\/pages"}],"about":[{"href":"https:\/\/www.oceaneering.com\/pt\/wp-json\/wp\/v2\/types\/page"}],"author":[{"embeddable":true,"href":"https:\/\/www.oceaneering.com\/pt\/wp-json\/wp\/v2\/users\/19"}],"replies":[{"embeddable":true,"href":"https:\/\/www.oceaneering.com\/pt\/wp-json\/wp\/v2\/comments?post=1824"}],"version-history":[{"count":3,"href":"https:\/\/www.oceaneering.com\/pt\/wp-json\/wp\/v2\/pages\/1824\/revisions"}],"predecessor-version":[{"id":79985,"href":"https:\/\/www.oceaneering.com\/pt\/wp-json\/wp\/v2\/pages\/1824\/revisions\/79985"}],"up":[{"embeddable":true,"href":"https:\/\/www.oceaneering.com\/pt\/wp-json\/wp\/v2\/pages\/1718"}],"wp:featuredmedia":[{"embeddable":true,"href":"https:\/\/www.oceaneering.com\/pt\/wp-json\/wp\/v2\/media\/68554"}],"wp:attachment":[{"href":"https:\/\/www.oceaneering.com\/pt\/wp-json\/wp\/v2\/media?parent=1824"}],"wp:term":[{"taxonomy":"product_category","embeddable":true,"href":"https:\/\/www.oceaneering.com\/pt\/wp-json\/wp\/v2\/product_category?post=1824"},{"taxonomy":"search_tags","embeddable":true,"href":"https:\/\/www.oceaneering.com\/pt\/wp-json\/wp\/v2\/search_tags?post=1824"}],"curies":[{"name":"wp","href":"https:\/\/api.w.org\/{rel}","templated":true}]}}